{"id":87239,"date":"2023-09-22T14:02:13","date_gmt":"2024-05-28T09:57:52","guid":{"rendered":"https:\/\/grontkontor.dk\/shop\/organisk-vaskemiddel-1kg\/"},"modified":"2024-05-28T11:57:52","modified_gmt":"2024-05-28T09:57:52","slug":"organisk-vaskemiddel-1kg","status":"publish","type":"product","link":"https:\/\/grontkontor.dk\/no\/shop\/organisk-vaskemiddel-1kg\/","title":{"rendered":"Organisk vaskemiddel 1KG"},"content":{"rendered":"<p>Med disse organiske s\u00e5peflakene kan du lage vaskemiddel for h\u00e5ndvask av delikate tekstiler som silke, ull, etc. eller bruke l\u00f8sningen for maskinvask. Ingen blekemiddel, konserveringsmidler eller parfyme har blitt brukt i produksjonen av s\u00e5pen.<br \/>\nBruk: H\u00e5ndvask: 1 h\u00e5ndfull s\u00e5peflak for 5 liter varmt vann. L\u00f8s opp flakene og la t\u00f8yet trekke for \u00e5 unng\u00e5 n\u00f8dvendig slitasje n\u00e5r du skrubber. Skyll med rent vann.<br \/>\nMaskinvask: L\u00f8s opp 45 g s\u00e5peflak i 1 liter varmt vann og bruk ca. 150 ml av blandingen<br \/>\ntil maskinvask.<\/p>\n<p>S\u00e5pen best\u00e5r hovedsakelig av organiske planteoljer, s\u00e5pen kommer i en papirpose foret med bioplast.<\/p>\n<p>Laget i Frankrike.<\/p>\n<p>&nbsp;<\/p>\n<img loading=\"lazy\" decoding=\"async\" class=\"size-medium wp-image-21008\" src=\"https:\/\/grontkontor.dk\/wp-content\/uploads\/2020\/11\/eu-flag_1-300x199.jpg\" alt=\"Fremstillet i EU\" width=\"76\" height=\"50\" srcset=\"https:\/\/grontkontor.dk\/wp-content\/uploads\/2020\/11\/eu-flag_1-300x199.jpg 300w, https:\/\/grontkontor.dk\/wp-content\/uploads\/2020\/11\/eu-flag_1.jpg 530w\" sizes=\"(max-width: 76px) 100vw, 76px\" \/>\n","protected":false},"excerpt":{"rendered":"<p>Med disse organiske s\u00e5peflakene kan du lage vaskemiddel for h\u00e5ndvask av delikate tekstiler som silke, ull, etc. eller bruke l\u00f8sningen for maskinvask. Ingen blekemiddel, konserveringsmidler eller parfyme har blitt brukt i produksjonen av s\u00e5pen. Bruk: H\u00e5ndvask: 1 h\u00e5ndfull s\u00e5peflak for 5 liter varmt vann. L\u00f8s opp flakene og la t\u00f8yet trekke for \u00e5 unng\u00e5 n\u00f8dvendig [&hellip;]<\/p>\n","protected":false},"featured_media":59815,"comment_status":"closed","ping_status":"closed","template":"","meta":{"_acf_changed":false},"product_cat":[3199,2657,3303],"product_tag":[3658,3832],"class_list":{"0":"post-87239","1":"product","2":"type-product","3":"status-publish","4":"has-post-thumbnail","6":"product_cat-dummy-moq-1-no","7":"product_cat-nyheter","8":"product_cat-renhold","9":"product_tag-renhold","10":"product_tag-sopp","11":"tm-has-options","13":"first","14":"instock","15":"taxable","16":"shipping-taxable","17":"purchasable","18":"product-type-simple"},"acf":[],"yoast_head":"<!-- This site is optimized with the Yoast SEO Premium plugin v21.2 (Yoast SEO v21.2) - https:\/\/yoast.com\/wordpress\/plugins\/seo\/ -->\n<title>Organisk vaskemiddel 1KG - Gr\u00f8nt Kontor<\/title>\n<meta name=\"robots\" content=\"index, follow, max-snippet:-1, max-image-preview:large, max-video-preview:-1\" \/>\n<link rel=\"canonical\" href=\"https:\/\/grontkontor.dk\/no\/shop\/organisk-vaskemiddel-1kg\/\" \/>\n<meta property=\"og:locale\" content=\"en_US\" \/>\n<meta property=\"og:type\" content=\"article\" \/>\n<meta property=\"og:title\" content=\"Organisk vaskemiddel 1KG\" \/>\n<meta property=\"og:description\" content=\"Med disse organiske s\u00e5peflakene kan du lage vaskemiddel for h\u00e5ndvask av delikate tekstiler som silke, ull, etc. eller bruke l\u00f8sningen for maskinvask. Ingen blekemiddel, konserveringsmidler eller parfyme har blitt brukt i produksjonen av s\u00e5pen. Bruk: H\u00e5ndvask: 1 h\u00e5ndfull s\u00e5peflak for 5 liter varmt vann. L\u00f8s opp flakene og la t\u00f8yet trekke for \u00e5 unng\u00e5 n\u00f8dvendig [&hellip;]\" \/>\n<meta property=\"og:url\" content=\"https:\/\/grontkontor.dk\/no\/shop\/organisk-vaskemiddel-1kg\/\" \/>\n<meta property=\"og:site_name\" content=\"Gr\u00f8nt Kontor\" \/>\n<meta property=\"article:publisher\" content=\"https:\/\/www.facebook.com\/grontkontor.dk\/\" \/>\n<meta property=\"og:image\" content=\"https:\/\/grontkontor.dk\/wp-content\/uploads\/2023\/05\/Oekologisk-vaskemiddel.jpg\" \/>\n\t<meta property=\"og:image:width\" content=\"900\" \/>\n\t<meta property=\"og:image:height\" content=\"639\" \/>\n\t<meta property=\"og:image:type\" content=\"image\/jpeg\" \/>\n<meta name=\"twitter:card\" content=\"summary_large_image\" \/>\n<meta name=\"twitter:label1\" content=\"Est. reading time\" \/>\n\t<meta name=\"twitter:data1\" content=\"1 minute\" \/>\n<script type=\"application\/ld+json\" class=\"yoast-schema-graph\">{\"@context\":\"https:\/\/schema.org\",\"@graph\":[{\"@type\":\"WebPage\",\"@id\":\"https:\/\/grontkontor.dk\/no\/shop\/organisk-vaskemiddel-1kg\/\",\"url\":\"https:\/\/grontkontor.dk\/no\/shop\/organisk-vaskemiddel-1kg\/\",\"name\":\"Organisk vaskemiddel 1KG - Gr\u00f8nt Kontor\",\"isPartOf\":{\"@id\":\"https:\/\/grontkontor.dk\/#website\"},\"datePublished\":\"2024-05-28T09:57:52+00:00\",\"dateModified\":\"2024-05-28T09:57:52+00:00\",\"breadcrumb\":{\"@id\":\"https:\/\/grontkontor.dk\/no\/shop\/organisk-vaskemiddel-1kg\/#breadcrumb\"},\"inLanguage\":\"no-NO\",\"potentialAction\":[{\"@type\":\"ReadAction\",\"target\":[\"https:\/\/grontkontor.dk\/no\/shop\/organisk-vaskemiddel-1kg\/\"]}]},{\"@type\":\"BreadcrumbList\",\"@id\":\"https:\/\/grontkontor.dk\/no\/shop\/organisk-vaskemiddel-1kg\/#breadcrumb\",\"itemListElement\":[{\"@type\":\"ListItem\",\"position\":1,\"name\":\"Forside\",\"item\":\"https:\/\/grontkontor.dk\/\"},{\"@type\":\"ListItem\",\"position\":2,\"name\":\"Butikk\",\"item\":\"https:\/\/grontkontor.dk\/no\/butikk-2\/\"},{\"@type\":\"ListItem\",\"position\":3,\"name\":\"Reng\u00f8ring\",\"item\":\"https:\/\/grontkontor.dk\/produkt-kategori\/rengoering\/\"},{\"@type\":\"ListItem\",\"position\":4,\"name\":\"Organisk vaskemiddel 1KG\"}]},{\"@type\":\"WebSite\",\"@id\":\"https:\/\/grontkontor.dk\/#website\",\"url\":\"https:\/\/grontkontor.dk\/\",\"name\":\"Gr\u00f8nt Kontor\",\"description\":\"Milj\u00f8venlige produkter til kontor og erhverv med fokus p\u00e5 b\u00e6redygtighed, design og fair trade.\",\"publisher\":{\"@id\":\"https:\/\/grontkontor.dk\/#organization\"},\"potentialAction\":[{\"@type\":\"SearchAction\",\"target\":{\"@type\":\"EntryPoint\",\"urlTemplate\":\"https:\/\/grontkontor.dk\/?s={search_term_string}\"},\"query-input\":\"required name=search_term_string\"}],\"inLanguage\":\"no-NO\"},{\"@type\":\"Organization\",\"@id\":\"https:\/\/grontkontor.dk\/#organization\",\"name\":\"Gr\u00f8nt Kontor\",\"url\":\"https:\/\/grontkontor.dk\/\",\"logo\":{\"@type\":\"ImageObject\",\"inLanguage\":\"no-NO\",\"@id\":\"https:\/\/grontkontor.dk\/#\/schema\/logo\/image\/\",\"url\":\"https:\/\/grontkontor.dk\/wp-content\/uploads\/2014\/02\/Logo_groent_kontor_300x80.png\",\"contentUrl\":\"https:\/\/grontkontor.dk\/wp-content\/uploads\/2014\/02\/Logo_groent_kontor_300x80.png\",\"width\":300,\"height\":80,\"caption\":\"Gr\u00f8nt Kontor\"},\"image\":{\"@id\":\"https:\/\/grontkontor.dk\/#\/schema\/logo\/image\/\"},\"sameAs\":[\"https:\/\/www.facebook.com\/grontkontor.dk\/\"]}]}<\/script>\n<!-- \/ Yoast SEO Premium plugin. -->","yoast_head_json":{"title":"Organisk vaskemiddel 1KG - Gr\u00f8nt Kontor","robots":{"index":"index","follow":"follow","max-snippet":"max-snippet:-1","max-image-preview":"max-image-preview:large","max-video-preview":"max-video-preview:-1"},"canonical":"https:\/\/grontkontor.dk\/no\/shop\/organisk-vaskemiddel-1kg\/","og_locale":"en_US","og_type":"article","og_title":"Organisk vaskemiddel 1KG","og_description":"Med disse organiske s\u00e5peflakene kan du lage vaskemiddel for h\u00e5ndvask av delikate tekstiler som silke, ull, etc. eller bruke l\u00f8sningen for maskinvask. Ingen blekemiddel, konserveringsmidler eller parfyme har blitt brukt i produksjonen av s\u00e5pen. Bruk: H\u00e5ndvask: 1 h\u00e5ndfull s\u00e5peflak for 5 liter varmt vann. L\u00f8s opp flakene og la t\u00f8yet trekke for \u00e5 unng\u00e5 n\u00f8dvendig [&hellip;]","og_url":"https:\/\/grontkontor.dk\/no\/shop\/organisk-vaskemiddel-1kg\/","og_site_name":"Gr\u00f8nt Kontor","article_publisher":"https:\/\/www.facebook.com\/grontkontor.dk\/","og_image":[{"width":900,"height":639,"url":"https:\/\/grontkontor.dk\/wp-content\/uploads\/2023\/05\/Oekologisk-vaskemiddel.jpg","type":"image\/jpeg"}],"twitter_card":"summary_large_image","twitter_misc":{"Est. reading time":"1 minute"},"schema":{"@context":"https:\/\/schema.org","@graph":[{"@type":"WebPage","@id":"https:\/\/grontkontor.dk\/no\/shop\/organisk-vaskemiddel-1kg\/","url":"https:\/\/grontkontor.dk\/no\/shop\/organisk-vaskemiddel-1kg\/","name":"Organisk vaskemiddel 1KG - Gr\u00f8nt Kontor","isPartOf":{"@id":"https:\/\/grontkontor.dk\/#website"},"datePublished":"2024-05-28T09:57:52+00:00","dateModified":"2024-05-28T09:57:52+00:00","breadcrumb":{"@id":"https:\/\/grontkontor.dk\/no\/shop\/organisk-vaskemiddel-1kg\/#breadcrumb"},"inLanguage":"no-NO","potentialAction":[{"@type":"ReadAction","target":["https:\/\/grontkontor.dk\/no\/shop\/organisk-vaskemiddel-1kg\/"]}]},{"@type":"BreadcrumbList","@id":"https:\/\/grontkontor.dk\/no\/shop\/organisk-vaskemiddel-1kg\/#breadcrumb","itemListElement":[{"@type":"ListItem","position":1,"name":"Forside","item":"https:\/\/grontkontor.dk\/"},{"@type":"ListItem","position":2,"name":"Butikk","item":"https:\/\/grontkontor.dk\/no\/butikk-2\/"},{"@type":"ListItem","position":3,"name":"Reng\u00f8ring","item":"https:\/\/grontkontor.dk\/produkt-kategori\/rengoering\/"},{"@type":"ListItem","position":4,"name":"Organisk vaskemiddel 1KG"}]},{"@type":"WebSite","@id":"https:\/\/grontkontor.dk\/#website","url":"https:\/\/grontkontor.dk\/","name":"Gr\u00f8nt Kontor","description":"Milj\u00f8venlige produkter til kontor og erhverv med fokus p\u00e5 b\u00e6redygtighed, design og fair trade.","publisher":{"@id":"https:\/\/grontkontor.dk\/#organization"},"potentialAction":[{"@type":"SearchAction","target":{"@type":"EntryPoint","urlTemplate":"https:\/\/grontkontor.dk\/?s={search_term_string}"},"query-input":"required name=search_term_string"}],"inLanguage":"no-NO"},{"@type":"Organization","@id":"https:\/\/grontkontor.dk\/#organization","name":"Gr\u00f8nt Kontor","url":"https:\/\/grontkontor.dk\/","logo":{"@type":"ImageObject","inLanguage":"no-NO","@id":"https:\/\/grontkontor.dk\/#\/schema\/logo\/image\/","url":"https:\/\/grontkontor.dk\/wp-content\/uploads\/2014\/02\/Logo_groent_kontor_300x80.png","contentUrl":"https:\/\/grontkontor.dk\/wp-content\/uploads\/2014\/02\/Logo_groent_kontor_300x80.png","width":300,"height":80,"caption":"Gr\u00f8nt Kontor"},"image":{"@id":"https:\/\/grontkontor.dk\/#\/schema\/logo\/image\/"},"sameAs":["https:\/\/www.facebook.com\/grontkontor.dk\/"]}]}},"_links":{"self":[{"href":"https:\/\/grontkontor.dk\/no\/wp-json\/wp\/v2\/product\/87239"}],"collection":[{"href":"https:\/\/grontkontor.dk\/no\/wp-json\/wp\/v2\/product"}],"about":[{"href":"https:\/\/grontkontor.dk\/no\/wp-json\/wp\/v2\/types\/product"}],"replies":[{"embeddable":true,"href":"https:\/\/grontkontor.dk\/no\/wp-json\/wp\/v2\/comments?post=87239"}],"wp:featuredmedia":[{"embeddable":true,"href":"https:\/\/grontkontor.dk\/no\/wp-json\/wp\/v2\/media\/59815"}],"wp:attachment":[{"href":"https:\/\/grontkontor.dk\/no\/wp-json\/wp\/v2\/media?parent=87239"}],"wp:term":[{"taxonomy":"product_cat","embeddable":true,"href":"https:\/\/grontkontor.dk\/no\/wp-json\/wp\/v2\/product_cat?post=87239"},{"taxonomy":"product_tag","embeddable":true,"href":"https:\/\/grontkontor.dk\/no\/wp-json\/wp\/v2\/product_tag?post=87239"}],"curies":[{"name":"wp","href":"https:\/\/api.w.org\/{rel}","templated":true}]}}