{"id":87293,"date":"2023-09-22T14:00:48","date_gmt":"2024-05-28T10:01:14","guid":{"rendered":"https:\/\/grontkontor.dk\/shop\/oelopicker-bambus-staal-m-u-print\/"},"modified":"2024-06-19T10:32:56","modified_gmt":"2024-06-19T08:32:56","slug":"oelopicker-bambus-staal-m-u-print","status":"publish","type":"product","link":"https:\/\/grontkontor.dk\/no\/shop\/oelopicker-bambus-staal-m-u-print\/","title":{"rendered":"\u00d8l\u00e5pner i bambus og st\u00e5l m\/u trykk"},"content":{"rendered":"<p>Magnetisk \u00f8l\u00e5pner i bambus, st\u00e5l. Et godt designet, stilig og klimavennlig produkt, perfekt som firmagave eller brosjyre til messer og arrangementer. Fungerer som kj\u00f8leskapsmagnet eller til bruk p\u00e5 magnetiske oppslagstavler.<\/p>\n<p>Passer for kaf\u00e9, restaurant og privat bruk.<\/p>\n<p>[bambus]<\/p>\n<p>&nbsp;<\/p>\n","protected":false},"excerpt":{"rendered":"<p>Magnetisk \u00f8l\u00e5pner i bambus, st\u00e5l. Et godt designet, stilig og klimavennlig produkt, perfekt som firmagave eller brosjyre til messer og arrangementer. Fungerer som kj\u00f8leskapsmagnet eller til bruk p\u00e5 magnetiske oppslagstavler. Passer for kaf\u00e9, restaurant og privat bruk. [bambus] &nbsp;<\/p>\n","protected":false},"featured_media":59659,"comment_status":"closed","ping_status":"closed","template":"","meta":{"_acf_changed":false},"product_cat":[3205,3199,3437,3194,3216,2657,3195],"product_tag":[3866,3863,3743],"class_list":{"0":"post-87293","1":"product","2":"type-product","3":"status-publish","4":"has-post-thumbnail","6":"product_cat-bambus-no","7":"product_cat-dummy-moq-1-no","8":"product_cat-hotell-restaurant","9":"product_cat-klimavennlige-firmagaver","10":"product_cat-mat-og-drikke","11":"product_cat-nyheter","12":"product_cat-produktserier","13":"product_tag-flaskeaapner","14":"product_tag-aapneren","15":"product_tag-oelaapner","16":"tm-has-options","18":"first","19":"instock","20":"taxable","21":"shipping-taxable","22":"purchasable","23":"product-type-simple"},"acf":[],"yoast_head":"<!-- This site is optimized with the Yoast SEO Premium plugin v21.2 (Yoast SEO v21.2) - https:\/\/yoast.com\/wordpress\/plugins\/seo\/ -->\n<title>\u00d8l\u00e5pner i bambus og st\u00e5l m\/u trykk - Gr\u00f8nt Kontor<\/title>\n<meta name=\"robots\" content=\"index, follow, max-snippet:-1, max-image-preview:large, max-video-preview:-1\" \/>\n<link rel=\"canonical\" href=\"https:\/\/grontkontor.dk\/no\/shop\/oelopicker-bambus-staal-m-u-print\/\" \/>\n<meta property=\"og:locale\" content=\"en_US\" \/>\n<meta property=\"og:type\" content=\"article\" \/>\n<meta property=\"og:title\" content=\"\u00d8l\u00e5pner i bambus og st\u00e5l m\/u trykk\" \/>\n<meta property=\"og:description\" content=\"Magnetisk \u00f8l\u00e5pner i bambus, st\u00e5l. Et godt designet, stilig og klimavennlig produkt, perfekt som firmagave eller brosjyre til messer og arrangementer. Fungerer som kj\u00f8leskapsmagnet eller til bruk p\u00e5 magnetiske oppslagstavler. Passer for kaf\u00e9, restaurant og privat bruk. [bambus] &nbsp;\" \/>\n<meta property=\"og:url\" content=\"https:\/\/grontkontor.dk\/no\/shop\/oelopicker-bambus-staal-m-u-print\/\" \/>\n<meta property=\"og:site_name\" content=\"Gr\u00f8nt Kontor\" \/>\n<meta property=\"article:publisher\" content=\"https:\/\/www.facebook.com\/grontkontor.dk\/\" \/>\n<meta property=\"article:modified_time\" content=\"2024-06-19T08:32:56+00:00\" \/>\n<meta property=\"og:image\" content=\"https:\/\/grontkontor.dk\/wp-content\/uploads\/2023\/04\/Klimavenlig-oeloplukker-bambus-1.jpg\" \/>\n\t<meta property=\"og:image:width\" content=\"800\" \/>\n\t<meta property=\"og:image:height\" content=\"568\" \/>\n\t<meta property=\"og:image:type\" content=\"image\/jpeg\" \/>\n<meta name=\"twitter:card\" content=\"summary_large_image\" \/>\n<script type=\"application\/ld+json\" class=\"yoast-schema-graph\">{\"@context\":\"https:\/\/schema.org\",\"@graph\":[{\"@type\":\"WebPage\",\"@id\":\"https:\/\/grontkontor.dk\/no\/shop\/oelopicker-bambus-staal-m-u-print\/\",\"url\":\"https:\/\/grontkontor.dk\/no\/shop\/oelopicker-bambus-staal-m-u-print\/\",\"name\":\"\u00d8l\u00e5pner i bambus og st\u00e5l m\/u trykk - Gr\u00f8nt Kontor\",\"isPartOf\":{\"@id\":\"https:\/\/grontkontor.dk\/#website\"},\"datePublished\":\"2024-05-28T10:01:14+00:00\",\"dateModified\":\"2024-06-19T08:32:56+00:00\",\"breadcrumb\":{\"@id\":\"https:\/\/grontkontor.dk\/no\/shop\/oelopicker-bambus-staal-m-u-print\/#breadcrumb\"},\"inLanguage\":\"no-NO\",\"potentialAction\":[{\"@type\":\"ReadAction\",\"target\":[\"https:\/\/grontkontor.dk\/no\/shop\/oelopicker-bambus-staal-m-u-print\/\"]}]},{\"@type\":\"BreadcrumbList\",\"@id\":\"https:\/\/grontkontor.dk\/no\/shop\/oelopicker-bambus-staal-m-u-print\/#breadcrumb\",\"itemListElement\":[{\"@type\":\"ListItem\",\"position\":1,\"name\":\"Forside\",\"item\":\"https:\/\/grontkontor.dk\/\"},{\"@type\":\"ListItem\",\"position\":2,\"name\":\"Butikk\",\"item\":\"https:\/\/grontkontor.dk\/no\/butikk-2\/\"},{\"@type\":\"ListItem\",\"position\":3,\"name\":\"Produktserier\",\"item\":\"https:\/\/grontkontor.dk\/no\/produkt-kategori\/produktserier\/\"},{\"@type\":\"ListItem\",\"position\":4,\"name\":\"Bambus\",\"item\":\"https:\/\/grontkontor.dk\/no\/produkt-kategori\/produktserier\/bambus-no\/\"},{\"@type\":\"ListItem\",\"position\":5,\"name\":\"\u00d8l\u00e5pner i bambus og st\u00e5l m\/u trykk\"}]},{\"@type\":\"WebSite\",\"@id\":\"https:\/\/grontkontor.dk\/#website\",\"url\":\"https:\/\/grontkontor.dk\/\",\"name\":\"Gr\u00f8nt Kontor\",\"description\":\"Milj\u00f8venlige produkter til kontor og erhverv med fokus p\u00e5 b\u00e6redygtighed, design og fair trade.\",\"publisher\":{\"@id\":\"https:\/\/grontkontor.dk\/#organization\"},\"potentialAction\":[{\"@type\":\"SearchAction\",\"target\":{\"@type\":\"EntryPoint\",\"urlTemplate\":\"https:\/\/grontkontor.dk\/?s={search_term_string}\"},\"query-input\":\"required name=search_term_string\"}],\"inLanguage\":\"no-NO\"},{\"@type\":\"Organization\",\"@id\":\"https:\/\/grontkontor.dk\/#organization\",\"name\":\"Gr\u00f8nt Kontor\",\"url\":\"https:\/\/grontkontor.dk\/\",\"logo\":{\"@type\":\"ImageObject\",\"inLanguage\":\"no-NO\",\"@id\":\"https:\/\/grontkontor.dk\/#\/schema\/logo\/image\/\",\"url\":\"https:\/\/grontkontor.dk\/wp-content\/uploads\/2014\/02\/Logo_groent_kontor_300x80.png\",\"contentUrl\":\"https:\/\/grontkontor.dk\/wp-content\/uploads\/2014\/02\/Logo_groent_kontor_300x80.png\",\"width\":300,\"height\":80,\"caption\":\"Gr\u00f8nt Kontor\"},\"image\":{\"@id\":\"https:\/\/grontkontor.dk\/#\/schema\/logo\/image\/\"},\"sameAs\":[\"https:\/\/www.facebook.com\/grontkontor.dk\/\"]}]}<\/script>\n<!-- \/ Yoast SEO Premium plugin. -->","yoast_head_json":{"title":"\u00d8l\u00e5pner i bambus og st\u00e5l m\/u trykk - Gr\u00f8nt Kontor","robots":{"index":"index","follow":"follow","max-snippet":"max-snippet:-1","max-image-preview":"max-image-preview:large","max-video-preview":"max-video-preview:-1"},"canonical":"https:\/\/grontkontor.dk\/no\/shop\/oelopicker-bambus-staal-m-u-print\/","og_locale":"en_US","og_type":"article","og_title":"\u00d8l\u00e5pner i bambus og st\u00e5l m\/u trykk","og_description":"Magnetisk \u00f8l\u00e5pner i bambus, st\u00e5l. Et godt designet, stilig og klimavennlig produkt, perfekt som firmagave eller brosjyre til messer og arrangementer. Fungerer som kj\u00f8leskapsmagnet eller til bruk p\u00e5 magnetiske oppslagstavler. Passer for kaf\u00e9, restaurant og privat bruk. [bambus] &nbsp;","og_url":"https:\/\/grontkontor.dk\/no\/shop\/oelopicker-bambus-staal-m-u-print\/","og_site_name":"Gr\u00f8nt Kontor","article_publisher":"https:\/\/www.facebook.com\/grontkontor.dk\/","article_modified_time":"2024-06-19T08:32:56+00:00","og_image":[{"width":800,"height":568,"url":"https:\/\/grontkontor.dk\/wp-content\/uploads\/2023\/04\/Klimavenlig-oeloplukker-bambus-1.jpg","type":"image\/jpeg"}],"twitter_card":"summary_large_image","schema":{"@context":"https:\/\/schema.org","@graph":[{"@type":"WebPage","@id":"https:\/\/grontkontor.dk\/no\/shop\/oelopicker-bambus-staal-m-u-print\/","url":"https:\/\/grontkontor.dk\/no\/shop\/oelopicker-bambus-staal-m-u-print\/","name":"\u00d8l\u00e5pner i bambus og st\u00e5l m\/u trykk - Gr\u00f8nt Kontor","isPartOf":{"@id":"https:\/\/grontkontor.dk\/#website"},"datePublished":"2024-05-28T10:01:14+00:00","dateModified":"2024-06-19T08:32:56+00:00","breadcrumb":{"@id":"https:\/\/grontkontor.dk\/no\/shop\/oelopicker-bambus-staal-m-u-print\/#breadcrumb"},"inLanguage":"no-NO","potentialAction":[{"@type":"ReadAction","target":["https:\/\/grontkontor.dk\/no\/shop\/oelopicker-bambus-staal-m-u-print\/"]}]},{"@type":"BreadcrumbList","@id":"https:\/\/grontkontor.dk\/no\/shop\/oelopicker-bambus-staal-m-u-print\/#breadcrumb","itemListElement":[{"@type":"ListItem","position":1,"name":"Forside","item":"https:\/\/grontkontor.dk\/"},{"@type":"ListItem","position":2,"name":"Butikk","item":"https:\/\/grontkontor.dk\/no\/butikk-2\/"},{"@type":"ListItem","position":3,"name":"Produktserier","item":"https:\/\/grontkontor.dk\/no\/produkt-kategori\/produktserier\/"},{"@type":"ListItem","position":4,"name":"Bambus","item":"https:\/\/grontkontor.dk\/no\/produkt-kategori\/produktserier\/bambus-no\/"},{"@type":"ListItem","position":5,"name":"\u00d8l\u00e5pner i bambus og st\u00e5l m\/u trykk"}]},{"@type":"WebSite","@id":"https:\/\/grontkontor.dk\/#website","url":"https:\/\/grontkontor.dk\/","name":"Gr\u00f8nt Kontor","description":"Milj\u00f8venlige produkter til kontor og erhverv med fokus p\u00e5 b\u00e6redygtighed, design og fair trade.","publisher":{"@id":"https:\/\/grontkontor.dk\/#organization"},"potentialAction":[{"@type":"SearchAction","target":{"@type":"EntryPoint","urlTemplate":"https:\/\/grontkontor.dk\/?s={search_term_string}"},"query-input":"required name=search_term_string"}],"inLanguage":"no-NO"},{"@type":"Organization","@id":"https:\/\/grontkontor.dk\/#organization","name":"Gr\u00f8nt Kontor","url":"https:\/\/grontkontor.dk\/","logo":{"@type":"ImageObject","inLanguage":"no-NO","@id":"https:\/\/grontkontor.dk\/#\/schema\/logo\/image\/","url":"https:\/\/grontkontor.dk\/wp-content\/uploads\/2014\/02\/Logo_groent_kontor_300x80.png","contentUrl":"https:\/\/grontkontor.dk\/wp-content\/uploads\/2014\/02\/Logo_groent_kontor_300x80.png","width":300,"height":80,"caption":"Gr\u00f8nt Kontor"},"image":{"@id":"https:\/\/grontkontor.dk\/#\/schema\/logo\/image\/"},"sameAs":["https:\/\/www.facebook.com\/grontkontor.dk\/"]}]}},"_links":{"self":[{"href":"https:\/\/grontkontor.dk\/no\/wp-json\/wp\/v2\/product\/87293"}],"collection":[{"href":"https:\/\/grontkontor.dk\/no\/wp-json\/wp\/v2\/product"}],"about":[{"href":"https:\/\/grontkontor.dk\/no\/wp-json\/wp\/v2\/types\/product"}],"replies":[{"embeddable":true,"href":"https:\/\/grontkontor.dk\/no\/wp-json\/wp\/v2\/comments?post=87293"}],"wp:featuredmedia":[{"embeddable":true,"href":"https:\/\/grontkontor.dk\/no\/wp-json\/wp\/v2\/media\/59659"}],"wp:attachment":[{"href":"https:\/\/grontkontor.dk\/no\/wp-json\/wp\/v2\/media?parent=87293"}],"wp:term":[{"taxonomy":"product_cat","embeddable":true,"href":"https:\/\/grontkontor.dk\/no\/wp-json\/wp\/v2\/product_cat?post=87293"},{"taxonomy":"product_tag","embeddable":true,"href":"https:\/\/grontkontor.dk\/no\/wp-json\/wp\/v2\/product_tag?post=87293"}],"curies":[{"name":"wp","href":"https:\/\/api.w.org\/{rel}","templated":true}]}}