{"id":87365,"date":"2023-09-22T14:00:29","date_gmt":"2024-05-28T10:02:26","guid":{"rendered":"https:\/\/grontkontor.dk\/shop\/sortering-av-avfallsarbeid\/"},"modified":"2024-05-28T12:02:26","modified_gmt":"2024-05-28T10:02:26","slug":"sortering-av-avfallsarbeid","status":"publish","type":"product","link":"https:\/\/grontkontor.dk\/no\/shop\/sortering-av-avfallsarbeid\/","title":{"rendered":"Innsats for avfallssortering"},"content":{"rendered":"<p>Innsatsen er produsert i Sverige av slitesterk resirkulert plast. Beholderne er designet som en smart avfallssorteringsl\u00f8sning for 76 L-boksene i <a class=\"light\" href=\"https:\/\/grontkontor.dk\/produkt\/affaldssorteringsboks-genbrug-hvid\/\">hvitt<\/a> og <a class=\"light\" href=\"https:\/\/grontkontor.dk\/produkt\/affaldssortering-recycled-76l-sort\/\">svart<\/a>. Innsatsene egner seg ogs\u00e5 som sorteringssystem i skuffer, skap og hyller. <a class=\"light\" href=\"https:\/\/grontkontor.dk\/produkt\/laag-til-indsats-til-affaldssortering\/\">Lokk til karene kan kj\u00f8pes<\/a> i ogs\u00e5 holdbar resirkulert plast.<br \/>\nProduktet har mottatt flere priser for sitt design, inkludert S &amp;P Award. Red Dot Design Award i 2020.<\/p>\n<p>Dimensjoner: 34 x 17,5 x 32 cm<br \/>\nInnvendige dimensjoner: 28.6 x 12.5 x 29 cm<br \/>\nInnhold: 13 L<\/p>\n<p>&nbsp;<\/p>\n<p><img loading=\"lazy\" decoding=\"async\" class=\"size-medium wp-image-21008\" src=\"https:\/\/grontkontor.dk\/wp-content\/uploads\/2020\/11\/eu-flag_1-300x199.jpg\" alt=\"Fremstillet i EU\" width=\"76\" height=\"50\" srcset=\"https:\/\/grontkontor.dk\/wp-content\/uploads\/2020\/11\/eu-flag_1-300x199.jpg 300w, https:\/\/grontkontor.dk\/wp-content\/uploads\/2020\/11\/eu-flag_1.jpg 530w\" sizes=\"(max-width: 76px) 100vw, 76px\" \/> <img loading=\"lazy\" decoding=\"async\" src=\"https:\/\/grontkontor.dk\/wp-content\/uploads\/2021\/02\/genbrug.jpg\" alt=\"Fremstillet af genbrugsmaterialer\" width=\"50\" height=\"50\" class=\"size-full wp-image-23031\" srcset=\"https:\/\/grontkontor.dk\/wp-content\/uploads\/2021\/02\/genbrug.jpg 199w, https:\/\/grontkontor.dk\/wp-content\/uploads\/2021\/02\/genbrug-100x100.jpg 100w\" sizes=\"(max-width: 50px) 100vw, 50px\" \/><\/p>\n","protected":false},"excerpt":{"rendered":"<p>Innsatsen er produsert i Sverige av slitesterk resirkulert plast. Beholderne er designet som en smart avfallssorteringsl\u00f8sning for 76 L-boksene i hvitt og svart. Innsatsene egner seg ogs\u00e5 som sorteringssystem i skuffer, skap og hyller. Lokk til karene kan kj\u00f8pes i ogs\u00e5 holdbar resirkulert plast. Produktet har mottatt flere priser for sitt design, inkludert S &amp;P [&hellip;]<\/p>\n","protected":false},"featured_media":59432,"comment_status":"closed","ping_status":"closed","template":"","meta":{"_acf_changed":false},"product_cat":[3304,3199,2657,3303],"product_tag":[3306,3305],"class_list":{"0":"post-87365","1":"product","2":"type-product","3":"status-publish","4":"has-post-thumbnail","6":"product_cat-avfallshaandtering","7":"product_cat-dummy-moq-1-no","8":"product_cat-nyheter","9":"product_cat-renhold","10":"product_tag-avfallshaandtering","11":"product_tag-sortering-av-avfall","12":"tm-has-options","14":"first","15":"instock","16":"taxable","17":"shipping-taxable","18":"purchasable","19":"product-type-simple"},"acf":[],"yoast_head":"<!-- This site is optimized with the Yoast SEO Premium plugin v21.2 (Yoast SEO v21.2) - https:\/\/yoast.com\/wordpress\/plugins\/seo\/ -->\n<title>Innsats for avfallssortering - Gr\u00f8nt Kontor<\/title>\n<meta name=\"robots\" content=\"index, follow, max-snippet:-1, max-image-preview:large, max-video-preview:-1\" \/>\n<link rel=\"canonical\" href=\"https:\/\/grontkontor.dk\/no\/shop\/sortering-av-avfallsarbeid\/\" \/>\n<meta property=\"og:locale\" content=\"en_US\" \/>\n<meta property=\"og:type\" content=\"article\" \/>\n<meta property=\"og:title\" content=\"Innsats for avfallssortering\" \/>\n<meta property=\"og:description\" content=\"Innsatsen er produsert i Sverige av slitesterk resirkulert plast. Beholderne er designet som en smart avfallssorteringsl\u00f8sning for 76 L-boksene i hvitt og svart. Innsatsene egner seg ogs\u00e5 som sorteringssystem i skuffer, skap og hyller. Lokk til karene kan kj\u00f8pes i ogs\u00e5 holdbar resirkulert plast. Produktet har mottatt flere priser for sitt design, inkludert S &amp;P [&hellip;]\" \/>\n<meta property=\"og:url\" content=\"https:\/\/grontkontor.dk\/no\/shop\/sortering-av-avfallsarbeid\/\" \/>\n<meta property=\"og:site_name\" content=\"Gr\u00f8nt Kontor\" \/>\n<meta property=\"article:publisher\" content=\"https:\/\/www.facebook.com\/grontkontor.dk\/\" \/>\n<meta property=\"og:image\" content=\"https:\/\/grontkontor.dk\/wp-content\/uploads\/2023\/03\/Indsats-til-affaldssortering-genbrugsplast-13-L.jpg\" \/>\n\t<meta property=\"og:image:width\" content=\"900\" \/>\n\t<meta property=\"og:image:height\" content=\"639\" \/>\n\t<meta property=\"og:image:type\" content=\"image\/jpeg\" \/>\n<meta name=\"twitter:card\" content=\"summary_large_image\" \/>\n<script type=\"application\/ld+json\" class=\"yoast-schema-graph\">{\"@context\":\"https:\/\/schema.org\",\"@graph\":[{\"@type\":\"WebPage\",\"@id\":\"https:\/\/grontkontor.dk\/no\/shop\/sortering-av-avfallsarbeid\/\",\"url\":\"https:\/\/grontkontor.dk\/no\/shop\/sortering-av-avfallsarbeid\/\",\"name\":\"Innsats for avfallssortering - Gr\u00f8nt Kontor\",\"isPartOf\":{\"@id\":\"https:\/\/grontkontor.dk\/#website\"},\"datePublished\":\"2024-05-28T10:02:26+00:00\",\"dateModified\":\"2024-05-28T10:02:26+00:00\",\"breadcrumb\":{\"@id\":\"https:\/\/grontkontor.dk\/no\/shop\/sortering-av-avfallsarbeid\/#breadcrumb\"},\"inLanguage\":\"no-NO\",\"potentialAction\":[{\"@type\":\"ReadAction\",\"target\":[\"https:\/\/grontkontor.dk\/no\/shop\/sortering-av-avfallsarbeid\/\"]}]},{\"@type\":\"BreadcrumbList\",\"@id\":\"https:\/\/grontkontor.dk\/no\/shop\/sortering-av-avfallsarbeid\/#breadcrumb\",\"itemListElement\":[{\"@type\":\"ListItem\",\"position\":1,\"name\":\"Forside\",\"item\":\"https:\/\/grontkontor.dk\/\"},{\"@type\":\"ListItem\",\"position\":2,\"name\":\"Butikk\",\"item\":\"https:\/\/grontkontor.dk\/no\/butikk-2\/\"},{\"@type\":\"ListItem\",\"position\":3,\"name\":\"M\u00f8bler og inventar\",\"item\":\"https:\/\/grontkontor.dk\/no\/produkt-kategori\/moebler-og-inventar\/\"},{\"@type\":\"ListItem\",\"position\":4,\"name\":\"Avfallsh\u00e5ndtering\",\"item\":\"https:\/\/grontkontor.dk\/no\/produkt-kategori\/moebler-og-inventar\/avfallshaandtering\/\"},{\"@type\":\"ListItem\",\"position\":5,\"name\":\"Innsats for avfallssortering\"}]},{\"@type\":\"WebSite\",\"@id\":\"https:\/\/grontkontor.dk\/#website\",\"url\":\"https:\/\/grontkontor.dk\/\",\"name\":\"Gr\u00f8nt Kontor\",\"description\":\"Milj\u00f8venlige produkter til kontor og erhverv med fokus p\u00e5 b\u00e6redygtighed, design og fair trade.\",\"publisher\":{\"@id\":\"https:\/\/grontkontor.dk\/#organization\"},\"potentialAction\":[{\"@type\":\"SearchAction\",\"target\":{\"@type\":\"EntryPoint\",\"urlTemplate\":\"https:\/\/grontkontor.dk\/?s={search_term_string}\"},\"query-input\":\"required name=search_term_string\"}],\"inLanguage\":\"no-NO\"},{\"@type\":\"Organization\",\"@id\":\"https:\/\/grontkontor.dk\/#organization\",\"name\":\"Gr\u00f8nt Kontor\",\"url\":\"https:\/\/grontkontor.dk\/\",\"logo\":{\"@type\":\"ImageObject\",\"inLanguage\":\"no-NO\",\"@id\":\"https:\/\/grontkontor.dk\/#\/schema\/logo\/image\/\",\"url\":\"https:\/\/grontkontor.dk\/wp-content\/uploads\/2014\/02\/Logo_groent_kontor_300x80.png\",\"contentUrl\":\"https:\/\/grontkontor.dk\/wp-content\/uploads\/2014\/02\/Logo_groent_kontor_300x80.png\",\"width\":300,\"height\":80,\"caption\":\"Gr\u00f8nt Kontor\"},\"image\":{\"@id\":\"https:\/\/grontkontor.dk\/#\/schema\/logo\/image\/\"},\"sameAs\":[\"https:\/\/www.facebook.com\/grontkontor.dk\/\"]}]}<\/script>\n<!-- \/ Yoast SEO Premium plugin. -->","yoast_head_json":{"title":"Innsats for avfallssortering - Gr\u00f8nt Kontor","robots":{"index":"index","follow":"follow","max-snippet":"max-snippet:-1","max-image-preview":"max-image-preview:large","max-video-preview":"max-video-preview:-1"},"canonical":"https:\/\/grontkontor.dk\/no\/shop\/sortering-av-avfallsarbeid\/","og_locale":"en_US","og_type":"article","og_title":"Innsats for avfallssortering","og_description":"Innsatsen er produsert i Sverige av slitesterk resirkulert plast. Beholderne er designet som en smart avfallssorteringsl\u00f8sning for 76 L-boksene i hvitt og svart. Innsatsene egner seg ogs\u00e5 som sorteringssystem i skuffer, skap og hyller. Lokk til karene kan kj\u00f8pes i ogs\u00e5 holdbar resirkulert plast. Produktet har mottatt flere priser for sitt design, inkludert S &amp;P [&hellip;]","og_url":"https:\/\/grontkontor.dk\/no\/shop\/sortering-av-avfallsarbeid\/","og_site_name":"Gr\u00f8nt Kontor","article_publisher":"https:\/\/www.facebook.com\/grontkontor.dk\/","og_image":[{"width":900,"height":639,"url":"https:\/\/grontkontor.dk\/wp-content\/uploads\/2023\/03\/Indsats-til-affaldssortering-genbrugsplast-13-L.jpg","type":"image\/jpeg"}],"twitter_card":"summary_large_image","schema":{"@context":"https:\/\/schema.org","@graph":[{"@type":"WebPage","@id":"https:\/\/grontkontor.dk\/no\/shop\/sortering-av-avfallsarbeid\/","url":"https:\/\/grontkontor.dk\/no\/shop\/sortering-av-avfallsarbeid\/","name":"Innsats for avfallssortering - Gr\u00f8nt Kontor","isPartOf":{"@id":"https:\/\/grontkontor.dk\/#website"},"datePublished":"2024-05-28T10:02:26+00:00","dateModified":"2024-05-28T10:02:26+00:00","breadcrumb":{"@id":"https:\/\/grontkontor.dk\/no\/shop\/sortering-av-avfallsarbeid\/#breadcrumb"},"inLanguage":"no-NO","potentialAction":[{"@type":"ReadAction","target":["https:\/\/grontkontor.dk\/no\/shop\/sortering-av-avfallsarbeid\/"]}]},{"@type":"BreadcrumbList","@id":"https:\/\/grontkontor.dk\/no\/shop\/sortering-av-avfallsarbeid\/#breadcrumb","itemListElement":[{"@type":"ListItem","position":1,"name":"Forside","item":"https:\/\/grontkontor.dk\/"},{"@type":"ListItem","position":2,"name":"Butikk","item":"https:\/\/grontkontor.dk\/no\/butikk-2\/"},{"@type":"ListItem","position":3,"name":"M\u00f8bler og inventar","item":"https:\/\/grontkontor.dk\/no\/produkt-kategori\/moebler-og-inventar\/"},{"@type":"ListItem","position":4,"name":"Avfallsh\u00e5ndtering","item":"https:\/\/grontkontor.dk\/no\/produkt-kategori\/moebler-og-inventar\/avfallshaandtering\/"},{"@type":"ListItem","position":5,"name":"Innsats for avfallssortering"}]},{"@type":"WebSite","@id":"https:\/\/grontkontor.dk\/#website","url":"https:\/\/grontkontor.dk\/","name":"Gr\u00f8nt Kontor","description":"Milj\u00f8venlige produkter til kontor og erhverv med fokus p\u00e5 b\u00e6redygtighed, design og fair trade.","publisher":{"@id":"https:\/\/grontkontor.dk\/#organization"},"potentialAction":[{"@type":"SearchAction","target":{"@type":"EntryPoint","urlTemplate":"https:\/\/grontkontor.dk\/?s={search_term_string}"},"query-input":"required name=search_term_string"}],"inLanguage":"no-NO"},{"@type":"Organization","@id":"https:\/\/grontkontor.dk\/#organization","name":"Gr\u00f8nt Kontor","url":"https:\/\/grontkontor.dk\/","logo":{"@type":"ImageObject","inLanguage":"no-NO","@id":"https:\/\/grontkontor.dk\/#\/schema\/logo\/image\/","url":"https:\/\/grontkontor.dk\/wp-content\/uploads\/2014\/02\/Logo_groent_kontor_300x80.png","contentUrl":"https:\/\/grontkontor.dk\/wp-content\/uploads\/2014\/02\/Logo_groent_kontor_300x80.png","width":300,"height":80,"caption":"Gr\u00f8nt Kontor"},"image":{"@id":"https:\/\/grontkontor.dk\/#\/schema\/logo\/image\/"},"sameAs":["https:\/\/www.facebook.com\/grontkontor.dk\/"]}]}},"_links":{"self":[{"href":"https:\/\/grontkontor.dk\/no\/wp-json\/wp\/v2\/product\/87365"}],"collection":[{"href":"https:\/\/grontkontor.dk\/no\/wp-json\/wp\/v2\/product"}],"about":[{"href":"https:\/\/grontkontor.dk\/no\/wp-json\/wp\/v2\/types\/product"}],"replies":[{"embeddable":true,"href":"https:\/\/grontkontor.dk\/no\/wp-json\/wp\/v2\/comments?post=87365"}],"wp:featuredmedia":[{"embeddable":true,"href":"https:\/\/grontkontor.dk\/no\/wp-json\/wp\/v2\/media\/59432"}],"wp:attachment":[{"href":"https:\/\/grontkontor.dk\/no\/wp-json\/wp\/v2\/media?parent=87365"}],"wp:term":[{"taxonomy":"product_cat","embeddable":true,"href":"https:\/\/grontkontor.dk\/no\/wp-json\/wp\/v2\/product_cat?post=87365"},{"taxonomy":"product_tag","embeddable":true,"href":"https:\/\/grontkontor.dk\/no\/wp-json\/wp\/v2\/product_tag?post=87365"}],"curies":[{"name":"wp","href":"https:\/\/api.w.org\/{rel}","templated":true}]}}