{"id":87372,"date":"2023-09-22T14:00:29","date_gmt":"2024-05-28T10:02:26","guid":{"rendered":"https:\/\/grontkontor.dk\/shop\/termosflaske-750-ml-rustfritt-stal\/"},"modified":"2024-06-19T10:38:19","modified_gmt":"2024-06-19T08:38:19","slug":"termosflaske-750-ml-rustfritt-stal","status":"publish","type":"product","link":"https:\/\/grontkontor.dk\/no\/shop\/termosflaske-750-ml-rustfritt-stal\/","title":{"rendered":"Termosflaske 750 ml rustfritt st\u00e5l"},"content":{"rendered":"<p>Klimavennlig termodrikkeflaske i rustfritt st\u00e5l med vakuumisolering av kobber, egnet til b\u00e5de varme og kalde drikker. Flaskens isolasjon holder varmen i opptil 12 timer og kald drikke i opptil 48 timer. En eksklusiv og milj\u00f8vennlig vannflaske, egnet for friluftsliv, pendlere eller en hyggelig firmagave. Leveres med skrukork og individuelt pakket. Vannflasken er  [food-cs]<br \/>\nKapasitet: 750 ml.<\/p>\n<p>[staal]<\/p>\n<p>&nbsp;<\/p>\n","protected":false},"excerpt":{"rendered":"<p>Klimavennlig termodrikkeflaske i rustfritt st\u00e5l med vakuumisolering av kobber, egnet til b\u00e5de varme og kalde drikker. Flaskens isolasjon holder varmen i opptil 12 timer og kald drikke i opptil 48 timer. En eksklusiv og milj\u00f8vennlig vannflaske, egnet for friluftsliv, pendlere eller en hyggelig firmagave. Leveres med skrukork og individuelt pakket. Vannflasken er [food-cs] Kapasitet: 750 [&hellip;]<\/p>\n","protected":false},"featured_media":59484,"comment_status":"closed","ping_status":"closed","template":"","meta":{"_acf_changed":false},"product_cat":[3199,3216,2657,4393,3214],"product_tag":[3297,3218],"class_list":{"0":"post-87372","1":"product","2":"type-product","3":"status-publish","4":"has-post-thumbnail","6":"product_cat-dummy-moq-1-no","7":"product_cat-mat-og-drikke","8":"product_cat-nyheter","9":"product_cat-vannflasker-og-termosflasker-no","10":"product_cat-vannflasker-og-termosflasker","11":"product_tag-termosflaske","12":"product_tag-vannflaske","13":"tm-has-options","15":"first","16":"instock","17":"sale","18":"taxable","19":"shipping-taxable","20":"purchasable","21":"product-type-variable","22":"has-default-attributes"},"acf":[],"yoast_head":"<!-- This site is optimized with the Yoast SEO Premium plugin v21.2 (Yoast SEO v21.2) - https:\/\/yoast.com\/wordpress\/plugins\/seo\/ -->\n<title>Termosflaske 750 ml rustfritt st\u00e5l - Gr\u00f8nt Kontor<\/title>\n<meta name=\"robots\" content=\"index, follow, max-snippet:-1, max-image-preview:large, max-video-preview:-1\" \/>\n<link rel=\"canonical\" href=\"https:\/\/grontkontor.dk\/shop\/termoflaske-750-ml-rustfrit-staal\/\" \/>\n<meta property=\"og:locale\" content=\"en_US\" \/>\n<meta property=\"og:type\" content=\"article\" \/>\n<meta property=\"og:title\" content=\"Termosflaske 750 ml rustfritt st\u00e5l\" \/>\n<meta property=\"og:description\" content=\"Klimavennlig termodrikkeflaske i rustfritt st\u00e5l med vakuumisolering av kobber, egnet til b\u00e5de varme og kalde drikker. Flaskens isolasjon holder varmen i opptil 12 timer og kald drikke i opptil 48 timer. En eksklusiv og milj\u00f8vennlig vannflaske, egnet for friluftsliv, pendlere eller en hyggelig firmagave. Leveres med skrukork og individuelt pakket. Vannflasken er [food-cs] Kapasitet: 750 [&hellip;]\" \/>\n<meta property=\"og:url\" content=\"https:\/\/grontkontor.dk\/shop\/termoflaske-750-ml-rustfrit-staal\/\" \/>\n<meta property=\"og:site_name\" content=\"Gr\u00f8nt Kontor\" \/>\n<meta property=\"article:publisher\" content=\"https:\/\/www.facebook.com\/grontkontor.dk\/\" \/>\n<meta property=\"article:modified_time\" content=\"2024-06-19T08:38:19+00:00\" \/>\n<meta property=\"og:image\" content=\"https:\/\/grontkontor.dk\/wp-content\/uploads\/2023\/03\/termoflaske-rustfrit-staal.jpg\" \/>\n\t<meta property=\"og:image:width\" content=\"900\" \/>\n\t<meta property=\"og:image:height\" content=\"639\" \/>\n\t<meta property=\"og:image:type\" content=\"image\/jpeg\" \/>\n<meta name=\"twitter:card\" content=\"summary_large_image\" \/>\n<script type=\"application\/ld+json\" class=\"yoast-schema-graph\">{\"@context\":\"https:\/\/schema.org\",\"@graph\":[{\"@type\":\"WebPage\",\"@id\":\"https:\/\/grontkontor.dk\/shop\/termoflaske-750-ml-rustfrit-staal\/\",\"url\":\"https:\/\/grontkontor.dk\/shop\/termoflaske-750-ml-rustfrit-staal\/\",\"name\":\"Termosflaske 750 ml rustfritt st\u00e5l - Gr\u00f8nt Kontor\",\"isPartOf\":{\"@id\":\"https:\/\/grontkontor.dk\/#website\"},\"datePublished\":\"2024-05-28T10:02:26+00:00\",\"dateModified\":\"2024-06-19T08:38:19+00:00\",\"breadcrumb\":{\"@id\":\"https:\/\/grontkontor.dk\/shop\/termoflaske-750-ml-rustfrit-staal\/#breadcrumb\"},\"inLanguage\":\"no-NO\",\"potentialAction\":[{\"@type\":\"ReadAction\",\"target\":[\"https:\/\/grontkontor.dk\/shop\/termoflaske-750-ml-rustfrit-staal\/\"]}]},{\"@type\":\"BreadcrumbList\",\"@id\":\"https:\/\/grontkontor.dk\/shop\/termoflaske-750-ml-rustfrit-staal\/#breadcrumb\",\"itemListElement\":[{\"@type\":\"ListItem\",\"position\":1,\"name\":\"Forside\",\"item\":\"https:\/\/grontkontor.dk\/\"},{\"@type\":\"ListItem\",\"position\":2,\"name\":\"Butikk\",\"item\":\"https:\/\/grontkontor.dk\/no\/butikk-2\/\"},{\"@type\":\"ListItem\",\"position\":3,\"name\":\"Klimavennlige firmagaver\",\"item\":\"https:\/\/grontkontor.dk\/no\/produkt-kategori\/klimavennlige-firmagaver\/\"},{\"@type\":\"ListItem\",\"position\":4,\"name\":\"Vannflasker og termosflasker\",\"item\":\"https:\/\/grontkontor.dk\/no\/produkt-kategori\/klimavennlige-firmagaver\/vannflasker-og-termosflasker-no\/\"},{\"@type\":\"ListItem\",\"position\":5,\"name\":\"Termosflaske 750 ml rustfritt st\u00e5l\"}]},{\"@type\":\"WebSite\",\"@id\":\"https:\/\/grontkontor.dk\/#website\",\"url\":\"https:\/\/grontkontor.dk\/\",\"name\":\"Gr\u00f8nt Kontor\",\"description\":\"Milj\u00f8venlige produkter til kontor og erhverv med fokus p\u00e5 b\u00e6redygtighed, design og fair trade.\",\"publisher\":{\"@id\":\"https:\/\/grontkontor.dk\/#organization\"},\"potentialAction\":[{\"@type\":\"SearchAction\",\"target\":{\"@type\":\"EntryPoint\",\"urlTemplate\":\"https:\/\/grontkontor.dk\/?s={search_term_string}\"},\"query-input\":\"required name=search_term_string\"}],\"inLanguage\":\"no-NO\"},{\"@type\":\"Organization\",\"@id\":\"https:\/\/grontkontor.dk\/#organization\",\"name\":\"Gr\u00f8nt Kontor\",\"url\":\"https:\/\/grontkontor.dk\/\",\"logo\":{\"@type\":\"ImageObject\",\"inLanguage\":\"no-NO\",\"@id\":\"https:\/\/grontkontor.dk\/#\/schema\/logo\/image\/\",\"url\":\"https:\/\/grontkontor.dk\/wp-content\/uploads\/2014\/02\/Logo_groent_kontor_300x80.png\",\"contentUrl\":\"https:\/\/grontkontor.dk\/wp-content\/uploads\/2014\/02\/Logo_groent_kontor_300x80.png\",\"width\":300,\"height\":80,\"caption\":\"Gr\u00f8nt Kontor\"},\"image\":{\"@id\":\"https:\/\/grontkontor.dk\/#\/schema\/logo\/image\/\"},\"sameAs\":[\"https:\/\/www.facebook.com\/grontkontor.dk\/\"]}]}<\/script>\n<!-- \/ Yoast SEO Premium plugin. -->","yoast_head_json":{"title":"Termosflaske 750 ml rustfritt st\u00e5l - Gr\u00f8nt Kontor","robots":{"index":"index","follow":"follow","max-snippet":"max-snippet:-1","max-image-preview":"max-image-preview:large","max-video-preview":"max-video-preview:-1"},"canonical":"https:\/\/grontkontor.dk\/shop\/termoflaske-750-ml-rustfrit-staal\/","og_locale":"en_US","og_type":"article","og_title":"Termosflaske 750 ml rustfritt st\u00e5l","og_description":"Klimavennlig termodrikkeflaske i rustfritt st\u00e5l med vakuumisolering av kobber, egnet til b\u00e5de varme og kalde drikker. Flaskens isolasjon holder varmen i opptil 12 timer og kald drikke i opptil 48 timer. En eksklusiv og milj\u00f8vennlig vannflaske, egnet for friluftsliv, pendlere eller en hyggelig firmagave. Leveres med skrukork og individuelt pakket. Vannflasken er [food-cs] Kapasitet: 750 [&hellip;]","og_url":"https:\/\/grontkontor.dk\/shop\/termoflaske-750-ml-rustfrit-staal\/","og_site_name":"Gr\u00f8nt Kontor","article_publisher":"https:\/\/www.facebook.com\/grontkontor.dk\/","article_modified_time":"2024-06-19T08:38:19+00:00","og_image":[{"width":900,"height":639,"url":"https:\/\/grontkontor.dk\/wp-content\/uploads\/2023\/03\/termoflaske-rustfrit-staal.jpg","type":"image\/jpeg"}],"twitter_card":"summary_large_image","schema":{"@context":"https:\/\/schema.org","@graph":[{"@type":"WebPage","@id":"https:\/\/grontkontor.dk\/shop\/termoflaske-750-ml-rustfrit-staal\/","url":"https:\/\/grontkontor.dk\/shop\/termoflaske-750-ml-rustfrit-staal\/","name":"Termosflaske 750 ml rustfritt st\u00e5l - Gr\u00f8nt Kontor","isPartOf":{"@id":"https:\/\/grontkontor.dk\/#website"},"datePublished":"2024-05-28T10:02:26+00:00","dateModified":"2024-06-19T08:38:19+00:00","breadcrumb":{"@id":"https:\/\/grontkontor.dk\/shop\/termoflaske-750-ml-rustfrit-staal\/#breadcrumb"},"inLanguage":"no-NO","potentialAction":[{"@type":"ReadAction","target":["https:\/\/grontkontor.dk\/shop\/termoflaske-750-ml-rustfrit-staal\/"]}]},{"@type":"BreadcrumbList","@id":"https:\/\/grontkontor.dk\/shop\/termoflaske-750-ml-rustfrit-staal\/#breadcrumb","itemListElement":[{"@type":"ListItem","position":1,"name":"Forside","item":"https:\/\/grontkontor.dk\/"},{"@type":"ListItem","position":2,"name":"Butikk","item":"https:\/\/grontkontor.dk\/no\/butikk-2\/"},{"@type":"ListItem","position":3,"name":"Klimavennlige firmagaver","item":"https:\/\/grontkontor.dk\/no\/produkt-kategori\/klimavennlige-firmagaver\/"},{"@type":"ListItem","position":4,"name":"Vannflasker og termosflasker","item":"https:\/\/grontkontor.dk\/no\/produkt-kategori\/klimavennlige-firmagaver\/vannflasker-og-termosflasker-no\/"},{"@type":"ListItem","position":5,"name":"Termosflaske 750 ml rustfritt st\u00e5l"}]},{"@type":"WebSite","@id":"https:\/\/grontkontor.dk\/#website","url":"https:\/\/grontkontor.dk\/","name":"Gr\u00f8nt Kontor","description":"Milj\u00f8venlige produkter til kontor og erhverv med fokus p\u00e5 b\u00e6redygtighed, design og fair trade.","publisher":{"@id":"https:\/\/grontkontor.dk\/#organization"},"potentialAction":[{"@type":"SearchAction","target":{"@type":"EntryPoint","urlTemplate":"https:\/\/grontkontor.dk\/?s={search_term_string}"},"query-input":"required name=search_term_string"}],"inLanguage":"no-NO"},{"@type":"Organization","@id":"https:\/\/grontkontor.dk\/#organization","name":"Gr\u00f8nt Kontor","url":"https:\/\/grontkontor.dk\/","logo":{"@type":"ImageObject","inLanguage":"no-NO","@id":"https:\/\/grontkontor.dk\/#\/schema\/logo\/image\/","url":"https:\/\/grontkontor.dk\/wp-content\/uploads\/2014\/02\/Logo_groent_kontor_300x80.png","contentUrl":"https:\/\/grontkontor.dk\/wp-content\/uploads\/2014\/02\/Logo_groent_kontor_300x80.png","width":300,"height":80,"caption":"Gr\u00f8nt Kontor"},"image":{"@id":"https:\/\/grontkontor.dk\/#\/schema\/logo\/image\/"},"sameAs":["https:\/\/www.facebook.com\/grontkontor.dk\/"]}]}},"_links":{"self":[{"href":"https:\/\/grontkontor.dk\/no\/wp-json\/wp\/v2\/product\/87372"}],"collection":[{"href":"https:\/\/grontkontor.dk\/no\/wp-json\/wp\/v2\/product"}],"about":[{"href":"https:\/\/grontkontor.dk\/no\/wp-json\/wp\/v2\/types\/product"}],"replies":[{"embeddable":true,"href":"https:\/\/grontkontor.dk\/no\/wp-json\/wp\/v2\/comments?post=87372"}],"wp:featuredmedia":[{"embeddable":true,"href":"https:\/\/grontkontor.dk\/no\/wp-json\/wp\/v2\/media\/59484"}],"wp:attachment":[{"href":"https:\/\/grontkontor.dk\/no\/wp-json\/wp\/v2\/media?parent=87372"}],"wp:term":[{"taxonomy":"product_cat","embeddable":true,"href":"https:\/\/grontkontor.dk\/no\/wp-json\/wp\/v2\/product_cat?post=87372"},{"taxonomy":"product_tag","embeddable":true,"href":"https:\/\/grontkontor.dk\/no\/wp-json\/wp\/v2\/product_tag?post=87372"}],"curies":[{"name":"wp","href":"https:\/\/api.w.org\/{rel}","templated":true}]}}