{"id":87381,"date":"2023-09-22T14:00:29","date_gmt":"2024-05-28T10:02:28","guid":{"rendered":"https:\/\/grontkontor.dk\/shop\/boerstehoved-i-boegetrae-og-naturfibre\/"},"modified":"2024-05-28T12:02:28","modified_gmt":"2024-05-28T10:02:28","slug":"boerstehoved-i-boegetrae-og-naturfibre","status":"publish","type":"product","link":"https:\/\/grontkontor.dk\/no\/shop\/boerstehoved-i-boegetrae-og-naturfibre\/","title":{"rendered":"B\u00f8rstehode i b\u00f8k og naturfibre FSC"},"content":{"rendered":"<p>Milj\u00f8vennlig vegansk b\u00f8rstehode i slitesterk b\u00f8kefiner. B\u00f8rstehodet kan skrus av og p\u00e5 h\u00e5ndtaket, noe som gj\u00f8r det enkelt \u00e5 skifte b\u00f8rsten slik at h\u00e5ndtaket kan brukes p\u00e5 nytt. Dette gj\u00f8r oppvaskb\u00f8rsten til et godt klimavennlig valg. Busten er laget av 100% plantebaserte tampicofibre, som hovedsakelig ekstraheres fra agaveplanten.<\/p>\n<p>Produktet er produsert i EU ved hjelp av gr\u00f8nne energikilder.<\/p>\n<p>[FSC_s]<\/p>\n<p>&nbsp;<\/p>\n<img loading=\"lazy\" decoding=\"async\" class=\"size-medium wp-image-21008\" src=\"https:\/\/grontkontor.dk\/wp-content\/uploads\/2020\/11\/eu-flag_1-300x199.jpg\" alt=\"Fremstillet i EU\" width=\"76\" height=\"50\" srcset=\"https:\/\/grontkontor.dk\/wp-content\/uploads\/2020\/11\/eu-flag_1-300x199.jpg 300w, https:\/\/grontkontor.dk\/wp-content\/uploads\/2020\/11\/eu-flag_1.jpg 530w\" sizes=\"(max-width: 76px) 100vw, 76px\" \/>\n<a href=\"https:\/\/ic.fsc.org\/en\/\" target=\"window\"><img loading=\"lazy\" decoding=\"async\" class=\"size-full wp-image-12735\" src=\"https:\/\/grontkontor.dk\/wp-content\/uploads\/2019\/04\/fsc-certificeret.png\" \n\t\t alt=\"FSC-certificeret\" title=\"FSC-certificeret\" width=\"44\" height=\"51\" border=0\/><\/a>\n","protected":false},"excerpt":{"rendered":"<p>Milj\u00f8vennlig vegansk b\u00f8rstehode i slitesterk b\u00f8kefiner. B\u00f8rstehodet kan skrus av og p\u00e5 h\u00e5ndtaket, noe som gj\u00f8r det enkelt \u00e5 skifte b\u00f8rsten slik at h\u00e5ndtaket kan brukes p\u00e5 nytt. Dette gj\u00f8r oppvaskb\u00f8rsten til et godt klimavennlig valg. Busten er laget av 100% plantebaserte tampicofibre, som hovedsakelig ekstraheres fra agaveplanten. Produktet er produsert i EU ved hjelp [&hellip;]<\/p>\n","protected":false},"featured_media":59494,"comment_status":"closed","ping_status":"closed","template":"","meta":{"_acf_changed":false},"product_cat":[3199,2657,3303],"product_tag":[3316,3658],"class_list":{"0":"post-87381","1":"product","2":"type-product","3":"status-publish","4":"has-post-thumbnail","6":"product_cat-dummy-moq-1-no","7":"product_cat-nyheter","8":"product_cat-renhold","9":"product_tag-oppvaskboerste","10":"product_tag-renhold","11":"tm-has-options","13":"first","14":"instock","15":"taxable","16":"shipping-taxable","17":"purchasable","18":"product-type-simple"},"acf":[],"yoast_head":"<!-- This site is optimized with the Yoast SEO Premium plugin v21.2 (Yoast SEO v21.2) - https:\/\/yoast.com\/wordpress\/plugins\/seo\/ -->\n<title>B\u00f8rstehode i b\u00f8k og naturfibre FSC - Gr\u00f8nt Kontor<\/title>\n<meta name=\"robots\" content=\"index, follow, max-snippet:-1, max-image-preview:large, max-video-preview:-1\" \/>\n<link rel=\"canonical\" href=\"https:\/\/grontkontor.dk\/no\/shop\/boerstehoved-i-boegetrae-og-naturfibre\/\" \/>\n<meta property=\"og:locale\" content=\"en_US\" \/>\n<meta property=\"og:type\" content=\"article\" \/>\n<meta property=\"og:title\" content=\"B\u00f8rstehode i b\u00f8k og naturfibre FSC\" \/>\n<meta property=\"og:description\" content=\"Milj\u00f8vennlig vegansk b\u00f8rstehode i slitesterk b\u00f8kefiner. B\u00f8rstehodet kan skrus av og p\u00e5 h\u00e5ndtaket, noe som gj\u00f8r det enkelt \u00e5 skifte b\u00f8rsten slik at h\u00e5ndtaket kan brukes p\u00e5 nytt. Dette gj\u00f8r oppvaskb\u00f8rsten til et godt klimavennlig valg. Busten er laget av 100% plantebaserte tampicofibre, som hovedsakelig ekstraheres fra agaveplanten. Produktet er produsert i EU ved hjelp [&hellip;]\" \/>\n<meta property=\"og:url\" content=\"https:\/\/grontkontor.dk\/no\/shop\/boerstehoved-i-boegetrae-og-naturfibre\/\" \/>\n<meta property=\"og:site_name\" content=\"Gr\u00f8nt Kontor\" \/>\n<meta property=\"article:publisher\" content=\"https:\/\/www.facebook.com\/grontkontor.dk\/\" \/>\n<meta property=\"og:image\" content=\"https:\/\/grontkontor.dk\/wp-content\/uploads\/2023\/03\/Klimavenlig-opvaskeboerste-hoved-boeg.jpg\" \/>\n\t<meta property=\"og:image:width\" content=\"900\" \/>\n\t<meta property=\"og:image:height\" content=\"639\" \/>\n\t<meta property=\"og:image:type\" content=\"image\/jpeg\" \/>\n<meta name=\"twitter:card\" content=\"summary_large_image\" \/>\n<script type=\"application\/ld+json\" class=\"yoast-schema-graph\">{\"@context\":\"https:\/\/schema.org\",\"@graph\":[{\"@type\":\"WebPage\",\"@id\":\"https:\/\/grontkontor.dk\/no\/shop\/boerstehoved-i-boegetrae-og-naturfibre\/\",\"url\":\"https:\/\/grontkontor.dk\/no\/shop\/boerstehoved-i-boegetrae-og-naturfibre\/\",\"name\":\"B\u00f8rstehode i b\u00f8k og naturfibre FSC - Gr\u00f8nt Kontor\",\"isPartOf\":{\"@id\":\"https:\/\/grontkontor.dk\/#website\"},\"datePublished\":\"2024-05-28T10:02:28+00:00\",\"dateModified\":\"2024-05-28T10:02:28+00:00\",\"breadcrumb\":{\"@id\":\"https:\/\/grontkontor.dk\/no\/shop\/boerstehoved-i-boegetrae-og-naturfibre\/#breadcrumb\"},\"inLanguage\":\"no-NO\",\"potentialAction\":[{\"@type\":\"ReadAction\",\"target\":[\"https:\/\/grontkontor.dk\/no\/shop\/boerstehoved-i-boegetrae-og-naturfibre\/\"]}]},{\"@type\":\"BreadcrumbList\",\"@id\":\"https:\/\/grontkontor.dk\/no\/shop\/boerstehoved-i-boegetrae-og-naturfibre\/#breadcrumb\",\"itemListElement\":[{\"@type\":\"ListItem\",\"position\":1,\"name\":\"Forside\",\"item\":\"https:\/\/grontkontor.dk\/\"},{\"@type\":\"ListItem\",\"position\":2,\"name\":\"Butikk\",\"item\":\"https:\/\/grontkontor.dk\/no\/butikk-2\/\"},{\"@type\":\"ListItem\",\"position\":3,\"name\":\"Reng\u00f8ring\",\"item\":\"https:\/\/grontkontor.dk\/produkt-kategori\/rengoering\/\"},{\"@type\":\"ListItem\",\"position\":4,\"name\":\"B\u00f8rstehode i b\u00f8k og naturfibre FSC\"}]},{\"@type\":\"WebSite\",\"@id\":\"https:\/\/grontkontor.dk\/#website\",\"url\":\"https:\/\/grontkontor.dk\/\",\"name\":\"Gr\u00f8nt Kontor\",\"description\":\"Milj\u00f8venlige produkter til kontor og erhverv med fokus p\u00e5 b\u00e6redygtighed, design og fair trade.\",\"publisher\":{\"@id\":\"https:\/\/grontkontor.dk\/#organization\"},\"potentialAction\":[{\"@type\":\"SearchAction\",\"target\":{\"@type\":\"EntryPoint\",\"urlTemplate\":\"https:\/\/grontkontor.dk\/?s={search_term_string}\"},\"query-input\":\"required name=search_term_string\"}],\"inLanguage\":\"no-NO\"},{\"@type\":\"Organization\",\"@id\":\"https:\/\/grontkontor.dk\/#organization\",\"name\":\"Gr\u00f8nt Kontor\",\"url\":\"https:\/\/grontkontor.dk\/\",\"logo\":{\"@type\":\"ImageObject\",\"inLanguage\":\"no-NO\",\"@id\":\"https:\/\/grontkontor.dk\/#\/schema\/logo\/image\/\",\"url\":\"https:\/\/grontkontor.dk\/wp-content\/uploads\/2014\/02\/Logo_groent_kontor_300x80.png\",\"contentUrl\":\"https:\/\/grontkontor.dk\/wp-content\/uploads\/2014\/02\/Logo_groent_kontor_300x80.png\",\"width\":300,\"height\":80,\"caption\":\"Gr\u00f8nt Kontor\"},\"image\":{\"@id\":\"https:\/\/grontkontor.dk\/#\/schema\/logo\/image\/\"},\"sameAs\":[\"https:\/\/www.facebook.com\/grontkontor.dk\/\"]}]}<\/script>\n<!-- \/ Yoast SEO Premium plugin. -->","yoast_head_json":{"title":"B\u00f8rstehode i b\u00f8k og naturfibre FSC - Gr\u00f8nt Kontor","robots":{"index":"index","follow":"follow","max-snippet":"max-snippet:-1","max-image-preview":"max-image-preview:large","max-video-preview":"max-video-preview:-1"},"canonical":"https:\/\/grontkontor.dk\/no\/shop\/boerstehoved-i-boegetrae-og-naturfibre\/","og_locale":"en_US","og_type":"article","og_title":"B\u00f8rstehode i b\u00f8k og naturfibre FSC","og_description":"Milj\u00f8vennlig vegansk b\u00f8rstehode i slitesterk b\u00f8kefiner. B\u00f8rstehodet kan skrus av og p\u00e5 h\u00e5ndtaket, noe som gj\u00f8r det enkelt \u00e5 skifte b\u00f8rsten slik at h\u00e5ndtaket kan brukes p\u00e5 nytt. Dette gj\u00f8r oppvaskb\u00f8rsten til et godt klimavennlig valg. Busten er laget av 100% plantebaserte tampicofibre, som hovedsakelig ekstraheres fra agaveplanten. Produktet er produsert i EU ved hjelp [&hellip;]","og_url":"https:\/\/grontkontor.dk\/no\/shop\/boerstehoved-i-boegetrae-og-naturfibre\/","og_site_name":"Gr\u00f8nt Kontor","article_publisher":"https:\/\/www.facebook.com\/grontkontor.dk\/","og_image":[{"width":900,"height":639,"url":"https:\/\/grontkontor.dk\/wp-content\/uploads\/2023\/03\/Klimavenlig-opvaskeboerste-hoved-boeg.jpg","type":"image\/jpeg"}],"twitter_card":"summary_large_image","schema":{"@context":"https:\/\/schema.org","@graph":[{"@type":"WebPage","@id":"https:\/\/grontkontor.dk\/no\/shop\/boerstehoved-i-boegetrae-og-naturfibre\/","url":"https:\/\/grontkontor.dk\/no\/shop\/boerstehoved-i-boegetrae-og-naturfibre\/","name":"B\u00f8rstehode i b\u00f8k og naturfibre FSC - Gr\u00f8nt Kontor","isPartOf":{"@id":"https:\/\/grontkontor.dk\/#website"},"datePublished":"2024-05-28T10:02:28+00:00","dateModified":"2024-05-28T10:02:28+00:00","breadcrumb":{"@id":"https:\/\/grontkontor.dk\/no\/shop\/boerstehoved-i-boegetrae-og-naturfibre\/#breadcrumb"},"inLanguage":"no-NO","potentialAction":[{"@type":"ReadAction","target":["https:\/\/grontkontor.dk\/no\/shop\/boerstehoved-i-boegetrae-og-naturfibre\/"]}]},{"@type":"BreadcrumbList","@id":"https:\/\/grontkontor.dk\/no\/shop\/boerstehoved-i-boegetrae-og-naturfibre\/#breadcrumb","itemListElement":[{"@type":"ListItem","position":1,"name":"Forside","item":"https:\/\/grontkontor.dk\/"},{"@type":"ListItem","position":2,"name":"Butikk","item":"https:\/\/grontkontor.dk\/no\/butikk-2\/"},{"@type":"ListItem","position":3,"name":"Reng\u00f8ring","item":"https:\/\/grontkontor.dk\/produkt-kategori\/rengoering\/"},{"@type":"ListItem","position":4,"name":"B\u00f8rstehode i b\u00f8k og naturfibre FSC"}]},{"@type":"WebSite","@id":"https:\/\/grontkontor.dk\/#website","url":"https:\/\/grontkontor.dk\/","name":"Gr\u00f8nt Kontor","description":"Milj\u00f8venlige produkter til kontor og erhverv med fokus p\u00e5 b\u00e6redygtighed, design og fair trade.","publisher":{"@id":"https:\/\/grontkontor.dk\/#organization"},"potentialAction":[{"@type":"SearchAction","target":{"@type":"EntryPoint","urlTemplate":"https:\/\/grontkontor.dk\/?s={search_term_string}"},"query-input":"required name=search_term_string"}],"inLanguage":"no-NO"},{"@type":"Organization","@id":"https:\/\/grontkontor.dk\/#organization","name":"Gr\u00f8nt Kontor","url":"https:\/\/grontkontor.dk\/","logo":{"@type":"ImageObject","inLanguage":"no-NO","@id":"https:\/\/grontkontor.dk\/#\/schema\/logo\/image\/","url":"https:\/\/grontkontor.dk\/wp-content\/uploads\/2014\/02\/Logo_groent_kontor_300x80.png","contentUrl":"https:\/\/grontkontor.dk\/wp-content\/uploads\/2014\/02\/Logo_groent_kontor_300x80.png","width":300,"height":80,"caption":"Gr\u00f8nt Kontor"},"image":{"@id":"https:\/\/grontkontor.dk\/#\/schema\/logo\/image\/"},"sameAs":["https:\/\/www.facebook.com\/grontkontor.dk\/"]}]}},"_links":{"self":[{"href":"https:\/\/grontkontor.dk\/no\/wp-json\/wp\/v2\/product\/87381"}],"collection":[{"href":"https:\/\/grontkontor.dk\/no\/wp-json\/wp\/v2\/product"}],"about":[{"href":"https:\/\/grontkontor.dk\/no\/wp-json\/wp\/v2\/types\/product"}],"replies":[{"embeddable":true,"href":"https:\/\/grontkontor.dk\/no\/wp-json\/wp\/v2\/comments?post=87381"}],"wp:featuredmedia":[{"embeddable":true,"href":"https:\/\/grontkontor.dk\/no\/wp-json\/wp\/v2\/media\/59494"}],"wp:attachment":[{"href":"https:\/\/grontkontor.dk\/no\/wp-json\/wp\/v2\/media?parent=87381"}],"wp:term":[{"taxonomy":"product_cat","embeddable":true,"href":"https:\/\/grontkontor.dk\/no\/wp-json\/wp\/v2\/product_cat?post=87381"},{"taxonomy":"product_tag","embeddable":true,"href":"https:\/\/grontkontor.dk\/no\/wp-json\/wp\/v2\/product_tag?post=87381"}],"curies":[{"name":"wp","href":"https:\/\/api.w.org\/{rel}","templated":true}]}}