{"id":87424,"date":"2023-09-22T14:00:03","date_gmt":"2024-05-28T10:03:37","guid":{"rendered":"https:\/\/grontkontor.dk\/shop\/oppbevaringsboks-med-resirkulerte-fiskegarn\/"},"modified":"2024-05-28T12:03:37","modified_gmt":"2024-05-28T10:03:37","slug":"oppbevaringsboks-med-resirkulerte-fiskegarn","status":"publish","type":"product","link":"https:\/\/grontkontor.dk\/no\/shop\/oppbevaringsboks-med-resirkulerte-fiskegarn\/","title":{"rendered":"Oppbevaringsboks resirkulerte fiskegarn"},"content":{"rendered":"<p><span class=\"HwtZe\" lang=\"da\"><span class=\"jCAhz ChMk0b\"><br \/>\n  <span class=\"ryNqvb\">Funky og klimavennlig oppbevaringsboks laget<\/span><br \/>\n<\/span><span class=\"jCAhz ChMk0b\"><br \/>\n  <span class=\"ryNqvb\"> av 70% resirkulerte fiskegarn samlet p\u00e5 Hirtshals Havn og 30% polypropylen, med<\/span><br \/>\n<\/span> <span class=\"jCAhz ChMk0b\"><br \/>\n  <span class=\"ryNqvb\">h\u00e5ndtak som gj\u00f8r transporten enkel og praktisk.<\/span><br \/>\n<\/span> <span class=\"jCAhz ChMk0b\"><span class=\"ryNqvb\">Et milj\u00f8vennlig valg for lagring eller utend\u00f8rsaktiviteter. En liten innsats er inkludert som er bra for verkt\u00f8y eller andre sm\u00e5 deler.<br \/>\nBoksen er produsert i Sverige.<br \/>\n<\/span><\/span><\/span><\/p>\n<p>Dimensjoner: 40 x 30 x 22 cm<br \/>\nInnvendige dimensjoner: 31.8 x 22.6 x 18.1 cm<\/p>\n<p>&nbsp;<\/p>\n<p><img loading=\"lazy\" decoding=\"async\" class=\"size-medium wp-image-21008\" src=\"https:\/\/grontkontor.dk\/wp-content\/uploads\/2020\/11\/eu-flag_1-300x199.jpg\" alt=\"Fremstillet i EU\" width=\"76\" height=\"50\" srcset=\"https:\/\/grontkontor.dk\/wp-content\/uploads\/2020\/11\/eu-flag_1-300x199.jpg 300w, https:\/\/grontkontor.dk\/wp-content\/uploads\/2020\/11\/eu-flag_1.jpg 530w\" sizes=\"(max-width: 76px) 100vw, 76px\" \/> <img loading=\"lazy\" decoding=\"async\" src=\"https:\/\/grontkontor.dk\/wp-content\/uploads\/2021\/02\/genbrug.jpg\" alt=\"Fremstillet af genbrugsmaterialer\" width=\"50\" height=\"50\" class=\"size-full wp-image-23031\" srcset=\"https:\/\/grontkontor.dk\/wp-content\/uploads\/2021\/02\/genbrug.jpg 199w, https:\/\/grontkontor.dk\/wp-content\/uploads\/2021\/02\/genbrug-100x100.jpg 100w\" sizes=\"(max-width: 50px) 100vw, 50px\" \/><\/p>\n","protected":false},"excerpt":{"rendered":"<p>Funky og klimavennlig oppbevaringsboks laget av 70% resirkulerte fiskegarn samlet p\u00e5 Hirtshals Havn og 30% polypropylen, med h\u00e5ndtak som gj\u00f8r transporten enkel og praktisk. Et milj\u00f8vennlig valg for lagring eller utend\u00f8rsaktiviteter. En liten innsats er inkludert som er bra for verkt\u00f8y eller andre sm\u00e5 deler. Boksen er produsert i Sverige. Dimensjoner: 40 x 30 x [&hellip;]<\/p>\n","protected":false},"featured_media":59394,"comment_status":"closed","ping_status":"closed","template":"","meta":{"_acf_changed":false},"product_cat":[3491,3199,2657,3912],"product_tag":[3913],"class_list":{"0":"post-87424","1":"product","2":"type-product","3":"status-publish","4":"has-post-thumbnail","6":"product_cat-arkivering-no","7":"product_cat-dummy-moq-1-no","8":"product_cat-nyheter","9":"product_cat-oppbevaringsbokser","10":"product_tag-oppbevaringsboks","11":"tm-has-options","13":"first","14":"instock","15":"sale","16":"taxable","17":"shipping-taxable","18":"purchasable","19":"product-type-simple"},"acf":[],"yoast_head":"<!-- This site is optimized with the Yoast SEO Premium plugin v21.2 (Yoast SEO v21.2) - https:\/\/yoast.com\/wordpress\/plugins\/seo\/ -->\n<title>Oppbevaringsboks resirkulerte fiskegarn - Gr\u00f8nt Kontor<\/title>\n<meta name=\"robots\" content=\"index, follow, max-snippet:-1, max-image-preview:large, max-video-preview:-1\" \/>\n<link rel=\"canonical\" href=\"https:\/\/grontkontor.dk\/no\/shop\/oppbevaringsboks-med-resirkulerte-fiskegarn\/\" \/>\n<meta property=\"og:locale\" content=\"en_US\" \/>\n<meta property=\"og:type\" content=\"article\" \/>\n<meta property=\"og:title\" content=\"Oppbevaringsboks resirkulerte fiskegarn\" \/>\n<meta property=\"og:description\" content=\"Funky og klimavennlig oppbevaringsboks laget av 70% resirkulerte fiskegarn samlet p\u00e5 Hirtshals Havn og 30% polypropylen, med h\u00e5ndtak som gj\u00f8r transporten enkel og praktisk. Et milj\u00f8vennlig valg for lagring eller utend\u00f8rsaktiviteter. En liten innsats er inkludert som er bra for verkt\u00f8y eller andre sm\u00e5 deler. Boksen er produsert i Sverige. Dimensjoner: 40 x 30 x [&hellip;]\" \/>\n<meta property=\"og:url\" content=\"https:\/\/grontkontor.dk\/no\/shop\/oppbevaringsboks-med-resirkulerte-fiskegarn\/\" \/>\n<meta property=\"og:site_name\" content=\"Gr\u00f8nt Kontor\" \/>\n<meta property=\"article:publisher\" content=\"https:\/\/www.facebook.com\/grontkontor.dk\/\" \/>\n<meta property=\"og:image\" content=\"https:\/\/grontkontor.dk\/wp-content\/uploads\/2023\/03\/57888.jpg\" \/>\n\t<meta property=\"og:image:width\" content=\"900\" \/>\n\t<meta property=\"og:image:height\" content=\"639\" \/>\n\t<meta property=\"og:image:type\" content=\"image\/jpeg\" \/>\n<meta name=\"twitter:card\" content=\"summary_large_image\" \/>\n<script type=\"application\/ld+json\" class=\"yoast-schema-graph\">{\"@context\":\"https:\/\/schema.org\",\"@graph\":[{\"@type\":\"WebPage\",\"@id\":\"https:\/\/grontkontor.dk\/no\/shop\/oppbevaringsboks-med-resirkulerte-fiskegarn\/\",\"url\":\"https:\/\/grontkontor.dk\/no\/shop\/oppbevaringsboks-med-resirkulerte-fiskegarn\/\",\"name\":\"Oppbevaringsboks resirkulerte fiskegarn - Gr\u00f8nt Kontor\",\"isPartOf\":{\"@id\":\"https:\/\/grontkontor.dk\/#website\"},\"datePublished\":\"2024-05-28T10:03:37+00:00\",\"dateModified\":\"2024-05-28T10:03:37+00:00\",\"breadcrumb\":{\"@id\":\"https:\/\/grontkontor.dk\/no\/shop\/oppbevaringsboks-med-resirkulerte-fiskegarn\/#breadcrumb\"},\"inLanguage\":\"no-NO\",\"potentialAction\":[{\"@type\":\"ReadAction\",\"target\":[\"https:\/\/grontkontor.dk\/no\/shop\/oppbevaringsboks-med-resirkulerte-fiskegarn\/\"]}]},{\"@type\":\"BreadcrumbList\",\"@id\":\"https:\/\/grontkontor.dk\/no\/shop\/oppbevaringsboks-med-resirkulerte-fiskegarn\/#breadcrumb\",\"itemListElement\":[{\"@type\":\"ListItem\",\"position\":1,\"name\":\"Forside\",\"item\":\"https:\/\/grontkontor.dk\/\"},{\"@type\":\"ListItem\",\"position\":2,\"name\":\"Butikk\",\"item\":\"https:\/\/grontkontor.dk\/no\/butikk-2\/\"},{\"@type\":\"ListItem\",\"position\":3,\"name\":\"Arkivering\",\"item\":\"https:\/\/grontkontor.dk\/no\/produkt-kategori\/arkivering-no\/\"},{\"@type\":\"ListItem\",\"position\":4,\"name\":\"Oppbevaringsbokser\",\"item\":\"https:\/\/grontkontor.dk\/no\/produkt-kategori\/oppbevaringsbokser\/\"},{\"@type\":\"ListItem\",\"position\":5,\"name\":\"Oppbevaringsboks resirkulerte fiskegarn\"}]},{\"@type\":\"WebSite\",\"@id\":\"https:\/\/grontkontor.dk\/#website\",\"url\":\"https:\/\/grontkontor.dk\/\",\"name\":\"Gr\u00f8nt Kontor\",\"description\":\"Milj\u00f8venlige produkter til kontor og erhverv med fokus p\u00e5 b\u00e6redygtighed, design og fair trade.\",\"publisher\":{\"@id\":\"https:\/\/grontkontor.dk\/#organization\"},\"potentialAction\":[{\"@type\":\"SearchAction\",\"target\":{\"@type\":\"EntryPoint\",\"urlTemplate\":\"https:\/\/grontkontor.dk\/?s={search_term_string}\"},\"query-input\":\"required name=search_term_string\"}],\"inLanguage\":\"no-NO\"},{\"@type\":\"Organization\",\"@id\":\"https:\/\/grontkontor.dk\/#organization\",\"name\":\"Gr\u00f8nt Kontor\",\"url\":\"https:\/\/grontkontor.dk\/\",\"logo\":{\"@type\":\"ImageObject\",\"inLanguage\":\"no-NO\",\"@id\":\"https:\/\/grontkontor.dk\/#\/schema\/logo\/image\/\",\"url\":\"https:\/\/grontkontor.dk\/wp-content\/uploads\/2014\/02\/Logo_groent_kontor_300x80.png\",\"contentUrl\":\"https:\/\/grontkontor.dk\/wp-content\/uploads\/2014\/02\/Logo_groent_kontor_300x80.png\",\"width\":300,\"height\":80,\"caption\":\"Gr\u00f8nt Kontor\"},\"image\":{\"@id\":\"https:\/\/grontkontor.dk\/#\/schema\/logo\/image\/\"},\"sameAs\":[\"https:\/\/www.facebook.com\/grontkontor.dk\/\"]}]}<\/script>\n<!-- \/ Yoast SEO Premium plugin. -->","yoast_head_json":{"title":"Oppbevaringsboks resirkulerte fiskegarn - Gr\u00f8nt Kontor","robots":{"index":"index","follow":"follow","max-snippet":"max-snippet:-1","max-image-preview":"max-image-preview:large","max-video-preview":"max-video-preview:-1"},"canonical":"https:\/\/grontkontor.dk\/no\/shop\/oppbevaringsboks-med-resirkulerte-fiskegarn\/","og_locale":"en_US","og_type":"article","og_title":"Oppbevaringsboks resirkulerte fiskegarn","og_description":"Funky og klimavennlig oppbevaringsboks laget av 70% resirkulerte fiskegarn samlet p\u00e5 Hirtshals Havn og 30% polypropylen, med h\u00e5ndtak som gj\u00f8r transporten enkel og praktisk. Et milj\u00f8vennlig valg for lagring eller utend\u00f8rsaktiviteter. En liten innsats er inkludert som er bra for verkt\u00f8y eller andre sm\u00e5 deler. Boksen er produsert i Sverige. Dimensjoner: 40 x 30 x [&hellip;]","og_url":"https:\/\/grontkontor.dk\/no\/shop\/oppbevaringsboks-med-resirkulerte-fiskegarn\/","og_site_name":"Gr\u00f8nt Kontor","article_publisher":"https:\/\/www.facebook.com\/grontkontor.dk\/","og_image":[{"width":900,"height":639,"url":"https:\/\/grontkontor.dk\/wp-content\/uploads\/2023\/03\/57888.jpg","type":"image\/jpeg"}],"twitter_card":"summary_large_image","schema":{"@context":"https:\/\/schema.org","@graph":[{"@type":"WebPage","@id":"https:\/\/grontkontor.dk\/no\/shop\/oppbevaringsboks-med-resirkulerte-fiskegarn\/","url":"https:\/\/grontkontor.dk\/no\/shop\/oppbevaringsboks-med-resirkulerte-fiskegarn\/","name":"Oppbevaringsboks resirkulerte fiskegarn - Gr\u00f8nt Kontor","isPartOf":{"@id":"https:\/\/grontkontor.dk\/#website"},"datePublished":"2024-05-28T10:03:37+00:00","dateModified":"2024-05-28T10:03:37+00:00","breadcrumb":{"@id":"https:\/\/grontkontor.dk\/no\/shop\/oppbevaringsboks-med-resirkulerte-fiskegarn\/#breadcrumb"},"inLanguage":"no-NO","potentialAction":[{"@type":"ReadAction","target":["https:\/\/grontkontor.dk\/no\/shop\/oppbevaringsboks-med-resirkulerte-fiskegarn\/"]}]},{"@type":"BreadcrumbList","@id":"https:\/\/grontkontor.dk\/no\/shop\/oppbevaringsboks-med-resirkulerte-fiskegarn\/#breadcrumb","itemListElement":[{"@type":"ListItem","position":1,"name":"Forside","item":"https:\/\/grontkontor.dk\/"},{"@type":"ListItem","position":2,"name":"Butikk","item":"https:\/\/grontkontor.dk\/no\/butikk-2\/"},{"@type":"ListItem","position":3,"name":"Arkivering","item":"https:\/\/grontkontor.dk\/no\/produkt-kategori\/arkivering-no\/"},{"@type":"ListItem","position":4,"name":"Oppbevaringsbokser","item":"https:\/\/grontkontor.dk\/no\/produkt-kategori\/oppbevaringsbokser\/"},{"@type":"ListItem","position":5,"name":"Oppbevaringsboks resirkulerte fiskegarn"}]},{"@type":"WebSite","@id":"https:\/\/grontkontor.dk\/#website","url":"https:\/\/grontkontor.dk\/","name":"Gr\u00f8nt Kontor","description":"Milj\u00f8venlige produkter til kontor og erhverv med fokus p\u00e5 b\u00e6redygtighed, design og fair trade.","publisher":{"@id":"https:\/\/grontkontor.dk\/#organization"},"potentialAction":[{"@type":"SearchAction","target":{"@type":"EntryPoint","urlTemplate":"https:\/\/grontkontor.dk\/?s={search_term_string}"},"query-input":"required name=search_term_string"}],"inLanguage":"no-NO"},{"@type":"Organization","@id":"https:\/\/grontkontor.dk\/#organization","name":"Gr\u00f8nt Kontor","url":"https:\/\/grontkontor.dk\/","logo":{"@type":"ImageObject","inLanguage":"no-NO","@id":"https:\/\/grontkontor.dk\/#\/schema\/logo\/image\/","url":"https:\/\/grontkontor.dk\/wp-content\/uploads\/2014\/02\/Logo_groent_kontor_300x80.png","contentUrl":"https:\/\/grontkontor.dk\/wp-content\/uploads\/2014\/02\/Logo_groent_kontor_300x80.png","width":300,"height":80,"caption":"Gr\u00f8nt Kontor"},"image":{"@id":"https:\/\/grontkontor.dk\/#\/schema\/logo\/image\/"},"sameAs":["https:\/\/www.facebook.com\/grontkontor.dk\/"]}]}},"_links":{"self":[{"href":"https:\/\/grontkontor.dk\/no\/wp-json\/wp\/v2\/product\/87424"}],"collection":[{"href":"https:\/\/grontkontor.dk\/no\/wp-json\/wp\/v2\/product"}],"about":[{"href":"https:\/\/grontkontor.dk\/no\/wp-json\/wp\/v2\/types\/product"}],"replies":[{"embeddable":true,"href":"https:\/\/grontkontor.dk\/no\/wp-json\/wp\/v2\/comments?post=87424"}],"wp:featuredmedia":[{"embeddable":true,"href":"https:\/\/grontkontor.dk\/no\/wp-json\/wp\/v2\/media\/59394"}],"wp:attachment":[{"href":"https:\/\/grontkontor.dk\/no\/wp-json\/wp\/v2\/media?parent=87424"}],"wp:term":[{"taxonomy":"product_cat","embeddable":true,"href":"https:\/\/grontkontor.dk\/no\/wp-json\/wp\/v2\/product_cat?post=87424"},{"taxonomy":"product_tag","embeddable":true,"href":"https:\/\/grontkontor.dk\/no\/wp-json\/wp\/v2\/product_tag?post=87424"}],"curies":[{"name":"wp","href":"https:\/\/api.w.org\/{rel}","templated":true}]}}