{"id":87443,"date":"2023-09-22T14:00:03","date_gmt":"2024-05-28T10:03:38","guid":{"rendered":"https:\/\/grontkontor.dk\/shop\/jug-bioplastic-2-l-m-u-utskrift\/"},"modified":"2024-06-19T10:44:02","modified_gmt":"2024-06-19T08:44:02","slug":"jug-bioplastic-2-l-m-u-utskrift","status":"publish","type":"product","link":"https:\/\/grontkontor.dk\/no\/shop\/jug-bioplastic-2-l-m-u-utskrift\/","title":{"rendered":"Kannen bioplast 2 L m\/u trykk"},"content":{"rendered":"<p>Klimavennlig, knusefri og gjenbrukbar kj\u00f8leskapskanne laget av sukkerr\u00f8rbasert bioplast. Med mer enn 80% redusert CO2-avtrykk sammenlignet med lignende gjenstander i konvensjonell plast.<\/p>\n<p>Kannen er b\u00e5de lett og solid, og egner seg sv\u00e6rt godt til utend\u00f8rs bruk, camping, camping eller som gjenbrukbar festivalkanne.<\/p>\n<p>I motsetning til vanlig bioplast er kannen b\u00e5de resirkulerbar og egnet til oppvaskmaskiner, frysere og mikrob\u00f8lgeovner, og t\u00e5ler temperaturer fra -40 \u00b0C til +100 \u00b0C. Veldig bra for bruk i storkj\u00f8kken eller kantiner.<\/p>\n<p>Innhold: 2000 ml.<\/p>\n<p>Kannen er  [food-c]<\/p>\n<p>Kannen er laget i EU og kan leveres med logotrykk eller gravering.<\/p>\n<p>&nbsp;<\/p>\n<img loading=\"lazy\" decoding=\"async\" class=\"size-medium wp-image-21008\" src=\"https:\/\/grontkontor.dk\/wp-content\/uploads\/2020\/11\/eu-flag_1-300x199.jpg\" alt=\"Fremstillet i EU\" width=\"76\" height=\"50\" srcset=\"https:\/\/grontkontor.dk\/wp-content\/uploads\/2020\/11\/eu-flag_1-300x199.jpg 300w, https:\/\/grontkontor.dk\/wp-content\/uploads\/2020\/11\/eu-flag_1.jpg 530w\" sizes=\"(max-width: 76px) 100vw, 76px\" \/>\n","protected":false},"excerpt":{"rendered":"<p>Klimavennlig, knusefri og gjenbrukbar kj\u00f8leskapskanne laget av sukkerr\u00f8rbasert bioplast. Med mer enn 80% redusert CO2-avtrykk sammenlignet med lignende gjenstander i konvensjonell plast. Kannen er b\u00e5de lett og solid, og egner seg sv\u00e6rt godt til utend\u00f8rs bruk, camping, camping eller som gjenbrukbar festivalkanne. I motsetning til vanlig bioplast er kannen b\u00e5de resirkulerbar og egnet til oppvaskmaskiner, [&hellip;]<\/p>\n","protected":false},"featured_media":59361,"comment_status":"closed","ping_status":"closed","template":"","meta":{"_acf_changed":false},"product_cat":[3199,3437,3666,3312,2657],"product_tag":[3745,3727,3481],"class_list":{"0":"post-87443","1":"product","2":"type-product","3":"status-publish","4":"has-post-thumbnail","6":"product_cat-dummy-moq-1-no","7":"product_cat-hotell-restaurant","8":"product_cat-krus-og-kopper-til-messen-no","9":"product_cat-krus-kopper-etc","10":"product_cat-nyheter","11":"product_tag-drikkeglass","12":"product_tag-kjoekken","13":"product_tag-mugge","14":"tm-has-options","16":"first","17":"instock","18":"sale","19":"taxable","20":"shipping-taxable","21":"purchasable","22":"product-type-simple"},"acf":[],"yoast_head":"<!-- This site is optimized with the Yoast SEO Premium plugin v21.2 (Yoast SEO v21.2) - https:\/\/yoast.com\/wordpress\/plugins\/seo\/ -->\n<title>Kannen bioplast 2 L m\/u trykk - Gr\u00f8nt Kontor<\/title>\n<meta name=\"robots\" content=\"index, follow, max-snippet:-1, max-image-preview:large, max-video-preview:-1\" \/>\n<link rel=\"canonical\" href=\"https:\/\/grontkontor.dk\/no\/shop\/jug-bioplastic-2-l-m-u-utskrift\/\" \/>\n<meta property=\"og:locale\" content=\"en_US\" \/>\n<meta property=\"og:type\" content=\"article\" \/>\n<meta property=\"og:title\" content=\"Kannen bioplast 2 L m\/u trykk\" \/>\n<meta property=\"og:description\" content=\"Klimavennlig, knusefri og gjenbrukbar kj\u00f8leskapskanne laget av sukkerr\u00f8rbasert bioplast. Med mer enn 80% redusert CO2-avtrykk sammenlignet med lignende gjenstander i konvensjonell plast. Kannen er b\u00e5de lett og solid, og egner seg sv\u00e6rt godt til utend\u00f8rs bruk, camping, camping eller som gjenbrukbar festivalkanne. I motsetning til vanlig bioplast er kannen b\u00e5de resirkulerbar og egnet til oppvaskmaskiner, [&hellip;]\" \/>\n<meta property=\"og:url\" content=\"https:\/\/grontkontor.dk\/no\/shop\/jug-bioplastic-2-l-m-u-utskrift\/\" \/>\n<meta property=\"og:site_name\" content=\"Gr\u00f8nt Kontor\" \/>\n<meta property=\"article:publisher\" content=\"https:\/\/www.facebook.com\/grontkontor.dk\/\" \/>\n<meta property=\"article:modified_time\" content=\"2024-06-19T08:44:02+00:00\" \/>\n<meta property=\"og:image\" content=\"https:\/\/grontkontor.dk\/wp-content\/uploads\/2023\/03\/Kanna-m-lock-2-L.jpg\" \/>\n\t<meta property=\"og:image:width\" content=\"900\" \/>\n\t<meta property=\"og:image:height\" content=\"639\" \/>\n\t<meta property=\"og:image:type\" content=\"image\/jpeg\" \/>\n<meta name=\"twitter:card\" content=\"summary_large_image\" \/>\n<meta name=\"twitter:label1\" content=\"Est. reading time\" \/>\n\t<meta name=\"twitter:data1\" content=\"1 minute\" \/>\n<script type=\"application\/ld+json\" class=\"yoast-schema-graph\">{\"@context\":\"https:\/\/schema.org\",\"@graph\":[{\"@type\":\"WebPage\",\"@id\":\"https:\/\/grontkontor.dk\/no\/shop\/jug-bioplastic-2-l-m-u-utskrift\/\",\"url\":\"https:\/\/grontkontor.dk\/no\/shop\/jug-bioplastic-2-l-m-u-utskrift\/\",\"name\":\"Kannen bioplast 2 L m\/u trykk - Gr\u00f8nt Kontor\",\"isPartOf\":{\"@id\":\"https:\/\/grontkontor.dk\/#website\"},\"datePublished\":\"2024-05-28T10:03:38+00:00\",\"dateModified\":\"2024-06-19T08:44:02+00:00\",\"breadcrumb\":{\"@id\":\"https:\/\/grontkontor.dk\/no\/shop\/jug-bioplastic-2-l-m-u-utskrift\/#breadcrumb\"},\"inLanguage\":\"no-NO\",\"potentialAction\":[{\"@type\":\"ReadAction\",\"target\":[\"https:\/\/grontkontor.dk\/no\/shop\/jug-bioplastic-2-l-m-u-utskrift\/\"]}]},{\"@type\":\"BreadcrumbList\",\"@id\":\"https:\/\/grontkontor.dk\/no\/shop\/jug-bioplastic-2-l-m-u-utskrift\/#breadcrumb\",\"itemListElement\":[{\"@type\":\"ListItem\",\"position\":1,\"name\":\"Forside\",\"item\":\"https:\/\/grontkontor.dk\/\"},{\"@type\":\"ListItem\",\"position\":2,\"name\":\"Butikk\",\"item\":\"https:\/\/grontkontor.dk\/no\/butikk-2\/\"},{\"@type\":\"ListItem\",\"position\":3,\"name\":\"Mad og drikke\",\"item\":\"https:\/\/grontkontor.dk\/produkt-kategori\/mad-og-drikke\/\"},{\"@type\":\"ListItem\",\"position\":4,\"name\":\"Krus, kopper mm.\",\"item\":\"https:\/\/grontkontor.dk\/produkt-kategori\/mad-og-drikke\/to-go-krus-og-kopper\/\"},{\"@type\":\"ListItem\",\"position\":5,\"name\":\"Kannen bioplast 2 L m\/u trykk\"}]},{\"@type\":\"WebSite\",\"@id\":\"https:\/\/grontkontor.dk\/#website\",\"url\":\"https:\/\/grontkontor.dk\/\",\"name\":\"Gr\u00f8nt Kontor\",\"description\":\"Milj\u00f8venlige produkter til kontor og erhverv med fokus p\u00e5 b\u00e6redygtighed, design og fair trade.\",\"publisher\":{\"@id\":\"https:\/\/grontkontor.dk\/#organization\"},\"potentialAction\":[{\"@type\":\"SearchAction\",\"target\":{\"@type\":\"EntryPoint\",\"urlTemplate\":\"https:\/\/grontkontor.dk\/?s={search_term_string}\"},\"query-input\":\"required name=search_term_string\"}],\"inLanguage\":\"no-NO\"},{\"@type\":\"Organization\",\"@id\":\"https:\/\/grontkontor.dk\/#organization\",\"name\":\"Gr\u00f8nt Kontor\",\"url\":\"https:\/\/grontkontor.dk\/\",\"logo\":{\"@type\":\"ImageObject\",\"inLanguage\":\"no-NO\",\"@id\":\"https:\/\/grontkontor.dk\/#\/schema\/logo\/image\/\",\"url\":\"https:\/\/grontkontor.dk\/wp-content\/uploads\/2014\/02\/Logo_groent_kontor_300x80.png\",\"contentUrl\":\"https:\/\/grontkontor.dk\/wp-content\/uploads\/2014\/02\/Logo_groent_kontor_300x80.png\",\"width\":300,\"height\":80,\"caption\":\"Gr\u00f8nt Kontor\"},\"image\":{\"@id\":\"https:\/\/grontkontor.dk\/#\/schema\/logo\/image\/\"},\"sameAs\":[\"https:\/\/www.facebook.com\/grontkontor.dk\/\"]}]}<\/script>\n<!-- \/ Yoast SEO Premium plugin. -->","yoast_head_json":{"title":"Kannen bioplast 2 L m\/u trykk - Gr\u00f8nt Kontor","robots":{"index":"index","follow":"follow","max-snippet":"max-snippet:-1","max-image-preview":"max-image-preview:large","max-video-preview":"max-video-preview:-1"},"canonical":"https:\/\/grontkontor.dk\/no\/shop\/jug-bioplastic-2-l-m-u-utskrift\/","og_locale":"en_US","og_type":"article","og_title":"Kannen bioplast 2 L m\/u trykk","og_description":"Klimavennlig, knusefri og gjenbrukbar kj\u00f8leskapskanne laget av sukkerr\u00f8rbasert bioplast. Med mer enn 80% redusert CO2-avtrykk sammenlignet med lignende gjenstander i konvensjonell plast. Kannen er b\u00e5de lett og solid, og egner seg sv\u00e6rt godt til utend\u00f8rs bruk, camping, camping eller som gjenbrukbar festivalkanne. I motsetning til vanlig bioplast er kannen b\u00e5de resirkulerbar og egnet til oppvaskmaskiner, [&hellip;]","og_url":"https:\/\/grontkontor.dk\/no\/shop\/jug-bioplastic-2-l-m-u-utskrift\/","og_site_name":"Gr\u00f8nt Kontor","article_publisher":"https:\/\/www.facebook.com\/grontkontor.dk\/","article_modified_time":"2024-06-19T08:44:02+00:00","og_image":[{"width":900,"height":639,"url":"https:\/\/grontkontor.dk\/wp-content\/uploads\/2023\/03\/Kanna-m-lock-2-L.jpg","type":"image\/jpeg"}],"twitter_card":"summary_large_image","twitter_misc":{"Est. reading time":"1 minute"},"schema":{"@context":"https:\/\/schema.org","@graph":[{"@type":"WebPage","@id":"https:\/\/grontkontor.dk\/no\/shop\/jug-bioplastic-2-l-m-u-utskrift\/","url":"https:\/\/grontkontor.dk\/no\/shop\/jug-bioplastic-2-l-m-u-utskrift\/","name":"Kannen bioplast 2 L m\/u trykk - Gr\u00f8nt Kontor","isPartOf":{"@id":"https:\/\/grontkontor.dk\/#website"},"datePublished":"2024-05-28T10:03:38+00:00","dateModified":"2024-06-19T08:44:02+00:00","breadcrumb":{"@id":"https:\/\/grontkontor.dk\/no\/shop\/jug-bioplastic-2-l-m-u-utskrift\/#breadcrumb"},"inLanguage":"no-NO","potentialAction":[{"@type":"ReadAction","target":["https:\/\/grontkontor.dk\/no\/shop\/jug-bioplastic-2-l-m-u-utskrift\/"]}]},{"@type":"BreadcrumbList","@id":"https:\/\/grontkontor.dk\/no\/shop\/jug-bioplastic-2-l-m-u-utskrift\/#breadcrumb","itemListElement":[{"@type":"ListItem","position":1,"name":"Forside","item":"https:\/\/grontkontor.dk\/"},{"@type":"ListItem","position":2,"name":"Butikk","item":"https:\/\/grontkontor.dk\/no\/butikk-2\/"},{"@type":"ListItem","position":3,"name":"Mad og drikke","item":"https:\/\/grontkontor.dk\/produkt-kategori\/mad-og-drikke\/"},{"@type":"ListItem","position":4,"name":"Krus, kopper mm.","item":"https:\/\/grontkontor.dk\/produkt-kategori\/mad-og-drikke\/to-go-krus-og-kopper\/"},{"@type":"ListItem","position":5,"name":"Kannen bioplast 2 L m\/u trykk"}]},{"@type":"WebSite","@id":"https:\/\/grontkontor.dk\/#website","url":"https:\/\/grontkontor.dk\/","name":"Gr\u00f8nt Kontor","description":"Milj\u00f8venlige produkter til kontor og erhverv med fokus p\u00e5 b\u00e6redygtighed, design og fair trade.","publisher":{"@id":"https:\/\/grontkontor.dk\/#organization"},"potentialAction":[{"@type":"SearchAction","target":{"@type":"EntryPoint","urlTemplate":"https:\/\/grontkontor.dk\/?s={search_term_string}"},"query-input":"required name=search_term_string"}],"inLanguage":"no-NO"},{"@type":"Organization","@id":"https:\/\/grontkontor.dk\/#organization","name":"Gr\u00f8nt Kontor","url":"https:\/\/grontkontor.dk\/","logo":{"@type":"ImageObject","inLanguage":"no-NO","@id":"https:\/\/grontkontor.dk\/#\/schema\/logo\/image\/","url":"https:\/\/grontkontor.dk\/wp-content\/uploads\/2014\/02\/Logo_groent_kontor_300x80.png","contentUrl":"https:\/\/grontkontor.dk\/wp-content\/uploads\/2014\/02\/Logo_groent_kontor_300x80.png","width":300,"height":80,"caption":"Gr\u00f8nt Kontor"},"image":{"@id":"https:\/\/grontkontor.dk\/#\/schema\/logo\/image\/"},"sameAs":["https:\/\/www.facebook.com\/grontkontor.dk\/"]}]}},"_links":{"self":[{"href":"https:\/\/grontkontor.dk\/no\/wp-json\/wp\/v2\/product\/87443"}],"collection":[{"href":"https:\/\/grontkontor.dk\/no\/wp-json\/wp\/v2\/product"}],"about":[{"href":"https:\/\/grontkontor.dk\/no\/wp-json\/wp\/v2\/types\/product"}],"replies":[{"embeddable":true,"href":"https:\/\/grontkontor.dk\/no\/wp-json\/wp\/v2\/comments?post=87443"}],"wp:featuredmedia":[{"embeddable":true,"href":"https:\/\/grontkontor.dk\/no\/wp-json\/wp\/v2\/media\/59361"}],"wp:attachment":[{"href":"https:\/\/grontkontor.dk\/no\/wp-json\/wp\/v2\/media?parent=87443"}],"wp:term":[{"taxonomy":"product_cat","embeddable":true,"href":"https:\/\/grontkontor.dk\/no\/wp-json\/wp\/v2\/product_cat?post=87443"},{"taxonomy":"product_tag","embeddable":true,"href":"https:\/\/grontkontor.dk\/no\/wp-json\/wp\/v2\/product_tag?post=87443"}],"curies":[{"name":"wp","href":"https:\/\/api.w.org\/{rel}","templated":true}]}}