{"id":87470,"date":"2023-09-22T13:57:00","date_gmt":"2024-05-28T10:03:40","guid":{"rendered":"https:\/\/grontkontor.dk\/shop\/miljovennlig-magnetisk-memopad\/"},"modified":"2024-05-28T12:03:40","modified_gmt":"2024-05-28T10:03:40","slug":"miljovennlig-magnetisk-memopad","status":"publish","type":"product","link":"https:\/\/grontkontor.dk\/no\/shop\/miljovennlig-magnetisk-memopad\/","title":{"rendered":"Milj\u00f8vennlig Magnetic Memo Pad"},"content":{"rendered":"<p>Magnetisk 9,9&#215;14 cm notatblokk i resirkulert papp med 40 glansede sider. Passer perfekt til <a class=\"light\" href=\"https:\/\/grontkontor.dk\/produkt\/opslagstavle-til-magneter-i-staal\/\">oppslagstavle i st\u00e5l<\/a> og <a class=\"light\" href=\"https:\/\/grontkontor.dk\/produkt\/opslagstavle-til-magneter-i-messing-30x42cm\/\">oppslagstavle i messing<\/a><br \/>\nKan leveres med trykk<\/p>\n<p>[bd1]<\/p>\n<p>&nbsp;<\/p>\n","protected":false},"excerpt":{"rendered":"<p>Magnetisk 9,9&#215;14 cm notatblokk i resirkulert papp med 40 glansede sider. Passer perfekt til oppslagstavle i st\u00e5l og oppslagstavle i messing Kan leveres med trykk [bd1] &nbsp;<\/p>\n","protected":false},"featured_media":59145,"comment_status":"closed","ping_status":"closed","template":"","meta":{"_acf_changed":false},"product_cat":[3199,3194,3735,3610],"product_tag":[3909,3588],"class_list":{"0":"post-87470","1":"product","2":"type-product","3":"status-publish","4":"has-post-thumbnail","6":"product_cat-dummy-moq-1-no","7":"product_cat-klimavennlige-firmagaver","8":"product_cat-memo-pads","9":"product_cat-papir-og-pads","10":"product_tag-magnet-no","11":"product_tag-oppslagstavle","12":"tm-has-options","14":"first","15":"instock","16":"taxable","17":"shipping-taxable","18":"purchasable","19":"product-type-simple"},"acf":[],"yoast_head":"<!-- This site is optimized with the Yoast SEO Premium plugin v21.2 (Yoast SEO v21.2) - https:\/\/yoast.com\/wordpress\/plugins\/seo\/ -->\n<title>Milj\u00f8vennlig Magnetic Memo Pad - Gr\u00f8nt Kontor<\/title>\n<meta name=\"robots\" content=\"index, follow, max-snippet:-1, max-image-preview:large, max-video-preview:-1\" \/>\n<link rel=\"canonical\" href=\"https:\/\/grontkontor.dk\/no\/shop\/miljovennlig-magnetisk-memopad\/\" \/>\n<meta property=\"og:locale\" content=\"en_US\" \/>\n<meta property=\"og:type\" content=\"article\" \/>\n<meta property=\"og:title\" content=\"Milj\u00f8vennlig Magnetic Memo Pad\" \/>\n<meta property=\"og:description\" content=\"Magnetisk 9,9&#215;14 cm notatblokk i resirkulert papp med 40 glansede sider. Passer perfekt til oppslagstavle i st\u00e5l og oppslagstavle i messing Kan leveres med trykk [bd1] &nbsp;\" \/>\n<meta property=\"og:url\" content=\"https:\/\/grontkontor.dk\/no\/shop\/miljovennlig-magnetisk-memopad\/\" \/>\n<meta property=\"og:site_name\" content=\"Gr\u00f8nt Kontor\" \/>\n<meta property=\"article:publisher\" content=\"https:\/\/www.facebook.com\/grontkontor.dk\/\" \/>\n<meta property=\"og:image\" content=\"https:\/\/grontkontor.dk\/wp-content\/uploads\/2023\/01\/Magnetisk-memoblok-01.jpg\" \/>\n\t<meta property=\"og:image:width\" content=\"1026\" \/>\n\t<meta property=\"og:image:height\" content=\"728\" \/>\n\t<meta property=\"og:image:type\" content=\"image\/jpeg\" \/>\n<meta name=\"twitter:card\" content=\"summary_large_image\" \/>\n<script type=\"application\/ld+json\" class=\"yoast-schema-graph\">{\"@context\":\"https:\/\/schema.org\",\"@graph\":[{\"@type\":\"WebPage\",\"@id\":\"https:\/\/grontkontor.dk\/no\/shop\/miljovennlig-magnetisk-memopad\/\",\"url\":\"https:\/\/grontkontor.dk\/no\/shop\/miljovennlig-magnetisk-memopad\/\",\"name\":\"Milj\u00f8vennlig Magnetic Memo Pad - Gr\u00f8nt Kontor\",\"isPartOf\":{\"@id\":\"https:\/\/grontkontor.dk\/#website\"},\"datePublished\":\"2024-05-28T10:03:40+00:00\",\"dateModified\":\"2024-05-28T10:03:40+00:00\",\"breadcrumb\":{\"@id\":\"https:\/\/grontkontor.dk\/no\/shop\/miljovennlig-magnetisk-memopad\/#breadcrumb\"},\"inLanguage\":\"no-NO\",\"potentialAction\":[{\"@type\":\"ReadAction\",\"target\":[\"https:\/\/grontkontor.dk\/no\/shop\/miljovennlig-magnetisk-memopad\/\"]}]},{\"@type\":\"BreadcrumbList\",\"@id\":\"https:\/\/grontkontor.dk\/no\/shop\/miljovennlig-magnetisk-memopad\/#breadcrumb\",\"itemListElement\":[{\"@type\":\"ListItem\",\"position\":1,\"name\":\"Forside\",\"item\":\"https:\/\/grontkontor.dk\/\"},{\"@type\":\"ListItem\",\"position\":2,\"name\":\"Butikk\",\"item\":\"https:\/\/grontkontor.dk\/no\/butikk-2\/\"},{\"@type\":\"ListItem\",\"position\":3,\"name\":\"Papir og blokker\",\"item\":\"https:\/\/grontkontor.dk\/no\/produkt-kategori\/papir-og-pads\/\"},{\"@type\":\"ListItem\",\"position\":4,\"name\":\"Notatblokker\",\"item\":\"https:\/\/grontkontor.dk\/no\/produkt-kategori\/papir-og-pads\/memo-pads\/\"},{\"@type\":\"ListItem\",\"position\":5,\"name\":\"Milj\u00f8vennlig Magnetic Memo Pad\"}]},{\"@type\":\"WebSite\",\"@id\":\"https:\/\/grontkontor.dk\/#website\",\"url\":\"https:\/\/grontkontor.dk\/\",\"name\":\"Gr\u00f8nt Kontor\",\"description\":\"Milj\u00f8venlige produkter til kontor og erhverv med fokus p\u00e5 b\u00e6redygtighed, design og fair trade.\",\"publisher\":{\"@id\":\"https:\/\/grontkontor.dk\/#organization\"},\"potentialAction\":[{\"@type\":\"SearchAction\",\"target\":{\"@type\":\"EntryPoint\",\"urlTemplate\":\"https:\/\/grontkontor.dk\/?s={search_term_string}\"},\"query-input\":\"required name=search_term_string\"}],\"inLanguage\":\"no-NO\"},{\"@type\":\"Organization\",\"@id\":\"https:\/\/grontkontor.dk\/#organization\",\"name\":\"Gr\u00f8nt Kontor\",\"url\":\"https:\/\/grontkontor.dk\/\",\"logo\":{\"@type\":\"ImageObject\",\"inLanguage\":\"no-NO\",\"@id\":\"https:\/\/grontkontor.dk\/#\/schema\/logo\/image\/\",\"url\":\"https:\/\/grontkontor.dk\/wp-content\/uploads\/2014\/02\/Logo_groent_kontor_300x80.png\",\"contentUrl\":\"https:\/\/grontkontor.dk\/wp-content\/uploads\/2014\/02\/Logo_groent_kontor_300x80.png\",\"width\":300,\"height\":80,\"caption\":\"Gr\u00f8nt Kontor\"},\"image\":{\"@id\":\"https:\/\/grontkontor.dk\/#\/schema\/logo\/image\/\"},\"sameAs\":[\"https:\/\/www.facebook.com\/grontkontor.dk\/\"]}]}<\/script>\n<!-- \/ Yoast SEO Premium plugin. -->","yoast_head_json":{"title":"Milj\u00f8vennlig Magnetic Memo Pad - Gr\u00f8nt Kontor","robots":{"index":"index","follow":"follow","max-snippet":"max-snippet:-1","max-image-preview":"max-image-preview:large","max-video-preview":"max-video-preview:-1"},"canonical":"https:\/\/grontkontor.dk\/no\/shop\/miljovennlig-magnetisk-memopad\/","og_locale":"en_US","og_type":"article","og_title":"Milj\u00f8vennlig Magnetic Memo Pad","og_description":"Magnetisk 9,9&#215;14 cm notatblokk i resirkulert papp med 40 glansede sider. Passer perfekt til oppslagstavle i st\u00e5l og oppslagstavle i messing Kan leveres med trykk [bd1] &nbsp;","og_url":"https:\/\/grontkontor.dk\/no\/shop\/miljovennlig-magnetisk-memopad\/","og_site_name":"Gr\u00f8nt Kontor","article_publisher":"https:\/\/www.facebook.com\/grontkontor.dk\/","og_image":[{"width":1026,"height":728,"url":"https:\/\/grontkontor.dk\/wp-content\/uploads\/2023\/01\/Magnetisk-memoblok-01.jpg","type":"image\/jpeg"}],"twitter_card":"summary_large_image","schema":{"@context":"https:\/\/schema.org","@graph":[{"@type":"WebPage","@id":"https:\/\/grontkontor.dk\/no\/shop\/miljovennlig-magnetisk-memopad\/","url":"https:\/\/grontkontor.dk\/no\/shop\/miljovennlig-magnetisk-memopad\/","name":"Milj\u00f8vennlig Magnetic Memo Pad - Gr\u00f8nt Kontor","isPartOf":{"@id":"https:\/\/grontkontor.dk\/#website"},"datePublished":"2024-05-28T10:03:40+00:00","dateModified":"2024-05-28T10:03:40+00:00","breadcrumb":{"@id":"https:\/\/grontkontor.dk\/no\/shop\/miljovennlig-magnetisk-memopad\/#breadcrumb"},"inLanguage":"no-NO","potentialAction":[{"@type":"ReadAction","target":["https:\/\/grontkontor.dk\/no\/shop\/miljovennlig-magnetisk-memopad\/"]}]},{"@type":"BreadcrumbList","@id":"https:\/\/grontkontor.dk\/no\/shop\/miljovennlig-magnetisk-memopad\/#breadcrumb","itemListElement":[{"@type":"ListItem","position":1,"name":"Forside","item":"https:\/\/grontkontor.dk\/"},{"@type":"ListItem","position":2,"name":"Butikk","item":"https:\/\/grontkontor.dk\/no\/butikk-2\/"},{"@type":"ListItem","position":3,"name":"Papir og blokker","item":"https:\/\/grontkontor.dk\/no\/produkt-kategori\/papir-og-pads\/"},{"@type":"ListItem","position":4,"name":"Notatblokker","item":"https:\/\/grontkontor.dk\/no\/produkt-kategori\/papir-og-pads\/memo-pads\/"},{"@type":"ListItem","position":5,"name":"Milj\u00f8vennlig Magnetic Memo Pad"}]},{"@type":"WebSite","@id":"https:\/\/grontkontor.dk\/#website","url":"https:\/\/grontkontor.dk\/","name":"Gr\u00f8nt Kontor","description":"Milj\u00f8venlige produkter til kontor og erhverv med fokus p\u00e5 b\u00e6redygtighed, design og fair trade.","publisher":{"@id":"https:\/\/grontkontor.dk\/#organization"},"potentialAction":[{"@type":"SearchAction","target":{"@type":"EntryPoint","urlTemplate":"https:\/\/grontkontor.dk\/?s={search_term_string}"},"query-input":"required name=search_term_string"}],"inLanguage":"no-NO"},{"@type":"Organization","@id":"https:\/\/grontkontor.dk\/#organization","name":"Gr\u00f8nt Kontor","url":"https:\/\/grontkontor.dk\/","logo":{"@type":"ImageObject","inLanguage":"no-NO","@id":"https:\/\/grontkontor.dk\/#\/schema\/logo\/image\/","url":"https:\/\/grontkontor.dk\/wp-content\/uploads\/2014\/02\/Logo_groent_kontor_300x80.png","contentUrl":"https:\/\/grontkontor.dk\/wp-content\/uploads\/2014\/02\/Logo_groent_kontor_300x80.png","width":300,"height":80,"caption":"Gr\u00f8nt Kontor"},"image":{"@id":"https:\/\/grontkontor.dk\/#\/schema\/logo\/image\/"},"sameAs":["https:\/\/www.facebook.com\/grontkontor.dk\/"]}]}},"_links":{"self":[{"href":"https:\/\/grontkontor.dk\/no\/wp-json\/wp\/v2\/product\/87470"}],"collection":[{"href":"https:\/\/grontkontor.dk\/no\/wp-json\/wp\/v2\/product"}],"about":[{"href":"https:\/\/grontkontor.dk\/no\/wp-json\/wp\/v2\/types\/product"}],"replies":[{"embeddable":true,"href":"https:\/\/grontkontor.dk\/no\/wp-json\/wp\/v2\/comments?post=87470"}],"wp:featuredmedia":[{"embeddable":true,"href":"https:\/\/grontkontor.dk\/no\/wp-json\/wp\/v2\/media\/59145"}],"wp:attachment":[{"href":"https:\/\/grontkontor.dk\/no\/wp-json\/wp\/v2\/media?parent=87470"}],"wp:term":[{"taxonomy":"product_cat","embeddable":true,"href":"https:\/\/grontkontor.dk\/no\/wp-json\/wp\/v2\/product_cat?post=87470"},{"taxonomy":"product_tag","embeddable":true,"href":"https:\/\/grontkontor.dk\/no\/wp-json\/wp\/v2\/product_tag?post=87470"}],"curies":[{"name":"wp","href":"https:\/\/api.w.org\/{rel}","templated":true}]}}