{"id":87635,"date":"2023-09-22T13:55:58","date_gmt":"2024-05-28T10:08:17","guid":{"rendered":"https:\/\/grontkontor.dk\/shop\/salgsmappe-a4-i-fsc-resirkulert-papp\/"},"modified":"2024-05-28T12:08:17","modified_gmt":"2024-05-28T10:08:17","slug":"salgsmappe-a4-i-fsc-resirkulert-papp","status":"publish","type":"product","link":"https:\/\/grontkontor.dk\/no\/shop\/salgsmappe-a4-i-fsc-resirkulert-papp\/","title":{"rendered":"Salgsmappe A4 i FSC resirkulert papp EU"},"content":{"rendered":"<p>Klimavennlig resirkulert presentasjonsmappe A4 i FSC-sertifisert 450 GSM resirkulert papp med tydelige signaler om klimavennlighet.<\/p>\n<p>En milj\u00f8vennlig, 100% biologisk nedbrytbar og super billig brosjyre for \u00e5 presentere produktene dine. Er spesielt billig i store mengder.<\/p>\n<p>Leveres som standard med logotrykk i farger b\u00e5de foran og bak, samt innvendig med mulighet for gull-, s\u00f8lv- eller bronsetrykk (preging av varme folier)<\/p>\n<p>Tilgjengelig med eller uten vindu, velg mellom ryggbredde 1mm, 5mm, 8mm eller 12mm.<\/p>\n<p>Leveres med spor for visittkort.  <a class=\"light\" href=\"https:\/\/grontkontor.dk\/produkt\/salgsmappe-a45i-fsc-genbrugspap-eu\/\">Ogs\u00e5 tilgjengelig som A5<\/a><\/p>\n<p>Laget i EU. Minimumsbestilling 100 stk.<\/p>\n<p>[FSC_s]<\/p>\n<p>&nbsp;<\/p>\n<p><img loading=\"lazy\" decoding=\"async\" src=\"https:\/\/grontkontor.dk\/wp-content\/uploads\/2021\/02\/genbrug.jpg\" alt=\"Fremstillet af genbrugsmaterialer\" width=\"50\" height=\"50\" class=\"size-full wp-image-23031\" srcset=\"https:\/\/grontkontor.dk\/wp-content\/uploads\/2021\/02\/genbrug.jpg 199w, https:\/\/grontkontor.dk\/wp-content\/uploads\/2021\/02\/genbrug-100x100.jpg 100w\" sizes=\"(max-width: 50px) 100vw, 50px\" \/><a href=\"https:\/\/ic.fsc.org\/en\/\" target=\"window\"><img loading=\"lazy\" decoding=\"async\" class=\"size-full wp-image-12735\" src=\"https:\/\/grontkontor.dk\/wp-content\/uploads\/2019\/04\/fsc-certificeret.png\" \n\t\t alt=\"FSC-certificeret\" title=\"FSC-certificeret\" width=\"44\" height=\"51\" border=0\/><\/a><img loading=\"lazy\" decoding=\"async\" class=\"size-medium wp-image-21008\" src=\"https:\/\/grontkontor.dk\/wp-content\/uploads\/2020\/11\/eu-flag_1-300x199.jpg\" alt=\"Fremstillet i EU\" width=\"76\" height=\"50\" srcset=\"https:\/\/grontkontor.dk\/wp-content\/uploads\/2020\/11\/eu-flag_1-300x199.jpg 300w, https:\/\/grontkontor.dk\/wp-content\/uploads\/2020\/11\/eu-flag_1.jpg 530w\" sizes=\"(max-width: 76px) 100vw, 76px\" \/><\/p>\n","protected":false},"excerpt":{"rendered":"<p>Klimavennlig resirkulert presentasjonsmappe A4 i FSC-sertifisert 450 GSM resirkulert papp med tydelige signaler om klimavennlighet. En milj\u00f8vennlig, 100% biologisk nedbrytbar og super billig brosjyre for \u00e5 presentere produktene dine. Er spesielt billig i store mengder. Leveres som standard med logotrykk i farger b\u00e5de foran og bak, samt innvendig med mulighet for gull-, s\u00f8lv- eller bronsetrykk [&hellip;]<\/p>\n","protected":false},"featured_media":39051,"comment_status":"closed","ping_status":"closed","template":"","meta":{"_acf_changed":false},"product_cat":[3491,3482,3508,2657,3195],"product_tag":[3492,3496,3504,3934],"class_list":{"0":"post-87635","1":"product","2":"type-product","3":"status-publish","4":"has-post-thumbnail","6":"product_cat-arkivering-no","7":"product_cat-mapper-og-utklippstavler","8":"product_cat-naturlig-resirkulert-papir","9":"product_cat-nyheter","10":"product_cat-produktserier","11":"product_tag-dokumentmappe-no","12":"product_tag-mappe-no","13":"product_tag-mappe-for-presentasjon","14":"product_tag-salg-mappen","15":"tm-has-options","17":"first","18":"instock","19":"taxable","20":"shipping-taxable","21":"purchasable","22":"product-type-simple"},"acf":[],"yoast_head":"<!-- This site is optimized with the Yoast SEO Premium plugin v21.2 (Yoast SEO v21.2) - https:\/\/yoast.com\/wordpress\/plugins\/seo\/ -->\n<title>Salgsmappe A4 i FSC resirkulert papp EU - Gr\u00f8nt Kontor<\/title>\n<meta name=\"robots\" content=\"index, follow, max-snippet:-1, max-image-preview:large, max-video-preview:-1\" \/>\n<link rel=\"canonical\" href=\"https:\/\/grontkontor.dk\/no\/shop\/salgsmappe-a4-i-fsc-resirkulert-papp\/\" \/>\n<meta property=\"og:locale\" content=\"en_US\" \/>\n<meta property=\"og:type\" content=\"article\" \/>\n<meta property=\"og:title\" content=\"Salgsmappe A4 i FSC resirkulert papp EU\" \/>\n<meta property=\"og:description\" content=\"Klimavennlig resirkulert presentasjonsmappe A4 i FSC-sertifisert 450 GSM resirkulert papp med tydelige signaler om klimavennlighet. En milj\u00f8vennlig, 100% biologisk nedbrytbar og super billig brosjyre for \u00e5 presentere produktene dine. Er spesielt billig i store mengder. Leveres som standard med logotrykk i farger b\u00e5de foran og bak, samt innvendig med mulighet for gull-, s\u00f8lv- eller bronsetrykk [&hellip;]\" \/>\n<meta property=\"og:url\" content=\"https:\/\/grontkontor.dk\/no\/shop\/salgsmappe-a4-i-fsc-resirkulert-papp\/\" \/>\n<meta property=\"og:site_name\" content=\"Gr\u00f8nt Kontor\" \/>\n<meta property=\"article:publisher\" content=\"https:\/\/www.facebook.com\/grontkontor.dk\/\" \/>\n<meta property=\"og:image\" content=\"https:\/\/grontkontor.dk\/wp-content\/uploads\/2022\/10\/Praesentationsmappe-A4-450g-genbrug-med-visitkortslids.jpg\" \/>\n\t<meta property=\"og:image:width\" content=\"900\" \/>\n\t<meta property=\"og:image:height\" content=\"639\" \/>\n\t<meta property=\"og:image:type\" content=\"image\/jpeg\" \/>\n<meta name=\"twitter:card\" content=\"summary_large_image\" \/>\n<script type=\"application\/ld+json\" class=\"yoast-schema-graph\">{\"@context\":\"https:\/\/schema.org\",\"@graph\":[{\"@type\":\"WebPage\",\"@id\":\"https:\/\/grontkontor.dk\/no\/shop\/salgsmappe-a4-i-fsc-resirkulert-papp\/\",\"url\":\"https:\/\/grontkontor.dk\/no\/shop\/salgsmappe-a4-i-fsc-resirkulert-papp\/\",\"name\":\"Salgsmappe A4 i FSC resirkulert papp EU - Gr\u00f8nt Kontor\",\"isPartOf\":{\"@id\":\"https:\/\/grontkontor.dk\/#website\"},\"datePublished\":\"2024-05-28T10:08:17+00:00\",\"dateModified\":\"2024-05-28T10:08:17+00:00\",\"breadcrumb\":{\"@id\":\"https:\/\/grontkontor.dk\/no\/shop\/salgsmappe-a4-i-fsc-resirkulert-papp\/#breadcrumb\"},\"inLanguage\":\"no-NO\",\"potentialAction\":[{\"@type\":\"ReadAction\",\"target\":[\"https:\/\/grontkontor.dk\/no\/shop\/salgsmappe-a4-i-fsc-resirkulert-papp\/\"]}]},{\"@type\":\"BreadcrumbList\",\"@id\":\"https:\/\/grontkontor.dk\/no\/shop\/salgsmappe-a4-i-fsc-resirkulert-papp\/#breadcrumb\",\"itemListElement\":[{\"@type\":\"ListItem\",\"position\":1,\"name\":\"Forside\",\"item\":\"https:\/\/grontkontor.dk\/\"},{\"@type\":\"ListItem\",\"position\":2,\"name\":\"Butikk\",\"item\":\"https:\/\/grontkontor.dk\/no\/butikk-2\/\"},{\"@type\":\"ListItem\",\"position\":3,\"name\":\"Arkivering\",\"item\":\"https:\/\/grontkontor.dk\/no\/produkt-kategori\/arkivering-no\/\"},{\"@type\":\"ListItem\",\"position\":4,\"name\":\"Mapper og utklippstavler\",\"item\":\"https:\/\/grontkontor.dk\/no\/produkt-kategori\/arkivering-no\/mapper-og-utklippstavler\/\"},{\"@type\":\"ListItem\",\"position\":5,\"name\":\"Salgsmappe A4 i FSC resirkulert papp EU\"}]},{\"@type\":\"WebSite\",\"@id\":\"https:\/\/grontkontor.dk\/#website\",\"url\":\"https:\/\/grontkontor.dk\/\",\"name\":\"Gr\u00f8nt Kontor\",\"description\":\"Milj\u00f8venlige produkter til kontor og erhverv med fokus p\u00e5 b\u00e6redygtighed, design og fair trade.\",\"publisher\":{\"@id\":\"https:\/\/grontkontor.dk\/#organization\"},\"potentialAction\":[{\"@type\":\"SearchAction\",\"target\":{\"@type\":\"EntryPoint\",\"urlTemplate\":\"https:\/\/grontkontor.dk\/?s={search_term_string}\"},\"query-input\":\"required name=search_term_string\"}],\"inLanguage\":\"no-NO\"},{\"@type\":\"Organization\",\"@id\":\"https:\/\/grontkontor.dk\/#organization\",\"name\":\"Gr\u00f8nt Kontor\",\"url\":\"https:\/\/grontkontor.dk\/\",\"logo\":{\"@type\":\"ImageObject\",\"inLanguage\":\"no-NO\",\"@id\":\"https:\/\/grontkontor.dk\/#\/schema\/logo\/image\/\",\"url\":\"https:\/\/grontkontor.dk\/wp-content\/uploads\/2014\/02\/Logo_groent_kontor_300x80.png\",\"contentUrl\":\"https:\/\/grontkontor.dk\/wp-content\/uploads\/2014\/02\/Logo_groent_kontor_300x80.png\",\"width\":300,\"height\":80,\"caption\":\"Gr\u00f8nt Kontor\"},\"image\":{\"@id\":\"https:\/\/grontkontor.dk\/#\/schema\/logo\/image\/\"},\"sameAs\":[\"https:\/\/www.facebook.com\/grontkontor.dk\/\"]}]}<\/script>\n<!-- \/ Yoast SEO Premium plugin. -->","yoast_head_json":{"title":"Salgsmappe A4 i FSC resirkulert papp EU - Gr\u00f8nt Kontor","robots":{"index":"index","follow":"follow","max-snippet":"max-snippet:-1","max-image-preview":"max-image-preview:large","max-video-preview":"max-video-preview:-1"},"canonical":"https:\/\/grontkontor.dk\/no\/shop\/salgsmappe-a4-i-fsc-resirkulert-papp\/","og_locale":"en_US","og_type":"article","og_title":"Salgsmappe A4 i FSC resirkulert papp EU","og_description":"Klimavennlig resirkulert presentasjonsmappe A4 i FSC-sertifisert 450 GSM resirkulert papp med tydelige signaler om klimavennlighet. En milj\u00f8vennlig, 100% biologisk nedbrytbar og super billig brosjyre for \u00e5 presentere produktene dine. Er spesielt billig i store mengder. Leveres som standard med logotrykk i farger b\u00e5de foran og bak, samt innvendig med mulighet for gull-, s\u00f8lv- eller bronsetrykk [&hellip;]","og_url":"https:\/\/grontkontor.dk\/no\/shop\/salgsmappe-a4-i-fsc-resirkulert-papp\/","og_site_name":"Gr\u00f8nt Kontor","article_publisher":"https:\/\/www.facebook.com\/grontkontor.dk\/","og_image":[{"width":900,"height":639,"url":"https:\/\/grontkontor.dk\/wp-content\/uploads\/2022\/10\/Praesentationsmappe-A4-450g-genbrug-med-visitkortslids.jpg","type":"image\/jpeg"}],"twitter_card":"summary_large_image","schema":{"@context":"https:\/\/schema.org","@graph":[{"@type":"WebPage","@id":"https:\/\/grontkontor.dk\/no\/shop\/salgsmappe-a4-i-fsc-resirkulert-papp\/","url":"https:\/\/grontkontor.dk\/no\/shop\/salgsmappe-a4-i-fsc-resirkulert-papp\/","name":"Salgsmappe A4 i FSC resirkulert papp EU - Gr\u00f8nt Kontor","isPartOf":{"@id":"https:\/\/grontkontor.dk\/#website"},"datePublished":"2024-05-28T10:08:17+00:00","dateModified":"2024-05-28T10:08:17+00:00","breadcrumb":{"@id":"https:\/\/grontkontor.dk\/no\/shop\/salgsmappe-a4-i-fsc-resirkulert-papp\/#breadcrumb"},"inLanguage":"no-NO","potentialAction":[{"@type":"ReadAction","target":["https:\/\/grontkontor.dk\/no\/shop\/salgsmappe-a4-i-fsc-resirkulert-papp\/"]}]},{"@type":"BreadcrumbList","@id":"https:\/\/grontkontor.dk\/no\/shop\/salgsmappe-a4-i-fsc-resirkulert-papp\/#breadcrumb","itemListElement":[{"@type":"ListItem","position":1,"name":"Forside","item":"https:\/\/grontkontor.dk\/"},{"@type":"ListItem","position":2,"name":"Butikk","item":"https:\/\/grontkontor.dk\/no\/butikk-2\/"},{"@type":"ListItem","position":3,"name":"Arkivering","item":"https:\/\/grontkontor.dk\/no\/produkt-kategori\/arkivering-no\/"},{"@type":"ListItem","position":4,"name":"Mapper og utklippstavler","item":"https:\/\/grontkontor.dk\/no\/produkt-kategori\/arkivering-no\/mapper-og-utklippstavler\/"},{"@type":"ListItem","position":5,"name":"Salgsmappe A4 i FSC resirkulert papp EU"}]},{"@type":"WebSite","@id":"https:\/\/grontkontor.dk\/#website","url":"https:\/\/grontkontor.dk\/","name":"Gr\u00f8nt Kontor","description":"Milj\u00f8venlige produkter til kontor og erhverv med fokus p\u00e5 b\u00e6redygtighed, design og fair trade.","publisher":{"@id":"https:\/\/grontkontor.dk\/#organization"},"potentialAction":[{"@type":"SearchAction","target":{"@type":"EntryPoint","urlTemplate":"https:\/\/grontkontor.dk\/?s={search_term_string}"},"query-input":"required name=search_term_string"}],"inLanguage":"no-NO"},{"@type":"Organization","@id":"https:\/\/grontkontor.dk\/#organization","name":"Gr\u00f8nt Kontor","url":"https:\/\/grontkontor.dk\/","logo":{"@type":"ImageObject","inLanguage":"no-NO","@id":"https:\/\/grontkontor.dk\/#\/schema\/logo\/image\/","url":"https:\/\/grontkontor.dk\/wp-content\/uploads\/2014\/02\/Logo_groent_kontor_300x80.png","contentUrl":"https:\/\/grontkontor.dk\/wp-content\/uploads\/2014\/02\/Logo_groent_kontor_300x80.png","width":300,"height":80,"caption":"Gr\u00f8nt Kontor"},"image":{"@id":"https:\/\/grontkontor.dk\/#\/schema\/logo\/image\/"},"sameAs":["https:\/\/www.facebook.com\/grontkontor.dk\/"]}]}},"_links":{"self":[{"href":"https:\/\/grontkontor.dk\/no\/wp-json\/wp\/v2\/product\/87635"}],"collection":[{"href":"https:\/\/grontkontor.dk\/no\/wp-json\/wp\/v2\/product"}],"about":[{"href":"https:\/\/grontkontor.dk\/no\/wp-json\/wp\/v2\/types\/product"}],"replies":[{"embeddable":true,"href":"https:\/\/grontkontor.dk\/no\/wp-json\/wp\/v2\/comments?post=87635"}],"wp:featuredmedia":[{"embeddable":true,"href":"https:\/\/grontkontor.dk\/no\/wp-json\/wp\/v2\/media\/39051"}],"wp:attachment":[{"href":"https:\/\/grontkontor.dk\/no\/wp-json\/wp\/v2\/media?parent=87635"}],"wp:term":[{"taxonomy":"product_cat","embeddable":true,"href":"https:\/\/grontkontor.dk\/no\/wp-json\/wp\/v2\/product_cat?post=87635"},{"taxonomy":"product_tag","embeddable":true,"href":"https:\/\/grontkontor.dk\/no\/wp-json\/wp\/v2\/product_tag?post=87635"}],"curies":[{"name":"wp","href":"https:\/\/api.w.org\/{rel}","templated":true}]}}