{"id":87735,"date":"2025-04-03T13:54:14","date_gmt":"2024-05-28T10:10:45","guid":{"rendered":"https:\/\/grontkontor.dk\/shop\/baerekraftig-polo-skjorte-180gsm\/"},"modified":"2025-11-06T10:44:42","modified_gmt":"2025-11-06T09:44:42","slug":"baerekraftig-polo-skjorte-180gsm","status":"publish","type":"product","link":"https:\/\/grontkontor.dk\/no\/shop\/baerekraftig-polo-skjorte-180gsm\/","title":{"rendered":"Klimavennlig poloskjorte i kraftig resirkulert polyester uten trykk"},"content":{"rendered":"<p>En klimavennlig poloskjorte er et tidl\u00f8st valg som kombinerer komfort, funksjonalitet og gr\u00f8nt signal. Denne poloskjorten er laget av 100 % rPET \u2013 resirkulert polyester \u2013 som kommer fra resirkulerte plastflasker. Dette gir et lett og behagelig materiale som ogs\u00e5 er et milj\u00f8vennlig alternativ til tradisjonelle tekstiler.<br \/>\nMed en kvalitet p\u00e5 180 g\/m\u00b2 er poloskjorten b\u00e5de slitesterk og komfortabel. Den er tilgjengelig i st\u00f8rrelsene S, M, L, XL og XXL, noe som gj\u00f8r den ideell som ansattkl\u00e6r, firmagaver eller profilkl\u00e6r til arrangementer. Takket v\u00e6re det tidl\u00f8se designet passer en poloskjorte perfekt inn i b\u00e5de uformelle og profesjonelle sammenhenger.<x id=\"gid_1\"><\/x>Poloskjorten kan leveres med logotrykk i opptil \u00e5tte farger avhengig av trykkmetode, eller med broderi, som gir et mer eksklusivt uttrykk. Bestillinger starter fra 50 stk, og du st\u00e5r fritt til \u00e5 blande farger og st\u00f8rrelser slik at du f\u00e5r akkurat den sammensetningen som matcher dine behov.     <\/p>\n<p>Som profilartikkel er en klimavennlig poloskjorte et sterkt valg. Det viser omtanke for milj\u00f8et, samtidig som det gir logoen din en fremtredende plassering p\u00e5 et klesplagg som brukes igjen og igjen. P\u00e5 denne m\u00e5ten kombineres synlig merkevarebygging med et produkt som st\u00f8tter en klimavennlig og milj\u00f8vennlig profil.<br \/>\n[rpet]<\/p>\n<p>[broderi]<\/p>\n<p>&nbsp;<\/p>\n<img loading=\"lazy\" decoding=\"async\" src=\"https:\/\/grontkontor.dk\/wp-content\/uploads\/2021\/02\/genbrug.jpg\" alt=\"Fremstillet af genbrugsmaterialer\" width=\"50\" height=\"50\" class=\"size-full wp-image-23031\" srcset=\"https:\/\/grontkontor.dk\/wp-content\/uploads\/2021\/02\/genbrug.jpg 199w, https:\/\/grontkontor.dk\/wp-content\/uploads\/2021\/02\/genbrug-100x100.jpg 100w\" sizes=\"(max-width: 50px) 100vw, 50px\" \/>\n","protected":false},"excerpt":{"rendered":"<p>En klimavennlig poloskjorte er et tidl\u00f8st valg som kombinerer komfort, funksjonalitet og gr\u00f8nt signal. Denne poloskjorten er laget av 100 % rPET \u2013 resirkulert polyester \u2013 som kommer fra resirkulerte plastflasker. Dette gir et lett og behagelig materiale som ogs\u00e5 er et milj\u00f8vennlig alternativ til tradisjonelle tekstiler. Med en kvalitet p\u00e5 180 g\/m\u00b2 er poloskjorten [&hellip;]<\/p>\n","protected":false},"featured_media":115802,"comment_status":"closed","ping_status":"closed","template":"","meta":{"_acf_changed":false},"product_cat":[3541,3194,2657,4840],"product_tag":[4884],"class_list":{"0":"post-87735","1":"product","2":"type-product","3":"status-publish","4":"has-post-thumbnail","6":"product_cat-dummy-moq-50-100-no","7":"product_cat-klimavennlige-firmagaver","8":"product_cat-nyheter","9":"product_cat-t-skjorter-gensere-og-poloskjorter","10":"product_tag-polo-skjorte","11":"pa_farve-blaa-no","12":"pa_farve-groenn","13":"pa_farve-hvit","14":"pa_farve-moerkeblaa-no","15":"pa_farve-roed-no","16":"pa_farve-svart","17":"tm-has-styled-variations","18":"tm-has-options","20":"first","21":"instock","22":"sale","23":"taxable","24":"shipping-taxable","25":"purchasable","26":"product-type-simple"},"acf":[],"yoast_head":"<!-- This site is optimized with the Yoast SEO Premium plugin v21.2 (Yoast SEO v21.2) - https:\/\/yoast.com\/wordpress\/plugins\/seo\/ -->\n<title>Klimavennlig poloskjorte i kraftig resirkulert polyester uten trykk - Gr\u00f8nt Kontor<\/title>\n<meta name=\"description\" content=\"Klimavennlig poloskjorte i 100% rPET. Milj\u00f8vennlig poloskjorte i flere st\u00f8rrelser og farger. Perfekt for logoutskrift eller broderi. Minimumsbestilling 50 stk.\" \/>\n<meta name=\"robots\" content=\"index, follow, max-snippet:-1, max-image-preview:large, max-video-preview:-1\" \/>\n<link rel=\"canonical\" href=\"https:\/\/grontkontor.dk\/no\/shop\/baerekraftig-polo-skjorte-180gsm\/\" \/>\n<meta property=\"og:locale\" content=\"en_US\" \/>\n<meta property=\"og:type\" content=\"article\" \/>\n<meta property=\"og:title\" content=\"Klimavennlig poloskjorte i kraftig resirkulert polyester uten trykk\" \/>\n<meta property=\"og:description\" content=\"Klimavennlig poloskjorte i 100% rPET. Milj\u00f8vennlig poloskjorte i flere st\u00f8rrelser og farger. Perfekt for logoutskrift eller broderi. Minimumsbestilling 50 stk.\" \/>\n<meta property=\"og:url\" content=\"https:\/\/grontkontor.dk\/no\/shop\/baerekraftig-polo-skjorte-180gsm\/\" \/>\n<meta property=\"og:site_name\" content=\"Gr\u00f8nt Kontor\" \/>\n<meta property=\"article:publisher\" content=\"https:\/\/www.facebook.com\/grontkontor.dk\/\" \/>\n<meta property=\"article:modified_time\" content=\"2025-11-06T09:44:42+00:00\" \/>\n<meta property=\"og:image\" content=\"https:\/\/grontkontor.dk\/wp-content\/uploads\/2023\/09\/Miljoevenlig-t-shirt-i-rpet-collage.jpg\" \/>\n\t<meta property=\"og:image:width\" content=\"900\" \/>\n\t<meta property=\"og:image:height\" content=\"639\" \/>\n\t<meta property=\"og:image:type\" content=\"image\/jpeg\" \/>\n<meta name=\"twitter:card\" content=\"summary_large_image\" \/>\n<meta name=\"twitter:label1\" content=\"Est. reading time\" \/>\n\t<meta name=\"twitter:data1\" content=\"1 minute\" \/>\n<script type=\"application\/ld+json\" class=\"yoast-schema-graph\">{\"@context\":\"https:\/\/schema.org\",\"@graph\":[{\"@type\":\"WebPage\",\"@id\":\"https:\/\/grontkontor.dk\/no\/shop\/baerekraftig-polo-skjorte-180gsm\/\",\"url\":\"https:\/\/grontkontor.dk\/no\/shop\/baerekraftig-polo-skjorte-180gsm\/\",\"name\":\"Klimavennlig poloskjorte i kraftig resirkulert polyester uten trykk - Gr\u00f8nt Kontor\",\"isPartOf\":{\"@id\":\"https:\/\/grontkontor.dk\/#website\"},\"datePublished\":\"2024-05-28T10:10:45+00:00\",\"dateModified\":\"2025-11-06T09:44:42+00:00\",\"description\":\"Klimavennlig poloskjorte i 100% rPET. Milj\u00f8vennlig poloskjorte i flere st\u00f8rrelser og farger. Perfekt for logoutskrift eller broderi. Minimumsbestilling 50 stk.\",\"breadcrumb\":{\"@id\":\"https:\/\/grontkontor.dk\/no\/shop\/baerekraftig-polo-skjorte-180gsm\/#breadcrumb\"},\"inLanguage\":\"no-NO\",\"potentialAction\":[{\"@type\":\"ReadAction\",\"target\":[\"https:\/\/grontkontor.dk\/no\/shop\/baerekraftig-polo-skjorte-180gsm\/\"]}]},{\"@type\":\"BreadcrumbList\",\"@id\":\"https:\/\/grontkontor.dk\/no\/shop\/baerekraftig-polo-skjorte-180gsm\/#breadcrumb\",\"itemListElement\":[{\"@type\":\"ListItem\",\"position\":1,\"name\":\"Forside\",\"item\":\"https:\/\/grontkontor.dk\/\"},{\"@type\":\"ListItem\",\"position\":2,\"name\":\"Butikk\",\"item\":\"https:\/\/grontkontor.dk\/no\/butikk-2\/\"},{\"@type\":\"ListItem\",\"position\":3,\"name\":\"Kl\u00e6r\",\"item\":\"https:\/\/grontkontor.dk\/no\/produkt-kategori\/klaer\/\"},{\"@type\":\"ListItem\",\"position\":4,\"name\":\"T-skjorter, gensere og poloskjorter\",\"item\":\"https:\/\/grontkontor.dk\/no\/produkt-kategori\/klaer\/t-skjorter-gensere-og-poloskjorter\/\"},{\"@type\":\"ListItem\",\"position\":5,\"name\":\"Klimavennlig poloskjorte i kraftig resirkulert polyester uten trykk\"}]},{\"@type\":\"WebSite\",\"@id\":\"https:\/\/grontkontor.dk\/#website\",\"url\":\"https:\/\/grontkontor.dk\/\",\"name\":\"Gr\u00f8nt Kontor\",\"description\":\"Milj\u00f8venlige produkter til kontor og erhverv med fokus p\u00e5 b\u00e6redygtighed, design og fair trade.\",\"publisher\":{\"@id\":\"https:\/\/grontkontor.dk\/#organization\"},\"potentialAction\":[{\"@type\":\"SearchAction\",\"target\":{\"@type\":\"EntryPoint\",\"urlTemplate\":\"https:\/\/grontkontor.dk\/?s={search_term_string}\"},\"query-input\":\"required name=search_term_string\"}],\"inLanguage\":\"no-NO\"},{\"@type\":\"Organization\",\"@id\":\"https:\/\/grontkontor.dk\/#organization\",\"name\":\"Gr\u00f8nt Kontor\",\"url\":\"https:\/\/grontkontor.dk\/\",\"logo\":{\"@type\":\"ImageObject\",\"inLanguage\":\"no-NO\",\"@id\":\"https:\/\/grontkontor.dk\/#\/schema\/logo\/image\/\",\"url\":\"https:\/\/grontkontor.dk\/wp-content\/uploads\/2014\/02\/Logo_groent_kontor_300x80.png\",\"contentUrl\":\"https:\/\/grontkontor.dk\/wp-content\/uploads\/2014\/02\/Logo_groent_kontor_300x80.png\",\"width\":300,\"height\":80,\"caption\":\"Gr\u00f8nt Kontor\"},\"image\":{\"@id\":\"https:\/\/grontkontor.dk\/#\/schema\/logo\/image\/\"},\"sameAs\":[\"https:\/\/www.facebook.com\/grontkontor.dk\/\"]}]}<\/script>\n<!-- \/ Yoast SEO Premium plugin. -->","yoast_head_json":{"title":"Klimavennlig poloskjorte i kraftig resirkulert polyester uten trykk - Gr\u00f8nt Kontor","description":"Klimavennlig poloskjorte i 100% rPET. Milj\u00f8vennlig poloskjorte i flere st\u00f8rrelser og farger. Perfekt for logoutskrift eller broderi. Minimumsbestilling 50 stk.","robots":{"index":"index","follow":"follow","max-snippet":"max-snippet:-1","max-image-preview":"max-image-preview:large","max-video-preview":"max-video-preview:-1"},"canonical":"https:\/\/grontkontor.dk\/no\/shop\/baerekraftig-polo-skjorte-180gsm\/","og_locale":"en_US","og_type":"article","og_title":"Klimavennlig poloskjorte i kraftig resirkulert polyester uten trykk","og_description":"Klimavennlig poloskjorte i 100% rPET. Milj\u00f8vennlig poloskjorte i flere st\u00f8rrelser og farger. Perfekt for logoutskrift eller broderi. Minimumsbestilling 50 stk.","og_url":"https:\/\/grontkontor.dk\/no\/shop\/baerekraftig-polo-skjorte-180gsm\/","og_site_name":"Gr\u00f8nt Kontor","article_publisher":"https:\/\/www.facebook.com\/grontkontor.dk\/","article_modified_time":"2025-11-06T09:44:42+00:00","og_image":[{"width":900,"height":639,"url":"https:\/\/grontkontor.dk\/wp-content\/uploads\/2023\/09\/Miljoevenlig-t-shirt-i-rpet-collage.jpg","type":"image\/jpeg"}],"twitter_card":"summary_large_image","twitter_misc":{"Est. reading time":"1 minute"},"schema":{"@context":"https:\/\/schema.org","@graph":[{"@type":"WebPage","@id":"https:\/\/grontkontor.dk\/no\/shop\/baerekraftig-polo-skjorte-180gsm\/","url":"https:\/\/grontkontor.dk\/no\/shop\/baerekraftig-polo-skjorte-180gsm\/","name":"Klimavennlig poloskjorte i kraftig resirkulert polyester uten trykk - Gr\u00f8nt Kontor","isPartOf":{"@id":"https:\/\/grontkontor.dk\/#website"},"datePublished":"2024-05-28T10:10:45+00:00","dateModified":"2025-11-06T09:44:42+00:00","description":"Klimavennlig poloskjorte i 100% rPET. Milj\u00f8vennlig poloskjorte i flere st\u00f8rrelser og farger. Perfekt for logoutskrift eller broderi. Minimumsbestilling 50 stk.","breadcrumb":{"@id":"https:\/\/grontkontor.dk\/no\/shop\/baerekraftig-polo-skjorte-180gsm\/#breadcrumb"},"inLanguage":"no-NO","potentialAction":[{"@type":"ReadAction","target":["https:\/\/grontkontor.dk\/no\/shop\/baerekraftig-polo-skjorte-180gsm\/"]}]},{"@type":"BreadcrumbList","@id":"https:\/\/grontkontor.dk\/no\/shop\/baerekraftig-polo-skjorte-180gsm\/#breadcrumb","itemListElement":[{"@type":"ListItem","position":1,"name":"Forside","item":"https:\/\/grontkontor.dk\/"},{"@type":"ListItem","position":2,"name":"Butikk","item":"https:\/\/grontkontor.dk\/no\/butikk-2\/"},{"@type":"ListItem","position":3,"name":"Kl\u00e6r","item":"https:\/\/grontkontor.dk\/no\/produkt-kategori\/klaer\/"},{"@type":"ListItem","position":4,"name":"T-skjorter, gensere og poloskjorter","item":"https:\/\/grontkontor.dk\/no\/produkt-kategori\/klaer\/t-skjorter-gensere-og-poloskjorter\/"},{"@type":"ListItem","position":5,"name":"Klimavennlig poloskjorte i kraftig resirkulert polyester uten trykk"}]},{"@type":"WebSite","@id":"https:\/\/grontkontor.dk\/#website","url":"https:\/\/grontkontor.dk\/","name":"Gr\u00f8nt Kontor","description":"Milj\u00f8venlige produkter til kontor og erhverv med fokus p\u00e5 b\u00e6redygtighed, design og fair trade.","publisher":{"@id":"https:\/\/grontkontor.dk\/#organization"},"potentialAction":[{"@type":"SearchAction","target":{"@type":"EntryPoint","urlTemplate":"https:\/\/grontkontor.dk\/?s={search_term_string}"},"query-input":"required name=search_term_string"}],"inLanguage":"no-NO"},{"@type":"Organization","@id":"https:\/\/grontkontor.dk\/#organization","name":"Gr\u00f8nt Kontor","url":"https:\/\/grontkontor.dk\/","logo":{"@type":"ImageObject","inLanguage":"no-NO","@id":"https:\/\/grontkontor.dk\/#\/schema\/logo\/image\/","url":"https:\/\/grontkontor.dk\/wp-content\/uploads\/2014\/02\/Logo_groent_kontor_300x80.png","contentUrl":"https:\/\/grontkontor.dk\/wp-content\/uploads\/2014\/02\/Logo_groent_kontor_300x80.png","width":300,"height":80,"caption":"Gr\u00f8nt Kontor"},"image":{"@id":"https:\/\/grontkontor.dk\/#\/schema\/logo\/image\/"},"sameAs":["https:\/\/www.facebook.com\/grontkontor.dk\/"]}]}},"_links":{"self":[{"href":"https:\/\/grontkontor.dk\/no\/wp-json\/wp\/v2\/product\/87735"}],"collection":[{"href":"https:\/\/grontkontor.dk\/no\/wp-json\/wp\/v2\/product"}],"about":[{"href":"https:\/\/grontkontor.dk\/no\/wp-json\/wp\/v2\/types\/product"}],"replies":[{"embeddable":true,"href":"https:\/\/grontkontor.dk\/no\/wp-json\/wp\/v2\/comments?post=87735"}],"wp:featuredmedia":[{"embeddable":true,"href":"https:\/\/grontkontor.dk\/no\/wp-json\/wp\/v2\/media\/115802"}],"wp:attachment":[{"href":"https:\/\/grontkontor.dk\/no\/wp-json\/wp\/v2\/media?parent=87735"}],"wp:term":[{"taxonomy":"product_cat","embeddable":true,"href":"https:\/\/grontkontor.dk\/no\/wp-json\/wp\/v2\/product_cat?post=87735"},{"taxonomy":"product_tag","embeddable":true,"href":"https:\/\/grontkontor.dk\/no\/wp-json\/wp\/v2\/product_tag?post=87735"}],"curies":[{"name":"wp","href":"https:\/\/api.w.org\/{rel}","templated":true}]}}