{"id":87736,"date":"2023-09-22T13:54:14","date_gmt":"2024-05-28T10:10:45","guid":{"rendered":"https:\/\/grontkontor.dk\/shop\/baerepose-i-resirkulert-papir\/"},"modified":"2024-08-27T11:04:36","modified_gmt":"2024-08-27T09:04:36","slug":"baerepose-i-resirkulert-papir","status":"publish","type":"product","link":"https:\/\/grontkontor.dk\/no\/shop\/baerepose-i-resirkulert-papir\/","title":{"rendered":"Brun b\u00e6repose av resirkulert papir 15,5L"},"content":{"rendered":"<p>Klimavennlig b\u00e6repose laget av brunt PEFC-sertifisert resirkulert papir, 80 gr. Posen har forsterkede h\u00e5ndtak og har en lastekapasitet p\u00e5 opptil 5 kg. Bra for take away i hotell- og restaurantbransjen og veldig fine beholdere for ansatte og firmagaver som kan leveres med trykk.  &nbsp;<\/p>\n<p>[papir] [PEFC_s]<\/p>\n<p>&nbsp;<\/p>\n<p>&nbsp;<\/p>\n<p><img loading=\"lazy\" decoding=\"async\" src=\"https:\/\/grontkontor.dk\/wp-content\/uploads\/2021\/02\/genbrug.jpg\" alt=\"Fremstillet af genbrugsmaterialer\" width=\"50\" height=\"50\" class=\"size-full wp-image-23031\" srcset=\"https:\/\/grontkontor.dk\/wp-content\/uploads\/2021\/02\/genbrug.jpg 199w, https:\/\/grontkontor.dk\/wp-content\/uploads\/2021\/02\/genbrug-100x100.jpg 100w\" sizes=\"(max-width: 50px) 100vw, 50px\" \/> <a href=\"https:\/\/bettergreen.dk\/fsc-certificering-pefc-certificering\/\" rel=\"noopener\" target=\"_blank\"><img loading=\"lazy\" decoding=\"async\" src=\"https:\/\/grontkontor.dk\/wp-content\/uploads\/2016\/11\/pefc-certificeret.jpg\" alt=\"Dette produkt er PEFC certificeret\" width=\"47\" height=\"50\" class=\"size-full wp-image-23527\" \/> <\/a><\/p>\n","protected":false},"excerpt":{"rendered":"<p>Klimavennlig b\u00e6repose laget av brunt PEFC-sertifisert resirkulert papir, 80 gr. Posen har forsterkede h\u00e5ndtak og har en lastekapasitet p\u00e5 opptil 5 kg. Bra for take away i hotell- og restaurantbransjen og veldig fine beholdere for ansatte og firmagaver som kan leveres med trykk. &nbsp; [papir] [PEFC_s] &nbsp; &nbsp;<\/p>\n","protected":false},"featured_media":58288,"comment_status":"closed","ping_status":"closed","template":"","meta":{"_acf_changed":false},"product_cat":[3210,3225,4395,3508,2657,3633,3539],"product_tag":[3215,3968,3634],"class_list":{"0":"post-87736","1":"product","2":"type-product","3":"status-publish","4":"has-post-thumbnail","6":"product_cat-stoffposer","7":"product_cat-dummy-moq-10-50-no","8":"product_cat-gaveposer-og-gaveesker","9":"product_cat-naturlig-resirkulert-papir","10":"product_cat-nyheter","11":"product_cat-papirposer-no","12":"product_cat-vesker-poser-og-deksler","13":"product_tag-baerepose-no","14":"product_tag-papirpose-no","15":"product_tag-poser-no","16":"tm-has-options","18":"first","19":"instock","20":"taxable","21":"shipping-taxable","22":"purchasable","23":"product-type-simple"},"acf":[],"yoast_head":"<!-- This site is optimized with the Yoast SEO Premium plugin v21.2 (Yoast SEO v21.2) - https:\/\/yoast.com\/wordpress\/plugins\/seo\/ -->\n<title>Brun b\u00e6repose av resirkulert papir 15,5L - Gr\u00f8nt Kontor<\/title>\n<meta name=\"robots\" content=\"index, follow, max-snippet:-1, max-image-preview:large, max-video-preview:-1\" \/>\n<link rel=\"canonical\" href=\"https:\/\/grontkontor.dk\/no\/shop\/baerepose-i-resirkulert-papir\/\" \/>\n<meta property=\"og:locale\" content=\"en_US\" \/>\n<meta property=\"og:type\" content=\"article\" \/>\n<meta property=\"og:title\" content=\"Brun b\u00e6repose av resirkulert papir 15,5L\" \/>\n<meta property=\"og:description\" content=\"Klimavennlig b\u00e6repose laget av brunt PEFC-sertifisert resirkulert papir, 80 gr. Posen har forsterkede h\u00e5ndtak og har en lastekapasitet p\u00e5 opptil 5 kg. Bra for take away i hotell- og restaurantbransjen og veldig fine beholdere for ansatte og firmagaver som kan leveres med trykk. &nbsp; [papir] [PEFC_s] &nbsp; &nbsp;\" \/>\n<meta property=\"og:url\" content=\"https:\/\/grontkontor.dk\/no\/shop\/baerepose-i-resirkulert-papir\/\" \/>\n<meta property=\"og:site_name\" content=\"Gr\u00f8nt Kontor\" \/>\n<meta property=\"article:publisher\" content=\"https:\/\/www.facebook.com\/grontkontor.dk\/\" \/>\n<meta property=\"article:modified_time\" content=\"2024-08-27T09:04:36+00:00\" \/>\n<meta property=\"og:image\" content=\"https:\/\/grontkontor.dk\/wp-content\/uploads\/2022\/05\/miljoevenlig-take-away-pose-01.jpg\" \/>\n\t<meta property=\"og:image:width\" content=\"900\" \/>\n\t<meta property=\"og:image:height\" content=\"639\" \/>\n\t<meta property=\"og:image:type\" content=\"image\/jpeg\" \/>\n<meta name=\"twitter:card\" content=\"summary_large_image\" \/>\n<script type=\"application\/ld+json\" class=\"yoast-schema-graph\">{\"@context\":\"https:\/\/schema.org\",\"@graph\":[{\"@type\":\"WebPage\",\"@id\":\"https:\/\/grontkontor.dk\/no\/shop\/baerepose-i-resirkulert-papir\/\",\"url\":\"https:\/\/grontkontor.dk\/no\/shop\/baerepose-i-resirkulert-papir\/\",\"name\":\"Brun b\u00e6repose av resirkulert papir 15,5L - Gr\u00f8nt Kontor\",\"isPartOf\":{\"@id\":\"https:\/\/grontkontor.dk\/#website\"},\"datePublished\":\"2024-05-28T10:10:45+00:00\",\"dateModified\":\"2024-08-27T09:04:36+00:00\",\"breadcrumb\":{\"@id\":\"https:\/\/grontkontor.dk\/no\/shop\/baerepose-i-resirkulert-papir\/#breadcrumb\"},\"inLanguage\":\"no-NO\",\"potentialAction\":[{\"@type\":\"ReadAction\",\"target\":[\"https:\/\/grontkontor.dk\/no\/shop\/baerepose-i-resirkulert-papir\/\"]}]},{\"@type\":\"BreadcrumbList\",\"@id\":\"https:\/\/grontkontor.dk\/no\/shop\/baerepose-i-resirkulert-papir\/#breadcrumb\",\"itemListElement\":[{\"@type\":\"ListItem\",\"position\":1,\"name\":\"Forside\",\"item\":\"https:\/\/grontkontor.dk\/\"},{\"@type\":\"ListItem\",\"position\":2,\"name\":\"Butikk\",\"item\":\"https:\/\/grontkontor.dk\/no\/butikk-2\/\"},{\"@type\":\"ListItem\",\"position\":3,\"name\":\"Poser, tasker og covers\",\"item\":\"https:\/\/grontkontor.dk\/produkt-kategori\/poser-tasker-covers\/\"},{\"@type\":\"ListItem\",\"position\":4,\"name\":\"Gaveposer\",\"item\":\"https:\/\/grontkontor.dk\/produkt-kategori\/poser-tasker-covers\/gaveposer\/\"},{\"@type\":\"ListItem\",\"position\":5,\"name\":\"Brun b\u00e6repose av resirkulert papir 15,5L\"}]},{\"@type\":\"WebSite\",\"@id\":\"https:\/\/grontkontor.dk\/#website\",\"url\":\"https:\/\/grontkontor.dk\/\",\"name\":\"Gr\u00f8nt Kontor\",\"description\":\"Milj\u00f8venlige produkter til kontor og erhverv med fokus p\u00e5 b\u00e6redygtighed, design og fair trade.\",\"publisher\":{\"@id\":\"https:\/\/grontkontor.dk\/#organization\"},\"potentialAction\":[{\"@type\":\"SearchAction\",\"target\":{\"@type\":\"EntryPoint\",\"urlTemplate\":\"https:\/\/grontkontor.dk\/?s={search_term_string}\"},\"query-input\":\"required name=search_term_string\"}],\"inLanguage\":\"no-NO\"},{\"@type\":\"Organization\",\"@id\":\"https:\/\/grontkontor.dk\/#organization\",\"name\":\"Gr\u00f8nt Kontor\",\"url\":\"https:\/\/grontkontor.dk\/\",\"logo\":{\"@type\":\"ImageObject\",\"inLanguage\":\"no-NO\",\"@id\":\"https:\/\/grontkontor.dk\/#\/schema\/logo\/image\/\",\"url\":\"https:\/\/grontkontor.dk\/wp-content\/uploads\/2014\/02\/Logo_groent_kontor_300x80.png\",\"contentUrl\":\"https:\/\/grontkontor.dk\/wp-content\/uploads\/2014\/02\/Logo_groent_kontor_300x80.png\",\"width\":300,\"height\":80,\"caption\":\"Gr\u00f8nt Kontor\"},\"image\":{\"@id\":\"https:\/\/grontkontor.dk\/#\/schema\/logo\/image\/\"},\"sameAs\":[\"https:\/\/www.facebook.com\/grontkontor.dk\/\"]}]}<\/script>\n<!-- \/ Yoast SEO Premium plugin. -->","yoast_head_json":{"title":"Brun b\u00e6repose av resirkulert papir 15,5L - Gr\u00f8nt Kontor","robots":{"index":"index","follow":"follow","max-snippet":"max-snippet:-1","max-image-preview":"max-image-preview:large","max-video-preview":"max-video-preview:-1"},"canonical":"https:\/\/grontkontor.dk\/no\/shop\/baerepose-i-resirkulert-papir\/","og_locale":"en_US","og_type":"article","og_title":"Brun b\u00e6repose av resirkulert papir 15,5L","og_description":"Klimavennlig b\u00e6repose laget av brunt PEFC-sertifisert resirkulert papir, 80 gr. Posen har forsterkede h\u00e5ndtak og har en lastekapasitet p\u00e5 opptil 5 kg. Bra for take away i hotell- og restaurantbransjen og veldig fine beholdere for ansatte og firmagaver som kan leveres med trykk. &nbsp; [papir] [PEFC_s] &nbsp; &nbsp;","og_url":"https:\/\/grontkontor.dk\/no\/shop\/baerepose-i-resirkulert-papir\/","og_site_name":"Gr\u00f8nt Kontor","article_publisher":"https:\/\/www.facebook.com\/grontkontor.dk\/","article_modified_time":"2024-08-27T09:04:36+00:00","og_image":[{"width":900,"height":639,"url":"https:\/\/grontkontor.dk\/wp-content\/uploads\/2022\/05\/miljoevenlig-take-away-pose-01.jpg","type":"image\/jpeg"}],"twitter_card":"summary_large_image","schema":{"@context":"https:\/\/schema.org","@graph":[{"@type":"WebPage","@id":"https:\/\/grontkontor.dk\/no\/shop\/baerepose-i-resirkulert-papir\/","url":"https:\/\/grontkontor.dk\/no\/shop\/baerepose-i-resirkulert-papir\/","name":"Brun b\u00e6repose av resirkulert papir 15,5L - Gr\u00f8nt Kontor","isPartOf":{"@id":"https:\/\/grontkontor.dk\/#website"},"datePublished":"2024-05-28T10:10:45+00:00","dateModified":"2024-08-27T09:04:36+00:00","breadcrumb":{"@id":"https:\/\/grontkontor.dk\/no\/shop\/baerepose-i-resirkulert-papir\/#breadcrumb"},"inLanguage":"no-NO","potentialAction":[{"@type":"ReadAction","target":["https:\/\/grontkontor.dk\/no\/shop\/baerepose-i-resirkulert-papir\/"]}]},{"@type":"BreadcrumbList","@id":"https:\/\/grontkontor.dk\/no\/shop\/baerepose-i-resirkulert-papir\/#breadcrumb","itemListElement":[{"@type":"ListItem","position":1,"name":"Forside","item":"https:\/\/grontkontor.dk\/"},{"@type":"ListItem","position":2,"name":"Butikk","item":"https:\/\/grontkontor.dk\/no\/butikk-2\/"},{"@type":"ListItem","position":3,"name":"Poser, tasker og covers","item":"https:\/\/grontkontor.dk\/produkt-kategori\/poser-tasker-covers\/"},{"@type":"ListItem","position":4,"name":"Gaveposer","item":"https:\/\/grontkontor.dk\/produkt-kategori\/poser-tasker-covers\/gaveposer\/"},{"@type":"ListItem","position":5,"name":"Brun b\u00e6repose av resirkulert papir 15,5L"}]},{"@type":"WebSite","@id":"https:\/\/grontkontor.dk\/#website","url":"https:\/\/grontkontor.dk\/","name":"Gr\u00f8nt Kontor","description":"Milj\u00f8venlige produkter til kontor og erhverv med fokus p\u00e5 b\u00e6redygtighed, design og fair trade.","publisher":{"@id":"https:\/\/grontkontor.dk\/#organization"},"potentialAction":[{"@type":"SearchAction","target":{"@type":"EntryPoint","urlTemplate":"https:\/\/grontkontor.dk\/?s={search_term_string}"},"query-input":"required name=search_term_string"}],"inLanguage":"no-NO"},{"@type":"Organization","@id":"https:\/\/grontkontor.dk\/#organization","name":"Gr\u00f8nt Kontor","url":"https:\/\/grontkontor.dk\/","logo":{"@type":"ImageObject","inLanguage":"no-NO","@id":"https:\/\/grontkontor.dk\/#\/schema\/logo\/image\/","url":"https:\/\/grontkontor.dk\/wp-content\/uploads\/2014\/02\/Logo_groent_kontor_300x80.png","contentUrl":"https:\/\/grontkontor.dk\/wp-content\/uploads\/2014\/02\/Logo_groent_kontor_300x80.png","width":300,"height":80,"caption":"Gr\u00f8nt Kontor"},"image":{"@id":"https:\/\/grontkontor.dk\/#\/schema\/logo\/image\/"},"sameAs":["https:\/\/www.facebook.com\/grontkontor.dk\/"]}]}},"_links":{"self":[{"href":"https:\/\/grontkontor.dk\/no\/wp-json\/wp\/v2\/product\/87736"}],"collection":[{"href":"https:\/\/grontkontor.dk\/no\/wp-json\/wp\/v2\/product"}],"about":[{"href":"https:\/\/grontkontor.dk\/no\/wp-json\/wp\/v2\/types\/product"}],"replies":[{"embeddable":true,"href":"https:\/\/grontkontor.dk\/no\/wp-json\/wp\/v2\/comments?post=87736"}],"wp:featuredmedia":[{"embeddable":true,"href":"https:\/\/grontkontor.dk\/no\/wp-json\/wp\/v2\/media\/58288"}],"wp:attachment":[{"href":"https:\/\/grontkontor.dk\/no\/wp-json\/wp\/v2\/media?parent=87736"}],"wp:term":[{"taxonomy":"product_cat","embeddable":true,"href":"https:\/\/grontkontor.dk\/no\/wp-json\/wp\/v2\/product_cat?post=87736"},{"taxonomy":"product_tag","embeddable":true,"href":"https:\/\/grontkontor.dk\/no\/wp-json\/wp\/v2\/product_tag?post=87736"}],"curies":[{"name":"wp","href":"https:\/\/api.w.org\/{rel}","templated":true}]}}