{"id":87840,"date":"2025-04-03T13:00:24","date_gmt":"2024-05-28T10:16:44","guid":{"rendered":"https:\/\/grontkontor.dk\/shop\/t-skjorte-i-oorganisk-bomull-naturlig\/"},"modified":"2025-11-06T11:41:37","modified_gmt":"2025-11-06T10:41:37","slug":"t-shirt-i-oekologisk-bomuld-natur","status":"publish","type":"product","link":"https:\/\/grontkontor.dk\/no\/shop\/t-shirt-i-oekologisk-bomuld-natur\/","title":{"rendered":"T-skjorte i \u00f8kologisk bomull &#8211; natur"},"content":{"rendered":"<p>Denne naturfargede, lette t-skjorten i 100 % GOTS-sertifisert \u00f8kologisk bomull er et opplagt valg for bedrifter og arrangementer der b\u00e5de komfort og klimavennlighet er i fokus. Materialet er mykt, pustende og laget med omtanke for b\u00e5de milj\u00f8 og sosiale forhold. Med GOTS-merket f\u00e5r du dokumentasjon p\u00e5 at denne skjorten lever opp til de h\u00f8yeste standardene innen ansvarlig produksjon.  <\/p>\n<p>Med en vekt p\u00e5 150 g\/m\u00b2 er t-skjorten lett og komfortabel, noe som gj\u00f8r den perfekt for sommeraktiviteter, firmagaver eller som en klassisk giveaway for messer og kampanjer. Den naturlige fargen gir et tidl\u00f8st uttrykk som passer b\u00e5de menn og kvinner, og gj\u00f8r det enkelt \u00e5 kombinere med andre kl\u00e6r. <\/p>\n<p>Denne klimavennlige t-skjorten kan leveres med logotrykk, slik at du kan fremheve merkevaren din p\u00e5 en enkel og milj\u00f8vennlig m\u00e5te. Trykket skiller seg skarpt ut mot den naturfargede overflaten, noe som gir ekstra synlighet til logoen eller budskapet ditt. <\/p>\n<p>En milj\u00f8vennlig skjorte i naturfarget bomull er mer enn bare en reklameartikkel \u2013 den er et signal om omtanke, kvalitet og klimavennlige verdier.<br \/>\n[oekobomuld_s] [gots_s]<\/p>\n<p>&amp; nbsp;<\/p>\n<a href=\"https:\/\/www.eco-branding.dk\/miljoemaerkning\/gots.aspx\" rel=\"noopener\" target=\"_blank\"><img loading=\"lazy\" decoding=\"async\" class=\"size-full wp-image-12808\" src=\"https:\/\/grontkontor.dk\/wp-content\/uploads\/2019\/04\/gots-certificeret.jpg\" \n   alt=\"Gots certificeret - din garanti for, at produktet indeholder mindst 70% ?kologisk bomuld\"  description=\"Gots certificeret - din garanti for, at produktet indeholder mindst 70% ?kologisk bomuld\" width=\"50\" height=\"50\" \n\t border=0 \/><\/a>\n","protected":false},"excerpt":{"rendered":"<p>Denne naturfargede, lette t-skjorten i 100 % GOTS-sertifisert \u00f8kologisk bomull er et opplagt valg for bedrifter og arrangementer der b\u00e5de komfort og klimavennlighet er i fokus. Materialet er mykt, pustende og laget med omtanke for b\u00e5de milj\u00f8 og sosiale forhold. Med GOTS-merket f\u00e5r du dokumentasjon p\u00e5 at denne skjorten lever opp til de h\u00f8yeste standardene [&hellip;]<\/p>\n","protected":false},"featured_media":57570,"comment_status":"closed","ping_status":"closed","template":"","meta":{"_acf_changed":false},"product_cat":[3541,3194,2657,4840],"product_tag":[4805,4806,3477,4808,4807],"class_list":{"0":"post-87840","1":"product","2":"type-product","3":"status-publish","4":"has-post-thumbnail","6":"product_cat-dummy-moq-50-100-no","7":"product_cat-klimavennlige-firmagaver","8":"product_cat-nyheter","9":"product_cat-t-skjorter-gensere-og-poloskjorter","10":"product_tag-skjorte","11":"product_tag-t-skjorte-no","12":"product_tag-t-skjorte","13":"product_tag-t-skjorter-no","14":"product_tag-t-skjorter","15":"tm-has-styled-variations","16":"tm-has-options","18":"first","19":"instock","20":"taxable","21":"shipping-taxable","22":"purchasable","23":"product-type-simple"},"acf":[],"yoast_head":"<!-- This site is optimized with the Yoast SEO Premium plugin v21.2 (Yoast SEO v21.2) - https:\/\/yoast.com\/wordpress\/plugins\/seo\/ -->\n<title>T-skjorte i \u00f8kologisk bomull - natur - Gr\u00f8nt Kontor<\/title>\n<meta name=\"description\" content=\"Naturfarget t-skjorte i 100% GOTS-sertifisert \u00f8kologisk bomull. Klimavennlig skjorte med GOTS-merke. Ideell for arrangementer og kan leveres med logotrykk.\" \/>\n<meta name=\"robots\" content=\"index, follow, max-snippet:-1, max-image-preview:large, max-video-preview:-1\" \/>\n<link rel=\"canonical\" href=\"https:\/\/grontkontor.dk\/no\/shop\/t-shirt-i-oekologisk-bomuld-natur\/\" \/>\n<meta property=\"og:locale\" content=\"en_US\" \/>\n<meta property=\"og:type\" content=\"article\" \/>\n<meta property=\"og:title\" content=\"T-skjorte i \u00f8kologisk bomull - natur\" \/>\n<meta property=\"og:description\" content=\"Naturfarget t-skjorte i 100% GOTS-sertifisert \u00f8kologisk bomull. Klimavennlig skjorte med GOTS-merke. Ideell for arrangementer og kan leveres med logotrykk.\" \/>\n<meta property=\"og:url\" content=\"https:\/\/grontkontor.dk\/no\/shop\/t-shirt-i-oekologisk-bomuld-natur\/\" \/>\n<meta property=\"og:site_name\" content=\"Gr\u00f8nt Kontor\" \/>\n<meta property=\"article:publisher\" content=\"https:\/\/www.facebook.com\/grontkontor.dk\/\" \/>\n<meta property=\"article:modified_time\" content=\"2025-11-06T10:41:37+00:00\" \/>\n<meta property=\"og:image\" content=\"https:\/\/grontkontor.dk\/wp-content\/uploads\/2020\/05\/t-shirt-oekologisk-bomuld-natur.jpg\" \/>\n\t<meta property=\"og:image:width\" content=\"900\" \/>\n\t<meta property=\"og:image:height\" content=\"639\" \/>\n\t<meta property=\"og:image:type\" content=\"image\/jpeg\" \/>\n<meta name=\"twitter:card\" content=\"summary_large_image\" \/>\n<meta name=\"twitter:label1\" content=\"Est. reading time\" \/>\n\t<meta name=\"twitter:data1\" content=\"1 minute\" \/>\n<script type=\"application\/ld+json\" class=\"yoast-schema-graph\">{\"@context\":\"https:\/\/schema.org\",\"@graph\":[{\"@type\":\"WebPage\",\"@id\":\"https:\/\/grontkontor.dk\/no\/shop\/t-shirt-i-oekologisk-bomuld-natur\/\",\"url\":\"https:\/\/grontkontor.dk\/no\/shop\/t-shirt-i-oekologisk-bomuld-natur\/\",\"name\":\"T-skjorte i \u00f8kologisk bomull - natur - Gr\u00f8nt Kontor\",\"isPartOf\":{\"@id\":\"https:\/\/grontkontor.dk\/#website\"},\"datePublished\":\"2024-05-28T10:16:44+00:00\",\"dateModified\":\"2025-11-06T10:41:37+00:00\",\"description\":\"Naturfarget t-skjorte i 100% GOTS-sertifisert \u00f8kologisk bomull. Klimavennlig skjorte med GOTS-merke. Ideell for arrangementer og kan leveres med logotrykk.\",\"breadcrumb\":{\"@id\":\"https:\/\/grontkontor.dk\/no\/shop\/t-shirt-i-oekologisk-bomuld-natur\/#breadcrumb\"},\"inLanguage\":\"no-NO\",\"potentialAction\":[{\"@type\":\"ReadAction\",\"target\":[\"https:\/\/grontkontor.dk\/no\/shop\/t-shirt-i-oekologisk-bomuld-natur\/\"]}]},{\"@type\":\"BreadcrumbList\",\"@id\":\"https:\/\/grontkontor.dk\/no\/shop\/t-shirt-i-oekologisk-bomuld-natur\/#breadcrumb\",\"itemListElement\":[{\"@type\":\"ListItem\",\"position\":1,\"name\":\"Forside\",\"item\":\"https:\/\/grontkontor.dk\/\"},{\"@type\":\"ListItem\",\"position\":2,\"name\":\"Butikk\",\"item\":\"https:\/\/grontkontor.dk\/no\/butikk-2\/\"},{\"@type\":\"ListItem\",\"position\":3,\"name\":\"Kl\u00e6r\",\"item\":\"https:\/\/grontkontor.dk\/no\/produkt-kategori\/klaer\/\"},{\"@type\":\"ListItem\",\"position\":4,\"name\":\"T-skjorter, gensere og poloskjorter\",\"item\":\"https:\/\/grontkontor.dk\/no\/produkt-kategori\/klaer\/t-skjorter-gensere-og-poloskjorter\/\"},{\"@type\":\"ListItem\",\"position\":5,\"name\":\"T-skjorte i \u00f8kologisk bomull &#8211; natur\"}]},{\"@type\":\"WebSite\",\"@id\":\"https:\/\/grontkontor.dk\/#website\",\"url\":\"https:\/\/grontkontor.dk\/\",\"name\":\"Gr\u00f8nt Kontor\",\"description\":\"Milj\u00f8venlige produkter til kontor og erhverv med fokus p\u00e5 b\u00e6redygtighed, design og fair trade.\",\"publisher\":{\"@id\":\"https:\/\/grontkontor.dk\/#organization\"},\"potentialAction\":[{\"@type\":\"SearchAction\",\"target\":{\"@type\":\"EntryPoint\",\"urlTemplate\":\"https:\/\/grontkontor.dk\/?s={search_term_string}\"},\"query-input\":\"required name=search_term_string\"}],\"inLanguage\":\"no-NO\"},{\"@type\":\"Organization\",\"@id\":\"https:\/\/grontkontor.dk\/#organization\",\"name\":\"Gr\u00f8nt Kontor\",\"url\":\"https:\/\/grontkontor.dk\/\",\"logo\":{\"@type\":\"ImageObject\",\"inLanguage\":\"no-NO\",\"@id\":\"https:\/\/grontkontor.dk\/#\/schema\/logo\/image\/\",\"url\":\"https:\/\/grontkontor.dk\/wp-content\/uploads\/2014\/02\/Logo_groent_kontor_300x80.png\",\"contentUrl\":\"https:\/\/grontkontor.dk\/wp-content\/uploads\/2014\/02\/Logo_groent_kontor_300x80.png\",\"width\":300,\"height\":80,\"caption\":\"Gr\u00f8nt Kontor\"},\"image\":{\"@id\":\"https:\/\/grontkontor.dk\/#\/schema\/logo\/image\/\"},\"sameAs\":[\"https:\/\/www.facebook.com\/grontkontor.dk\/\"]}]}<\/script>\n<!-- \/ Yoast SEO Premium plugin. -->","yoast_head_json":{"title":"T-skjorte i \u00f8kologisk bomull - natur - Gr\u00f8nt Kontor","description":"Naturfarget t-skjorte i 100% GOTS-sertifisert \u00f8kologisk bomull. Klimavennlig skjorte med GOTS-merke. Ideell for arrangementer og kan leveres med logotrykk.","robots":{"index":"index","follow":"follow","max-snippet":"max-snippet:-1","max-image-preview":"max-image-preview:large","max-video-preview":"max-video-preview:-1"},"canonical":"https:\/\/grontkontor.dk\/no\/shop\/t-shirt-i-oekologisk-bomuld-natur\/","og_locale":"en_US","og_type":"article","og_title":"T-skjorte i \u00f8kologisk bomull - natur","og_description":"Naturfarget t-skjorte i 100% GOTS-sertifisert \u00f8kologisk bomull. Klimavennlig skjorte med GOTS-merke. Ideell for arrangementer og kan leveres med logotrykk.","og_url":"https:\/\/grontkontor.dk\/no\/shop\/t-shirt-i-oekologisk-bomuld-natur\/","og_site_name":"Gr\u00f8nt Kontor","article_publisher":"https:\/\/www.facebook.com\/grontkontor.dk\/","article_modified_time":"2025-11-06T10:41:37+00:00","og_image":[{"width":900,"height":639,"url":"https:\/\/grontkontor.dk\/wp-content\/uploads\/2020\/05\/t-shirt-oekologisk-bomuld-natur.jpg","type":"image\/jpeg"}],"twitter_card":"summary_large_image","twitter_misc":{"Est. reading time":"1 minute"},"schema":{"@context":"https:\/\/schema.org","@graph":[{"@type":"WebPage","@id":"https:\/\/grontkontor.dk\/no\/shop\/t-shirt-i-oekologisk-bomuld-natur\/","url":"https:\/\/grontkontor.dk\/no\/shop\/t-shirt-i-oekologisk-bomuld-natur\/","name":"T-skjorte i \u00f8kologisk bomull - natur - Gr\u00f8nt Kontor","isPartOf":{"@id":"https:\/\/grontkontor.dk\/#website"},"datePublished":"2024-05-28T10:16:44+00:00","dateModified":"2025-11-06T10:41:37+00:00","description":"Naturfarget t-skjorte i 100% GOTS-sertifisert \u00f8kologisk bomull. Klimavennlig skjorte med GOTS-merke. Ideell for arrangementer og kan leveres med logotrykk.","breadcrumb":{"@id":"https:\/\/grontkontor.dk\/no\/shop\/t-shirt-i-oekologisk-bomuld-natur\/#breadcrumb"},"inLanguage":"no-NO","potentialAction":[{"@type":"ReadAction","target":["https:\/\/grontkontor.dk\/no\/shop\/t-shirt-i-oekologisk-bomuld-natur\/"]}]},{"@type":"BreadcrumbList","@id":"https:\/\/grontkontor.dk\/no\/shop\/t-shirt-i-oekologisk-bomuld-natur\/#breadcrumb","itemListElement":[{"@type":"ListItem","position":1,"name":"Forside","item":"https:\/\/grontkontor.dk\/"},{"@type":"ListItem","position":2,"name":"Butikk","item":"https:\/\/grontkontor.dk\/no\/butikk-2\/"},{"@type":"ListItem","position":3,"name":"Kl\u00e6r","item":"https:\/\/grontkontor.dk\/no\/produkt-kategori\/klaer\/"},{"@type":"ListItem","position":4,"name":"T-skjorter, gensere og poloskjorter","item":"https:\/\/grontkontor.dk\/no\/produkt-kategori\/klaer\/t-skjorter-gensere-og-poloskjorter\/"},{"@type":"ListItem","position":5,"name":"T-skjorte i \u00f8kologisk bomull &#8211; natur"}]},{"@type":"WebSite","@id":"https:\/\/grontkontor.dk\/#website","url":"https:\/\/grontkontor.dk\/","name":"Gr\u00f8nt Kontor","description":"Milj\u00f8venlige produkter til kontor og erhverv med fokus p\u00e5 b\u00e6redygtighed, design og fair trade.","publisher":{"@id":"https:\/\/grontkontor.dk\/#organization"},"potentialAction":[{"@type":"SearchAction","target":{"@type":"EntryPoint","urlTemplate":"https:\/\/grontkontor.dk\/?s={search_term_string}"},"query-input":"required name=search_term_string"}],"inLanguage":"no-NO"},{"@type":"Organization","@id":"https:\/\/grontkontor.dk\/#organization","name":"Gr\u00f8nt Kontor","url":"https:\/\/grontkontor.dk\/","logo":{"@type":"ImageObject","inLanguage":"no-NO","@id":"https:\/\/grontkontor.dk\/#\/schema\/logo\/image\/","url":"https:\/\/grontkontor.dk\/wp-content\/uploads\/2014\/02\/Logo_groent_kontor_300x80.png","contentUrl":"https:\/\/grontkontor.dk\/wp-content\/uploads\/2014\/02\/Logo_groent_kontor_300x80.png","width":300,"height":80,"caption":"Gr\u00f8nt Kontor"},"image":{"@id":"https:\/\/grontkontor.dk\/#\/schema\/logo\/image\/"},"sameAs":["https:\/\/www.facebook.com\/grontkontor.dk\/"]}]}},"_links":{"self":[{"href":"https:\/\/grontkontor.dk\/no\/wp-json\/wp\/v2\/product\/87840"}],"collection":[{"href":"https:\/\/grontkontor.dk\/no\/wp-json\/wp\/v2\/product"}],"about":[{"href":"https:\/\/grontkontor.dk\/no\/wp-json\/wp\/v2\/types\/product"}],"replies":[{"embeddable":true,"href":"https:\/\/grontkontor.dk\/no\/wp-json\/wp\/v2\/comments?post=87840"}],"wp:featuredmedia":[{"embeddable":true,"href":"https:\/\/grontkontor.dk\/no\/wp-json\/wp\/v2\/media\/57570"}],"wp:attachment":[{"href":"https:\/\/grontkontor.dk\/no\/wp-json\/wp\/v2\/media?parent=87840"}],"wp:term":[{"taxonomy":"product_cat","embeddable":true,"href":"https:\/\/grontkontor.dk\/no\/wp-json\/wp\/v2\/product_cat?post=87840"},{"taxonomy":"product_tag","embeddable":true,"href":"https:\/\/grontkontor.dk\/no\/wp-json\/wp\/v2\/product_tag?post=87840"}],"curies":[{"name":"wp","href":"https:\/\/api.w.org\/{rel}","templated":true}]}}