{"id":87860,"date":"2023-09-22T13:52:24","date_gmt":"2024-05-28T10:16:45","guid":{"rendered":"https:\/\/grontkontor.dk\/shop\/baerekraftig-berg-og-dal-bane-i-skinn\/"},"modified":"2024-06-20T09:53:03","modified_gmt":"2024-06-20T07:53:03","slug":"baerekraftig-berg-og-dal-bane-i-skinn","status":"publish","type":"product","link":"https:\/\/grontkontor.dk\/no\/shop\/baerekraftig-berg-og-dal-bane-i-skinn\/","title":{"rendered":"Klimavennlig bordbrikk i l\u00e6r"},"content":{"rendered":"<p>Stilig og klimavennlig bordbrikk laget av skinn i Sverige. Nydelig designet milj\u00f8vennlig bordbrikk, perfekt som firmagave. Passer til kaf\u00e9, restaurant og privat bruk samt en fin ansattgave. Kan bestilles med eller uten gravering.<\/p>\n<p>Minimumsbestilling: 10 stk. Bestill et uforpliktende tilbud p\u00e5 lasergravering fra <a class=\"light\" href=\"mailto:jens@grontkontor.dk\">jens@grontkontor.dk<\/a><\/p>\n<img loading=\"lazy\" decoding=\"async\" class=\"size-medium wp-image-21008\" src=\"https:\/\/grontkontor.dk\/wp-content\/uploads\/2020\/11\/eu-flag_1-300x199.jpg\" alt=\"Fremstillet i EU\" width=\"76\" height=\"50\" srcset=\"https:\/\/grontkontor.dk\/wp-content\/uploads\/2020\/11\/eu-flag_1-300x199.jpg 300w, https:\/\/grontkontor.dk\/wp-content\/uploads\/2020\/11\/eu-flag_1.jpg 530w\" sizes=\"(max-width: 76px) 100vw, 76px\" \/>\n","protected":false},"excerpt":{"rendered":"<p>Stilig og klimavennlig bordbrikk laget av skinn i Sverige. Nydelig designet milj\u00f8vennlig bordbrikk, perfekt som firmagave. Passer til kaf\u00e9, restaurant og privat bruk samt en fin ansattgave. Kan bestilles med eller uten gravering. Minimumsbestilling: 10 stk. Bestill et uforpliktende tilbud p\u00e5 lasergravering fra jens@grontkontor.dk<\/p>\n","protected":false},"featured_media":57766,"comment_status":"closed","ping_status":"closed","template":"","meta":{"_acf_changed":false},"product_cat":[3199,3437,3216,2657],"product_tag":[3741],"class_list":{"0":"post-87860","1":"product","2":"type-product","3":"status-publish","4":"has-post-thumbnail","6":"product_cat-dummy-moq-1-no","7":"product_cat-hotell-restaurant","8":"product_cat-mat-og-drikke","9":"product_cat-nyheter","10":"product_tag-coaster-no","11":"tm-has-options","13":"first","14":"instock","15":"taxable","16":"shipping-taxable","17":"purchasable","18":"product-type-simple"},"acf":[],"yoast_head":"<!-- This site is optimized with the Yoast SEO Premium plugin v21.2 (Yoast SEO v21.2) - https:\/\/yoast.com\/wordpress\/plugins\/seo\/ -->\n<title>Klimavennlig bordbrikk i l\u00e6r - Gr\u00f8nt Kontor<\/title>\n<meta name=\"robots\" content=\"index, follow, max-snippet:-1, max-image-preview:large, max-video-preview:-1\" \/>\n<link rel=\"canonical\" href=\"https:\/\/grontkontor.dk\/no\/shop\/baerekraftig-berg-og-dal-bane-i-skinn\/\" \/>\n<meta property=\"og:locale\" content=\"en_US\" \/>\n<meta property=\"og:type\" content=\"article\" \/>\n<meta property=\"og:title\" content=\"Klimavennlig bordbrikk i l\u00e6r\" \/>\n<meta property=\"og:description\" content=\"Stilig og klimavennlig bordbrikk laget av skinn i Sverige. Nydelig designet milj\u00f8vennlig bordbrikk, perfekt som firmagave. Passer til kaf\u00e9, restaurant og privat bruk samt en fin ansattgave. Kan bestilles med eller uten gravering. Minimumsbestilling: 10 stk. Bestill et uforpliktende tilbud p\u00e5 lasergravering fra jens@grontkontor.dk\" \/>\n<meta property=\"og:url\" content=\"https:\/\/grontkontor.dk\/no\/shop\/baerekraftig-berg-og-dal-bane-i-skinn\/\" \/>\n<meta property=\"og:site_name\" content=\"Gr\u00f8nt Kontor\" \/>\n<meta property=\"article:publisher\" content=\"https:\/\/www.facebook.com\/grontkontor.dk\/\" \/>\n<meta property=\"article:modified_time\" content=\"2024-06-20T07:53:03+00:00\" \/>\n<meta property=\"og:image\" content=\"https:\/\/grontkontor.dk\/wp-content\/uploads\/2022\/04\/baeredygtige-coasters-i-laeder-01.jpg\" \/>\n\t<meta property=\"og:image:width\" content=\"900\" \/>\n\t<meta property=\"og:image:height\" content=\"639\" \/>\n\t<meta property=\"og:image:type\" content=\"image\/jpeg\" \/>\n<meta name=\"twitter:card\" content=\"summary_large_image\" \/>\n<script type=\"application\/ld+json\" class=\"yoast-schema-graph\">{\"@context\":\"https:\/\/schema.org\",\"@graph\":[{\"@type\":\"WebPage\",\"@id\":\"https:\/\/grontkontor.dk\/no\/shop\/baerekraftig-berg-og-dal-bane-i-skinn\/\",\"url\":\"https:\/\/grontkontor.dk\/no\/shop\/baerekraftig-berg-og-dal-bane-i-skinn\/\",\"name\":\"Klimavennlig bordbrikk i l\u00e6r - Gr\u00f8nt Kontor\",\"isPartOf\":{\"@id\":\"https:\/\/grontkontor.dk\/#website\"},\"datePublished\":\"2024-05-28T10:16:45+00:00\",\"dateModified\":\"2024-06-20T07:53:03+00:00\",\"breadcrumb\":{\"@id\":\"https:\/\/grontkontor.dk\/no\/shop\/baerekraftig-berg-og-dal-bane-i-skinn\/#breadcrumb\"},\"inLanguage\":\"no-NO\",\"potentialAction\":[{\"@type\":\"ReadAction\",\"target\":[\"https:\/\/grontkontor.dk\/no\/shop\/baerekraftig-berg-og-dal-bane-i-skinn\/\"]}]},{\"@type\":\"BreadcrumbList\",\"@id\":\"https:\/\/grontkontor.dk\/no\/shop\/baerekraftig-berg-og-dal-bane-i-skinn\/#breadcrumb\",\"itemListElement\":[{\"@type\":\"ListItem\",\"position\":1,\"name\":\"Forside\",\"item\":\"https:\/\/grontkontor.dk\/\"},{\"@type\":\"ListItem\",\"position\":2,\"name\":\"Butikk\",\"item\":\"https:\/\/grontkontor.dk\/no\/butikk-2\/\"},{\"@type\":\"ListItem\",\"position\":3,\"name\":\"Dummy MOQ 1\",\"item\":\"https:\/\/grontkontor.dk\/no\/produkt-kategori\/dummy-moq-1-no\/\"},{\"@type\":\"ListItem\",\"position\":4,\"name\":\"Klimavennlig bordbrikk i l\u00e6r\"}]},{\"@type\":\"WebSite\",\"@id\":\"https:\/\/grontkontor.dk\/#website\",\"url\":\"https:\/\/grontkontor.dk\/\",\"name\":\"Gr\u00f8nt Kontor\",\"description\":\"Milj\u00f8venlige produkter til kontor og erhverv med fokus p\u00e5 b\u00e6redygtighed, design og fair trade.\",\"publisher\":{\"@id\":\"https:\/\/grontkontor.dk\/#organization\"},\"potentialAction\":[{\"@type\":\"SearchAction\",\"target\":{\"@type\":\"EntryPoint\",\"urlTemplate\":\"https:\/\/grontkontor.dk\/?s={search_term_string}\"},\"query-input\":\"required name=search_term_string\"}],\"inLanguage\":\"no-NO\"},{\"@type\":\"Organization\",\"@id\":\"https:\/\/grontkontor.dk\/#organization\",\"name\":\"Gr\u00f8nt Kontor\",\"url\":\"https:\/\/grontkontor.dk\/\",\"logo\":{\"@type\":\"ImageObject\",\"inLanguage\":\"no-NO\",\"@id\":\"https:\/\/grontkontor.dk\/#\/schema\/logo\/image\/\",\"url\":\"https:\/\/grontkontor.dk\/wp-content\/uploads\/2014\/02\/Logo_groent_kontor_300x80.png\",\"contentUrl\":\"https:\/\/grontkontor.dk\/wp-content\/uploads\/2014\/02\/Logo_groent_kontor_300x80.png\",\"width\":300,\"height\":80,\"caption\":\"Gr\u00f8nt Kontor\"},\"image\":{\"@id\":\"https:\/\/grontkontor.dk\/#\/schema\/logo\/image\/\"},\"sameAs\":[\"https:\/\/www.facebook.com\/grontkontor.dk\/\"]}]}<\/script>\n<!-- \/ Yoast SEO Premium plugin. -->","yoast_head_json":{"title":"Klimavennlig bordbrikk i l\u00e6r - Gr\u00f8nt Kontor","robots":{"index":"index","follow":"follow","max-snippet":"max-snippet:-1","max-image-preview":"max-image-preview:large","max-video-preview":"max-video-preview:-1"},"canonical":"https:\/\/grontkontor.dk\/no\/shop\/baerekraftig-berg-og-dal-bane-i-skinn\/","og_locale":"en_US","og_type":"article","og_title":"Klimavennlig bordbrikk i l\u00e6r","og_description":"Stilig og klimavennlig bordbrikk laget av skinn i Sverige. Nydelig designet milj\u00f8vennlig bordbrikk, perfekt som firmagave. Passer til kaf\u00e9, restaurant og privat bruk samt en fin ansattgave. Kan bestilles med eller uten gravering. Minimumsbestilling: 10 stk. Bestill et uforpliktende tilbud p\u00e5 lasergravering fra jens@grontkontor.dk","og_url":"https:\/\/grontkontor.dk\/no\/shop\/baerekraftig-berg-og-dal-bane-i-skinn\/","og_site_name":"Gr\u00f8nt Kontor","article_publisher":"https:\/\/www.facebook.com\/grontkontor.dk\/","article_modified_time":"2024-06-20T07:53:03+00:00","og_image":[{"width":900,"height":639,"url":"https:\/\/grontkontor.dk\/wp-content\/uploads\/2022\/04\/baeredygtige-coasters-i-laeder-01.jpg","type":"image\/jpeg"}],"twitter_card":"summary_large_image","schema":{"@context":"https:\/\/schema.org","@graph":[{"@type":"WebPage","@id":"https:\/\/grontkontor.dk\/no\/shop\/baerekraftig-berg-og-dal-bane-i-skinn\/","url":"https:\/\/grontkontor.dk\/no\/shop\/baerekraftig-berg-og-dal-bane-i-skinn\/","name":"Klimavennlig bordbrikk i l\u00e6r - Gr\u00f8nt Kontor","isPartOf":{"@id":"https:\/\/grontkontor.dk\/#website"},"datePublished":"2024-05-28T10:16:45+00:00","dateModified":"2024-06-20T07:53:03+00:00","breadcrumb":{"@id":"https:\/\/grontkontor.dk\/no\/shop\/baerekraftig-berg-og-dal-bane-i-skinn\/#breadcrumb"},"inLanguage":"no-NO","potentialAction":[{"@type":"ReadAction","target":["https:\/\/grontkontor.dk\/no\/shop\/baerekraftig-berg-og-dal-bane-i-skinn\/"]}]},{"@type":"BreadcrumbList","@id":"https:\/\/grontkontor.dk\/no\/shop\/baerekraftig-berg-og-dal-bane-i-skinn\/#breadcrumb","itemListElement":[{"@type":"ListItem","position":1,"name":"Forside","item":"https:\/\/grontkontor.dk\/"},{"@type":"ListItem","position":2,"name":"Butikk","item":"https:\/\/grontkontor.dk\/no\/butikk-2\/"},{"@type":"ListItem","position":3,"name":"Dummy MOQ 1","item":"https:\/\/grontkontor.dk\/no\/produkt-kategori\/dummy-moq-1-no\/"},{"@type":"ListItem","position":4,"name":"Klimavennlig bordbrikk i l\u00e6r"}]},{"@type":"WebSite","@id":"https:\/\/grontkontor.dk\/#website","url":"https:\/\/grontkontor.dk\/","name":"Gr\u00f8nt Kontor","description":"Milj\u00f8venlige produkter til kontor og erhverv med fokus p\u00e5 b\u00e6redygtighed, design og fair trade.","publisher":{"@id":"https:\/\/grontkontor.dk\/#organization"},"potentialAction":[{"@type":"SearchAction","target":{"@type":"EntryPoint","urlTemplate":"https:\/\/grontkontor.dk\/?s={search_term_string}"},"query-input":"required name=search_term_string"}],"inLanguage":"no-NO"},{"@type":"Organization","@id":"https:\/\/grontkontor.dk\/#organization","name":"Gr\u00f8nt Kontor","url":"https:\/\/grontkontor.dk\/","logo":{"@type":"ImageObject","inLanguage":"no-NO","@id":"https:\/\/grontkontor.dk\/#\/schema\/logo\/image\/","url":"https:\/\/grontkontor.dk\/wp-content\/uploads\/2014\/02\/Logo_groent_kontor_300x80.png","contentUrl":"https:\/\/grontkontor.dk\/wp-content\/uploads\/2014\/02\/Logo_groent_kontor_300x80.png","width":300,"height":80,"caption":"Gr\u00f8nt Kontor"},"image":{"@id":"https:\/\/grontkontor.dk\/#\/schema\/logo\/image\/"},"sameAs":["https:\/\/www.facebook.com\/grontkontor.dk\/"]}]}},"_links":{"self":[{"href":"https:\/\/grontkontor.dk\/no\/wp-json\/wp\/v2\/product\/87860"}],"collection":[{"href":"https:\/\/grontkontor.dk\/no\/wp-json\/wp\/v2\/product"}],"about":[{"href":"https:\/\/grontkontor.dk\/no\/wp-json\/wp\/v2\/types\/product"}],"replies":[{"embeddable":true,"href":"https:\/\/grontkontor.dk\/no\/wp-json\/wp\/v2\/comments?post=87860"}],"wp:featuredmedia":[{"embeddable":true,"href":"https:\/\/grontkontor.dk\/no\/wp-json\/wp\/v2\/media\/57766"}],"wp:attachment":[{"href":"https:\/\/grontkontor.dk\/no\/wp-json\/wp\/v2\/media?parent=87860"}],"wp:term":[{"taxonomy":"product_cat","embeddable":true,"href":"https:\/\/grontkontor.dk\/no\/wp-json\/wp\/v2\/product_cat?post=87860"},{"taxonomy":"product_tag","embeddable":true,"href":"https:\/\/grontkontor.dk\/no\/wp-json\/wp\/v2\/product_tag?post=87860"}],"curies":[{"name":"wp","href":"https:\/\/api.w.org\/{rel}","templated":true}]}}