{"id":87898,"date":"2023-09-22T13:52:56","date_gmt":"2024-05-28T10:16:48","guid":{"rendered":"https:\/\/grontkontor.dk\/shop\/tote-bag-resirkulert-bomull-120gsm\/"},"modified":"2024-06-20T09:37:54","modified_gmt":"2024-06-20T07:37:54","slug":"tote-bag-resirkulert-bomull-120gsm","status":"publish","type":"product","link":"https:\/\/grontkontor.dk\/no\/shop\/tote-bag-resirkulert-bomull-120gsm\/","title":{"rendered":"Tote bag resirkulert bomull 120 GSM"},"content":{"rendered":"<p>Vakker, funky og klimavennlig veske laget av 100% resirkulert oekotex-sertifisert bomull. Kvalitet: 120 gsm. Toteposen har en lastekapasitet p\u00e5 opptil 8 kg. Utstyrt med ekstra lange h\u00e5ndtak. En fin milj\u00f8vennlig firmagave, egnet for \u00e5 h\u00e5ndtere brosjyrer p\u00e5 en messe eller et arrangement. Mulighet for utskrift p\u00e5 en eller begge sider.<\/p>\n<p>[genbrugsbomuld_s]<\/p>\n<p>[grs_s] [oekotex100_s]<\/p>\n<p>&nbsp;<\/p>\n<p><a href=\"https:\/\/textileexchange.org\/standards\/recycled-claim-standard-global-recycled-standard\/\"><img loading=\"lazy\" decoding=\"async\" src=\"https:\/\/grontkontor.dk\/wp-content\/uploads\/2021\/06\/global-recycled-standard-1.jpg\" alt=\"Global recycled standard\" width=\"50\" height=\"50\" class=\"size-full wp-image-25504\" \/> <\/a><a href=\"http:\/\/www.okotex.dk\/om-oeko-tex\/\" target=\"window\"><img loading=\"lazy\" decoding=\"async\" class=\"alignnone size-full wp-image-10567\" src=\"https:\/\/grontkontor.dk\/wp-content\/uploads\/2018\/08\/Oeko-Tex-Certificate.jpg\" \n alt=\"OEKO-TEX?-m?rkede tekstiler er sikre tekstiler, der ikke skader kroppen. Klik p? logoet for yderligere information.\" width=\"77\" height=\"50\" border=0 \/><\/a> <img loading=\"lazy\" decoding=\"async\" src=\"https:\/\/grontkontor.dk\/wp-content\/uploads\/2021\/02\/genbrug.jpg\" alt=\"Fremstillet af genbrugsmaterialer\" width=\"50\" height=\"50\" class=\"size-full wp-image-23031\" srcset=\"https:\/\/grontkontor.dk\/wp-content\/uploads\/2021\/02\/genbrug.jpg 199w, https:\/\/grontkontor.dk\/wp-content\/uploads\/2021\/02\/genbrug-100x100.jpg 100w\" sizes=\"(max-width: 50px) 100vw, 50px\" \/><\/p>\n","protected":false},"excerpt":{"rendered":"<p>Vakker, funky og klimavennlig veske laget av 100% resirkulert oekotex-sertifisert bomull. Kvalitet: 120 gsm. Toteposen har en lastekapasitet p\u00e5 opptil 8 kg. Utstyrt med ekstra lange h\u00e5ndtak. En fin milj\u00f8vennlig firmagave, egnet for \u00e5 h\u00e5ndtere brosjyrer p\u00e5 en messe eller et arrangement. Mulighet for utskrift p\u00e5 en eller begge sider. [genbrugsbomuld_s] [grs_s] [oekotex100_s] &nbsp;<\/p>\n","protected":false},"featured_media":68943,"comment_status":"closed","ping_status":"closed","template":"","meta":{"_acf_changed":false},"product_cat":[3210,3199,4395,3194,2657,3539],"product_tag":[3542,4700,3215,4701,4629,4705,4702,4704,4703,3217],"class_list":{"0":"post-87898","1":"product","2":"type-product","3":"status-publish","4":"has-post-thumbnail","6":"product_cat-stoffposer","7":"product_cat-dummy-moq-1-no","8":"product_cat-gaveposer-og-gaveesker","9":"product_cat-klimavennlige-firmagaver","10":"product_cat-nyheter","11":"product_cat-vesker-poser-og-deksler","12":"product_tag-bomull-bag","13":"product_tag-bomullsposer","14":"product_tag-baerepose-no","15":"product_tag-baereposer-no","16":"product_tag-handlekurv","17":"product_tag-handlekurv-no-2","18":"product_tag-muleposer-no","19":"product_tag-resirkulert-veske-no","20":"product_tag-resirkulert-veske","21":"product_tag-tote-bag-no","22":"tm-has-options","24":"first","25":"instock","26":"taxable","27":"shipping-taxable","28":"purchasable","29":"product-type-variable","30":"has-default-attributes"},"acf":[],"yoast_head":"<!-- This site is optimized with the Yoast SEO Premium plugin v21.2 (Yoast SEO v21.2) - https:\/\/yoast.com\/wordpress\/plugins\/seo\/ -->\n<title>Tote bag resirkulert bomull 120 GSM - Gr\u00f8nt Kontor<\/title>\n<meta name=\"robots\" content=\"index, follow, max-snippet:-1, max-image-preview:large, max-video-preview:-1\" \/>\n<link rel=\"canonical\" href=\"https:\/\/grontkontor.dk\/shop\/mulepose-genanvendt-bomuld-120gsm\/\" \/>\n<meta property=\"og:locale\" content=\"en_US\" \/>\n<meta property=\"og:type\" content=\"article\" \/>\n<meta property=\"og:title\" content=\"Tote bag resirkulert bomull 120 GSM\" \/>\n<meta property=\"og:description\" content=\"Vakker, funky og klimavennlig veske laget av 100% resirkulert oekotex-sertifisert bomull. Kvalitet: 120 gsm. Toteposen har en lastekapasitet p\u00e5 opptil 8 kg. Utstyrt med ekstra lange h\u00e5ndtak. En fin milj\u00f8vennlig firmagave, egnet for \u00e5 h\u00e5ndtere brosjyrer p\u00e5 en messe eller et arrangement. Mulighet for utskrift p\u00e5 en eller begge sider. [genbrugsbomuld_s] [grs_s] [oekotex100_s] &nbsp;\" \/>\n<meta property=\"og:url\" content=\"https:\/\/grontkontor.dk\/shop\/mulepose-genanvendt-bomuld-120gsm\/\" \/>\n<meta property=\"og:site_name\" content=\"Gr\u00f8nt Kontor\" \/>\n<meta property=\"article:publisher\" content=\"https:\/\/www.facebook.com\/grontkontor.dk\/\" \/>\n<meta property=\"article:modified_time\" content=\"2024-06-20T07:37:54+00:00\" \/>\n<meta property=\"og:image\" content=\"https:\/\/grontkontor.dk\/wp-content\/uploads\/2023\/09\/recycled-mulepose-bomuld-120-gsm-1.jpg\" \/>\n\t<meta property=\"og:image:width\" content=\"900\" \/>\n\t<meta property=\"og:image:height\" content=\"639\" \/>\n\t<meta property=\"og:image:type\" content=\"image\/jpeg\" \/>\n<meta name=\"twitter:card\" content=\"summary_large_image\" \/>\n<script type=\"application\/ld+json\" class=\"yoast-schema-graph\">{\"@context\":\"https:\/\/schema.org\",\"@graph\":[{\"@type\":\"WebPage\",\"@id\":\"https:\/\/grontkontor.dk\/shop\/mulepose-genanvendt-bomuld-120gsm\/\",\"url\":\"https:\/\/grontkontor.dk\/shop\/mulepose-genanvendt-bomuld-120gsm\/\",\"name\":\"Tote bag resirkulert bomull 120 GSM - Gr\u00f8nt Kontor\",\"isPartOf\":{\"@id\":\"https:\/\/grontkontor.dk\/#website\"},\"datePublished\":\"2024-05-28T10:16:48+00:00\",\"dateModified\":\"2024-06-20T07:37:54+00:00\",\"breadcrumb\":{\"@id\":\"https:\/\/grontkontor.dk\/shop\/mulepose-genanvendt-bomuld-120gsm\/#breadcrumb\"},\"inLanguage\":\"no-NO\",\"potentialAction\":[{\"@type\":\"ReadAction\",\"target\":[\"https:\/\/grontkontor.dk\/shop\/mulepose-genanvendt-bomuld-120gsm\/\"]}]},{\"@type\":\"BreadcrumbList\",\"@id\":\"https:\/\/grontkontor.dk\/shop\/mulepose-genanvendt-bomuld-120gsm\/#breadcrumb\",\"itemListElement\":[{\"@type\":\"ListItem\",\"position\":1,\"name\":\"Forside\",\"item\":\"https:\/\/grontkontor.dk\/\"},{\"@type\":\"ListItem\",\"position\":2,\"name\":\"Butikk\",\"item\":\"https:\/\/grontkontor.dk\/no\/butikk-2\/\"},{\"@type\":\"ListItem\",\"position\":3,\"name\":\"Klimavennlige firmagaver\",\"item\":\"https:\/\/grontkontor.dk\/no\/produkt-kategori\/klimavennlige-firmagaver\/\"},{\"@type\":\"ListItem\",\"position\":4,\"name\":\"Gaveposer og gaveesker\",\"item\":\"https:\/\/grontkontor.dk\/no\/produkt-kategori\/klimavennlige-firmagaver\/gaveposer-og-gaveesker\/\"},{\"@type\":\"ListItem\",\"position\":5,\"name\":\"Tote bag resirkulert bomull 120 GSM\"}]},{\"@type\":\"WebSite\",\"@id\":\"https:\/\/grontkontor.dk\/#website\",\"url\":\"https:\/\/grontkontor.dk\/\",\"name\":\"Gr\u00f8nt Kontor\",\"description\":\"Milj\u00f8venlige produkter til kontor og erhverv med fokus p\u00e5 b\u00e6redygtighed, design og fair trade.\",\"publisher\":{\"@id\":\"https:\/\/grontkontor.dk\/#organization\"},\"potentialAction\":[{\"@type\":\"SearchAction\",\"target\":{\"@type\":\"EntryPoint\",\"urlTemplate\":\"https:\/\/grontkontor.dk\/?s={search_term_string}\"},\"query-input\":\"required name=search_term_string\"}],\"inLanguage\":\"no-NO\"},{\"@type\":\"Organization\",\"@id\":\"https:\/\/grontkontor.dk\/#organization\",\"name\":\"Gr\u00f8nt Kontor\",\"url\":\"https:\/\/grontkontor.dk\/\",\"logo\":{\"@type\":\"ImageObject\",\"inLanguage\":\"no-NO\",\"@id\":\"https:\/\/grontkontor.dk\/#\/schema\/logo\/image\/\",\"url\":\"https:\/\/grontkontor.dk\/wp-content\/uploads\/2014\/02\/Logo_groent_kontor_300x80.png\",\"contentUrl\":\"https:\/\/grontkontor.dk\/wp-content\/uploads\/2014\/02\/Logo_groent_kontor_300x80.png\",\"width\":300,\"height\":80,\"caption\":\"Gr\u00f8nt Kontor\"},\"image\":{\"@id\":\"https:\/\/grontkontor.dk\/#\/schema\/logo\/image\/\"},\"sameAs\":[\"https:\/\/www.facebook.com\/grontkontor.dk\/\"]}]}<\/script>\n<!-- \/ Yoast SEO Premium plugin. -->","yoast_head_json":{"title":"Tote bag resirkulert bomull 120 GSM - Gr\u00f8nt Kontor","robots":{"index":"index","follow":"follow","max-snippet":"max-snippet:-1","max-image-preview":"max-image-preview:large","max-video-preview":"max-video-preview:-1"},"canonical":"https:\/\/grontkontor.dk\/shop\/mulepose-genanvendt-bomuld-120gsm\/","og_locale":"en_US","og_type":"article","og_title":"Tote bag resirkulert bomull 120 GSM","og_description":"Vakker, funky og klimavennlig veske laget av 100% resirkulert oekotex-sertifisert bomull. Kvalitet: 120 gsm. Toteposen har en lastekapasitet p\u00e5 opptil 8 kg. Utstyrt med ekstra lange h\u00e5ndtak. En fin milj\u00f8vennlig firmagave, egnet for \u00e5 h\u00e5ndtere brosjyrer p\u00e5 en messe eller et arrangement. Mulighet for utskrift p\u00e5 en eller begge sider. [genbrugsbomuld_s] [grs_s] [oekotex100_s] &nbsp;","og_url":"https:\/\/grontkontor.dk\/shop\/mulepose-genanvendt-bomuld-120gsm\/","og_site_name":"Gr\u00f8nt Kontor","article_publisher":"https:\/\/www.facebook.com\/grontkontor.dk\/","article_modified_time":"2024-06-20T07:37:54+00:00","og_image":[{"width":900,"height":639,"url":"https:\/\/grontkontor.dk\/wp-content\/uploads\/2023\/09\/recycled-mulepose-bomuld-120-gsm-1.jpg","type":"image\/jpeg"}],"twitter_card":"summary_large_image","schema":{"@context":"https:\/\/schema.org","@graph":[{"@type":"WebPage","@id":"https:\/\/grontkontor.dk\/shop\/mulepose-genanvendt-bomuld-120gsm\/","url":"https:\/\/grontkontor.dk\/shop\/mulepose-genanvendt-bomuld-120gsm\/","name":"Tote bag resirkulert bomull 120 GSM - Gr\u00f8nt Kontor","isPartOf":{"@id":"https:\/\/grontkontor.dk\/#website"},"datePublished":"2024-05-28T10:16:48+00:00","dateModified":"2024-06-20T07:37:54+00:00","breadcrumb":{"@id":"https:\/\/grontkontor.dk\/shop\/mulepose-genanvendt-bomuld-120gsm\/#breadcrumb"},"inLanguage":"no-NO","potentialAction":[{"@type":"ReadAction","target":["https:\/\/grontkontor.dk\/shop\/mulepose-genanvendt-bomuld-120gsm\/"]}]},{"@type":"BreadcrumbList","@id":"https:\/\/grontkontor.dk\/shop\/mulepose-genanvendt-bomuld-120gsm\/#breadcrumb","itemListElement":[{"@type":"ListItem","position":1,"name":"Forside","item":"https:\/\/grontkontor.dk\/"},{"@type":"ListItem","position":2,"name":"Butikk","item":"https:\/\/grontkontor.dk\/no\/butikk-2\/"},{"@type":"ListItem","position":3,"name":"Klimavennlige firmagaver","item":"https:\/\/grontkontor.dk\/no\/produkt-kategori\/klimavennlige-firmagaver\/"},{"@type":"ListItem","position":4,"name":"Gaveposer og gaveesker","item":"https:\/\/grontkontor.dk\/no\/produkt-kategori\/klimavennlige-firmagaver\/gaveposer-og-gaveesker\/"},{"@type":"ListItem","position":5,"name":"Tote bag resirkulert bomull 120 GSM"}]},{"@type":"WebSite","@id":"https:\/\/grontkontor.dk\/#website","url":"https:\/\/grontkontor.dk\/","name":"Gr\u00f8nt Kontor","description":"Milj\u00f8venlige produkter til kontor og erhverv med fokus p\u00e5 b\u00e6redygtighed, design og fair trade.","publisher":{"@id":"https:\/\/grontkontor.dk\/#organization"},"potentialAction":[{"@type":"SearchAction","target":{"@type":"EntryPoint","urlTemplate":"https:\/\/grontkontor.dk\/?s={search_term_string}"},"query-input":"required name=search_term_string"}],"inLanguage":"no-NO"},{"@type":"Organization","@id":"https:\/\/grontkontor.dk\/#organization","name":"Gr\u00f8nt Kontor","url":"https:\/\/grontkontor.dk\/","logo":{"@type":"ImageObject","inLanguage":"no-NO","@id":"https:\/\/grontkontor.dk\/#\/schema\/logo\/image\/","url":"https:\/\/grontkontor.dk\/wp-content\/uploads\/2014\/02\/Logo_groent_kontor_300x80.png","contentUrl":"https:\/\/grontkontor.dk\/wp-content\/uploads\/2014\/02\/Logo_groent_kontor_300x80.png","width":300,"height":80,"caption":"Gr\u00f8nt Kontor"},"image":{"@id":"https:\/\/grontkontor.dk\/#\/schema\/logo\/image\/"},"sameAs":["https:\/\/www.facebook.com\/grontkontor.dk\/"]}]}},"_links":{"self":[{"href":"https:\/\/grontkontor.dk\/no\/wp-json\/wp\/v2\/product\/87898"}],"collection":[{"href":"https:\/\/grontkontor.dk\/no\/wp-json\/wp\/v2\/product"}],"about":[{"href":"https:\/\/grontkontor.dk\/no\/wp-json\/wp\/v2\/types\/product"}],"replies":[{"embeddable":true,"href":"https:\/\/grontkontor.dk\/no\/wp-json\/wp\/v2\/comments?post=87898"}],"wp:featuredmedia":[{"embeddable":true,"href":"https:\/\/grontkontor.dk\/no\/wp-json\/wp\/v2\/media\/68943"}],"wp:attachment":[{"href":"https:\/\/grontkontor.dk\/no\/wp-json\/wp\/v2\/media?parent=87898"}],"wp:term":[{"taxonomy":"product_cat","embeddable":true,"href":"https:\/\/grontkontor.dk\/no\/wp-json\/wp\/v2\/product_cat?post=87898"},{"taxonomy":"product_tag","embeddable":true,"href":"https:\/\/grontkontor.dk\/no\/wp-json\/wp\/v2\/product_tag?post=87898"}],"curies":[{"name":"wp","href":"https:\/\/api.w.org\/{rel}","templated":true}]}}