{"id":87978,"date":"2023-09-22T13:51:22","date_gmt":"2024-05-28T10:21:37","guid":{"rendered":"https:\/\/grontkontor.dk\/shop\/baerekraftig-trefritt-dokumentomslag\/"},"modified":"2024-06-20T10:41:45","modified_gmt":"2024-06-20T08:41:45","slug":"baerekraftig-trefritt-dokumentomslag","status":"publish","type":"product","link":"https:\/\/grontkontor.dk\/no\/shop\/baerekraftig-trefritt-dokumentomslag\/","title":{"rendered":"Klimavennlig dokumentomslag 10 stk."},"content":{"rendered":"<p>Klimavennlig trefritt dokumentomslag. Et klima- og milj\u00f8vennlig produkt. Laget av landbruksrester som stengler og blader som normalt brennes. Milj\u00f8p\u00e5virkningen er betydelig lavere enn ved produksjon av mapper laget av tre. Prisen dekker en pakke p\u00e5 10 stk.<br \/>\nLaget i EU. Leveres med eller uten trykk.<br \/>\n[papir] [tryk]<\/p>\n<p><img loading=\"lazy\" decoding=\"async\" class=\"size-medium wp-image-21008\" src=\"https:\/\/grontkontor.dk\/wp-content\/uploads\/2020\/11\/eu-flag_1-300x199.jpg\" alt=\"Fremstillet i EU\" width=\"76\" height=\"50\" srcset=\"https:\/\/grontkontor.dk\/wp-content\/uploads\/2020\/11\/eu-flag_1-300x199.jpg 300w, https:\/\/grontkontor.dk\/wp-content\/uploads\/2020\/11\/eu-flag_1.jpg 530w\" sizes=\"(max-width: 76px) 100vw, 76px\" \/> <img loading=\"lazy\" decoding=\"async\" src=\"https:\/\/grontkontor.dk\/wp-content\/uploads\/2021\/02\/genbrug.jpg\" alt=\"Fremstillet af genbrugsmaterialer\" width=\"50\" height=\"50\" class=\"size-full wp-image-23031\" srcset=\"https:\/\/grontkontor.dk\/wp-content\/uploads\/2021\/02\/genbrug.jpg 199w, https:\/\/grontkontor.dk\/wp-content\/uploads\/2021\/02\/genbrug-100x100.jpg 100w\" sizes=\"(max-width: 50px) 100vw, 50px\" \/><\/p>\n","protected":false},"excerpt":{"rendered":"<p>Klimavennlig trefritt dokumentomslag. Et klima- og milj\u00f8vennlig produkt. Laget av landbruksrester som stengler og blader som normalt brennes. Milj\u00f8p\u00e5virkningen er betydelig lavere enn ved produksjon av mapper laget av tre. Prisen dekker en pakke p\u00e5 10 stk. Laget i EU. Leveres med eller uten trykk. [papir] [tryk]<\/p>\n","protected":false},"featured_media":57487,"comment_status":"closed","ping_status":"closed","template":"","meta":{"_acf_changed":false},"product_cat":[3491,3199,3482,2657],"product_tag":[3492,3496,3504,3934],"class_list":{"0":"post-87978","1":"product","2":"type-product","3":"status-publish","4":"has-post-thumbnail","6":"product_cat-arkivering-no","7":"product_cat-dummy-moq-1-no","8":"product_cat-mapper-og-utklippstavler","9":"product_cat-nyheter","10":"product_tag-dokumentmappe-no","11":"product_tag-mappe-no","12":"product_tag-mappe-for-presentasjon","13":"product_tag-salg-mappen","14":"tm-has-options","16":"first","17":"instock","18":"taxable","19":"shipping-taxable","20":"purchasable","21":"product-type-simple"},"acf":[],"yoast_head":"<!-- This site is optimized with the Yoast SEO Premium plugin v21.2 (Yoast SEO v21.2) - https:\/\/yoast.com\/wordpress\/plugins\/seo\/ -->\n<title>Klimavennlig dokumentomslag 10 stk. - Gr\u00f8nt Kontor<\/title>\n<meta name=\"robots\" content=\"index, follow, max-snippet:-1, max-image-preview:large, max-video-preview:-1\" \/>\n<link rel=\"canonical\" href=\"https:\/\/grontkontor.dk\/no\/shop\/baerekraftig-trefritt-dokumentomslag\/\" \/>\n<meta property=\"og:locale\" content=\"en_US\" \/>\n<meta property=\"og:type\" content=\"article\" \/>\n<meta property=\"og:title\" content=\"Klimavennlig dokumentomslag 10 stk.\" \/>\n<meta property=\"og:description\" content=\"Klimavennlig trefritt dokumentomslag. Et klima- og milj\u00f8vennlig produkt. Laget av landbruksrester som stengler og blader som normalt brennes. Milj\u00f8p\u00e5virkningen er betydelig lavere enn ved produksjon av mapper laget av tre. Prisen dekker en pakke p\u00e5 10 stk. Laget i EU. Leveres med eller uten trykk. [papir] [tryk]\" \/>\n<meta property=\"og:url\" content=\"https:\/\/grontkontor.dk\/no\/shop\/baerekraftig-trefritt-dokumentomslag\/\" \/>\n<meta property=\"og:site_name\" content=\"Gr\u00f8nt Kontor\" \/>\n<meta property=\"article:publisher\" content=\"https:\/\/www.facebook.com\/grontkontor.dk\/\" \/>\n<meta property=\"article:modified_time\" content=\"2024-06-20T08:41:45+00:00\" \/>\n<meta property=\"og:image\" content=\"https:\/\/grontkontor.dk\/wp-content\/uploads\/2022\/03\/omslag-2.jpg\" \/>\n\t<meta property=\"og:image:width\" content=\"900\" \/>\n\t<meta property=\"og:image:height\" content=\"639\" \/>\n\t<meta property=\"og:image:type\" content=\"image\/jpeg\" \/>\n<meta name=\"twitter:card\" content=\"summary_large_image\" \/>\n<script type=\"application\/ld+json\" class=\"yoast-schema-graph\">{\"@context\":\"https:\/\/schema.org\",\"@graph\":[{\"@type\":\"WebPage\",\"@id\":\"https:\/\/grontkontor.dk\/no\/shop\/baerekraftig-trefritt-dokumentomslag\/\",\"url\":\"https:\/\/grontkontor.dk\/no\/shop\/baerekraftig-trefritt-dokumentomslag\/\",\"name\":\"Klimavennlig dokumentomslag 10 stk. - Gr\u00f8nt Kontor\",\"isPartOf\":{\"@id\":\"https:\/\/grontkontor.dk\/#website\"},\"datePublished\":\"2024-05-28T10:21:37+00:00\",\"dateModified\":\"2024-06-20T08:41:45+00:00\",\"breadcrumb\":{\"@id\":\"https:\/\/grontkontor.dk\/no\/shop\/baerekraftig-trefritt-dokumentomslag\/#breadcrumb\"},\"inLanguage\":\"no-NO\",\"potentialAction\":[{\"@type\":\"ReadAction\",\"target\":[\"https:\/\/grontkontor.dk\/no\/shop\/baerekraftig-trefritt-dokumentomslag\/\"]}]},{\"@type\":\"BreadcrumbList\",\"@id\":\"https:\/\/grontkontor.dk\/no\/shop\/baerekraftig-trefritt-dokumentomslag\/#breadcrumb\",\"itemListElement\":[{\"@type\":\"ListItem\",\"position\":1,\"name\":\"Forside\",\"item\":\"https:\/\/grontkontor.dk\/\"},{\"@type\":\"ListItem\",\"position\":2,\"name\":\"Butikk\",\"item\":\"https:\/\/grontkontor.dk\/no\/butikk-2\/\"},{\"@type\":\"ListItem\",\"position\":3,\"name\":\"Arkivering\",\"item\":\"https:\/\/grontkontor.dk\/no\/produkt-kategori\/arkivering-no\/\"},{\"@type\":\"ListItem\",\"position\":4,\"name\":\"Mapper og utklippstavler\",\"item\":\"https:\/\/grontkontor.dk\/no\/produkt-kategori\/arkivering-no\/mapper-og-utklippstavler\/\"},{\"@type\":\"ListItem\",\"position\":5,\"name\":\"Klimavennlig dokumentomslag 10 stk.\"}]},{\"@type\":\"WebSite\",\"@id\":\"https:\/\/grontkontor.dk\/#website\",\"url\":\"https:\/\/grontkontor.dk\/\",\"name\":\"Gr\u00f8nt Kontor\",\"description\":\"Milj\u00f8venlige produkter til kontor og erhverv med fokus p\u00e5 b\u00e6redygtighed, design og fair trade.\",\"publisher\":{\"@id\":\"https:\/\/grontkontor.dk\/#organization\"},\"potentialAction\":[{\"@type\":\"SearchAction\",\"target\":{\"@type\":\"EntryPoint\",\"urlTemplate\":\"https:\/\/grontkontor.dk\/?s={search_term_string}\"},\"query-input\":\"required name=search_term_string\"}],\"inLanguage\":\"no-NO\"},{\"@type\":\"Organization\",\"@id\":\"https:\/\/grontkontor.dk\/#organization\",\"name\":\"Gr\u00f8nt Kontor\",\"url\":\"https:\/\/grontkontor.dk\/\",\"logo\":{\"@type\":\"ImageObject\",\"inLanguage\":\"no-NO\",\"@id\":\"https:\/\/grontkontor.dk\/#\/schema\/logo\/image\/\",\"url\":\"https:\/\/grontkontor.dk\/wp-content\/uploads\/2014\/02\/Logo_groent_kontor_300x80.png\",\"contentUrl\":\"https:\/\/grontkontor.dk\/wp-content\/uploads\/2014\/02\/Logo_groent_kontor_300x80.png\",\"width\":300,\"height\":80,\"caption\":\"Gr\u00f8nt Kontor\"},\"image\":{\"@id\":\"https:\/\/grontkontor.dk\/#\/schema\/logo\/image\/\"},\"sameAs\":[\"https:\/\/www.facebook.com\/grontkontor.dk\/\"]}]}<\/script>\n<!-- \/ Yoast SEO Premium plugin. -->","yoast_head_json":{"title":"Klimavennlig dokumentomslag 10 stk. - Gr\u00f8nt Kontor","robots":{"index":"index","follow":"follow","max-snippet":"max-snippet:-1","max-image-preview":"max-image-preview:large","max-video-preview":"max-video-preview:-1"},"canonical":"https:\/\/grontkontor.dk\/no\/shop\/baerekraftig-trefritt-dokumentomslag\/","og_locale":"en_US","og_type":"article","og_title":"Klimavennlig dokumentomslag 10 stk.","og_description":"Klimavennlig trefritt dokumentomslag. Et klima- og milj\u00f8vennlig produkt. Laget av landbruksrester som stengler og blader som normalt brennes. Milj\u00f8p\u00e5virkningen er betydelig lavere enn ved produksjon av mapper laget av tre. Prisen dekker en pakke p\u00e5 10 stk. Laget i EU. Leveres med eller uten trykk. [papir] [tryk]","og_url":"https:\/\/grontkontor.dk\/no\/shop\/baerekraftig-trefritt-dokumentomslag\/","og_site_name":"Gr\u00f8nt Kontor","article_publisher":"https:\/\/www.facebook.com\/grontkontor.dk\/","article_modified_time":"2024-06-20T08:41:45+00:00","og_image":[{"width":900,"height":639,"url":"https:\/\/grontkontor.dk\/wp-content\/uploads\/2022\/03\/omslag-2.jpg","type":"image\/jpeg"}],"twitter_card":"summary_large_image","schema":{"@context":"https:\/\/schema.org","@graph":[{"@type":"WebPage","@id":"https:\/\/grontkontor.dk\/no\/shop\/baerekraftig-trefritt-dokumentomslag\/","url":"https:\/\/grontkontor.dk\/no\/shop\/baerekraftig-trefritt-dokumentomslag\/","name":"Klimavennlig dokumentomslag 10 stk. - Gr\u00f8nt Kontor","isPartOf":{"@id":"https:\/\/grontkontor.dk\/#website"},"datePublished":"2024-05-28T10:21:37+00:00","dateModified":"2024-06-20T08:41:45+00:00","breadcrumb":{"@id":"https:\/\/grontkontor.dk\/no\/shop\/baerekraftig-trefritt-dokumentomslag\/#breadcrumb"},"inLanguage":"no-NO","potentialAction":[{"@type":"ReadAction","target":["https:\/\/grontkontor.dk\/no\/shop\/baerekraftig-trefritt-dokumentomslag\/"]}]},{"@type":"BreadcrumbList","@id":"https:\/\/grontkontor.dk\/no\/shop\/baerekraftig-trefritt-dokumentomslag\/#breadcrumb","itemListElement":[{"@type":"ListItem","position":1,"name":"Forside","item":"https:\/\/grontkontor.dk\/"},{"@type":"ListItem","position":2,"name":"Butikk","item":"https:\/\/grontkontor.dk\/no\/butikk-2\/"},{"@type":"ListItem","position":3,"name":"Arkivering","item":"https:\/\/grontkontor.dk\/no\/produkt-kategori\/arkivering-no\/"},{"@type":"ListItem","position":4,"name":"Mapper og utklippstavler","item":"https:\/\/grontkontor.dk\/no\/produkt-kategori\/arkivering-no\/mapper-og-utklippstavler\/"},{"@type":"ListItem","position":5,"name":"Klimavennlig dokumentomslag 10 stk."}]},{"@type":"WebSite","@id":"https:\/\/grontkontor.dk\/#website","url":"https:\/\/grontkontor.dk\/","name":"Gr\u00f8nt Kontor","description":"Milj\u00f8venlige produkter til kontor og erhverv med fokus p\u00e5 b\u00e6redygtighed, design og fair trade.","publisher":{"@id":"https:\/\/grontkontor.dk\/#organization"},"potentialAction":[{"@type":"SearchAction","target":{"@type":"EntryPoint","urlTemplate":"https:\/\/grontkontor.dk\/?s={search_term_string}"},"query-input":"required name=search_term_string"}],"inLanguage":"no-NO"},{"@type":"Organization","@id":"https:\/\/grontkontor.dk\/#organization","name":"Gr\u00f8nt Kontor","url":"https:\/\/grontkontor.dk\/","logo":{"@type":"ImageObject","inLanguage":"no-NO","@id":"https:\/\/grontkontor.dk\/#\/schema\/logo\/image\/","url":"https:\/\/grontkontor.dk\/wp-content\/uploads\/2014\/02\/Logo_groent_kontor_300x80.png","contentUrl":"https:\/\/grontkontor.dk\/wp-content\/uploads\/2014\/02\/Logo_groent_kontor_300x80.png","width":300,"height":80,"caption":"Gr\u00f8nt Kontor"},"image":{"@id":"https:\/\/grontkontor.dk\/#\/schema\/logo\/image\/"},"sameAs":["https:\/\/www.facebook.com\/grontkontor.dk\/"]}]}},"_links":{"self":[{"href":"https:\/\/grontkontor.dk\/no\/wp-json\/wp\/v2\/product\/87978"}],"collection":[{"href":"https:\/\/grontkontor.dk\/no\/wp-json\/wp\/v2\/product"}],"about":[{"href":"https:\/\/grontkontor.dk\/no\/wp-json\/wp\/v2\/types\/product"}],"replies":[{"embeddable":true,"href":"https:\/\/grontkontor.dk\/no\/wp-json\/wp\/v2\/comments?post=87978"}],"wp:featuredmedia":[{"embeddable":true,"href":"https:\/\/grontkontor.dk\/no\/wp-json\/wp\/v2\/media\/57487"}],"wp:attachment":[{"href":"https:\/\/grontkontor.dk\/no\/wp-json\/wp\/v2\/media?parent=87978"}],"wp:term":[{"taxonomy":"product_cat","embeddable":true,"href":"https:\/\/grontkontor.dk\/no\/wp-json\/wp\/v2\/product_cat?post=87978"},{"taxonomy":"product_tag","embeddable":true,"href":"https:\/\/grontkontor.dk\/no\/wp-json\/wp\/v2\/product_tag?post=87978"}],"curies":[{"name":"wp","href":"https:\/\/api.w.org\/{rel}","templated":true}]}}