{"id":87980,"date":"2023-09-22T13:51:07","date_gmt":"2024-05-28T10:21:37","guid":{"rendered":"https:\/\/grontkontor.dk\/shop\/fairtrade-murstein-bunnpose-180-gsm\/"},"modified":"2024-06-20T10:56:42","modified_gmt":"2024-06-20T08:56:42","slug":"fairtrade-murstein-bunnpose-180-gsm","status":"publish","type":"product","link":"https:\/\/grontkontor.dk\/no\/shop\/fairtrade-murstein-bunnpose-180-gsm\/","title":{"rendered":"Fairtrade murstein bunnpose 180 GSM"},"content":{"rendered":"<p>Bredbunnet bomullspose i naturfarget 100 % bomull, slitesterk med en lastekapasitet p\u00e5 opptil 7 kg. Nettet er utstyrt med ekstra lange skulderstropper. Spesielt egnet som utdeling p\u00e5 messer eller p\u00e5 arrangementer. Bestill nettet med eller uten trykk. Du kan velge mellom kraner p\u00e5 en eller begge sider.<\/p>\n<p>[bomuld_s] [fairtrade_s]<\/p>\n<p>&nbsp;<\/p>\n<a href=\"http:\/\/www.fairtrade-maerket.dk\/\" target=\"window\"><img loading=\"lazy\" decoding=\"async\" class=\"alignnone size-full\" src=\"https:\/\/grontkontor.dk\/wp-content\/uploads\/2019\/04\/fairtrade-certificeret.jpg\" \n  alt=\"Fair trade certifikatet - din garanti for at arbejdere og b?nder har fair arbejdsforhold og indt?gt\" width=\"49\" height=\"50\" border=0 \/><\/a>\n","protected":false},"excerpt":{"rendered":"<p>Bredbunnet bomullspose i naturfarget 100 % bomull, slitesterk med en lastekapasitet p\u00e5 opptil 7 kg. Nettet er utstyrt med ekstra lange skulderstropper. Spesielt egnet som utdeling p\u00e5 messer eller p\u00e5 arrangementer. Bestill nettet med eller uten trykk. Du kan velge mellom kraner p\u00e5 en eller begge sider. [bomuld_s] [fairtrade_s] &nbsp;<\/p>\n","protected":false},"featured_media":57329,"comment_status":"closed","ping_status":"closed","template":"","meta":{"_acf_changed":false},"product_cat":[3210,3199,4395,2657,3539],"product_tag":[3542,3215,3217,3961],"class_list":{"0":"post-87980","1":"product","2":"type-product","3":"status-publish","4":"has-post-thumbnail","6":"product_cat-stoffposer","7":"product_cat-dummy-moq-1-no","8":"product_cat-gaveposer-og-gaveesker","9":"product_cat-nyheter","10":"product_cat-vesker-poser-og-deksler","11":"product_tag-bomull-bag","12":"product_tag-baerepose-no","13":"product_tag-tote-bag-no","14":"product_tag-oekologisk-bomullspose","15":"tm-has-options","17":"first","18":"onbackorder","19":"sale","20":"taxable","21":"shipping-taxable","22":"purchasable","23":"product-type-simple"},"acf":[],"yoast_head":"<!-- This site is optimized with the Yoast SEO Premium plugin v21.2 (Yoast SEO v21.2) - https:\/\/yoast.com\/wordpress\/plugins\/seo\/ -->\n<title>Fairtrade murstein bunnpose 180 GSM - Gr\u00f8nt Kontor<\/title>\n<meta name=\"robots\" content=\"index, follow, max-snippet:-1, max-image-preview:large, max-video-preview:-1\" \/>\n<link rel=\"canonical\" href=\"https:\/\/grontkontor.dk\/no\/shop\/fairtrade-murstein-bunnpose-180-gsm\/\" \/>\n<meta property=\"og:locale\" content=\"en_US\" \/>\n<meta property=\"og:type\" content=\"article\" \/>\n<meta property=\"og:title\" content=\"Fairtrade murstein bunnpose 180 GSM\" \/>\n<meta property=\"og:description\" content=\"Bredbunnet bomullspose i naturfarget 100 % bomull, slitesterk med en lastekapasitet p\u00e5 opptil 7 kg. Nettet er utstyrt med ekstra lange skulderstropper. Spesielt egnet som utdeling p\u00e5 messer eller p\u00e5 arrangementer. Bestill nettet med eller uten trykk. Du kan velge mellom kraner p\u00e5 en eller begge sider. [bomuld_s] [fairtrade_s] &nbsp;\" \/>\n<meta property=\"og:url\" content=\"https:\/\/grontkontor.dk\/no\/shop\/fairtrade-murstein-bunnpose-180-gsm\/\" \/>\n<meta property=\"og:site_name\" content=\"Gr\u00f8nt Kontor\" \/>\n<meta property=\"article:publisher\" content=\"https:\/\/www.facebook.com\/grontkontor.dk\/\" \/>\n<meta property=\"article:modified_time\" content=\"2024-06-20T08:56:42+00:00\" \/>\n<meta property=\"og:image\" content=\"https:\/\/grontkontor.dk\/wp-content\/uploads\/2022\/03\/fairtrade-net.jpg\" \/>\n\t<meta property=\"og:image:width\" content=\"900\" \/>\n\t<meta property=\"og:image:height\" content=\"639\" \/>\n\t<meta property=\"og:image:type\" content=\"image\/jpeg\" \/>\n<meta name=\"twitter:card\" content=\"summary_large_image\" \/>\n<script type=\"application\/ld+json\" class=\"yoast-schema-graph\">{\"@context\":\"https:\/\/schema.org\",\"@graph\":[{\"@type\":\"WebPage\",\"@id\":\"https:\/\/grontkontor.dk\/no\/shop\/fairtrade-murstein-bunnpose-180-gsm\/\",\"url\":\"https:\/\/grontkontor.dk\/no\/shop\/fairtrade-murstein-bunnpose-180-gsm\/\",\"name\":\"Fairtrade murstein bunnpose 180 GSM - Gr\u00f8nt Kontor\",\"isPartOf\":{\"@id\":\"https:\/\/grontkontor.dk\/#website\"},\"datePublished\":\"2024-05-28T10:21:37+00:00\",\"dateModified\":\"2024-06-20T08:56:42+00:00\",\"breadcrumb\":{\"@id\":\"https:\/\/grontkontor.dk\/no\/shop\/fairtrade-murstein-bunnpose-180-gsm\/#breadcrumb\"},\"inLanguage\":\"no-NO\",\"potentialAction\":[{\"@type\":\"ReadAction\",\"target\":[\"https:\/\/grontkontor.dk\/no\/shop\/fairtrade-murstein-bunnpose-180-gsm\/\"]}]},{\"@type\":\"BreadcrumbList\",\"@id\":\"https:\/\/grontkontor.dk\/no\/shop\/fairtrade-murstein-bunnpose-180-gsm\/#breadcrumb\",\"itemListElement\":[{\"@type\":\"ListItem\",\"position\":1,\"name\":\"Forside\",\"item\":\"https:\/\/grontkontor.dk\/\"},{\"@type\":\"ListItem\",\"position\":2,\"name\":\"Butikk\",\"item\":\"https:\/\/grontkontor.dk\/no\/butikk-2\/\"},{\"@type\":\"ListItem\",\"position\":3,\"name\":\"Klimavennlige firmagaver\",\"item\":\"https:\/\/grontkontor.dk\/no\/produkt-kategori\/klimavennlige-firmagaver\/\"},{\"@type\":\"ListItem\",\"position\":4,\"name\":\"Gaveposer og gaveesker\",\"item\":\"https:\/\/grontkontor.dk\/no\/produkt-kategori\/klimavennlige-firmagaver\/gaveposer-og-gaveesker\/\"},{\"@type\":\"ListItem\",\"position\":5,\"name\":\"Fairtrade murstein bunnpose 180 GSM\"}]},{\"@type\":\"WebSite\",\"@id\":\"https:\/\/grontkontor.dk\/#website\",\"url\":\"https:\/\/grontkontor.dk\/\",\"name\":\"Gr\u00f8nt Kontor\",\"description\":\"Milj\u00f8venlige produkter til kontor og erhverv med fokus p\u00e5 b\u00e6redygtighed, design og fair trade.\",\"publisher\":{\"@id\":\"https:\/\/grontkontor.dk\/#organization\"},\"potentialAction\":[{\"@type\":\"SearchAction\",\"target\":{\"@type\":\"EntryPoint\",\"urlTemplate\":\"https:\/\/grontkontor.dk\/?s={search_term_string}\"},\"query-input\":\"required name=search_term_string\"}],\"inLanguage\":\"no-NO\"},{\"@type\":\"Organization\",\"@id\":\"https:\/\/grontkontor.dk\/#organization\",\"name\":\"Gr\u00f8nt Kontor\",\"url\":\"https:\/\/grontkontor.dk\/\",\"logo\":{\"@type\":\"ImageObject\",\"inLanguage\":\"no-NO\",\"@id\":\"https:\/\/grontkontor.dk\/#\/schema\/logo\/image\/\",\"url\":\"https:\/\/grontkontor.dk\/wp-content\/uploads\/2014\/02\/Logo_groent_kontor_300x80.png\",\"contentUrl\":\"https:\/\/grontkontor.dk\/wp-content\/uploads\/2014\/02\/Logo_groent_kontor_300x80.png\",\"width\":300,\"height\":80,\"caption\":\"Gr\u00f8nt Kontor\"},\"image\":{\"@id\":\"https:\/\/grontkontor.dk\/#\/schema\/logo\/image\/\"},\"sameAs\":[\"https:\/\/www.facebook.com\/grontkontor.dk\/\"]}]}<\/script>\n<!-- \/ Yoast SEO Premium plugin. -->","yoast_head_json":{"title":"Fairtrade murstein bunnpose 180 GSM - Gr\u00f8nt Kontor","robots":{"index":"index","follow":"follow","max-snippet":"max-snippet:-1","max-image-preview":"max-image-preview:large","max-video-preview":"max-video-preview:-1"},"canonical":"https:\/\/grontkontor.dk\/no\/shop\/fairtrade-murstein-bunnpose-180-gsm\/","og_locale":"en_US","og_type":"article","og_title":"Fairtrade murstein bunnpose 180 GSM","og_description":"Bredbunnet bomullspose i naturfarget 100 % bomull, slitesterk med en lastekapasitet p\u00e5 opptil 7 kg. Nettet er utstyrt med ekstra lange skulderstropper. Spesielt egnet som utdeling p\u00e5 messer eller p\u00e5 arrangementer. Bestill nettet med eller uten trykk. Du kan velge mellom kraner p\u00e5 en eller begge sider. [bomuld_s] [fairtrade_s] &nbsp;","og_url":"https:\/\/grontkontor.dk\/no\/shop\/fairtrade-murstein-bunnpose-180-gsm\/","og_site_name":"Gr\u00f8nt Kontor","article_publisher":"https:\/\/www.facebook.com\/grontkontor.dk\/","article_modified_time":"2024-06-20T08:56:42+00:00","og_image":[{"width":900,"height":639,"url":"https:\/\/grontkontor.dk\/wp-content\/uploads\/2022\/03\/fairtrade-net.jpg","type":"image\/jpeg"}],"twitter_card":"summary_large_image","schema":{"@context":"https:\/\/schema.org","@graph":[{"@type":"WebPage","@id":"https:\/\/grontkontor.dk\/no\/shop\/fairtrade-murstein-bunnpose-180-gsm\/","url":"https:\/\/grontkontor.dk\/no\/shop\/fairtrade-murstein-bunnpose-180-gsm\/","name":"Fairtrade murstein bunnpose 180 GSM - Gr\u00f8nt Kontor","isPartOf":{"@id":"https:\/\/grontkontor.dk\/#website"},"datePublished":"2024-05-28T10:21:37+00:00","dateModified":"2024-06-20T08:56:42+00:00","breadcrumb":{"@id":"https:\/\/grontkontor.dk\/no\/shop\/fairtrade-murstein-bunnpose-180-gsm\/#breadcrumb"},"inLanguage":"no-NO","potentialAction":[{"@type":"ReadAction","target":["https:\/\/grontkontor.dk\/no\/shop\/fairtrade-murstein-bunnpose-180-gsm\/"]}]},{"@type":"BreadcrumbList","@id":"https:\/\/grontkontor.dk\/no\/shop\/fairtrade-murstein-bunnpose-180-gsm\/#breadcrumb","itemListElement":[{"@type":"ListItem","position":1,"name":"Forside","item":"https:\/\/grontkontor.dk\/"},{"@type":"ListItem","position":2,"name":"Butikk","item":"https:\/\/grontkontor.dk\/no\/butikk-2\/"},{"@type":"ListItem","position":3,"name":"Klimavennlige firmagaver","item":"https:\/\/grontkontor.dk\/no\/produkt-kategori\/klimavennlige-firmagaver\/"},{"@type":"ListItem","position":4,"name":"Gaveposer og gaveesker","item":"https:\/\/grontkontor.dk\/no\/produkt-kategori\/klimavennlige-firmagaver\/gaveposer-og-gaveesker\/"},{"@type":"ListItem","position":5,"name":"Fairtrade murstein bunnpose 180 GSM"}]},{"@type":"WebSite","@id":"https:\/\/grontkontor.dk\/#website","url":"https:\/\/grontkontor.dk\/","name":"Gr\u00f8nt Kontor","description":"Milj\u00f8venlige produkter til kontor og erhverv med fokus p\u00e5 b\u00e6redygtighed, design og fair trade.","publisher":{"@id":"https:\/\/grontkontor.dk\/#organization"},"potentialAction":[{"@type":"SearchAction","target":{"@type":"EntryPoint","urlTemplate":"https:\/\/grontkontor.dk\/?s={search_term_string}"},"query-input":"required name=search_term_string"}],"inLanguage":"no-NO"},{"@type":"Organization","@id":"https:\/\/grontkontor.dk\/#organization","name":"Gr\u00f8nt Kontor","url":"https:\/\/grontkontor.dk\/","logo":{"@type":"ImageObject","inLanguage":"no-NO","@id":"https:\/\/grontkontor.dk\/#\/schema\/logo\/image\/","url":"https:\/\/grontkontor.dk\/wp-content\/uploads\/2014\/02\/Logo_groent_kontor_300x80.png","contentUrl":"https:\/\/grontkontor.dk\/wp-content\/uploads\/2014\/02\/Logo_groent_kontor_300x80.png","width":300,"height":80,"caption":"Gr\u00f8nt Kontor"},"image":{"@id":"https:\/\/grontkontor.dk\/#\/schema\/logo\/image\/"},"sameAs":["https:\/\/www.facebook.com\/grontkontor.dk\/"]}]}},"_links":{"self":[{"href":"https:\/\/grontkontor.dk\/no\/wp-json\/wp\/v2\/product\/87980"}],"collection":[{"href":"https:\/\/grontkontor.dk\/no\/wp-json\/wp\/v2\/product"}],"about":[{"href":"https:\/\/grontkontor.dk\/no\/wp-json\/wp\/v2\/types\/product"}],"replies":[{"embeddable":true,"href":"https:\/\/grontkontor.dk\/no\/wp-json\/wp\/v2\/comments?post=87980"}],"wp:featuredmedia":[{"embeddable":true,"href":"https:\/\/grontkontor.dk\/no\/wp-json\/wp\/v2\/media\/57329"}],"wp:attachment":[{"href":"https:\/\/grontkontor.dk\/no\/wp-json\/wp\/v2\/media?parent=87980"}],"wp:term":[{"taxonomy":"product_cat","embeddable":true,"href":"https:\/\/grontkontor.dk\/no\/wp-json\/wp\/v2\/product_cat?post=87980"},{"taxonomy":"product_tag","embeddable":true,"href":"https:\/\/grontkontor.dk\/no\/wp-json\/wp\/v2\/product_tag?post=87980"}],"curies":[{"name":"wp","href":"https:\/\/api.w.org\/{rel}","templated":true}]}}