{"id":88099,"date":"2023-09-22T13:50:48","date_gmt":"2024-05-28T10:24:24","guid":{"rendered":"https:\/\/grontkontor.dk\/shop\/tote-bag-180gsm-bomull-fairtrade\/"},"modified":"2024-06-20T11:09:08","modified_gmt":"2024-06-20T09:09:08","slug":"tote-bag-180gsm-bomull-fairtrade","status":"publish","type":"product","link":"https:\/\/grontkontor.dk\/no\/shop\/tote-bag-180gsm-bomull-fairtrade\/","title":{"rendered":"Tote bag 180 GSM bomull fairtrade"},"content":{"rendered":"<p>Klimavennlige toteposer 180 gsm, i naturfarget 100 % bomull, slitesterk med en lastekapasitet p\u00e5 opptil 7 kg. Totebagen er utstyrt med ekstra lange skulderstropper. Spesielt egnet som utdeling p\u00e5 messer eller p\u00e5 arrangementer. Bestill tote bag med eller uten trykk. Du kan velge mellom \u00e5 trykke p\u00e5 en eller begge sider.<\/p>\n<p>[bomuld] [fairtrade_s]<\/p>\n<p>&nbsp;<\/p>\n<a href=\"http:\/\/www.fairtrade-maerket.dk\/\" target=\"window\"><img loading=\"lazy\" decoding=\"async\" class=\"alignnone size-full\" src=\"https:\/\/grontkontor.dk\/wp-content\/uploads\/2019\/04\/fairtrade-certificeret.jpg\" \n  alt=\"Fair trade certifikatet - din garanti for at arbejdere og b?nder har fair arbejdsforhold og indt?gt\" width=\"49\" height=\"50\" border=0 \/><\/a>\n","protected":false},"excerpt":{"rendered":"<p>Klimavennlige toteposer 180 gsm, i naturfarget 100 % bomull, slitesterk med en lastekapasitet p\u00e5 opptil 7 kg. Totebagen er utstyrt med ekstra lange skulderstropper. Spesielt egnet som utdeling p\u00e5 messer eller p\u00e5 arrangementer. Bestill tote bag med eller uten trykk. Du kan velge mellom \u00e5 trykke p\u00e5 en eller begge sider. [bomuld] [fairtrade_s] &nbsp;<\/p>\n","protected":false},"featured_media":57163,"comment_status":"closed","ping_status":"closed","template":"","meta":{"_acf_changed":false},"product_cat":[3210,3199,4395,2657,3539],"product_tag":[3542,3215,3217,3961],"class_list":{"0":"post-88099","1":"product","2":"type-product","3":"status-publish","4":"has-post-thumbnail","6":"product_cat-stoffposer","7":"product_cat-dummy-moq-1-no","8":"product_cat-gaveposer-og-gaveesker","9":"product_cat-nyheter","10":"product_cat-vesker-poser-og-deksler","11":"product_tag-bomull-bag","12":"product_tag-baerepose-no","13":"product_tag-tote-bag-no","14":"product_tag-oekologisk-bomullspose","15":"tm-has-options","17":"first","18":"instock","19":"sale","20":"taxable","21":"shipping-taxable","22":"purchasable","23":"product-type-simple"},"acf":[],"yoast_head":"<!-- This site is optimized with the Yoast SEO Premium plugin v21.2 (Yoast SEO v21.2) - https:\/\/yoast.com\/wordpress\/plugins\/seo\/ -->\n<title>Tote bag 180 GSM bomull fairtrade - Gr\u00f8nt Kontor<\/title>\n<meta name=\"robots\" content=\"index, follow, max-snippet:-1, max-image-preview:large, max-video-preview:-1\" \/>\n<link rel=\"canonical\" href=\"https:\/\/grontkontor.dk\/no\/shop\/tote-bag-180gsm-bomull-fairtrade\/\" \/>\n<meta property=\"og:locale\" content=\"en_US\" \/>\n<meta property=\"og:type\" content=\"article\" \/>\n<meta property=\"og:title\" content=\"Tote bag 180 GSM bomull fairtrade\" \/>\n<meta property=\"og:description\" content=\"Klimavennlige toteposer 180 gsm, i naturfarget 100 % bomull, slitesterk med en lastekapasitet p\u00e5 opptil 7 kg. Totebagen er utstyrt med ekstra lange skulderstropper. Spesielt egnet som utdeling p\u00e5 messer eller p\u00e5 arrangementer. Bestill tote bag med eller uten trykk. Du kan velge mellom \u00e5 trykke p\u00e5 en eller begge sider. [bomuld] [fairtrade_s] &nbsp;\" \/>\n<meta property=\"og:url\" content=\"https:\/\/grontkontor.dk\/no\/shop\/tote-bag-180gsm-bomull-fairtrade\/\" \/>\n<meta property=\"og:site_name\" content=\"Gr\u00f8nt Kontor\" \/>\n<meta property=\"article:publisher\" content=\"https:\/\/www.facebook.com\/grontkontor.dk\/\" \/>\n<meta property=\"article:modified_time\" content=\"2024-06-20T09:09:08+00:00\" \/>\n<meta property=\"og:image\" content=\"https:\/\/grontkontor.dk\/wp-content\/uploads\/2022\/03\/Mulepose-fairtrade.jpg\" \/>\n\t<meta property=\"og:image:width\" content=\"900\" \/>\n\t<meta property=\"og:image:height\" content=\"639\" \/>\n\t<meta property=\"og:image:type\" content=\"image\/jpeg\" \/>\n<meta name=\"twitter:card\" content=\"summary_large_image\" \/>\n<script type=\"application\/ld+json\" class=\"yoast-schema-graph\">{\"@context\":\"https:\/\/schema.org\",\"@graph\":[{\"@type\":\"WebPage\",\"@id\":\"https:\/\/grontkontor.dk\/no\/shop\/tote-bag-180gsm-bomull-fairtrade\/\",\"url\":\"https:\/\/grontkontor.dk\/no\/shop\/tote-bag-180gsm-bomull-fairtrade\/\",\"name\":\"Tote bag 180 GSM bomull fairtrade - Gr\u00f8nt Kontor\",\"isPartOf\":{\"@id\":\"https:\/\/grontkontor.dk\/#website\"},\"datePublished\":\"2024-05-28T10:24:24+00:00\",\"dateModified\":\"2024-06-20T09:09:08+00:00\",\"breadcrumb\":{\"@id\":\"https:\/\/grontkontor.dk\/no\/shop\/tote-bag-180gsm-bomull-fairtrade\/#breadcrumb\"},\"inLanguage\":\"no-NO\",\"potentialAction\":[{\"@type\":\"ReadAction\",\"target\":[\"https:\/\/grontkontor.dk\/no\/shop\/tote-bag-180gsm-bomull-fairtrade\/\"]}]},{\"@type\":\"BreadcrumbList\",\"@id\":\"https:\/\/grontkontor.dk\/no\/shop\/tote-bag-180gsm-bomull-fairtrade\/#breadcrumb\",\"itemListElement\":[{\"@type\":\"ListItem\",\"position\":1,\"name\":\"Forside\",\"item\":\"https:\/\/grontkontor.dk\/\"},{\"@type\":\"ListItem\",\"position\":2,\"name\":\"Butikk\",\"item\":\"https:\/\/grontkontor.dk\/no\/butikk-2\/\"},{\"@type\":\"ListItem\",\"position\":3,\"name\":\"Klimavennlige firmagaver\",\"item\":\"https:\/\/grontkontor.dk\/no\/produkt-kategori\/klimavennlige-firmagaver\/\"},{\"@type\":\"ListItem\",\"position\":4,\"name\":\"Gaveposer og gaveesker\",\"item\":\"https:\/\/grontkontor.dk\/no\/produkt-kategori\/klimavennlige-firmagaver\/gaveposer-og-gaveesker\/\"},{\"@type\":\"ListItem\",\"position\":5,\"name\":\"Tote bag 180 GSM bomull fairtrade\"}]},{\"@type\":\"WebSite\",\"@id\":\"https:\/\/grontkontor.dk\/#website\",\"url\":\"https:\/\/grontkontor.dk\/\",\"name\":\"Gr\u00f8nt Kontor\",\"description\":\"Milj\u00f8venlige produkter til kontor og erhverv med fokus p\u00e5 b\u00e6redygtighed, design og fair trade.\",\"publisher\":{\"@id\":\"https:\/\/grontkontor.dk\/#organization\"},\"potentialAction\":[{\"@type\":\"SearchAction\",\"target\":{\"@type\":\"EntryPoint\",\"urlTemplate\":\"https:\/\/grontkontor.dk\/?s={search_term_string}\"},\"query-input\":\"required name=search_term_string\"}],\"inLanguage\":\"no-NO\"},{\"@type\":\"Organization\",\"@id\":\"https:\/\/grontkontor.dk\/#organization\",\"name\":\"Gr\u00f8nt Kontor\",\"url\":\"https:\/\/grontkontor.dk\/\",\"logo\":{\"@type\":\"ImageObject\",\"inLanguage\":\"no-NO\",\"@id\":\"https:\/\/grontkontor.dk\/#\/schema\/logo\/image\/\",\"url\":\"https:\/\/grontkontor.dk\/wp-content\/uploads\/2014\/02\/Logo_groent_kontor_300x80.png\",\"contentUrl\":\"https:\/\/grontkontor.dk\/wp-content\/uploads\/2014\/02\/Logo_groent_kontor_300x80.png\",\"width\":300,\"height\":80,\"caption\":\"Gr\u00f8nt Kontor\"},\"image\":{\"@id\":\"https:\/\/grontkontor.dk\/#\/schema\/logo\/image\/\"},\"sameAs\":[\"https:\/\/www.facebook.com\/grontkontor.dk\/\"]}]}<\/script>\n<!-- \/ Yoast SEO Premium plugin. -->","yoast_head_json":{"title":"Tote bag 180 GSM bomull fairtrade - Gr\u00f8nt Kontor","robots":{"index":"index","follow":"follow","max-snippet":"max-snippet:-1","max-image-preview":"max-image-preview:large","max-video-preview":"max-video-preview:-1"},"canonical":"https:\/\/grontkontor.dk\/no\/shop\/tote-bag-180gsm-bomull-fairtrade\/","og_locale":"en_US","og_type":"article","og_title":"Tote bag 180 GSM bomull fairtrade","og_description":"Klimavennlige toteposer 180 gsm, i naturfarget 100 % bomull, slitesterk med en lastekapasitet p\u00e5 opptil 7 kg. Totebagen er utstyrt med ekstra lange skulderstropper. Spesielt egnet som utdeling p\u00e5 messer eller p\u00e5 arrangementer. Bestill tote bag med eller uten trykk. Du kan velge mellom \u00e5 trykke p\u00e5 en eller begge sider. [bomuld] [fairtrade_s] &nbsp;","og_url":"https:\/\/grontkontor.dk\/no\/shop\/tote-bag-180gsm-bomull-fairtrade\/","og_site_name":"Gr\u00f8nt Kontor","article_publisher":"https:\/\/www.facebook.com\/grontkontor.dk\/","article_modified_time":"2024-06-20T09:09:08+00:00","og_image":[{"width":900,"height":639,"url":"https:\/\/grontkontor.dk\/wp-content\/uploads\/2022\/03\/Mulepose-fairtrade.jpg","type":"image\/jpeg"}],"twitter_card":"summary_large_image","schema":{"@context":"https:\/\/schema.org","@graph":[{"@type":"WebPage","@id":"https:\/\/grontkontor.dk\/no\/shop\/tote-bag-180gsm-bomull-fairtrade\/","url":"https:\/\/grontkontor.dk\/no\/shop\/tote-bag-180gsm-bomull-fairtrade\/","name":"Tote bag 180 GSM bomull fairtrade - Gr\u00f8nt Kontor","isPartOf":{"@id":"https:\/\/grontkontor.dk\/#website"},"datePublished":"2024-05-28T10:24:24+00:00","dateModified":"2024-06-20T09:09:08+00:00","breadcrumb":{"@id":"https:\/\/grontkontor.dk\/no\/shop\/tote-bag-180gsm-bomull-fairtrade\/#breadcrumb"},"inLanguage":"no-NO","potentialAction":[{"@type":"ReadAction","target":["https:\/\/grontkontor.dk\/no\/shop\/tote-bag-180gsm-bomull-fairtrade\/"]}]},{"@type":"BreadcrumbList","@id":"https:\/\/grontkontor.dk\/no\/shop\/tote-bag-180gsm-bomull-fairtrade\/#breadcrumb","itemListElement":[{"@type":"ListItem","position":1,"name":"Forside","item":"https:\/\/grontkontor.dk\/"},{"@type":"ListItem","position":2,"name":"Butikk","item":"https:\/\/grontkontor.dk\/no\/butikk-2\/"},{"@type":"ListItem","position":3,"name":"Klimavennlige firmagaver","item":"https:\/\/grontkontor.dk\/no\/produkt-kategori\/klimavennlige-firmagaver\/"},{"@type":"ListItem","position":4,"name":"Gaveposer og gaveesker","item":"https:\/\/grontkontor.dk\/no\/produkt-kategori\/klimavennlige-firmagaver\/gaveposer-og-gaveesker\/"},{"@type":"ListItem","position":5,"name":"Tote bag 180 GSM bomull fairtrade"}]},{"@type":"WebSite","@id":"https:\/\/grontkontor.dk\/#website","url":"https:\/\/grontkontor.dk\/","name":"Gr\u00f8nt Kontor","description":"Milj\u00f8venlige produkter til kontor og erhverv med fokus p\u00e5 b\u00e6redygtighed, design og fair trade.","publisher":{"@id":"https:\/\/grontkontor.dk\/#organization"},"potentialAction":[{"@type":"SearchAction","target":{"@type":"EntryPoint","urlTemplate":"https:\/\/grontkontor.dk\/?s={search_term_string}"},"query-input":"required name=search_term_string"}],"inLanguage":"no-NO"},{"@type":"Organization","@id":"https:\/\/grontkontor.dk\/#organization","name":"Gr\u00f8nt Kontor","url":"https:\/\/grontkontor.dk\/","logo":{"@type":"ImageObject","inLanguage":"no-NO","@id":"https:\/\/grontkontor.dk\/#\/schema\/logo\/image\/","url":"https:\/\/grontkontor.dk\/wp-content\/uploads\/2014\/02\/Logo_groent_kontor_300x80.png","contentUrl":"https:\/\/grontkontor.dk\/wp-content\/uploads\/2014\/02\/Logo_groent_kontor_300x80.png","width":300,"height":80,"caption":"Gr\u00f8nt Kontor"},"image":{"@id":"https:\/\/grontkontor.dk\/#\/schema\/logo\/image\/"},"sameAs":["https:\/\/www.facebook.com\/grontkontor.dk\/"]}]}},"_links":{"self":[{"href":"https:\/\/grontkontor.dk\/no\/wp-json\/wp\/v2\/product\/88099"}],"collection":[{"href":"https:\/\/grontkontor.dk\/no\/wp-json\/wp\/v2\/product"}],"about":[{"href":"https:\/\/grontkontor.dk\/no\/wp-json\/wp\/v2\/types\/product"}],"replies":[{"embeddable":true,"href":"https:\/\/grontkontor.dk\/no\/wp-json\/wp\/v2\/comments?post=88099"}],"wp:featuredmedia":[{"embeddable":true,"href":"https:\/\/grontkontor.dk\/no\/wp-json\/wp\/v2\/media\/57163"}],"wp:attachment":[{"href":"https:\/\/grontkontor.dk\/no\/wp-json\/wp\/v2\/media?parent=88099"}],"wp:term":[{"taxonomy":"product_cat","embeddable":true,"href":"https:\/\/grontkontor.dk\/no\/wp-json\/wp\/v2\/product_cat?post=88099"},{"taxonomy":"product_tag","embeddable":true,"href":"https:\/\/grontkontor.dk\/no\/wp-json\/wp\/v2\/product_tag?post=88099"}],"curies":[{"name":"wp","href":"https:\/\/api.w.org\/{rel}","templated":true}]}}