{"id":88146,"date":"2023-09-22T13:50:19","date_gmt":"2024-05-28T10:24:26","guid":{"rendered":"https:\/\/grontkontor.dk\/shop\/kork-med-baerekraftig-resirkulering\/"},"modified":"2025-11-06T11:19:17","modified_gmt":"2025-11-06T10:19:17","slug":"miljoevenlig-kasket-i-genanvendte-materialer","status":"publish","type":"product","link":"https:\/\/grontkontor.dk\/no\/shop\/miljoevenlig-kasket-i-genanvendte-materialer\/","title":{"rendered":"Klimavennlig resirkulert kaps med\/uten trykk"},"content":{"rendered":"<p>En milj\u00f8vennlig caps i resirkulerte materialer er et praktisk og stilig valg til b\u00e5de hverdag og arrangementer. Kombinasjonen av de to materialene resirkulert bomull og resirkulert polyester gir en klimavennlig l\u00f8sning der komfort og pleie g\u00e5r h\u00e5nd i h\u00e5nd. Capsen er utstyrt med ventilasjonshull for pusteevne og en justerbar borrel\u00e5sstropp bak for perfekt passform, selv p\u00e5 varme dager.  <\/p>\n<p>Den klassiske solskjermen beskytter effektivt mot solen og gj\u00f8r capsen ideell for utend\u00f8rsaktiviteter, firmaturer, sportsarrangementer eller som et funksjonelt tilbeh\u00f8r til fritidskl\u00e6r. Materialet f\u00f8les lett og behagelig, noe som gj\u00f8r at capsen raskt blir en favoritt blant b\u00e5de ansatte og kunder. <\/p>\n<p>Som reklameartikkel fungerer en klimavennlig caps ekstremt bra. Den kan leveres med logotrykk eller broderi, slik at du kan eksponere merkevaren din p\u00e5 en naturlig og nyttig m\u00e5te. N\u00e5r en caps brukes igjen og igjen, vises logoen din i mange sammenhenger.  <\/p>\n<p>En milj\u00f8vennlig caps i resirkulerte materialer er derfor mer enn bare praktisk tilbeh\u00f8r. De er et tydelig signal om gr\u00f8nne verdier og omtanke for klimaet, samtidig som de gir en behagelig og funksjonell opplevelse for brukeren. <\/p>\n<p>F\u00e5 et uforpliktende tilbud p\u00e5 broderi info@grontkontor.dk<\/p>\n<p>[genbrugsbomuld_s] [grs_s]<\/p>\n<p>&nbsp;<\/p>\n<p><a href=\"https:\/\/textileexchange.org\/standards\/recycled-claim-standard-global-recycled-standard\/\"><img loading=\"lazy\" decoding=\"async\" src=\"https:\/\/grontkontor.dk\/wp-content\/uploads\/2021\/06\/global-recycled-standard-1.jpg\" alt=\"Global recycled standard\" width=\"50\" height=\"50\" class=\"size-full wp-image-25504\" \/> <\/a> <img loading=\"lazy\" decoding=\"async\" src=\"https:\/\/grontkontor.dk\/wp-content\/uploads\/2021\/02\/genbrug.jpg\" alt=\"Fremstillet af genbrugsmaterialer\" width=\"50\" height=\"50\" class=\"size-full wp-image-23031\" srcset=\"https:\/\/grontkontor.dk\/wp-content\/uploads\/2021\/02\/genbrug.jpg 199w, https:\/\/grontkontor.dk\/wp-content\/uploads\/2021\/02\/genbrug-100x100.jpg 100w\" sizes=\"(max-width: 50px) 100vw, 50px\" \/><\/p>\n","protected":false},"excerpt":{"rendered":"<p>En milj\u00f8vennlig caps i resirkulerte materialer er et praktisk og stilig valg til b\u00e5de hverdag og arrangementer. Kombinasjonen av de to materialene resirkulert bomull og resirkulert polyester gir en klimavennlig l\u00f8sning der komfort og pleie g\u00e5r h\u00e5nd i h\u00e5nd. Capsen er utstyrt med ventilasjonshull for pusteevne og en justerbar borrel\u00e5sstropp bak for perfekt passform, selv [&hellip;]<\/p>\n","protected":false},"featured_media":58018,"comment_status":"closed","ping_status":"closed","template":"","meta":{"_acf_changed":false},"product_cat":[3199,4835,2657,3201],"product_tag":[3871,4022],"class_list":{"0":"post-88146","1":"product","2":"type-product","3":"status-publish","4":"has-post-thumbnail","6":"product_cat-dummy-moq-1-no","7":"product_cat-hodeplagg","8":"product_cat-nyheter","9":"product_cat-sport-og-fritid-no","10":"product_tag-cap-no","11":"product_tag-hodeplagg","12":"tm-has-options","14":"first","15":"instock","16":"taxable","17":"shipping-taxable","18":"purchasable","19":"product-type-variable","20":"has-default-attributes"},"acf":[],"yoast_head":"<!-- This site is optimized with the Yoast SEO Premium plugin v21.2 (Yoast SEO v21.2) - https:\/\/yoast.com\/wordpress\/plugins\/seo\/ -->\n<title>Milj\u00f8vennlig caps i resirkulerte materialer<\/title>\n<meta name=\"description\" content=\"Milj\u00f8vennlig caps i resirkulert bomull og polyester med solskjerm og borrel\u00e5s. Klimavennlige profilkl\u00e6r med mulighet for logotrykk og broderi.\" \/>\n<meta name=\"robots\" content=\"index, follow, max-snippet:-1, max-image-preview:large, max-video-preview:-1\" \/>\n<link rel=\"canonical\" href=\"https:\/\/grontkontor.dk\/no\/shop\/miljoevenlig-kasket-i-genanvendte-materialer\/\" \/>\n<meta property=\"og:locale\" content=\"en_US\" \/>\n<meta property=\"og:type\" content=\"article\" \/>\n<meta property=\"og:title\" content=\"Klimavennlig resirkulert kaps med\/uten trykk\" \/>\n<meta property=\"og:description\" content=\"Milj\u00f8vennlig caps i resirkulert bomull og polyester med solskjerm og borrel\u00e5s. Klimavennlige profilkl\u00e6r med mulighet for logotrykk og broderi.\" \/>\n<meta property=\"og:url\" content=\"https:\/\/grontkontor.dk\/no\/shop\/miljoevenlig-kasket-i-genanvendte-materialer\/\" \/>\n<meta property=\"og:site_name\" content=\"Gr\u00f8nt Kontor\" \/>\n<meta property=\"article:publisher\" content=\"https:\/\/www.facebook.com\/grontkontor.dk\/\" \/>\n<meta property=\"article:modified_time\" content=\"2025-11-06T10:19:17+00:00\" \/>\n<meta property=\"og:image\" content=\"https:\/\/grontkontor.dk\/wp-content\/uploads\/2022\/02\/baeredygtigt-kasket-genanvendt-bomuld-sort.jpg\" \/>\n\t<meta property=\"og:image:width\" content=\"1080\" \/>\n\t<meta property=\"og:image:height\" content=\"1080\" \/>\n\t<meta property=\"og:image:type\" content=\"image\/jpeg\" \/>\n<meta name=\"twitter:card\" content=\"summary_large_image\" \/>\n<meta name=\"twitter:label1\" content=\"Est. reading time\" \/>\n\t<meta name=\"twitter:data1\" content=\"1 minute\" \/>\n<script type=\"application\/ld+json\" class=\"yoast-schema-graph\">{\"@context\":\"https:\/\/schema.org\",\"@graph\":[{\"@type\":\"WebPage\",\"@id\":\"https:\/\/grontkontor.dk\/no\/shop\/miljoevenlig-kasket-i-genanvendte-materialer\/\",\"url\":\"https:\/\/grontkontor.dk\/no\/shop\/miljoevenlig-kasket-i-genanvendte-materialer\/\",\"name\":\"Milj\u00f8vennlig caps i resirkulerte materialer\",\"isPartOf\":{\"@id\":\"https:\/\/grontkontor.dk\/#website\"},\"datePublished\":\"2024-05-28T10:24:26+00:00\",\"dateModified\":\"2025-11-06T10:19:17+00:00\",\"description\":\"Milj\u00f8vennlig caps i resirkulert bomull og polyester med solskjerm og borrel\u00e5s. Klimavennlige profilkl\u00e6r med mulighet for logotrykk og broderi.\",\"breadcrumb\":{\"@id\":\"https:\/\/grontkontor.dk\/no\/shop\/miljoevenlig-kasket-i-genanvendte-materialer\/#breadcrumb\"},\"inLanguage\":\"no-NO\",\"potentialAction\":[{\"@type\":\"ReadAction\",\"target\":[\"https:\/\/grontkontor.dk\/no\/shop\/miljoevenlig-kasket-i-genanvendte-materialer\/\"]}]},{\"@type\":\"BreadcrumbList\",\"@id\":\"https:\/\/grontkontor.dk\/no\/shop\/miljoevenlig-kasket-i-genanvendte-materialer\/#breadcrumb\",\"itemListElement\":[{\"@type\":\"ListItem\",\"position\":1,\"name\":\"Forside\",\"item\":\"https:\/\/grontkontor.dk\/\"},{\"@type\":\"ListItem\",\"position\":2,\"name\":\"Butikk\",\"item\":\"https:\/\/grontkontor.dk\/no\/butikk-2\/\"},{\"@type\":\"ListItem\",\"position\":3,\"name\":\"Kl\u00e6r\",\"item\":\"https:\/\/grontkontor.dk\/no\/produkt-kategori\/klaer\/\"},{\"@type\":\"ListItem\",\"position\":4,\"name\":\"Hodeplagg\",\"item\":\"https:\/\/grontkontor.dk\/no\/produkt-kategori\/klaer\/hodeplagg\/\"},{\"@type\":\"ListItem\",\"position\":5,\"name\":\"Klimavennlig resirkulert kaps med\/uten trykk\"}]},{\"@type\":\"WebSite\",\"@id\":\"https:\/\/grontkontor.dk\/#website\",\"url\":\"https:\/\/grontkontor.dk\/\",\"name\":\"Gr\u00f8nt Kontor\",\"description\":\"Milj\u00f8venlige produkter til kontor og erhverv med fokus p\u00e5 b\u00e6redygtighed, design og fair trade.\",\"publisher\":{\"@id\":\"https:\/\/grontkontor.dk\/#organization\"},\"potentialAction\":[{\"@type\":\"SearchAction\",\"target\":{\"@type\":\"EntryPoint\",\"urlTemplate\":\"https:\/\/grontkontor.dk\/?s={search_term_string}\"},\"query-input\":\"required name=search_term_string\"}],\"inLanguage\":\"no-NO\"},{\"@type\":\"Organization\",\"@id\":\"https:\/\/grontkontor.dk\/#organization\",\"name\":\"Gr\u00f8nt Kontor\",\"url\":\"https:\/\/grontkontor.dk\/\",\"logo\":{\"@type\":\"ImageObject\",\"inLanguage\":\"no-NO\",\"@id\":\"https:\/\/grontkontor.dk\/#\/schema\/logo\/image\/\",\"url\":\"https:\/\/grontkontor.dk\/wp-content\/uploads\/2014\/02\/Logo_groent_kontor_300x80.png\",\"contentUrl\":\"https:\/\/grontkontor.dk\/wp-content\/uploads\/2014\/02\/Logo_groent_kontor_300x80.png\",\"width\":300,\"height\":80,\"caption\":\"Gr\u00f8nt Kontor\"},\"image\":{\"@id\":\"https:\/\/grontkontor.dk\/#\/schema\/logo\/image\/\"},\"sameAs\":[\"https:\/\/www.facebook.com\/grontkontor.dk\/\"]}]}<\/script>\n<!-- \/ Yoast SEO Premium plugin. -->","yoast_head_json":{"title":"Milj\u00f8vennlig caps i resirkulerte materialer","description":"Milj\u00f8vennlig caps i resirkulert bomull og polyester med solskjerm og borrel\u00e5s. Klimavennlige profilkl\u00e6r med mulighet for logotrykk og broderi.","robots":{"index":"index","follow":"follow","max-snippet":"max-snippet:-1","max-image-preview":"max-image-preview:large","max-video-preview":"max-video-preview:-1"},"canonical":"https:\/\/grontkontor.dk\/no\/shop\/miljoevenlig-kasket-i-genanvendte-materialer\/","og_locale":"en_US","og_type":"article","og_title":"Klimavennlig resirkulert kaps med\/uten trykk","og_description":"Milj\u00f8vennlig caps i resirkulert bomull og polyester med solskjerm og borrel\u00e5s. Klimavennlige profilkl\u00e6r med mulighet for logotrykk og broderi.","og_url":"https:\/\/grontkontor.dk\/no\/shop\/miljoevenlig-kasket-i-genanvendte-materialer\/","og_site_name":"Gr\u00f8nt Kontor","article_publisher":"https:\/\/www.facebook.com\/grontkontor.dk\/","article_modified_time":"2025-11-06T10:19:17+00:00","og_image":[{"width":1080,"height":1080,"url":"https:\/\/grontkontor.dk\/wp-content\/uploads\/2022\/02\/baeredygtigt-kasket-genanvendt-bomuld-sort.jpg","type":"image\/jpeg"}],"twitter_card":"summary_large_image","twitter_misc":{"Est. reading time":"1 minute"},"schema":{"@context":"https:\/\/schema.org","@graph":[{"@type":"WebPage","@id":"https:\/\/grontkontor.dk\/no\/shop\/miljoevenlig-kasket-i-genanvendte-materialer\/","url":"https:\/\/grontkontor.dk\/no\/shop\/miljoevenlig-kasket-i-genanvendte-materialer\/","name":"Milj\u00f8vennlig caps i resirkulerte materialer","isPartOf":{"@id":"https:\/\/grontkontor.dk\/#website"},"datePublished":"2024-05-28T10:24:26+00:00","dateModified":"2025-11-06T10:19:17+00:00","description":"Milj\u00f8vennlig caps i resirkulert bomull og polyester med solskjerm og borrel\u00e5s. Klimavennlige profilkl\u00e6r med mulighet for logotrykk og broderi.","breadcrumb":{"@id":"https:\/\/grontkontor.dk\/no\/shop\/miljoevenlig-kasket-i-genanvendte-materialer\/#breadcrumb"},"inLanguage":"no-NO","potentialAction":[{"@type":"ReadAction","target":["https:\/\/grontkontor.dk\/no\/shop\/miljoevenlig-kasket-i-genanvendte-materialer\/"]}]},{"@type":"BreadcrumbList","@id":"https:\/\/grontkontor.dk\/no\/shop\/miljoevenlig-kasket-i-genanvendte-materialer\/#breadcrumb","itemListElement":[{"@type":"ListItem","position":1,"name":"Forside","item":"https:\/\/grontkontor.dk\/"},{"@type":"ListItem","position":2,"name":"Butikk","item":"https:\/\/grontkontor.dk\/no\/butikk-2\/"},{"@type":"ListItem","position":3,"name":"Kl\u00e6r","item":"https:\/\/grontkontor.dk\/no\/produkt-kategori\/klaer\/"},{"@type":"ListItem","position":4,"name":"Hodeplagg","item":"https:\/\/grontkontor.dk\/no\/produkt-kategori\/klaer\/hodeplagg\/"},{"@type":"ListItem","position":5,"name":"Klimavennlig resirkulert kaps med\/uten trykk"}]},{"@type":"WebSite","@id":"https:\/\/grontkontor.dk\/#website","url":"https:\/\/grontkontor.dk\/","name":"Gr\u00f8nt Kontor","description":"Milj\u00f8venlige produkter til kontor og erhverv med fokus p\u00e5 b\u00e6redygtighed, design og fair trade.","publisher":{"@id":"https:\/\/grontkontor.dk\/#organization"},"potentialAction":[{"@type":"SearchAction","target":{"@type":"EntryPoint","urlTemplate":"https:\/\/grontkontor.dk\/?s={search_term_string}"},"query-input":"required name=search_term_string"}],"inLanguage":"no-NO"},{"@type":"Organization","@id":"https:\/\/grontkontor.dk\/#organization","name":"Gr\u00f8nt Kontor","url":"https:\/\/grontkontor.dk\/","logo":{"@type":"ImageObject","inLanguage":"no-NO","@id":"https:\/\/grontkontor.dk\/#\/schema\/logo\/image\/","url":"https:\/\/grontkontor.dk\/wp-content\/uploads\/2014\/02\/Logo_groent_kontor_300x80.png","contentUrl":"https:\/\/grontkontor.dk\/wp-content\/uploads\/2014\/02\/Logo_groent_kontor_300x80.png","width":300,"height":80,"caption":"Gr\u00f8nt Kontor"},"image":{"@id":"https:\/\/grontkontor.dk\/#\/schema\/logo\/image\/"},"sameAs":["https:\/\/www.facebook.com\/grontkontor.dk\/"]}]}},"_links":{"self":[{"href":"https:\/\/grontkontor.dk\/no\/wp-json\/wp\/v2\/product\/88146"}],"collection":[{"href":"https:\/\/grontkontor.dk\/no\/wp-json\/wp\/v2\/product"}],"about":[{"href":"https:\/\/grontkontor.dk\/no\/wp-json\/wp\/v2\/types\/product"}],"replies":[{"embeddable":true,"href":"https:\/\/grontkontor.dk\/no\/wp-json\/wp\/v2\/comments?post=88146"}],"wp:featuredmedia":[{"embeddable":true,"href":"https:\/\/grontkontor.dk\/no\/wp-json\/wp\/v2\/media\/58018"}],"wp:attachment":[{"href":"https:\/\/grontkontor.dk\/no\/wp-json\/wp\/v2\/media?parent=88146"}],"wp:term":[{"taxonomy":"product_cat","embeddable":true,"href":"https:\/\/grontkontor.dk\/no\/wp-json\/wp\/v2\/product_cat?post=88146"},{"taxonomy":"product_tag","embeddable":true,"href":"https:\/\/grontkontor.dk\/no\/wp-json\/wp\/v2\/product_tag?post=88146"}],"curies":[{"name":"wp","href":"https:\/\/api.w.org\/{rel}","templated":true}]}}