{"id":88248,"date":"2023-09-22T13:47:47","date_gmt":"2024-05-28T10:25:53","guid":{"rendered":"https:\/\/grontkontor.dk\/shop\/miljovennlige-halsvarmere\/"},"modified":"2025-11-06T11:27:31","modified_gmt":"2025-11-06T10:27:31","slug":"miljovennlige-halsvarmere","status":"publish","type":"product","link":"https:\/\/grontkontor.dk\/no\/shop\/miljovennlige-halsvarmere\/","title":{"rendered":"Milj\u00f8vennlig halsvarmer med\/uten trykk"},"content":{"rendered":"<p>En klimavennlig halsvarmer i 100 % \u00f8kologisk bomull er et smart og praktisk valg til b\u00e5de hverdag og arrangement. Med en vekt p\u00e5 150 g\/m\u00b2 er stoffet lett, pustende og behagelig \u00e5 ha p\u00e5 \u2013 perfekt for \u00e5 beskytte nakken og ansiktet mot vind, kulde eller sol. Den \u00f8kologiske bomullen er dyrket uten bruk av skadelige stoffer, noe som gj\u00f8r halsvarmeren til en milj\u00f8vennlig l\u00f8sning som er b\u00e5de sk\u00e5nsom mot brukeren og for klimaet.  <\/p>\n<p>Halsvarmeren kan brukes hele \u00e5ret, enten det er til utend\u00f8rsaktiviteter, sport, sykkelturer eller rett og slett som et praktisk tilbeh\u00f8r i hverdagen. Den myke kvaliteten og allsidige funksjonen gj\u00f8r at det raskt blir et foretrukket alternativ til tradisjonelle skjerf. <\/p>\n<p>Som profilartikkel er en klimavennlig halsvarmer et opplagt valg. Den kan leveres med logotrykk, slik at merkevaren din vises frem p\u00e5 en synlig og funksjonell m\u00e5te. Dette gj\u00f8r den ideell som firmagave eller utdeling til messer der du \u00f8nsker \u00e5 gi en gave som b\u00e5de er nyttig og sender et gr\u00f8nt signal.  <\/p>\n<p>N\u00e5r du velger en milj\u00f8vennlig halsvarmer i \u00f8kologisk bomull, f\u00e5r du mer enn bare et klesplagg. Du f\u00e5r et klimavennlig produkt som kombinerer komfort, funksjonalitet og omtanke for milj\u00f8et \u2013 et lite, men sterkt budskap om gr\u00f8nne verdier. <\/p>\n<p>[oekobomuld] [gots_s]<\/p>\n<p>&nbsp;<\/p>\n<p><img loading=\"lazy\" decoding=\"async\" class=\"size-full wp-image-24814\" src=\"https:\/\/grontkontor.dk\/wp-content\/uploads\/2021\/06\/ce-certificeret.jpg\" alt=\"CE Certificeret\" width=\"50\" height=\"50\" srcset=\"https:\/\/grontkontor.dk\/wp-content\/uploads\/2021\/06\/ce-certificeret.jpg 209w, https:\/\/grontkontor.dk\/wp-content\/uploads\/2021\/06\/ce-certificeret-100x100.jpg 100w, https:\/\/grontkontor.dk\/wp-content\/uploads\/2021\/06\/ce-certificeret-150x150.jpg 150w\" sizes=\"(max-width: 50px) 100vw, 50px\" \/> <a href=\"https:\/\/www.eco-branding.dk\/miljoemaerkning\/gots.aspx\" rel=\"noopener\" target=\"_blank\"><img loading=\"lazy\" decoding=\"async\" class=\"size-full wp-image-12808\" src=\"https:\/\/grontkontor.dk\/wp-content\/uploads\/2019\/04\/gots-certificeret.jpg\" \n   alt=\"Gots certificeret - din garanti for, at produktet indeholder mindst 70% ?kologisk bomuld\"  description=\"Gots certificeret - din garanti for, at produktet indeholder mindst 70% ?kologisk bomuld\" width=\"50\" height=\"50\" \n\t border=0 \/><\/a><\/p>\n","protected":false},"excerpt":{"rendered":"<p>En klimavennlig halsvarmer i 100 % \u00f8kologisk bomull er et smart og praktisk valg til b\u00e5de hverdag og arrangement. Med en vekt p\u00e5 150 g\/m\u00b2 er stoffet lett, pustende og behagelig \u00e5 ha p\u00e5 \u2013 perfekt for \u00e5 beskytte nakken og ansiktet mot vind, kulde eller sol. Den \u00f8kologiske bomullen er dyrket uten bruk av [&hellip;]<\/p>\n","protected":false},"featured_media":56607,"comment_status":"closed","ping_status":"closed","template":"","meta":{"_acf_changed":false},"product_cat":[3199,4835,3194,2657],"product_tag":[4052],"class_list":{"0":"post-88248","1":"product","2":"type-product","3":"status-publish","4":"has-post-thumbnail","6":"product_cat-dummy-moq-1-no","7":"product_cat-hodeplagg","8":"product_cat-klimavennlige-firmagaver","9":"product_cat-nyheter","10":"product_tag-nakkevarmere","11":"tm-has-options","13":"first","14":"onbackorder","15":"taxable","16":"shipping-taxable","17":"purchasable","18":"product-type-variable"},"acf":[],"yoast_head":"<!-- This site is optimized with the Yoast SEO Premium plugin v21.2 (Yoast SEO v21.2) - https:\/\/yoast.com\/wordpress\/plugins\/seo\/ -->\n<title>Milj\u00f8vennlig halsvarmer med\/uten trykk - Gr\u00f8nt Kontor<\/title>\n<meta name=\"description\" content=\"Klimavennlig halsvarmer i 100% \u00f8kologisk bomull. Milj\u00f8vennlige profilkl\u00e6r i lett 150 g\/m\u00b2 kvalitet. Perfekt som firmagave med logotrykk.\" \/>\n<meta name=\"robots\" content=\"index, follow, max-snippet:-1, max-image-preview:large, max-video-preview:-1\" \/>\n<link rel=\"canonical\" href=\"https:\/\/grontkontor.dk\/no\/shop\/miljovennlige-halsvarmere\/\" \/>\n<meta property=\"og:locale\" content=\"en_US\" \/>\n<meta property=\"og:type\" content=\"article\" \/>\n<meta property=\"og:title\" content=\"Milj\u00f8vennlig halsvarmer med\/uten trykk\" \/>\n<meta property=\"og:description\" content=\"Klimavennlig halsvarmer i 100% \u00f8kologisk bomull. Milj\u00f8vennlige profilkl\u00e6r i lett 150 g\/m\u00b2 kvalitet. Perfekt som firmagave med logotrykk.\" \/>\n<meta property=\"og:url\" content=\"https:\/\/grontkontor.dk\/no\/shop\/miljovennlige-halsvarmere\/\" \/>\n<meta property=\"og:site_name\" content=\"Gr\u00f8nt Kontor\" \/>\n<meta property=\"article:publisher\" content=\"https:\/\/www.facebook.com\/grontkontor.dk\/\" \/>\n<meta property=\"article:modified_time\" content=\"2025-11-06T10:27:31+00:00\" \/>\n<meta property=\"og:image\" content=\"https:\/\/grontkontor.dk\/wp-content\/uploads\/2022\/01\/Halsedisse-groen.jpg\" \/>\n\t<meta property=\"og:image:width\" content=\"900\" \/>\n\t<meta property=\"og:image:height\" content=\"639\" \/>\n\t<meta property=\"og:image:type\" content=\"image\/jpeg\" \/>\n<meta name=\"twitter:card\" content=\"summary_large_image\" \/>\n<meta name=\"twitter:label1\" content=\"Est. reading time\" \/>\n\t<meta name=\"twitter:data1\" content=\"1 minute\" \/>\n<script type=\"application\/ld+json\" class=\"yoast-schema-graph\">{\"@context\":\"https:\/\/schema.org\",\"@graph\":[{\"@type\":\"WebPage\",\"@id\":\"https:\/\/grontkontor.dk\/no\/shop\/miljovennlige-halsvarmere\/\",\"url\":\"https:\/\/grontkontor.dk\/no\/shop\/miljovennlige-halsvarmere\/\",\"name\":\"Milj\u00f8vennlig halsvarmer med\/uten trykk - Gr\u00f8nt Kontor\",\"isPartOf\":{\"@id\":\"https:\/\/grontkontor.dk\/#website\"},\"datePublished\":\"2024-05-28T10:25:53+00:00\",\"dateModified\":\"2025-11-06T10:27:31+00:00\",\"description\":\"Klimavennlig halsvarmer i 100% \u00f8kologisk bomull. Milj\u00f8vennlige profilkl\u00e6r i lett 150 g\/m\u00b2 kvalitet. Perfekt som firmagave med logotrykk.\",\"breadcrumb\":{\"@id\":\"https:\/\/grontkontor.dk\/no\/shop\/miljovennlige-halsvarmere\/#breadcrumb\"},\"inLanguage\":\"no-NO\",\"potentialAction\":[{\"@type\":\"ReadAction\",\"target\":[\"https:\/\/grontkontor.dk\/no\/shop\/miljovennlige-halsvarmere\/\"]}]},{\"@type\":\"BreadcrumbList\",\"@id\":\"https:\/\/grontkontor.dk\/no\/shop\/miljovennlige-halsvarmere\/#breadcrumb\",\"itemListElement\":[{\"@type\":\"ListItem\",\"position\":1,\"name\":\"Forside\",\"item\":\"https:\/\/grontkontor.dk\/\"},{\"@type\":\"ListItem\",\"position\":2,\"name\":\"Butikk\",\"item\":\"https:\/\/grontkontor.dk\/no\/butikk-2\/\"},{\"@type\":\"ListItem\",\"position\":3,\"name\":\"Kl\u00e6r\",\"item\":\"https:\/\/grontkontor.dk\/no\/produkt-kategori\/klaer\/\"},{\"@type\":\"ListItem\",\"position\":4,\"name\":\"Hodeplagg\",\"item\":\"https:\/\/grontkontor.dk\/no\/produkt-kategori\/klaer\/hodeplagg\/\"},{\"@type\":\"ListItem\",\"position\":5,\"name\":\"Milj\u00f8vennlig halsvarmer med\/uten trykk\"}]},{\"@type\":\"WebSite\",\"@id\":\"https:\/\/grontkontor.dk\/#website\",\"url\":\"https:\/\/grontkontor.dk\/\",\"name\":\"Gr\u00f8nt Kontor\",\"description\":\"Milj\u00f8venlige produkter til kontor og erhverv med fokus p\u00e5 b\u00e6redygtighed, design og fair trade.\",\"publisher\":{\"@id\":\"https:\/\/grontkontor.dk\/#organization\"},\"potentialAction\":[{\"@type\":\"SearchAction\",\"target\":{\"@type\":\"EntryPoint\",\"urlTemplate\":\"https:\/\/grontkontor.dk\/?s={search_term_string}\"},\"query-input\":\"required name=search_term_string\"}],\"inLanguage\":\"no-NO\"},{\"@type\":\"Organization\",\"@id\":\"https:\/\/grontkontor.dk\/#organization\",\"name\":\"Gr\u00f8nt Kontor\",\"url\":\"https:\/\/grontkontor.dk\/\",\"logo\":{\"@type\":\"ImageObject\",\"inLanguage\":\"no-NO\",\"@id\":\"https:\/\/grontkontor.dk\/#\/schema\/logo\/image\/\",\"url\":\"https:\/\/grontkontor.dk\/wp-content\/uploads\/2014\/02\/Logo_groent_kontor_300x80.png\",\"contentUrl\":\"https:\/\/grontkontor.dk\/wp-content\/uploads\/2014\/02\/Logo_groent_kontor_300x80.png\",\"width\":300,\"height\":80,\"caption\":\"Gr\u00f8nt Kontor\"},\"image\":{\"@id\":\"https:\/\/grontkontor.dk\/#\/schema\/logo\/image\/\"},\"sameAs\":[\"https:\/\/www.facebook.com\/grontkontor.dk\/\"]}]}<\/script>\n<!-- \/ Yoast SEO Premium plugin. -->","yoast_head_json":{"title":"Milj\u00f8vennlig halsvarmer med\/uten trykk - Gr\u00f8nt Kontor","description":"Klimavennlig halsvarmer i 100% \u00f8kologisk bomull. Milj\u00f8vennlige profilkl\u00e6r i lett 150 g\/m\u00b2 kvalitet. Perfekt som firmagave med logotrykk.","robots":{"index":"index","follow":"follow","max-snippet":"max-snippet:-1","max-image-preview":"max-image-preview:large","max-video-preview":"max-video-preview:-1"},"canonical":"https:\/\/grontkontor.dk\/no\/shop\/miljovennlige-halsvarmere\/","og_locale":"en_US","og_type":"article","og_title":"Milj\u00f8vennlig halsvarmer med\/uten trykk","og_description":"Klimavennlig halsvarmer i 100% \u00f8kologisk bomull. Milj\u00f8vennlige profilkl\u00e6r i lett 150 g\/m\u00b2 kvalitet. Perfekt som firmagave med logotrykk.","og_url":"https:\/\/grontkontor.dk\/no\/shop\/miljovennlige-halsvarmere\/","og_site_name":"Gr\u00f8nt Kontor","article_publisher":"https:\/\/www.facebook.com\/grontkontor.dk\/","article_modified_time":"2025-11-06T10:27:31+00:00","og_image":[{"width":900,"height":639,"url":"https:\/\/grontkontor.dk\/wp-content\/uploads\/2022\/01\/Halsedisse-groen.jpg","type":"image\/jpeg"}],"twitter_card":"summary_large_image","twitter_misc":{"Est. reading time":"1 minute"},"schema":{"@context":"https:\/\/schema.org","@graph":[{"@type":"WebPage","@id":"https:\/\/grontkontor.dk\/no\/shop\/miljovennlige-halsvarmere\/","url":"https:\/\/grontkontor.dk\/no\/shop\/miljovennlige-halsvarmere\/","name":"Milj\u00f8vennlig halsvarmer med\/uten trykk - Gr\u00f8nt Kontor","isPartOf":{"@id":"https:\/\/grontkontor.dk\/#website"},"datePublished":"2024-05-28T10:25:53+00:00","dateModified":"2025-11-06T10:27:31+00:00","description":"Klimavennlig halsvarmer i 100% \u00f8kologisk bomull. Milj\u00f8vennlige profilkl\u00e6r i lett 150 g\/m\u00b2 kvalitet. Perfekt som firmagave med logotrykk.","breadcrumb":{"@id":"https:\/\/grontkontor.dk\/no\/shop\/miljovennlige-halsvarmere\/#breadcrumb"},"inLanguage":"no-NO","potentialAction":[{"@type":"ReadAction","target":["https:\/\/grontkontor.dk\/no\/shop\/miljovennlige-halsvarmere\/"]}]},{"@type":"BreadcrumbList","@id":"https:\/\/grontkontor.dk\/no\/shop\/miljovennlige-halsvarmere\/#breadcrumb","itemListElement":[{"@type":"ListItem","position":1,"name":"Forside","item":"https:\/\/grontkontor.dk\/"},{"@type":"ListItem","position":2,"name":"Butikk","item":"https:\/\/grontkontor.dk\/no\/butikk-2\/"},{"@type":"ListItem","position":3,"name":"Kl\u00e6r","item":"https:\/\/grontkontor.dk\/no\/produkt-kategori\/klaer\/"},{"@type":"ListItem","position":4,"name":"Hodeplagg","item":"https:\/\/grontkontor.dk\/no\/produkt-kategori\/klaer\/hodeplagg\/"},{"@type":"ListItem","position":5,"name":"Milj\u00f8vennlig halsvarmer med\/uten trykk"}]},{"@type":"WebSite","@id":"https:\/\/grontkontor.dk\/#website","url":"https:\/\/grontkontor.dk\/","name":"Gr\u00f8nt Kontor","description":"Milj\u00f8venlige produkter til kontor og erhverv med fokus p\u00e5 b\u00e6redygtighed, design og fair trade.","publisher":{"@id":"https:\/\/grontkontor.dk\/#organization"},"potentialAction":[{"@type":"SearchAction","target":{"@type":"EntryPoint","urlTemplate":"https:\/\/grontkontor.dk\/?s={search_term_string}"},"query-input":"required name=search_term_string"}],"inLanguage":"no-NO"},{"@type":"Organization","@id":"https:\/\/grontkontor.dk\/#organization","name":"Gr\u00f8nt Kontor","url":"https:\/\/grontkontor.dk\/","logo":{"@type":"ImageObject","inLanguage":"no-NO","@id":"https:\/\/grontkontor.dk\/#\/schema\/logo\/image\/","url":"https:\/\/grontkontor.dk\/wp-content\/uploads\/2014\/02\/Logo_groent_kontor_300x80.png","contentUrl":"https:\/\/grontkontor.dk\/wp-content\/uploads\/2014\/02\/Logo_groent_kontor_300x80.png","width":300,"height":80,"caption":"Gr\u00f8nt Kontor"},"image":{"@id":"https:\/\/grontkontor.dk\/#\/schema\/logo\/image\/"},"sameAs":["https:\/\/www.facebook.com\/grontkontor.dk\/"]}]}},"_links":{"self":[{"href":"https:\/\/grontkontor.dk\/no\/wp-json\/wp\/v2\/product\/88248"}],"collection":[{"href":"https:\/\/grontkontor.dk\/no\/wp-json\/wp\/v2\/product"}],"about":[{"href":"https:\/\/grontkontor.dk\/no\/wp-json\/wp\/v2\/types\/product"}],"replies":[{"embeddable":true,"href":"https:\/\/grontkontor.dk\/no\/wp-json\/wp\/v2\/comments?post=88248"}],"wp:featuredmedia":[{"embeddable":true,"href":"https:\/\/grontkontor.dk\/no\/wp-json\/wp\/v2\/media\/56607"}],"wp:attachment":[{"href":"https:\/\/grontkontor.dk\/no\/wp-json\/wp\/v2\/media?parent=88248"}],"wp:term":[{"taxonomy":"product_cat","embeddable":true,"href":"https:\/\/grontkontor.dk\/no\/wp-json\/wp\/v2\/product_cat?post=88248"},{"taxonomy":"product_tag","embeddable":true,"href":"https:\/\/grontkontor.dk\/no\/wp-json\/wp\/v2\/product_tag?post=88248"}],"curies":[{"name":"wp","href":"https:\/\/api.w.org\/{rel}","templated":true}]}}