{"id":88282,"date":"2023-09-22T13:50:19","date_gmt":"2024-05-28T10:25:53","guid":{"rendered":"https:\/\/grontkontor.dk\/shop\/forkle-bomull\/"},"modified":"2024-05-28T12:25:53","modified_gmt":"2024-05-28T10:25:53","slug":"forkle-bomull","status":"publish","type":"product","link":"https:\/\/grontkontor.dk\/no\/shop\/forkle-bomull\/","title":{"rendered":"Forkle fairtrade bomull 180 gsm"},"content":{"rendered":"<p>Nydelig og mykt forkle i sterk 180gsm kvalitet laget av 100% bomull. Forkleet er utstyrt med en komfortabel nakkestropp, slipsstropper og frontlomme.<\/p>\n<p>Virkelig fin milj\u00f8vennlig firmagave.<\/p>\n<p>[broderi]<\/p>\n<p>&nbsp;<\/p>\n<p>[bomuld_s] [fairtrade_s]<\/p>\n<p>&nbsp;<\/p>\n<a href=\"http:\/\/www.fairtrade-maerket.dk\/\" target=\"window\"><img loading=\"lazy\" decoding=\"async\" class=\"alignnone size-full\" src=\"https:\/\/grontkontor.dk\/wp-content\/uploads\/2019\/04\/fairtrade-certificeret.jpg\" \n  alt=\"Fair trade certifikatet - din garanti for at arbejdere og b?nder har fair arbejdsforhold og indt?gt\" width=\"49\" height=\"50\" border=0 \/><\/a>\n","protected":false},"excerpt":{"rendered":"<p>Nydelig og mykt forkle i sterk 180gsm kvalitet laget av 100% bomull. Forkleet er utstyrt med en komfortabel nakkestropp, slipsstropper og frontlomme. Virkelig fin milj\u00f8vennlig firmagave. [broderi] &nbsp; [bomuld_s] [fairtrade_s] &nbsp;<\/p>\n","protected":false},"featured_media":56845,"comment_status":"closed","ping_status":"closed","template":"","meta":{"_acf_changed":false},"product_cat":[3199,3437,3194,2657],"product_tag":[4053,3834,3727,3835],"class_list":{"0":"post-88282","1":"product","2":"type-product","3":"status-publish","4":"has-post-thumbnail","6":"product_cat-dummy-moq-1-no","7":"product_cat-hotell-restaurant","8":"product_cat-klimavennlige-firmagaver","9":"product_cat-nyheter","10":"product_tag-forkle","11":"product_tag-hotell-no","12":"product_tag-kjoekken","13":"product_tag-restaurering","14":"tm-has-options","16":"first","17":"instock","18":"taxable","19":"shipping-taxable","20":"purchasable","21":"product-type-simple"},"acf":[],"yoast_head":"<!-- This site is optimized with the Yoast SEO Premium plugin v21.2 (Yoast SEO v21.2) - https:\/\/yoast.com\/wordpress\/plugins\/seo\/ -->\n<title>Forkle fairtrade bomull 180 gsm - Gr\u00f8nt Kontor<\/title>\n<meta name=\"robots\" content=\"index, follow, max-snippet:-1, max-image-preview:large, max-video-preview:-1\" \/>\n<link rel=\"canonical\" href=\"https:\/\/grontkontor.dk\/no\/shop\/forkle-bomull\/\" \/>\n<meta property=\"og:locale\" content=\"en_US\" \/>\n<meta property=\"og:type\" content=\"article\" \/>\n<meta property=\"og:title\" content=\"Forkle fairtrade bomull 180 gsm\" \/>\n<meta property=\"og:description\" content=\"Nydelig og mykt forkle i sterk 180gsm kvalitet laget av 100% bomull. Forkleet er utstyrt med en komfortabel nakkestropp, slipsstropper og frontlomme. Virkelig fin milj\u00f8vennlig firmagave. [broderi] &nbsp; [bomuld_s] [fairtrade_s] &nbsp;\" \/>\n<meta property=\"og:url\" content=\"https:\/\/grontkontor.dk\/no\/shop\/forkle-bomull\/\" \/>\n<meta property=\"og:site_name\" content=\"Gr\u00f8nt Kontor\" \/>\n<meta property=\"article:publisher\" content=\"https:\/\/www.facebook.com\/grontkontor.dk\/\" \/>\n<meta property=\"og:image\" content=\"https:\/\/grontkontor.dk\/wp-content\/uploads\/2022\/02\/forklaede-fairtrade-natur.jpg\" \/>\n\t<meta property=\"og:image:width\" content=\"900\" \/>\n\t<meta property=\"og:image:height\" content=\"639\" \/>\n\t<meta property=\"og:image:type\" content=\"image\/jpeg\" \/>\n<meta name=\"twitter:card\" content=\"summary_large_image\" \/>\n<script type=\"application\/ld+json\" class=\"yoast-schema-graph\">{\"@context\":\"https:\/\/schema.org\",\"@graph\":[{\"@type\":\"WebPage\",\"@id\":\"https:\/\/grontkontor.dk\/no\/shop\/forkle-bomull\/\",\"url\":\"https:\/\/grontkontor.dk\/no\/shop\/forkle-bomull\/\",\"name\":\"Forkle fairtrade bomull 180 gsm - Gr\u00f8nt Kontor\",\"isPartOf\":{\"@id\":\"https:\/\/grontkontor.dk\/#website\"},\"datePublished\":\"2024-05-28T10:25:53+00:00\",\"dateModified\":\"2024-05-28T10:25:53+00:00\",\"breadcrumb\":{\"@id\":\"https:\/\/grontkontor.dk\/no\/shop\/forkle-bomull\/#breadcrumb\"},\"inLanguage\":\"no-NO\",\"potentialAction\":[{\"@type\":\"ReadAction\",\"target\":[\"https:\/\/grontkontor.dk\/no\/shop\/forkle-bomull\/\"]}]},{\"@type\":\"BreadcrumbList\",\"@id\":\"https:\/\/grontkontor.dk\/no\/shop\/forkle-bomull\/#breadcrumb\",\"itemListElement\":[{\"@type\":\"ListItem\",\"position\":1,\"name\":\"Forside\",\"item\":\"https:\/\/grontkontor.dk\/\"},{\"@type\":\"ListItem\",\"position\":2,\"name\":\"Butikk\",\"item\":\"https:\/\/grontkontor.dk\/no\/butikk-2\/\"},{\"@type\":\"ListItem\",\"position\":3,\"name\":\"Dummy MOQ 1\",\"item\":\"https:\/\/grontkontor.dk\/no\/produkt-kategori\/dummy-moq-1-no\/\"},{\"@type\":\"ListItem\",\"position\":4,\"name\":\"Forkle fairtrade bomull 180 gsm\"}]},{\"@type\":\"WebSite\",\"@id\":\"https:\/\/grontkontor.dk\/#website\",\"url\":\"https:\/\/grontkontor.dk\/\",\"name\":\"Gr\u00f8nt Kontor\",\"description\":\"Milj\u00f8venlige produkter til kontor og erhverv med fokus p\u00e5 b\u00e6redygtighed, design og fair trade.\",\"publisher\":{\"@id\":\"https:\/\/grontkontor.dk\/#organization\"},\"potentialAction\":[{\"@type\":\"SearchAction\",\"target\":{\"@type\":\"EntryPoint\",\"urlTemplate\":\"https:\/\/grontkontor.dk\/?s={search_term_string}\"},\"query-input\":\"required name=search_term_string\"}],\"inLanguage\":\"no-NO\"},{\"@type\":\"Organization\",\"@id\":\"https:\/\/grontkontor.dk\/#organization\",\"name\":\"Gr\u00f8nt Kontor\",\"url\":\"https:\/\/grontkontor.dk\/\",\"logo\":{\"@type\":\"ImageObject\",\"inLanguage\":\"no-NO\",\"@id\":\"https:\/\/grontkontor.dk\/#\/schema\/logo\/image\/\",\"url\":\"https:\/\/grontkontor.dk\/wp-content\/uploads\/2014\/02\/Logo_groent_kontor_300x80.png\",\"contentUrl\":\"https:\/\/grontkontor.dk\/wp-content\/uploads\/2014\/02\/Logo_groent_kontor_300x80.png\",\"width\":300,\"height\":80,\"caption\":\"Gr\u00f8nt Kontor\"},\"image\":{\"@id\":\"https:\/\/grontkontor.dk\/#\/schema\/logo\/image\/\"},\"sameAs\":[\"https:\/\/www.facebook.com\/grontkontor.dk\/\"]}]}<\/script>\n<!-- \/ Yoast SEO Premium plugin. -->","yoast_head_json":{"title":"Forkle fairtrade bomull 180 gsm - Gr\u00f8nt Kontor","robots":{"index":"index","follow":"follow","max-snippet":"max-snippet:-1","max-image-preview":"max-image-preview:large","max-video-preview":"max-video-preview:-1"},"canonical":"https:\/\/grontkontor.dk\/no\/shop\/forkle-bomull\/","og_locale":"en_US","og_type":"article","og_title":"Forkle fairtrade bomull 180 gsm","og_description":"Nydelig og mykt forkle i sterk 180gsm kvalitet laget av 100% bomull. Forkleet er utstyrt med en komfortabel nakkestropp, slipsstropper og frontlomme. Virkelig fin milj\u00f8vennlig firmagave. [broderi] &nbsp; [bomuld_s] [fairtrade_s] &nbsp;","og_url":"https:\/\/grontkontor.dk\/no\/shop\/forkle-bomull\/","og_site_name":"Gr\u00f8nt Kontor","article_publisher":"https:\/\/www.facebook.com\/grontkontor.dk\/","og_image":[{"width":900,"height":639,"url":"https:\/\/grontkontor.dk\/wp-content\/uploads\/2022\/02\/forklaede-fairtrade-natur.jpg","type":"image\/jpeg"}],"twitter_card":"summary_large_image","schema":{"@context":"https:\/\/schema.org","@graph":[{"@type":"WebPage","@id":"https:\/\/grontkontor.dk\/no\/shop\/forkle-bomull\/","url":"https:\/\/grontkontor.dk\/no\/shop\/forkle-bomull\/","name":"Forkle fairtrade bomull 180 gsm - Gr\u00f8nt Kontor","isPartOf":{"@id":"https:\/\/grontkontor.dk\/#website"},"datePublished":"2024-05-28T10:25:53+00:00","dateModified":"2024-05-28T10:25:53+00:00","breadcrumb":{"@id":"https:\/\/grontkontor.dk\/no\/shop\/forkle-bomull\/#breadcrumb"},"inLanguage":"no-NO","potentialAction":[{"@type":"ReadAction","target":["https:\/\/grontkontor.dk\/no\/shop\/forkle-bomull\/"]}]},{"@type":"BreadcrumbList","@id":"https:\/\/grontkontor.dk\/no\/shop\/forkle-bomull\/#breadcrumb","itemListElement":[{"@type":"ListItem","position":1,"name":"Forside","item":"https:\/\/grontkontor.dk\/"},{"@type":"ListItem","position":2,"name":"Butikk","item":"https:\/\/grontkontor.dk\/no\/butikk-2\/"},{"@type":"ListItem","position":3,"name":"Dummy MOQ 1","item":"https:\/\/grontkontor.dk\/no\/produkt-kategori\/dummy-moq-1-no\/"},{"@type":"ListItem","position":4,"name":"Forkle fairtrade bomull 180 gsm"}]},{"@type":"WebSite","@id":"https:\/\/grontkontor.dk\/#website","url":"https:\/\/grontkontor.dk\/","name":"Gr\u00f8nt Kontor","description":"Milj\u00f8venlige produkter til kontor og erhverv med fokus p\u00e5 b\u00e6redygtighed, design og fair trade.","publisher":{"@id":"https:\/\/grontkontor.dk\/#organization"},"potentialAction":[{"@type":"SearchAction","target":{"@type":"EntryPoint","urlTemplate":"https:\/\/grontkontor.dk\/?s={search_term_string}"},"query-input":"required name=search_term_string"}],"inLanguage":"no-NO"},{"@type":"Organization","@id":"https:\/\/grontkontor.dk\/#organization","name":"Gr\u00f8nt Kontor","url":"https:\/\/grontkontor.dk\/","logo":{"@type":"ImageObject","inLanguage":"no-NO","@id":"https:\/\/grontkontor.dk\/#\/schema\/logo\/image\/","url":"https:\/\/grontkontor.dk\/wp-content\/uploads\/2014\/02\/Logo_groent_kontor_300x80.png","contentUrl":"https:\/\/grontkontor.dk\/wp-content\/uploads\/2014\/02\/Logo_groent_kontor_300x80.png","width":300,"height":80,"caption":"Gr\u00f8nt Kontor"},"image":{"@id":"https:\/\/grontkontor.dk\/#\/schema\/logo\/image\/"},"sameAs":["https:\/\/www.facebook.com\/grontkontor.dk\/"]}]}},"_links":{"self":[{"href":"https:\/\/grontkontor.dk\/no\/wp-json\/wp\/v2\/product\/88282"}],"collection":[{"href":"https:\/\/grontkontor.dk\/no\/wp-json\/wp\/v2\/product"}],"about":[{"href":"https:\/\/grontkontor.dk\/no\/wp-json\/wp\/v2\/types\/product"}],"replies":[{"embeddable":true,"href":"https:\/\/grontkontor.dk\/no\/wp-json\/wp\/v2\/comments?post=88282"}],"wp:featuredmedia":[{"embeddable":true,"href":"https:\/\/grontkontor.dk\/no\/wp-json\/wp\/v2\/media\/56845"}],"wp:attachment":[{"href":"https:\/\/grontkontor.dk\/no\/wp-json\/wp\/v2\/media?parent=88282"}],"wp:term":[{"taxonomy":"product_cat","embeddable":true,"href":"https:\/\/grontkontor.dk\/no\/wp-json\/wp\/v2\/product_cat?post=88282"},{"taxonomy":"product_tag","embeddable":true,"href":"https:\/\/grontkontor.dk\/no\/wp-json\/wp\/v2\/product_tag?post=88282"}],"curies":[{"name":"wp","href":"https:\/\/api.w.org\/{rel}","templated":true}]}}