{"id":88450,"date":"2023-09-22T13:47:47","date_gmt":"2024-05-29T07:41:08","guid":{"rendered":"https:\/\/grontkontor.dk\/shop\/miljovennlig-shaker-sittende-rustfritt-stal\/"},"modified":"2024-06-25T10:15:29","modified_gmt":"2024-06-25T08:15:29","slug":"miljovennlig-shaker-sittende-rustfritt-stal","status":"publish","type":"product","link":"https:\/\/grontkontor.dk\/no\/shop\/miljovennlig-shaker-sittende-rustfritt-stal\/","title":{"rendered":"Rustfritt st\u00e5l Shaker Set"},"content":{"rendered":"<p>Dette deilige shakersettet er laget av rustfritt st\u00e5l, og egner seg veldig godt som en eksklusiv firmagave og til bruk i kaf\u00e9- og restaurantbransjen. Settet inneholder en 500 ml shaker, en sil og en m\u00e5lekopper.<\/p>\n<p>Produktets stilige design inviterer til flere muligheter til \u00e5 gi det et fint trykk eller bedriftens logo. Logoer kan skrives ut p\u00e5 forsiden av shakeren, foran p\u00e5 sikten, p\u00e5 sikth\u00e5ndtaket og p\u00e5 m\u00e5lebegeret.<\/p>\n<p>[staal]<\/p>\n<p>&nbsp;<\/p>\n","protected":false},"excerpt":{"rendered":"<p>Dette deilige shakersettet er laget av rustfritt st\u00e5l, og egner seg veldig godt som en eksklusiv firmagave og til bruk i kaf\u00e9- og restaurantbransjen. Settet inneholder en 500 ml shaker, en sil og en m\u00e5lekopper. Produktets stilige design inviterer til flere muligheter til \u00e5 gi det et fint trykk eller bedriftens logo. Logoer kan skrives [&hellip;]<\/p>\n","protected":false},"featured_media":56571,"comment_status":"closed","ping_status":"closed","template":"","meta":{"_acf_changed":false},"product_cat":[3199,3437,3194,2657],"product_tag":[4069,3715,4067],"class_list":{"0":"post-88450","1":"product","2":"type-product","3":"status-publish","4":"has-post-thumbnail","6":"product_cat-dummy-moq-1-no","7":"product_cat-hotell-restaurant","8":"product_cat-klimavennlige-firmagaver","9":"product_cat-nyheter","10":"product_tag-drikke-no","11":"product_tag-kalde-drikker","12":"product_tag-shaker-no","13":"tm-has-options","15":"first","16":"instock","17":"sale","18":"taxable","19":"shipping-taxable","20":"purchasable","21":"product-type-simple"},"acf":[],"yoast_head":"<!-- This site is optimized with the Yoast SEO Premium plugin v21.2 (Yoast SEO v21.2) - https:\/\/yoast.com\/wordpress\/plugins\/seo\/ -->\n<title>Rustfritt st\u00e5l Shaker Set - Gr\u00f8nt Kontor<\/title>\n<meta name=\"robots\" content=\"index, follow, max-snippet:-1, max-image-preview:large, max-video-preview:-1\" \/>\n<link rel=\"canonical\" href=\"https:\/\/grontkontor.dk\/no\/shop\/miljovennlig-shaker-sittende-rustfritt-stal\/\" \/>\n<meta property=\"og:locale\" content=\"en_US\" \/>\n<meta property=\"og:type\" content=\"article\" \/>\n<meta property=\"og:title\" content=\"Rustfritt st\u00e5l Shaker Set\" \/>\n<meta property=\"og:description\" content=\"Dette deilige shakersettet er laget av rustfritt st\u00e5l, og egner seg veldig godt som en eksklusiv firmagave og til bruk i kaf\u00e9- og restaurantbransjen. Settet inneholder en 500 ml shaker, en sil og en m\u00e5lekopper. Produktets stilige design inviterer til flere muligheter til \u00e5 gi det et fint trykk eller bedriftens logo. Logoer kan skrives [&hellip;]\" \/>\n<meta property=\"og:url\" content=\"https:\/\/grontkontor.dk\/no\/shop\/miljovennlig-shaker-sittende-rustfritt-stal\/\" \/>\n<meta property=\"og:site_name\" content=\"Gr\u00f8nt Kontor\" \/>\n<meta property=\"article:publisher\" content=\"https:\/\/www.facebook.com\/grontkontor.dk\/\" \/>\n<meta property=\"article:modified_time\" content=\"2024-06-25T08:15:29+00:00\" \/>\n<meta property=\"og:image\" content=\"https:\/\/grontkontor.dk\/wp-content\/uploads\/2022\/01\/Shakersaet.jpg\" \/>\n\t<meta property=\"og:image:width\" content=\"900\" \/>\n\t<meta property=\"og:image:height\" content=\"639\" \/>\n\t<meta property=\"og:image:type\" content=\"image\/jpeg\" \/>\n<meta name=\"twitter:card\" content=\"summary_large_image\" \/>\n<script type=\"application\/ld+json\" class=\"yoast-schema-graph\">{\"@context\":\"https:\/\/schema.org\",\"@graph\":[{\"@type\":\"WebPage\",\"@id\":\"https:\/\/grontkontor.dk\/no\/shop\/miljovennlig-shaker-sittende-rustfritt-stal\/\",\"url\":\"https:\/\/grontkontor.dk\/no\/shop\/miljovennlig-shaker-sittende-rustfritt-stal\/\",\"name\":\"Rustfritt st\u00e5l Shaker Set - Gr\u00f8nt Kontor\",\"isPartOf\":{\"@id\":\"https:\/\/grontkontor.dk\/#website\"},\"datePublished\":\"2024-05-29T07:41:08+00:00\",\"dateModified\":\"2024-06-25T08:15:29+00:00\",\"breadcrumb\":{\"@id\":\"https:\/\/grontkontor.dk\/no\/shop\/miljovennlig-shaker-sittende-rustfritt-stal\/#breadcrumb\"},\"inLanguage\":\"no-NO\",\"potentialAction\":[{\"@type\":\"ReadAction\",\"target\":[\"https:\/\/grontkontor.dk\/no\/shop\/miljovennlig-shaker-sittende-rustfritt-stal\/\"]}]},{\"@type\":\"BreadcrumbList\",\"@id\":\"https:\/\/grontkontor.dk\/no\/shop\/miljovennlig-shaker-sittende-rustfritt-stal\/#breadcrumb\",\"itemListElement\":[{\"@type\":\"ListItem\",\"position\":1,\"name\":\"Forside\",\"item\":\"https:\/\/grontkontor.dk\/\"},{\"@type\":\"ListItem\",\"position\":2,\"name\":\"Butikk\",\"item\":\"https:\/\/grontkontor.dk\/no\/butikk-2\/\"},{\"@type\":\"ListItem\",\"position\":3,\"name\":\"Dummy MOQ 1\",\"item\":\"https:\/\/grontkontor.dk\/no\/produkt-kategori\/dummy-moq-1-no\/\"},{\"@type\":\"ListItem\",\"position\":4,\"name\":\"Rustfritt st\u00e5l Shaker Set\"}]},{\"@type\":\"WebSite\",\"@id\":\"https:\/\/grontkontor.dk\/#website\",\"url\":\"https:\/\/grontkontor.dk\/\",\"name\":\"Gr\u00f8nt Kontor\",\"description\":\"Milj\u00f8venlige produkter til kontor og erhverv med fokus p\u00e5 b\u00e6redygtighed, design og fair trade.\",\"publisher\":{\"@id\":\"https:\/\/grontkontor.dk\/#organization\"},\"potentialAction\":[{\"@type\":\"SearchAction\",\"target\":{\"@type\":\"EntryPoint\",\"urlTemplate\":\"https:\/\/grontkontor.dk\/?s={search_term_string}\"},\"query-input\":\"required name=search_term_string\"}],\"inLanguage\":\"no-NO\"},{\"@type\":\"Organization\",\"@id\":\"https:\/\/grontkontor.dk\/#organization\",\"name\":\"Gr\u00f8nt Kontor\",\"url\":\"https:\/\/grontkontor.dk\/\",\"logo\":{\"@type\":\"ImageObject\",\"inLanguage\":\"no-NO\",\"@id\":\"https:\/\/grontkontor.dk\/#\/schema\/logo\/image\/\",\"url\":\"https:\/\/grontkontor.dk\/wp-content\/uploads\/2014\/02\/Logo_groent_kontor_300x80.png\",\"contentUrl\":\"https:\/\/grontkontor.dk\/wp-content\/uploads\/2014\/02\/Logo_groent_kontor_300x80.png\",\"width\":300,\"height\":80,\"caption\":\"Gr\u00f8nt Kontor\"},\"image\":{\"@id\":\"https:\/\/grontkontor.dk\/#\/schema\/logo\/image\/\"},\"sameAs\":[\"https:\/\/www.facebook.com\/grontkontor.dk\/\"]}]}<\/script>\n<!-- \/ Yoast SEO Premium plugin. -->","yoast_head_json":{"title":"Rustfritt st\u00e5l Shaker Set - Gr\u00f8nt Kontor","robots":{"index":"index","follow":"follow","max-snippet":"max-snippet:-1","max-image-preview":"max-image-preview:large","max-video-preview":"max-video-preview:-1"},"canonical":"https:\/\/grontkontor.dk\/no\/shop\/miljovennlig-shaker-sittende-rustfritt-stal\/","og_locale":"en_US","og_type":"article","og_title":"Rustfritt st\u00e5l Shaker Set","og_description":"Dette deilige shakersettet er laget av rustfritt st\u00e5l, og egner seg veldig godt som en eksklusiv firmagave og til bruk i kaf\u00e9- og restaurantbransjen. Settet inneholder en 500 ml shaker, en sil og en m\u00e5lekopper. Produktets stilige design inviterer til flere muligheter til \u00e5 gi det et fint trykk eller bedriftens logo. Logoer kan skrives [&hellip;]","og_url":"https:\/\/grontkontor.dk\/no\/shop\/miljovennlig-shaker-sittende-rustfritt-stal\/","og_site_name":"Gr\u00f8nt Kontor","article_publisher":"https:\/\/www.facebook.com\/grontkontor.dk\/","article_modified_time":"2024-06-25T08:15:29+00:00","og_image":[{"width":900,"height":639,"url":"https:\/\/grontkontor.dk\/wp-content\/uploads\/2022\/01\/Shakersaet.jpg","type":"image\/jpeg"}],"twitter_card":"summary_large_image","schema":{"@context":"https:\/\/schema.org","@graph":[{"@type":"WebPage","@id":"https:\/\/grontkontor.dk\/no\/shop\/miljovennlig-shaker-sittende-rustfritt-stal\/","url":"https:\/\/grontkontor.dk\/no\/shop\/miljovennlig-shaker-sittende-rustfritt-stal\/","name":"Rustfritt st\u00e5l Shaker Set - Gr\u00f8nt Kontor","isPartOf":{"@id":"https:\/\/grontkontor.dk\/#website"},"datePublished":"2024-05-29T07:41:08+00:00","dateModified":"2024-06-25T08:15:29+00:00","breadcrumb":{"@id":"https:\/\/grontkontor.dk\/no\/shop\/miljovennlig-shaker-sittende-rustfritt-stal\/#breadcrumb"},"inLanguage":"no-NO","potentialAction":[{"@type":"ReadAction","target":["https:\/\/grontkontor.dk\/no\/shop\/miljovennlig-shaker-sittende-rustfritt-stal\/"]}]},{"@type":"BreadcrumbList","@id":"https:\/\/grontkontor.dk\/no\/shop\/miljovennlig-shaker-sittende-rustfritt-stal\/#breadcrumb","itemListElement":[{"@type":"ListItem","position":1,"name":"Forside","item":"https:\/\/grontkontor.dk\/"},{"@type":"ListItem","position":2,"name":"Butikk","item":"https:\/\/grontkontor.dk\/no\/butikk-2\/"},{"@type":"ListItem","position":3,"name":"Dummy MOQ 1","item":"https:\/\/grontkontor.dk\/no\/produkt-kategori\/dummy-moq-1-no\/"},{"@type":"ListItem","position":4,"name":"Rustfritt st\u00e5l Shaker Set"}]},{"@type":"WebSite","@id":"https:\/\/grontkontor.dk\/#website","url":"https:\/\/grontkontor.dk\/","name":"Gr\u00f8nt Kontor","description":"Milj\u00f8venlige produkter til kontor og erhverv med fokus p\u00e5 b\u00e6redygtighed, design og fair trade.","publisher":{"@id":"https:\/\/grontkontor.dk\/#organization"},"potentialAction":[{"@type":"SearchAction","target":{"@type":"EntryPoint","urlTemplate":"https:\/\/grontkontor.dk\/?s={search_term_string}"},"query-input":"required name=search_term_string"}],"inLanguage":"no-NO"},{"@type":"Organization","@id":"https:\/\/grontkontor.dk\/#organization","name":"Gr\u00f8nt Kontor","url":"https:\/\/grontkontor.dk\/","logo":{"@type":"ImageObject","inLanguage":"no-NO","@id":"https:\/\/grontkontor.dk\/#\/schema\/logo\/image\/","url":"https:\/\/grontkontor.dk\/wp-content\/uploads\/2014\/02\/Logo_groent_kontor_300x80.png","contentUrl":"https:\/\/grontkontor.dk\/wp-content\/uploads\/2014\/02\/Logo_groent_kontor_300x80.png","width":300,"height":80,"caption":"Gr\u00f8nt Kontor"},"image":{"@id":"https:\/\/grontkontor.dk\/#\/schema\/logo\/image\/"},"sameAs":["https:\/\/www.facebook.com\/grontkontor.dk\/"]}]}},"_links":{"self":[{"href":"https:\/\/grontkontor.dk\/no\/wp-json\/wp\/v2\/product\/88450"}],"collection":[{"href":"https:\/\/grontkontor.dk\/no\/wp-json\/wp\/v2\/product"}],"about":[{"href":"https:\/\/grontkontor.dk\/no\/wp-json\/wp\/v2\/types\/product"}],"replies":[{"embeddable":true,"href":"https:\/\/grontkontor.dk\/no\/wp-json\/wp\/v2\/comments?post=88450"}],"wp:featuredmedia":[{"embeddable":true,"href":"https:\/\/grontkontor.dk\/no\/wp-json\/wp\/v2\/media\/56571"}],"wp:attachment":[{"href":"https:\/\/grontkontor.dk\/no\/wp-json\/wp\/v2\/media?parent=88450"}],"wp:term":[{"taxonomy":"product_cat","embeddable":true,"href":"https:\/\/grontkontor.dk\/no\/wp-json\/wp\/v2\/product_cat?post=88450"},{"taxonomy":"product_tag","embeddable":true,"href":"https:\/\/grontkontor.dk\/no\/wp-json\/wp\/v2\/product_tag?post=88450"}],"curies":[{"name":"wp","href":"https:\/\/api.w.org\/{rel}","templated":true}]}}