{"id":88495,"date":"2023-09-22T13:47:33","date_gmt":"2024-05-29T07:41:15","guid":{"rendered":"https:\/\/grontkontor.dk\/shop\/keramikk-a-ga-kaffekrustrykk\/"},"modified":"2024-05-29T09:41:15","modified_gmt":"2024-05-29T07:41:15","slug":"keramikk-a-ga-kaffekrustrykk","status":"publish","type":"product","link":"https:\/\/grontkontor.dk\/no\/shop\/keramikk-a-ga-kaffekrustrykk\/","title":{"rendered":"Keramikk \u00e5 g\u00e5 kaffekrus med trykk"},"content":{"rendered":"<p>Dette praktiske og milj\u00f8vennlige keramiske kruset kombinerer fordelene med det klassiske to-go-kruset med de milj\u00f8vennlige egenskapene til det konvensjonelle keramiske kruset. Lokket forhindrer s\u00f8l av innhold og holder det varmt. Med klaffen kan du ta en slurk n\u00e5r som helst. Silikondekselet beskytter hendene mot varmen fra den varme drikken. Kruset har et stort utskriftsomr\u00e5de, det lar deg designe ditt individuelle kaffe-\u00e5-g\u00e5-krus med logotrykk eller en interessant melding.<\/p>\n<p>Med keramisk trykk brennes trykket direkte p\u00e5 koppen ved ca. 850 \u00b0. Kruset og trykket t\u00e5ler derfor oppvaskmaskin i henhold til DIN 12875, og det er ogs\u00e5 ripebestandig.<br \/>\nDu velger ganske enkelt \u00e5 laste opp utskriften din, og vi vil sjekke den gjennom, og du vil deretter motta en mockup med trykk vist p\u00e5 kruset for godkjenning. Utskrifter med 1 farge er inkludert i startprisen.<\/p>\n<p>Kruset er  [food-c]<\/p>\n<p>[tryk]<\/p>\n<p>&nbsp;<\/p>\n<p>[keramik]<\/p>\n<p>&nbsp;<\/p>\n","protected":false},"excerpt":{"rendered":"<p>Dette praktiske og milj\u00f8vennlige keramiske kruset kombinerer fordelene med det klassiske to-go-kruset med de milj\u00f8vennlige egenskapene til det konvensjonelle keramiske kruset. Lokket forhindrer s\u00f8l av innhold og holder det varmt. Med klaffen kan du ta en slurk n\u00e5r som helst. Silikondekselet beskytter hendene mot varmen fra den varme drikken. Kruset har et stort utskriftsomr\u00e5de, det [&hellip;]<\/p>\n","protected":false},"featured_media":56309,"comment_status":"closed","ping_status":"closed","template":"","meta":{"_acf_changed":false},"product_cat":[3714,4396,3312,3216],"product_tag":[3838,3314],"class_list":{"0":"post-88495","1":"product","2":"type-product","3":"status-publish","4":"has-post-thumbnail","6":"product_cat-dummy-moq-250-no","7":"product_cat-krus-og-kopper-no","8":"product_cat-krus-kopper-etc","9":"product_cat-mat-og-drikke","10":"product_tag-kaffekrus-no","11":"product_tag-krus-no","12":"tm-has-options","14":"first","15":"instock","16":"taxable","17":"shipping-taxable","18":"purchasable","19":"product-type-simple"},"acf":[],"yoast_head":"<!-- This site is optimized with the Yoast SEO Premium plugin v21.2 (Yoast SEO v21.2) - https:\/\/yoast.com\/wordpress\/plugins\/seo\/ -->\n<title>Keramikk \u00e5 g\u00e5 kaffekrus med trykk - Gr\u00f8nt Kontor<\/title>\n<meta name=\"robots\" content=\"index, follow, max-snippet:-1, max-image-preview:large, max-video-preview:-1\" \/>\n<link rel=\"canonical\" href=\"https:\/\/grontkontor.dk\/no\/shop\/keramikk-a-ga-kaffekrustrykk\/\" \/>\n<meta property=\"og:locale\" content=\"en_US\" \/>\n<meta property=\"og:type\" content=\"article\" \/>\n<meta property=\"og:title\" content=\"Keramikk \u00e5 g\u00e5 kaffekrus med trykk\" \/>\n<meta property=\"og:description\" content=\"Dette praktiske og milj\u00f8vennlige keramiske kruset kombinerer fordelene med det klassiske to-go-kruset med de milj\u00f8vennlige egenskapene til det konvensjonelle keramiske kruset. Lokket forhindrer s\u00f8l av innhold og holder det varmt. Med klaffen kan du ta en slurk n\u00e5r som helst. Silikondekselet beskytter hendene mot varmen fra den varme drikken. Kruset har et stort utskriftsomr\u00e5de, det [&hellip;]\" \/>\n<meta property=\"og:url\" content=\"https:\/\/grontkontor.dk\/no\/shop\/keramikk-a-ga-kaffekrustrykk\/\" \/>\n<meta property=\"og:site_name\" content=\"Gr\u00f8nt Kontor\" \/>\n<meta property=\"article:publisher\" content=\"https:\/\/www.facebook.com\/grontkontor.dk\/\" \/>\n<meta name=\"twitter:card\" content=\"summary_large_image\" \/>\n<meta name=\"twitter:label1\" content=\"Est. reading time\" \/>\n\t<meta name=\"twitter:data1\" content=\"1 minute\" \/>\n<script type=\"application\/ld+json\" class=\"yoast-schema-graph\">{\"@context\":\"https:\/\/schema.org\",\"@graph\":[{\"@type\":\"WebPage\",\"@id\":\"https:\/\/grontkontor.dk\/no\/shop\/keramikk-a-ga-kaffekrustrykk\/\",\"url\":\"https:\/\/grontkontor.dk\/no\/shop\/keramikk-a-ga-kaffekrustrykk\/\",\"name\":\"Keramikk \u00e5 g\u00e5 kaffekrus med trykk - Gr\u00f8nt Kontor\",\"isPartOf\":{\"@id\":\"https:\/\/grontkontor.dk\/#website\"},\"datePublished\":\"2024-05-29T07:41:15+00:00\",\"dateModified\":\"2024-05-29T07:41:15+00:00\",\"breadcrumb\":{\"@id\":\"https:\/\/grontkontor.dk\/no\/shop\/keramikk-a-ga-kaffekrustrykk\/#breadcrumb\"},\"inLanguage\":\"no-NO\",\"potentialAction\":[{\"@type\":\"ReadAction\",\"target\":[\"https:\/\/grontkontor.dk\/no\/shop\/keramikk-a-ga-kaffekrustrykk\/\"]}]},{\"@type\":\"BreadcrumbList\",\"@id\":\"https:\/\/grontkontor.dk\/no\/shop\/keramikk-a-ga-kaffekrustrykk\/#breadcrumb\",\"itemListElement\":[{\"@type\":\"ListItem\",\"position\":1,\"name\":\"Forside\",\"item\":\"https:\/\/grontkontor.dk\/\"},{\"@type\":\"ListItem\",\"position\":2,\"name\":\"Butikk\",\"item\":\"https:\/\/grontkontor.dk\/no\/butikk-2\/\"},{\"@type\":\"ListItem\",\"position\":3,\"name\":\"Klimavennlige firmagaver\",\"item\":\"https:\/\/grontkontor.dk\/no\/produkt-kategori\/klimavennlige-firmagaver\/\"},{\"@type\":\"ListItem\",\"position\":4,\"name\":\"Krus og kopper\",\"item\":\"https:\/\/grontkontor.dk\/no\/produkt-kategori\/klimavennlige-firmagaver\/krus-og-kopper-no\/\"},{\"@type\":\"ListItem\",\"position\":5,\"name\":\"Keramikk \u00e5 g\u00e5 kaffekrus med trykk\"}]},{\"@type\":\"WebSite\",\"@id\":\"https:\/\/grontkontor.dk\/#website\",\"url\":\"https:\/\/grontkontor.dk\/\",\"name\":\"Gr\u00f8nt Kontor\",\"description\":\"Milj\u00f8venlige produkter til kontor og erhverv med fokus p\u00e5 b\u00e6redygtighed, design og fair trade.\",\"publisher\":{\"@id\":\"https:\/\/grontkontor.dk\/#organization\"},\"potentialAction\":[{\"@type\":\"SearchAction\",\"target\":{\"@type\":\"EntryPoint\",\"urlTemplate\":\"https:\/\/grontkontor.dk\/?s={search_term_string}\"},\"query-input\":\"required name=search_term_string\"}],\"inLanguage\":\"no-NO\"},{\"@type\":\"Organization\",\"@id\":\"https:\/\/grontkontor.dk\/#organization\",\"name\":\"Gr\u00f8nt Kontor\",\"url\":\"https:\/\/grontkontor.dk\/\",\"logo\":{\"@type\":\"ImageObject\",\"inLanguage\":\"no-NO\",\"@id\":\"https:\/\/grontkontor.dk\/#\/schema\/logo\/image\/\",\"url\":\"https:\/\/grontkontor.dk\/wp-content\/uploads\/2014\/02\/Logo_groent_kontor_300x80.png\",\"contentUrl\":\"https:\/\/grontkontor.dk\/wp-content\/uploads\/2014\/02\/Logo_groent_kontor_300x80.png\",\"width\":300,\"height\":80,\"caption\":\"Gr\u00f8nt Kontor\"},\"image\":{\"@id\":\"https:\/\/grontkontor.dk\/#\/schema\/logo\/image\/\"},\"sameAs\":[\"https:\/\/www.facebook.com\/grontkontor.dk\/\"]}]}<\/script>\n<!-- \/ Yoast SEO Premium plugin. -->","yoast_head_json":{"title":"Keramikk \u00e5 g\u00e5 kaffekrus med trykk - Gr\u00f8nt Kontor","robots":{"index":"index","follow":"follow","max-snippet":"max-snippet:-1","max-image-preview":"max-image-preview:large","max-video-preview":"max-video-preview:-1"},"canonical":"https:\/\/grontkontor.dk\/no\/shop\/keramikk-a-ga-kaffekrustrykk\/","og_locale":"en_US","og_type":"article","og_title":"Keramikk \u00e5 g\u00e5 kaffekrus med trykk","og_description":"Dette praktiske og milj\u00f8vennlige keramiske kruset kombinerer fordelene med det klassiske to-go-kruset med de milj\u00f8vennlige egenskapene til det konvensjonelle keramiske kruset. Lokket forhindrer s\u00f8l av innhold og holder det varmt. Med klaffen kan du ta en slurk n\u00e5r som helst. Silikondekselet beskytter hendene mot varmen fra den varme drikken. Kruset har et stort utskriftsomr\u00e5de, det [&hellip;]","og_url":"https:\/\/grontkontor.dk\/no\/shop\/keramikk-a-ga-kaffekrustrykk\/","og_site_name":"Gr\u00f8nt Kontor","article_publisher":"https:\/\/www.facebook.com\/grontkontor.dk\/","twitter_card":"summary_large_image","twitter_misc":{"Est. reading time":"1 minute"},"schema":{"@context":"https:\/\/schema.org","@graph":[{"@type":"WebPage","@id":"https:\/\/grontkontor.dk\/no\/shop\/keramikk-a-ga-kaffekrustrykk\/","url":"https:\/\/grontkontor.dk\/no\/shop\/keramikk-a-ga-kaffekrustrykk\/","name":"Keramikk \u00e5 g\u00e5 kaffekrus med trykk - Gr\u00f8nt Kontor","isPartOf":{"@id":"https:\/\/grontkontor.dk\/#website"},"datePublished":"2024-05-29T07:41:15+00:00","dateModified":"2024-05-29T07:41:15+00:00","breadcrumb":{"@id":"https:\/\/grontkontor.dk\/no\/shop\/keramikk-a-ga-kaffekrustrykk\/#breadcrumb"},"inLanguage":"no-NO","potentialAction":[{"@type":"ReadAction","target":["https:\/\/grontkontor.dk\/no\/shop\/keramikk-a-ga-kaffekrustrykk\/"]}]},{"@type":"BreadcrumbList","@id":"https:\/\/grontkontor.dk\/no\/shop\/keramikk-a-ga-kaffekrustrykk\/#breadcrumb","itemListElement":[{"@type":"ListItem","position":1,"name":"Forside","item":"https:\/\/grontkontor.dk\/"},{"@type":"ListItem","position":2,"name":"Butikk","item":"https:\/\/grontkontor.dk\/no\/butikk-2\/"},{"@type":"ListItem","position":3,"name":"Klimavennlige firmagaver","item":"https:\/\/grontkontor.dk\/no\/produkt-kategori\/klimavennlige-firmagaver\/"},{"@type":"ListItem","position":4,"name":"Krus og kopper","item":"https:\/\/grontkontor.dk\/no\/produkt-kategori\/klimavennlige-firmagaver\/krus-og-kopper-no\/"},{"@type":"ListItem","position":5,"name":"Keramikk \u00e5 g\u00e5 kaffekrus med trykk"}]},{"@type":"WebSite","@id":"https:\/\/grontkontor.dk\/#website","url":"https:\/\/grontkontor.dk\/","name":"Gr\u00f8nt Kontor","description":"Milj\u00f8venlige produkter til kontor og erhverv med fokus p\u00e5 b\u00e6redygtighed, design og fair trade.","publisher":{"@id":"https:\/\/grontkontor.dk\/#organization"},"potentialAction":[{"@type":"SearchAction","target":{"@type":"EntryPoint","urlTemplate":"https:\/\/grontkontor.dk\/?s={search_term_string}"},"query-input":"required name=search_term_string"}],"inLanguage":"no-NO"},{"@type":"Organization","@id":"https:\/\/grontkontor.dk\/#organization","name":"Gr\u00f8nt Kontor","url":"https:\/\/grontkontor.dk\/","logo":{"@type":"ImageObject","inLanguage":"no-NO","@id":"https:\/\/grontkontor.dk\/#\/schema\/logo\/image\/","url":"https:\/\/grontkontor.dk\/wp-content\/uploads\/2014\/02\/Logo_groent_kontor_300x80.png","contentUrl":"https:\/\/grontkontor.dk\/wp-content\/uploads\/2014\/02\/Logo_groent_kontor_300x80.png","width":300,"height":80,"caption":"Gr\u00f8nt Kontor"},"image":{"@id":"https:\/\/grontkontor.dk\/#\/schema\/logo\/image\/"},"sameAs":["https:\/\/www.facebook.com\/grontkontor.dk\/"]}]}},"_links":{"self":[{"href":"https:\/\/grontkontor.dk\/no\/wp-json\/wp\/v2\/product\/88495"}],"collection":[{"href":"https:\/\/grontkontor.dk\/no\/wp-json\/wp\/v2\/product"}],"about":[{"href":"https:\/\/grontkontor.dk\/no\/wp-json\/wp\/v2\/types\/product"}],"replies":[{"embeddable":true,"href":"https:\/\/grontkontor.dk\/no\/wp-json\/wp\/v2\/comments?post=88495"}],"wp:featuredmedia":[{"embeddable":true,"href":"https:\/\/grontkontor.dk\/no\/wp-json\/wp\/v2\/media\/56309"}],"wp:attachment":[{"href":"https:\/\/grontkontor.dk\/no\/wp-json\/wp\/v2\/media?parent=88495"}],"wp:term":[{"taxonomy":"product_cat","embeddable":true,"href":"https:\/\/grontkontor.dk\/no\/wp-json\/wp\/v2\/product_cat?post=88495"},{"taxonomy":"product_tag","embeddable":true,"href":"https:\/\/grontkontor.dk\/no\/wp-json\/wp\/v2\/product_tag?post=88495"}],"curies":[{"name":"wp","href":"https:\/\/api.w.org\/{rel}","templated":true}]}}