{"id":88519,"date":"2023-09-22T13:47:11","date_gmt":"2024-05-29T07:41:25","guid":{"rendered":"https:\/\/grontkontor.dk\/shop\/pose-mappe-resirkulert-plast-rpet\/"},"modified":"2024-06-25T12:25:42","modified_gmt":"2024-06-25T10:25:42","slug":"pose-mappe-resirkulert-plast-rpet","status":"publish","type":"product","link":"https:\/\/grontkontor.dk\/no\/shop\/pose-mappe-resirkulert-plast-rpet\/","title":{"rendered":"Veske av resirkulert plast (rPET)"},"content":{"rendered":"<p><span class=\"VIiyi\" lang=\"da\"><span class=\"JLqJ4b ChMk0b\" data-language-for-alternatives=\"da\" data-language-to-translate-into=\"en\" data-phrase-index=\"0\">Klimavennlig bag\/stresskoffert (dataveske) med urban design og full polstring.<\/span> <span class=\"JLqJ4b ChMk0b\" data-language-for-alternatives=\"da\" data-language-to-translate-into=\"en\" data-phrase-index=\"1\">  Produsert av motstandsdyktig resirkulert plast (rPET 300D), for \u00e5 oppmuntre til resirkulering av plastavfall og bidra til planetens klimavennlighet.<\/span><br \/>\n<span class=\"JLqJ4b ChMk0b\" data-language-for-alternatives=\"da\" data-language-to-translate-into=\"en\" data-phrase-index=\"4\">Komfortable og forsterkede b\u00e6reh\u00e5ndtak og justerbar skulderrem med polstring og svingbare lukkinger. <\/span><span class=\"JLqJ4b ChMk0b\" data-language-for-alternatives=\"da\" data-language-to-translate-into=\"en\" data-phrase-index=\"2\">Innebygd indre \/ b\u00e6rbar PC rom for b\u00e6rbar PC opp til 15 &#8220;.<\/span> <span class=\"JLqJ4b ChMk0b\" data-language-for-alternatives=\"da\" data-language-to-translate-into=\"en\" data-phrase-index=\"3\">Hovedlomme med glidel\u00e5s i metall og rPET-etikett p\u00e5 siden av posen.<\/span><\/span><\/p>\n<p>[rpet_s]<\/p>\n<p>&nbsp;<\/p>\n<img loading=\"lazy\" decoding=\"async\" src=\"https:\/\/grontkontor.dk\/wp-content\/uploads\/2021\/02\/genbrug.jpg\" alt=\"Fremstillet af genbrugsmaterialer\" width=\"50\" height=\"50\" class=\"size-full wp-image-23031\" srcset=\"https:\/\/grontkontor.dk\/wp-content\/uploads\/2021\/02\/genbrug.jpg 199w, https:\/\/grontkontor.dk\/wp-content\/uploads\/2021\/02\/genbrug-100x100.jpg 100w\" sizes=\"(max-width: 50px) 100vw, 50px\" \/>\n<p>&nbsp;<\/p>\n<p>&nbsp;<\/p>\n","protected":false},"excerpt":{"rendered":"<p>Klimavennlig bag\/stresskoffert (dataveske) med urban design og full polstring. Produsert av motstandsdyktig resirkulert plast (rPET 300D), for \u00e5 oppmuntre til resirkulering av plastavfall og bidra til planetens klimavennlighet. Komfortable og forsterkede b\u00e6reh\u00e5ndtak og justerbar skulderrem med polstring og svingbare lukkinger. Innebygd indre \/ b\u00e6rbar PC rom for b\u00e6rbar PC opp til 15 &#8220;. Hovedlomme med [&hellip;]<\/p>\n","protected":false},"featured_media":56204,"comment_status":"closed","ping_status":"closed","template":"","meta":{"_acf_changed":false},"product_cat":[3199,3194,4058,3539],"product_tag":[4087],"class_list":{"0":"post-88519","1":"product","2":"type-product","3":"status-publish","4":"has-post-thumbnail","6":"product_cat-dummy-moq-1-no","7":"product_cat-klimavennlige-firmagaver","8":"product_cat-laptop-vesker-og-deksler","9":"product_cat-vesker-poser-og-deksler","10":"product_tag-computer-bag","11":"tm-has-options","13":"first","14":"instock","15":"sale","16":"taxable","17":"shipping-taxable","18":"purchasable","19":"product-type-variable","20":"has-default-attributes"},"acf":[],"yoast_head":"<!-- This site is optimized with the Yoast SEO Premium plugin v21.2 (Yoast SEO v21.2) - https:\/\/yoast.com\/wordpress\/plugins\/seo\/ -->\n<title>Veske av resirkulert plast (rPET) - Gr\u00f8nt Kontor<\/title>\n<meta name=\"robots\" content=\"index, follow, max-snippet:-1, max-image-preview:large, max-video-preview:-1\" \/>\n<link rel=\"canonical\" href=\"https:\/\/grontkontor.dk\/no\/shop\/pose-mappe-resirkulert-plast-rpet\/\" \/>\n<meta property=\"og:locale\" content=\"en_US\" \/>\n<meta property=\"og:type\" content=\"article\" \/>\n<meta property=\"og:title\" content=\"Veske av resirkulert plast (rPET)\" \/>\n<meta property=\"og:description\" content=\"Klimavennlig bag\/stresskoffert (dataveske) med urban design og full polstring. Produsert av motstandsdyktig resirkulert plast (rPET 300D), for \u00e5 oppmuntre til resirkulering av plastavfall og bidra til planetens klimavennlighet. Komfortable og forsterkede b\u00e6reh\u00e5ndtak og justerbar skulderrem med polstring og svingbare lukkinger. Innebygd indre \/ b\u00e6rbar PC rom for b\u00e6rbar PC opp til 15 &#8220;. Hovedlomme med [&hellip;]\" \/>\n<meta property=\"og:url\" content=\"https:\/\/grontkontor.dk\/no\/shop\/pose-mappe-resirkulert-plast-rpet\/\" \/>\n<meta property=\"og:site_name\" content=\"Gr\u00f8nt Kontor\" \/>\n<meta property=\"article:publisher\" content=\"https:\/\/www.facebook.com\/grontkontor.dk\/\" \/>\n<meta property=\"article:modified_time\" content=\"2024-06-25T10:25:42+00:00\" \/>\n<meta property=\"og:image\" content=\"https:\/\/grontkontor.dk\/wp-content\/uploads\/2021\/09\/mappe-i-genanvendt-plast-rPET.jpg\" \/>\n\t<meta property=\"og:image:width\" content=\"900\" \/>\n\t<meta property=\"og:image:height\" content=\"639\" \/>\n\t<meta property=\"og:image:type\" content=\"image\/jpeg\" \/>\n<meta name=\"twitter:card\" content=\"summary_large_image\" \/>\n<script type=\"application\/ld+json\" class=\"yoast-schema-graph\">{\"@context\":\"https:\/\/schema.org\",\"@graph\":[{\"@type\":\"WebPage\",\"@id\":\"https:\/\/grontkontor.dk\/no\/shop\/pose-mappe-resirkulert-plast-rpet\/\",\"url\":\"https:\/\/grontkontor.dk\/no\/shop\/pose-mappe-resirkulert-plast-rpet\/\",\"name\":\"Veske av resirkulert plast (rPET) - Gr\u00f8nt Kontor\",\"isPartOf\":{\"@id\":\"https:\/\/grontkontor.dk\/#website\"},\"datePublished\":\"2024-05-29T07:41:25+00:00\",\"dateModified\":\"2024-06-25T10:25:42+00:00\",\"breadcrumb\":{\"@id\":\"https:\/\/grontkontor.dk\/no\/shop\/pose-mappe-resirkulert-plast-rpet\/#breadcrumb\"},\"inLanguage\":\"no-NO\",\"potentialAction\":[{\"@type\":\"ReadAction\",\"target\":[\"https:\/\/grontkontor.dk\/no\/shop\/pose-mappe-resirkulert-plast-rpet\/\"]}]},{\"@type\":\"BreadcrumbList\",\"@id\":\"https:\/\/grontkontor.dk\/no\/shop\/pose-mappe-resirkulert-plast-rpet\/#breadcrumb\",\"itemListElement\":[{\"@type\":\"ListItem\",\"position\":1,\"name\":\"Forside\",\"item\":\"https:\/\/grontkontor.dk\/\"},{\"@type\":\"ListItem\",\"position\":2,\"name\":\"Butikk\",\"item\":\"https:\/\/grontkontor.dk\/no\/butikk-2\/\"},{\"@type\":\"ListItem\",\"position\":3,\"name\":\"Vesker, vesker og trekk\",\"item\":\"https:\/\/grontkontor.dk\/no\/produkt-kategori\/vesker-poser-og-deksler\/\"},{\"@type\":\"ListItem\",\"position\":4,\"name\":\"Laptop vesker og deksler\",\"item\":\"https:\/\/grontkontor.dk\/no\/produkt-kategori\/vesker-poser-og-deksler\/laptop-vesker-og-deksler\/\"},{\"@type\":\"ListItem\",\"position\":5,\"name\":\"Veske av resirkulert plast (rPET)\"}]},{\"@type\":\"WebSite\",\"@id\":\"https:\/\/grontkontor.dk\/#website\",\"url\":\"https:\/\/grontkontor.dk\/\",\"name\":\"Gr\u00f8nt Kontor\",\"description\":\"Milj\u00f8venlige produkter til kontor og erhverv med fokus p\u00e5 b\u00e6redygtighed, design og fair trade.\",\"publisher\":{\"@id\":\"https:\/\/grontkontor.dk\/#organization\"},\"potentialAction\":[{\"@type\":\"SearchAction\",\"target\":{\"@type\":\"EntryPoint\",\"urlTemplate\":\"https:\/\/grontkontor.dk\/?s={search_term_string}\"},\"query-input\":\"required name=search_term_string\"}],\"inLanguage\":\"no-NO\"},{\"@type\":\"Organization\",\"@id\":\"https:\/\/grontkontor.dk\/#organization\",\"name\":\"Gr\u00f8nt Kontor\",\"url\":\"https:\/\/grontkontor.dk\/\",\"logo\":{\"@type\":\"ImageObject\",\"inLanguage\":\"no-NO\",\"@id\":\"https:\/\/grontkontor.dk\/#\/schema\/logo\/image\/\",\"url\":\"https:\/\/grontkontor.dk\/wp-content\/uploads\/2014\/02\/Logo_groent_kontor_300x80.png\",\"contentUrl\":\"https:\/\/grontkontor.dk\/wp-content\/uploads\/2014\/02\/Logo_groent_kontor_300x80.png\",\"width\":300,\"height\":80,\"caption\":\"Gr\u00f8nt Kontor\"},\"image\":{\"@id\":\"https:\/\/grontkontor.dk\/#\/schema\/logo\/image\/\"},\"sameAs\":[\"https:\/\/www.facebook.com\/grontkontor.dk\/\"]}]}<\/script>\n<!-- \/ Yoast SEO Premium plugin. -->","yoast_head_json":{"title":"Veske av resirkulert plast (rPET) - Gr\u00f8nt Kontor","robots":{"index":"index","follow":"follow","max-snippet":"max-snippet:-1","max-image-preview":"max-image-preview:large","max-video-preview":"max-video-preview:-1"},"canonical":"https:\/\/grontkontor.dk\/no\/shop\/pose-mappe-resirkulert-plast-rpet\/","og_locale":"en_US","og_type":"article","og_title":"Veske av resirkulert plast (rPET)","og_description":"Klimavennlig bag\/stresskoffert (dataveske) med urban design og full polstring. Produsert av motstandsdyktig resirkulert plast (rPET 300D), for \u00e5 oppmuntre til resirkulering av plastavfall og bidra til planetens klimavennlighet. Komfortable og forsterkede b\u00e6reh\u00e5ndtak og justerbar skulderrem med polstring og svingbare lukkinger. Innebygd indre \/ b\u00e6rbar PC rom for b\u00e6rbar PC opp til 15 &#8220;. Hovedlomme med [&hellip;]","og_url":"https:\/\/grontkontor.dk\/no\/shop\/pose-mappe-resirkulert-plast-rpet\/","og_site_name":"Gr\u00f8nt Kontor","article_publisher":"https:\/\/www.facebook.com\/grontkontor.dk\/","article_modified_time":"2024-06-25T10:25:42+00:00","og_image":[{"width":900,"height":639,"url":"https:\/\/grontkontor.dk\/wp-content\/uploads\/2021\/09\/mappe-i-genanvendt-plast-rPET.jpg","type":"image\/jpeg"}],"twitter_card":"summary_large_image","schema":{"@context":"https:\/\/schema.org","@graph":[{"@type":"WebPage","@id":"https:\/\/grontkontor.dk\/no\/shop\/pose-mappe-resirkulert-plast-rpet\/","url":"https:\/\/grontkontor.dk\/no\/shop\/pose-mappe-resirkulert-plast-rpet\/","name":"Veske av resirkulert plast (rPET) - Gr\u00f8nt Kontor","isPartOf":{"@id":"https:\/\/grontkontor.dk\/#website"},"datePublished":"2024-05-29T07:41:25+00:00","dateModified":"2024-06-25T10:25:42+00:00","breadcrumb":{"@id":"https:\/\/grontkontor.dk\/no\/shop\/pose-mappe-resirkulert-plast-rpet\/#breadcrumb"},"inLanguage":"no-NO","potentialAction":[{"@type":"ReadAction","target":["https:\/\/grontkontor.dk\/no\/shop\/pose-mappe-resirkulert-plast-rpet\/"]}]},{"@type":"BreadcrumbList","@id":"https:\/\/grontkontor.dk\/no\/shop\/pose-mappe-resirkulert-plast-rpet\/#breadcrumb","itemListElement":[{"@type":"ListItem","position":1,"name":"Forside","item":"https:\/\/grontkontor.dk\/"},{"@type":"ListItem","position":2,"name":"Butikk","item":"https:\/\/grontkontor.dk\/no\/butikk-2\/"},{"@type":"ListItem","position":3,"name":"Vesker, vesker og trekk","item":"https:\/\/grontkontor.dk\/no\/produkt-kategori\/vesker-poser-og-deksler\/"},{"@type":"ListItem","position":4,"name":"Laptop vesker og deksler","item":"https:\/\/grontkontor.dk\/no\/produkt-kategori\/vesker-poser-og-deksler\/laptop-vesker-og-deksler\/"},{"@type":"ListItem","position":5,"name":"Veske av resirkulert plast (rPET)"}]},{"@type":"WebSite","@id":"https:\/\/grontkontor.dk\/#website","url":"https:\/\/grontkontor.dk\/","name":"Gr\u00f8nt Kontor","description":"Milj\u00f8venlige produkter til kontor og erhverv med fokus p\u00e5 b\u00e6redygtighed, design og fair trade.","publisher":{"@id":"https:\/\/grontkontor.dk\/#organization"},"potentialAction":[{"@type":"SearchAction","target":{"@type":"EntryPoint","urlTemplate":"https:\/\/grontkontor.dk\/?s={search_term_string}"},"query-input":"required name=search_term_string"}],"inLanguage":"no-NO"},{"@type":"Organization","@id":"https:\/\/grontkontor.dk\/#organization","name":"Gr\u00f8nt Kontor","url":"https:\/\/grontkontor.dk\/","logo":{"@type":"ImageObject","inLanguage":"no-NO","@id":"https:\/\/grontkontor.dk\/#\/schema\/logo\/image\/","url":"https:\/\/grontkontor.dk\/wp-content\/uploads\/2014\/02\/Logo_groent_kontor_300x80.png","contentUrl":"https:\/\/grontkontor.dk\/wp-content\/uploads\/2014\/02\/Logo_groent_kontor_300x80.png","width":300,"height":80,"caption":"Gr\u00f8nt Kontor"},"image":{"@id":"https:\/\/grontkontor.dk\/#\/schema\/logo\/image\/"},"sameAs":["https:\/\/www.facebook.com\/grontkontor.dk\/"]}]}},"_links":{"self":[{"href":"https:\/\/grontkontor.dk\/no\/wp-json\/wp\/v2\/product\/88519"}],"collection":[{"href":"https:\/\/grontkontor.dk\/no\/wp-json\/wp\/v2\/product"}],"about":[{"href":"https:\/\/grontkontor.dk\/no\/wp-json\/wp\/v2\/types\/product"}],"replies":[{"embeddable":true,"href":"https:\/\/grontkontor.dk\/no\/wp-json\/wp\/v2\/comments?post=88519"}],"wp:featuredmedia":[{"embeddable":true,"href":"https:\/\/grontkontor.dk\/no\/wp-json\/wp\/v2\/media\/56204"}],"wp:attachment":[{"href":"https:\/\/grontkontor.dk\/no\/wp-json\/wp\/v2\/media?parent=88519"}],"wp:term":[{"taxonomy":"product_cat","embeddable":true,"href":"https:\/\/grontkontor.dk\/no\/wp-json\/wp\/v2\/product_cat?post=88519"},{"taxonomy":"product_tag","embeddable":true,"href":"https:\/\/grontkontor.dk\/no\/wp-json\/wp\/v2\/product_tag?post=88519"}],"curies":[{"name":"wp","href":"https:\/\/api.w.org\/{rel}","templated":true}]}}