{"id":88608,"date":"2023-09-22T13:46:46","date_gmt":"2024-05-29T07:52:04","guid":{"rendered":"https:\/\/grontkontor.dk\/shop\/plante-gave-fargerike-mini-blomst-baller\/"},"modified":"2024-05-29T09:52:04","modified_gmt":"2024-05-29T07:52:04","slug":"plante-gave-fargerike-mini-blomst-baller","status":"publish","type":"product","link":"https:\/\/grontkontor.dk\/no\/shop\/plante-gave-fargerike-mini-blomst-baller\/","title":{"rendered":"Fargerike mini blomsterkuler"},"content":{"rendered":"<div class=\"pk_content\">\n<div align=\"left\"><span class=\"VIiyi\" lang=\"da\"><span class=\"JLqJ4b\" data-language-for-alternatives=\"da\" data-language-to-translate-into=\"en\" data-phrase-index=\"0\">Sm\u00e5 fr\u00f8kuler best\u00e5ende av ca. 20 forskjellige villblomsterfr\u00f8, jord- og leirepulver, farget p\u00e5 utsiden med fargepulver godkjent for mat i bl\u00e5tt, gr\u00f8nt, gult og r\u00f8dt.<br \/>\nDe klimavennlige ballene er laget av 100% naturlig maisstivelse og konditorfarge, og de er gluten- og allergenfrie.  <\/span><\/span><span class=\"VIiyi\" lang=\"da\"><span class=\"JLqJ4b ChMk0b\" data-language-for-alternatives=\"da\" data-language-to-translate-into=\"en\" data-phrase-index=\"2\">Ballene er spredt tilfeldig og direkte p\u00e5 bakken. Plantering er ikke n\u00f8dvendig.<br \/>\nPosen inneholder 5 baller som er<\/span><\/span><span class=\"VIiyi\" lang=\"da\"><span class=\"JLqJ4b ChMk0b\" data-language-for-alternatives=\"da\" data-language-to-translate-into=\"en\" data-phrase-index=\"2\">  fargesortert og pakket i poser.  <\/span><\/span><\/div>\n<div align=\"left\"><span class=\"VIiyi\" lang=\"da\"><span class=\"JLqJ4b\" data-language-for-alternatives=\"da\" data-language-to-translate-into=\"en\" data-phrase-index=\"0\"><br \/>\nUtskriftsomr\u00e5de: Ca. 8,1 x 9,0 cm<br \/>\n<span class=\"JLqJ4b ChMk0b\" data-language-for-alternatives=\"da\" data-language-to-translate-into=\"en\" data-phrase-index=\"28\">Minimumsbestilling: <\/span><span class=\"JLqJ4b ChMk0b\" data-language-for-alternatives=\"da\" data-language-to-translate-into=\"en\" data-phrase-index=\"30\">50 stk.<\/span><br \/>\n<\/span><\/span><\/div>\n<\/div>\n<div align=\"left\">[tryk]<\/div>\n<div align=\"left\"><\/div>\n<div align=\"left\"><img loading=\"lazy\" decoding=\"async\" class=\"size-medium wp-image-21008\" src=\"https:\/\/grontkontor.dk\/wp-content\/uploads\/2020\/11\/eu-flag_1-300x199.jpg\" alt=\"Fremstillet i EU\" width=\"76\" height=\"50\" srcset=\"https:\/\/grontkontor.dk\/wp-content\/uploads\/2020\/11\/eu-flag_1-300x199.jpg 300w, https:\/\/grontkontor.dk\/wp-content\/uploads\/2020\/11\/eu-flag_1.jpg 530w\" sizes=\"(max-width: 76px) 100vw, 76px\" \/><\/div>\n","protected":false},"excerpt":{"rendered":"<p>Sm\u00e5 fr\u00f8kuler best\u00e5ende av ca. 20 forskjellige villblomsterfr\u00f8, jord- og leirepulver, farget p\u00e5 utsiden med fargepulver godkjent for mat i bl\u00e5tt, gr\u00f8nt, gult og r\u00f8dt. De klimavennlige ballene er laget av 100% naturlig maisstivelse og konditorfarge, og de er gluten- og allergenfrie. Ballene er spredt tilfeldig og direkte p\u00e5 bakken. Plantering er ikke n\u00f8dvendig. Posen [&hellip;]<\/p>\n","protected":false},"featured_media":55987,"comment_status":"closed","ping_status":"closed","template":"","meta":{"_acf_changed":false},"product_cat":[3194,3652,3195],"product_tag":[3943,3654],"class_list":{"0":"post-88608","1":"product","2":"type-product","3":"status-publish","4":"has-post-thumbnail","6":"product_cat-klimavennlige-firmagaver","7":"product_cat-plant-gaver","8":"product_cat-produktserier","9":"product_tag-blomsterpotte","10":"product_tag-plant-gave","11":"tm-has-options","13":"first","14":"instock","15":"taxable","16":"shipping-taxable","17":"purchasable","18":"product-type-simple"},"acf":[],"yoast_head":"<!-- This site is optimized with the Yoast SEO Premium plugin v21.2 (Yoast SEO v21.2) - https:\/\/yoast.com\/wordpress\/plugins\/seo\/ -->\n<title>Fargerike mini blomsterkuler - Gr\u00f8nt Kontor<\/title>\n<meta name=\"robots\" content=\"index, follow, max-snippet:-1, max-image-preview:large, max-video-preview:-1\" \/>\n<link rel=\"canonical\" href=\"https:\/\/grontkontor.dk\/no\/shop\/plante-gave-fargerike-mini-blomst-baller\/\" \/>\n<meta property=\"og:locale\" content=\"en_US\" \/>\n<meta property=\"og:type\" content=\"article\" \/>\n<meta property=\"og:title\" content=\"Fargerike mini blomsterkuler\" \/>\n<meta property=\"og:description\" content=\"Sm\u00e5 fr\u00f8kuler best\u00e5ende av ca. 20 forskjellige villblomsterfr\u00f8, jord- og leirepulver, farget p\u00e5 utsiden med fargepulver godkjent for mat i bl\u00e5tt, gr\u00f8nt, gult og r\u00f8dt. De klimavennlige ballene er laget av 100% naturlig maisstivelse og konditorfarge, og de er gluten- og allergenfrie. Ballene er spredt tilfeldig og direkte p\u00e5 bakken. Plantering er ikke n\u00f8dvendig. Posen [&hellip;]\" \/>\n<meta property=\"og:url\" content=\"https:\/\/grontkontor.dk\/no\/shop\/plante-gave-fargerike-mini-blomst-baller\/\" \/>\n<meta property=\"og:site_name\" content=\"Gr\u00f8nt Kontor\" \/>\n<meta property=\"article:publisher\" content=\"https:\/\/www.facebook.com\/grontkontor.dk\/\" \/>\n<meta property=\"og:image\" content=\"https:\/\/grontkontor.dk\/wp-content\/uploads\/2021\/09\/Farverige-mini-blomsterbolde-posebolde.jpg\" \/>\n\t<meta property=\"og:image:width\" content=\"900\" \/>\n\t<meta property=\"og:image:height\" content=\"639\" \/>\n\t<meta property=\"og:image:type\" content=\"image\/jpeg\" \/>\n<meta name=\"twitter:card\" content=\"summary_large_image\" \/>\n<script type=\"application\/ld+json\" class=\"yoast-schema-graph\">{\"@context\":\"https:\/\/schema.org\",\"@graph\":[{\"@type\":\"WebPage\",\"@id\":\"https:\/\/grontkontor.dk\/no\/shop\/plante-gave-fargerike-mini-blomst-baller\/\",\"url\":\"https:\/\/grontkontor.dk\/no\/shop\/plante-gave-fargerike-mini-blomst-baller\/\",\"name\":\"Fargerike mini blomsterkuler - Gr\u00f8nt Kontor\",\"isPartOf\":{\"@id\":\"https:\/\/grontkontor.dk\/#website\"},\"datePublished\":\"2024-05-29T07:52:04+00:00\",\"dateModified\":\"2024-05-29T07:52:04+00:00\",\"breadcrumb\":{\"@id\":\"https:\/\/grontkontor.dk\/no\/shop\/plante-gave-fargerike-mini-blomst-baller\/#breadcrumb\"},\"inLanguage\":\"no-NO\",\"potentialAction\":[{\"@type\":\"ReadAction\",\"target\":[\"https:\/\/grontkontor.dk\/no\/shop\/plante-gave-fargerike-mini-blomst-baller\/\"]}]},{\"@type\":\"BreadcrumbList\",\"@id\":\"https:\/\/grontkontor.dk\/no\/shop\/plante-gave-fargerike-mini-blomst-baller\/#breadcrumb\",\"itemListElement\":[{\"@type\":\"ListItem\",\"position\":1,\"name\":\"Forside\",\"item\":\"https:\/\/grontkontor.dk\/\"},{\"@type\":\"ListItem\",\"position\":2,\"name\":\"Butikk\",\"item\":\"https:\/\/grontkontor.dk\/no\/butikk-2\/\"},{\"@type\":\"ListItem\",\"position\":3,\"name\":\"Produktserier\",\"item\":\"https:\/\/grontkontor.dk\/produkt-kategori\/produktserier-da\/\"},{\"@type\":\"ListItem\",\"position\":4,\"name\":\"Plantegaver\",\"item\":\"https:\/\/grontkontor.dk\/produkt-kategori\/produktserier-da\/plantegaver\/\"},{\"@type\":\"ListItem\",\"position\":5,\"name\":\"Fargerike mini blomsterkuler\"}]},{\"@type\":\"WebSite\",\"@id\":\"https:\/\/grontkontor.dk\/#website\",\"url\":\"https:\/\/grontkontor.dk\/\",\"name\":\"Gr\u00f8nt Kontor\",\"description\":\"Milj\u00f8venlige produkter til kontor og erhverv med fokus p\u00e5 b\u00e6redygtighed, design og fair trade.\",\"publisher\":{\"@id\":\"https:\/\/grontkontor.dk\/#organization\"},\"potentialAction\":[{\"@type\":\"SearchAction\",\"target\":{\"@type\":\"EntryPoint\",\"urlTemplate\":\"https:\/\/grontkontor.dk\/?s={search_term_string}\"},\"query-input\":\"required name=search_term_string\"}],\"inLanguage\":\"no-NO\"},{\"@type\":\"Organization\",\"@id\":\"https:\/\/grontkontor.dk\/#organization\",\"name\":\"Gr\u00f8nt Kontor\",\"url\":\"https:\/\/grontkontor.dk\/\",\"logo\":{\"@type\":\"ImageObject\",\"inLanguage\":\"no-NO\",\"@id\":\"https:\/\/grontkontor.dk\/#\/schema\/logo\/image\/\",\"url\":\"https:\/\/grontkontor.dk\/wp-content\/uploads\/2014\/02\/Logo_groent_kontor_300x80.png\",\"contentUrl\":\"https:\/\/grontkontor.dk\/wp-content\/uploads\/2014\/02\/Logo_groent_kontor_300x80.png\",\"width\":300,\"height\":80,\"caption\":\"Gr\u00f8nt Kontor\"},\"image\":{\"@id\":\"https:\/\/grontkontor.dk\/#\/schema\/logo\/image\/\"},\"sameAs\":[\"https:\/\/www.facebook.com\/grontkontor.dk\/\"]}]}<\/script>\n<!-- \/ Yoast SEO Premium plugin. -->","yoast_head_json":{"title":"Fargerike mini blomsterkuler - Gr\u00f8nt Kontor","robots":{"index":"index","follow":"follow","max-snippet":"max-snippet:-1","max-image-preview":"max-image-preview:large","max-video-preview":"max-video-preview:-1"},"canonical":"https:\/\/grontkontor.dk\/no\/shop\/plante-gave-fargerike-mini-blomst-baller\/","og_locale":"en_US","og_type":"article","og_title":"Fargerike mini blomsterkuler","og_description":"Sm\u00e5 fr\u00f8kuler best\u00e5ende av ca. 20 forskjellige villblomsterfr\u00f8, jord- og leirepulver, farget p\u00e5 utsiden med fargepulver godkjent for mat i bl\u00e5tt, gr\u00f8nt, gult og r\u00f8dt. De klimavennlige ballene er laget av 100% naturlig maisstivelse og konditorfarge, og de er gluten- og allergenfrie. Ballene er spredt tilfeldig og direkte p\u00e5 bakken. Plantering er ikke n\u00f8dvendig. Posen [&hellip;]","og_url":"https:\/\/grontkontor.dk\/no\/shop\/plante-gave-fargerike-mini-blomst-baller\/","og_site_name":"Gr\u00f8nt Kontor","article_publisher":"https:\/\/www.facebook.com\/grontkontor.dk\/","og_image":[{"width":900,"height":639,"url":"https:\/\/grontkontor.dk\/wp-content\/uploads\/2021\/09\/Farverige-mini-blomsterbolde-posebolde.jpg","type":"image\/jpeg"}],"twitter_card":"summary_large_image","schema":{"@context":"https:\/\/schema.org","@graph":[{"@type":"WebPage","@id":"https:\/\/grontkontor.dk\/no\/shop\/plante-gave-fargerike-mini-blomst-baller\/","url":"https:\/\/grontkontor.dk\/no\/shop\/plante-gave-fargerike-mini-blomst-baller\/","name":"Fargerike mini blomsterkuler - Gr\u00f8nt Kontor","isPartOf":{"@id":"https:\/\/grontkontor.dk\/#website"},"datePublished":"2024-05-29T07:52:04+00:00","dateModified":"2024-05-29T07:52:04+00:00","breadcrumb":{"@id":"https:\/\/grontkontor.dk\/no\/shop\/plante-gave-fargerike-mini-blomst-baller\/#breadcrumb"},"inLanguage":"no-NO","potentialAction":[{"@type":"ReadAction","target":["https:\/\/grontkontor.dk\/no\/shop\/plante-gave-fargerike-mini-blomst-baller\/"]}]},{"@type":"BreadcrumbList","@id":"https:\/\/grontkontor.dk\/no\/shop\/plante-gave-fargerike-mini-blomst-baller\/#breadcrumb","itemListElement":[{"@type":"ListItem","position":1,"name":"Forside","item":"https:\/\/grontkontor.dk\/"},{"@type":"ListItem","position":2,"name":"Butikk","item":"https:\/\/grontkontor.dk\/no\/butikk-2\/"},{"@type":"ListItem","position":3,"name":"Produktserier","item":"https:\/\/grontkontor.dk\/produkt-kategori\/produktserier-da\/"},{"@type":"ListItem","position":4,"name":"Plantegaver","item":"https:\/\/grontkontor.dk\/produkt-kategori\/produktserier-da\/plantegaver\/"},{"@type":"ListItem","position":5,"name":"Fargerike mini blomsterkuler"}]},{"@type":"WebSite","@id":"https:\/\/grontkontor.dk\/#website","url":"https:\/\/grontkontor.dk\/","name":"Gr\u00f8nt Kontor","description":"Milj\u00f8venlige produkter til kontor og erhverv med fokus p\u00e5 b\u00e6redygtighed, design og fair trade.","publisher":{"@id":"https:\/\/grontkontor.dk\/#organization"},"potentialAction":[{"@type":"SearchAction","target":{"@type":"EntryPoint","urlTemplate":"https:\/\/grontkontor.dk\/?s={search_term_string}"},"query-input":"required name=search_term_string"}],"inLanguage":"no-NO"},{"@type":"Organization","@id":"https:\/\/grontkontor.dk\/#organization","name":"Gr\u00f8nt Kontor","url":"https:\/\/grontkontor.dk\/","logo":{"@type":"ImageObject","inLanguage":"no-NO","@id":"https:\/\/grontkontor.dk\/#\/schema\/logo\/image\/","url":"https:\/\/grontkontor.dk\/wp-content\/uploads\/2014\/02\/Logo_groent_kontor_300x80.png","contentUrl":"https:\/\/grontkontor.dk\/wp-content\/uploads\/2014\/02\/Logo_groent_kontor_300x80.png","width":300,"height":80,"caption":"Gr\u00f8nt Kontor"},"image":{"@id":"https:\/\/grontkontor.dk\/#\/schema\/logo\/image\/"},"sameAs":["https:\/\/www.facebook.com\/grontkontor.dk\/"]}]}},"_links":{"self":[{"href":"https:\/\/grontkontor.dk\/no\/wp-json\/wp\/v2\/product\/88608"}],"collection":[{"href":"https:\/\/grontkontor.dk\/no\/wp-json\/wp\/v2\/product"}],"about":[{"href":"https:\/\/grontkontor.dk\/no\/wp-json\/wp\/v2\/types\/product"}],"replies":[{"embeddable":true,"href":"https:\/\/grontkontor.dk\/no\/wp-json\/wp\/v2\/comments?post=88608"}],"wp:featuredmedia":[{"embeddable":true,"href":"https:\/\/grontkontor.dk\/no\/wp-json\/wp\/v2\/media\/55987"}],"wp:attachment":[{"href":"https:\/\/grontkontor.dk\/no\/wp-json\/wp\/v2\/media?parent=88608"}],"wp:term":[{"taxonomy":"product_cat","embeddable":true,"href":"https:\/\/grontkontor.dk\/no\/wp-json\/wp\/v2\/product_cat?post=88608"},{"taxonomy":"product_tag","embeddable":true,"href":"https:\/\/grontkontor.dk\/no\/wp-json\/wp\/v2\/product_tag?post=88608"}],"curies":[{"name":"wp","href":"https:\/\/api.w.org\/{rel}","templated":true}]}}