{"id":88621,"date":"2023-09-22T13:45:44","date_gmt":"2024-05-29T07:52:05","guid":{"rendered":"https:\/\/grontkontor.dk\/shop\/plant-gave-i-boblen-papp\/"},"modified":"2024-05-29T09:52:05","modified_gmt":"2024-05-29T07:52:05","slug":"plant-gave-i-boblen-papp","status":"publish","type":"product","link":"https:\/\/grontkontor.dk\/no\/shop\/plant-gave-i-boblen-papp\/","title":{"rendered":"Plantegave i b\u00f8lgepapp"},"content":{"rendered":"<p><span class=\"VIiyi\" lang=\"da\"><span class=\"JLqJ4b ChMk0b\" data-language-for-alternatives=\"da\" data-language-to-translate-into=\"en\" data-phrase-index=\"2\">Klimavennlige gr\u00f8nne planter i en eske laget av resirkulert b\u00f8lgepapp og med<\/span><span class=\"JLqJ4b ChMk0b\" data-language-for-alternatives=\"da\" data-language-to-translate-into=\"en\" data-phrase-index=\"3\">l-ogo-trykk p\u00e5 omkringliggende papirb\u00e5nd.<\/span> <span class=\"JLqJ4b ChMk0b\" data-language-for-alternatives=\"da\" data-language-to-translate-into=\"en\" data-phrase-index=\"4\">Om \u00f8nskelig er det ogs\u00e5 ekstra plass til promotering p\u00e5 et klistremerke p\u00e5 siden av b\u00f8lgepappen. Fr\u00f8typer: Solsikke, sommerblomst, karse, ringblomst, urteblanding, chili, gress, tusenfryd, persisk kl\u00f8ver (fr\u00f8), firkl\u00f8ver, basilikum, gran, forglemmegei, timian, merian. V\u00e6r oppmerksom p\u00e5 tilleggsavgifter p\u00e5 andre typer fr\u00f8 p\u00e5 foresp\u00f8rsel.<br \/>\n<\/span><\/span>Utskriftsomr\u00e5de: <span class=\"JLqJ4b ChMk0b\" data-language-for-alternatives=\"da\" data-language-to-translate-into=\"en\" data-phrase-index=\"18\">Papirb\u00e5nd: Ca.<\/span> <span class=\"JLqJ4b ChMk0b\" data-language-for-alternatives=\"da\" data-language-to-translate-into=\"en\" data-phrase-index=\"19\">26,0 x 6,0 cm og p\u00e5 hvert<\/span><span class=\"JLqJ4b ChMk0b\" data-language-for-alternatives=\"da\" data-language-to-translate-into=\"en\" data-phrase-index=\"21\">klistremerke: Ca.<\/span> <span class=\"JLqJ4b ChMk0b\" data-language-for-alternatives=\"da\" data-language-to-translate-into=\"en\" data-phrase-index=\"22\">4,2 x 4,2 cm<br \/>\nDigitalt trykk med 4 farger og med <\/span><span class=\"JLqJ4b ChMk0b\" data-language-for-alternatives=\"da\" data-language-to-translate-into=\"en\" data-phrase-index=\"28\">en minimumsbestilling p\u00e5 <\/span><span class=\"JLqJ4b ChMk0b\" data-language-for-alternatives=\"da\" data-language-to-translate-into=\"en\" data-phrase-index=\"30\">250 stk.<\/span> \/ <span class=\"VIiyi\" lang=\"da\"><span class=\"JLqJ4b ChMk0b\" data-language-for-alternatives=\"da\" data-language-to-translate-into=\"en\" data-phrase-index=\"0\">Pris inkl.<\/span> <span class=\"JLqJ4b ChMk0b\" data-language-for-alternatives=\"da\" data-language-to-translate-into=\"en\" data-phrase-index=\"1\">digitaltrykk p\u00e5 papirtape med en layout<\/span><\/span><\/p>\n<div align=\"left\">[papir] [tryk]<\/div>\n<div align=\"left\"><\/div>\n<div align=\"left\"><\/div>\n<div align=\"left\"><img loading=\"lazy\" decoding=\"async\" src=\"https:\/\/grontkontor.dk\/wp-content\/uploads\/2021\/02\/genbrug.jpg\" alt=\"Fremstillet af genbrugsmaterialer\" width=\"50\" height=\"50\" class=\"size-full wp-image-23031\" srcset=\"https:\/\/grontkontor.dk\/wp-content\/uploads\/2021\/02\/genbrug.jpg 199w, https:\/\/grontkontor.dk\/wp-content\/uploads\/2021\/02\/genbrug-100x100.jpg 100w\" sizes=\"(max-width: 50px) 100vw, 50px\" \/><img loading=\"lazy\" decoding=\"async\" class=\"size-medium wp-image-21008\" src=\"https:\/\/grontkontor.dk\/wp-content\/uploads\/2020\/11\/eu-flag_1-300x199.jpg\" alt=\"Fremstillet i EU\" width=\"76\" height=\"50\" srcset=\"https:\/\/grontkontor.dk\/wp-content\/uploads\/2020\/11\/eu-flag_1-300x199.jpg 300w, https:\/\/grontkontor.dk\/wp-content\/uploads\/2020\/11\/eu-flag_1.jpg 530w\" sizes=\"(max-width: 76px) 100vw, 76px\" \/><\/div>\n","protected":false},"excerpt":{"rendered":"<p>Klimavennlige gr\u00f8nne planter i en eske laget av resirkulert b\u00f8lgepapp og medl-ogo-trykk p\u00e5 omkringliggende papirb\u00e5nd. Om \u00f8nskelig er det ogs\u00e5 ekstra plass til promotering p\u00e5 et klistremerke p\u00e5 siden av b\u00f8lgepappen. Fr\u00f8typer: Solsikke, sommerblomst, karse, ringblomst, urteblanding, chili, gress, tusenfryd, persisk kl\u00f8ver (fr\u00f8), firkl\u00f8ver, basilikum, gran, forglemmegei, timian, merian. V\u00e6r oppmerksom p\u00e5 tilleggsavgifter p\u00e5 andre [&hellip;]<\/p>\n","protected":false},"featured_media":55991,"comment_status":"closed","ping_status":"closed","template":"","meta":{"_acf_changed":false},"product_cat":[3225,3194,3652,3195],"product_tag":[3943,3654],"class_list":{"0":"post-88621","1":"product","2":"type-product","3":"status-publish","4":"has-post-thumbnail","6":"product_cat-dummy-moq-10-50-no","7":"product_cat-klimavennlige-firmagaver","8":"product_cat-plant-gaver","9":"product_cat-produktserier","10":"product_tag-blomsterpotte","11":"product_tag-plant-gave","12":"tm-no-options","14":"first","15":"instock","16":"taxable","17":"shipping-taxable","18":"purchasable","19":"product-type-variable"},"acf":[],"yoast_head":"<!-- This site is optimized with the Yoast SEO Premium plugin v21.2 (Yoast SEO v21.2) - https:\/\/yoast.com\/wordpress\/plugins\/seo\/ -->\n<title>Plantegave i b\u00f8lgepapp - Gr\u00f8nt Kontor<\/title>\n<meta name=\"robots\" content=\"index, follow, max-snippet:-1, max-image-preview:large, max-video-preview:-1\" \/>\n<link rel=\"canonical\" href=\"https:\/\/grontkontor.dk\/no\/shop\/plant-gave-i-boblen-papp\/\" \/>\n<meta property=\"og:locale\" content=\"en_US\" \/>\n<meta property=\"og:type\" content=\"article\" \/>\n<meta property=\"og:title\" content=\"Plantegave i b\u00f8lgepapp\" \/>\n<meta property=\"og:description\" content=\"Klimavennlige gr\u00f8nne planter i en eske laget av resirkulert b\u00f8lgepapp og medl-ogo-trykk p\u00e5 omkringliggende papirb\u00e5nd. Om \u00f8nskelig er det ogs\u00e5 ekstra plass til promotering p\u00e5 et klistremerke p\u00e5 siden av b\u00f8lgepappen. Fr\u00f8typer: Solsikke, sommerblomst, karse, ringblomst, urteblanding, chili, gress, tusenfryd, persisk kl\u00f8ver (fr\u00f8), firkl\u00f8ver, basilikum, gran, forglemmegei, timian, merian. V\u00e6r oppmerksom p\u00e5 tilleggsavgifter p\u00e5 andre [&hellip;]\" \/>\n<meta property=\"og:url\" content=\"https:\/\/grontkontor.dk\/no\/shop\/plant-gave-i-boblen-papp\/\" \/>\n<meta property=\"og:site_name\" content=\"Gr\u00f8nt Kontor\" \/>\n<meta property=\"article:publisher\" content=\"https:\/\/www.facebook.com\/grontkontor.dk\/\" \/>\n<meta property=\"og:image\" content=\"https:\/\/grontkontor.dk\/wp-content\/uploads\/2021\/09\/Plantegave-i-boelgepap-flere.jpg\" \/>\n\t<meta property=\"og:image:width\" content=\"900\" \/>\n\t<meta property=\"og:image:height\" content=\"639\" \/>\n\t<meta property=\"og:image:type\" content=\"image\/jpeg\" \/>\n<meta name=\"twitter:card\" content=\"summary_large_image\" \/>\n<meta name=\"twitter:label1\" content=\"Est. reading time\" \/>\n\t<meta name=\"twitter:data1\" content=\"1 minute\" \/>\n<script type=\"application\/ld+json\" class=\"yoast-schema-graph\">{\"@context\":\"https:\/\/schema.org\",\"@graph\":[{\"@type\":\"WebPage\",\"@id\":\"https:\/\/grontkontor.dk\/no\/shop\/plant-gave-i-boblen-papp\/\",\"url\":\"https:\/\/grontkontor.dk\/no\/shop\/plant-gave-i-boblen-papp\/\",\"name\":\"Plantegave i b\u00f8lgepapp - Gr\u00f8nt Kontor\",\"isPartOf\":{\"@id\":\"https:\/\/grontkontor.dk\/#website\"},\"datePublished\":\"2024-05-29T07:52:05+00:00\",\"dateModified\":\"2024-05-29T07:52:05+00:00\",\"breadcrumb\":{\"@id\":\"https:\/\/grontkontor.dk\/no\/shop\/plant-gave-i-boblen-papp\/#breadcrumb\"},\"inLanguage\":\"no-NO\",\"potentialAction\":[{\"@type\":\"ReadAction\",\"target\":[\"https:\/\/grontkontor.dk\/no\/shop\/plant-gave-i-boblen-papp\/\"]}]},{\"@type\":\"BreadcrumbList\",\"@id\":\"https:\/\/grontkontor.dk\/no\/shop\/plant-gave-i-boblen-papp\/#breadcrumb\",\"itemListElement\":[{\"@type\":\"ListItem\",\"position\":1,\"name\":\"Forside\",\"item\":\"https:\/\/grontkontor.dk\/\"},{\"@type\":\"ListItem\",\"position\":2,\"name\":\"Butikk\",\"item\":\"https:\/\/grontkontor.dk\/no\/butikk-2\/\"},{\"@type\":\"ListItem\",\"position\":3,\"name\":\"Klimavenlige firmagaver\",\"item\":\"https:\/\/grontkontor.dk\/produkt-kategori\/klimavenlige-firmagaver\/\"},{\"@type\":\"ListItem\",\"position\":4,\"name\":\"Plantegave i b\u00f8lgepapp\"}]},{\"@type\":\"WebSite\",\"@id\":\"https:\/\/grontkontor.dk\/#website\",\"url\":\"https:\/\/grontkontor.dk\/\",\"name\":\"Gr\u00f8nt Kontor\",\"description\":\"Milj\u00f8venlige produkter til kontor og erhverv med fokus p\u00e5 b\u00e6redygtighed, design og fair trade.\",\"publisher\":{\"@id\":\"https:\/\/grontkontor.dk\/#organization\"},\"potentialAction\":[{\"@type\":\"SearchAction\",\"target\":{\"@type\":\"EntryPoint\",\"urlTemplate\":\"https:\/\/grontkontor.dk\/?s={search_term_string}\"},\"query-input\":\"required name=search_term_string\"}],\"inLanguage\":\"no-NO\"},{\"@type\":\"Organization\",\"@id\":\"https:\/\/grontkontor.dk\/#organization\",\"name\":\"Gr\u00f8nt Kontor\",\"url\":\"https:\/\/grontkontor.dk\/\",\"logo\":{\"@type\":\"ImageObject\",\"inLanguage\":\"no-NO\",\"@id\":\"https:\/\/grontkontor.dk\/#\/schema\/logo\/image\/\",\"url\":\"https:\/\/grontkontor.dk\/wp-content\/uploads\/2014\/02\/Logo_groent_kontor_300x80.png\",\"contentUrl\":\"https:\/\/grontkontor.dk\/wp-content\/uploads\/2014\/02\/Logo_groent_kontor_300x80.png\",\"width\":300,\"height\":80,\"caption\":\"Gr\u00f8nt Kontor\"},\"image\":{\"@id\":\"https:\/\/grontkontor.dk\/#\/schema\/logo\/image\/\"},\"sameAs\":[\"https:\/\/www.facebook.com\/grontkontor.dk\/\"]}]}<\/script>\n<!-- \/ Yoast SEO Premium plugin. -->","yoast_head_json":{"title":"Plantegave i b\u00f8lgepapp - Gr\u00f8nt Kontor","robots":{"index":"index","follow":"follow","max-snippet":"max-snippet:-1","max-image-preview":"max-image-preview:large","max-video-preview":"max-video-preview:-1"},"canonical":"https:\/\/grontkontor.dk\/no\/shop\/plant-gave-i-boblen-papp\/","og_locale":"en_US","og_type":"article","og_title":"Plantegave i b\u00f8lgepapp","og_description":"Klimavennlige gr\u00f8nne planter i en eske laget av resirkulert b\u00f8lgepapp og medl-ogo-trykk p\u00e5 omkringliggende papirb\u00e5nd. Om \u00f8nskelig er det ogs\u00e5 ekstra plass til promotering p\u00e5 et klistremerke p\u00e5 siden av b\u00f8lgepappen. Fr\u00f8typer: Solsikke, sommerblomst, karse, ringblomst, urteblanding, chili, gress, tusenfryd, persisk kl\u00f8ver (fr\u00f8), firkl\u00f8ver, basilikum, gran, forglemmegei, timian, merian. V\u00e6r oppmerksom p\u00e5 tilleggsavgifter p\u00e5 andre [&hellip;]","og_url":"https:\/\/grontkontor.dk\/no\/shop\/plant-gave-i-boblen-papp\/","og_site_name":"Gr\u00f8nt Kontor","article_publisher":"https:\/\/www.facebook.com\/grontkontor.dk\/","og_image":[{"width":900,"height":639,"url":"https:\/\/grontkontor.dk\/wp-content\/uploads\/2021\/09\/Plantegave-i-boelgepap-flere.jpg","type":"image\/jpeg"}],"twitter_card":"summary_large_image","twitter_misc":{"Est. reading time":"1 minute"},"schema":{"@context":"https:\/\/schema.org","@graph":[{"@type":"WebPage","@id":"https:\/\/grontkontor.dk\/no\/shop\/plant-gave-i-boblen-papp\/","url":"https:\/\/grontkontor.dk\/no\/shop\/plant-gave-i-boblen-papp\/","name":"Plantegave i b\u00f8lgepapp - Gr\u00f8nt Kontor","isPartOf":{"@id":"https:\/\/grontkontor.dk\/#website"},"datePublished":"2024-05-29T07:52:05+00:00","dateModified":"2024-05-29T07:52:05+00:00","breadcrumb":{"@id":"https:\/\/grontkontor.dk\/no\/shop\/plant-gave-i-boblen-papp\/#breadcrumb"},"inLanguage":"no-NO","potentialAction":[{"@type":"ReadAction","target":["https:\/\/grontkontor.dk\/no\/shop\/plant-gave-i-boblen-papp\/"]}]},{"@type":"BreadcrumbList","@id":"https:\/\/grontkontor.dk\/no\/shop\/plant-gave-i-boblen-papp\/#breadcrumb","itemListElement":[{"@type":"ListItem","position":1,"name":"Forside","item":"https:\/\/grontkontor.dk\/"},{"@type":"ListItem","position":2,"name":"Butikk","item":"https:\/\/grontkontor.dk\/no\/butikk-2\/"},{"@type":"ListItem","position":3,"name":"Klimavenlige firmagaver","item":"https:\/\/grontkontor.dk\/produkt-kategori\/klimavenlige-firmagaver\/"},{"@type":"ListItem","position":4,"name":"Plantegave i b\u00f8lgepapp"}]},{"@type":"WebSite","@id":"https:\/\/grontkontor.dk\/#website","url":"https:\/\/grontkontor.dk\/","name":"Gr\u00f8nt Kontor","description":"Milj\u00f8venlige produkter til kontor og erhverv med fokus p\u00e5 b\u00e6redygtighed, design og fair trade.","publisher":{"@id":"https:\/\/grontkontor.dk\/#organization"},"potentialAction":[{"@type":"SearchAction","target":{"@type":"EntryPoint","urlTemplate":"https:\/\/grontkontor.dk\/?s={search_term_string}"},"query-input":"required name=search_term_string"}],"inLanguage":"no-NO"},{"@type":"Organization","@id":"https:\/\/grontkontor.dk\/#organization","name":"Gr\u00f8nt Kontor","url":"https:\/\/grontkontor.dk\/","logo":{"@type":"ImageObject","inLanguage":"no-NO","@id":"https:\/\/grontkontor.dk\/#\/schema\/logo\/image\/","url":"https:\/\/grontkontor.dk\/wp-content\/uploads\/2014\/02\/Logo_groent_kontor_300x80.png","contentUrl":"https:\/\/grontkontor.dk\/wp-content\/uploads\/2014\/02\/Logo_groent_kontor_300x80.png","width":300,"height":80,"caption":"Gr\u00f8nt Kontor"},"image":{"@id":"https:\/\/grontkontor.dk\/#\/schema\/logo\/image\/"},"sameAs":["https:\/\/www.facebook.com\/grontkontor.dk\/"]}]}},"_links":{"self":[{"href":"https:\/\/grontkontor.dk\/no\/wp-json\/wp\/v2\/product\/88621"}],"collection":[{"href":"https:\/\/grontkontor.dk\/no\/wp-json\/wp\/v2\/product"}],"about":[{"href":"https:\/\/grontkontor.dk\/no\/wp-json\/wp\/v2\/types\/product"}],"replies":[{"embeddable":true,"href":"https:\/\/grontkontor.dk\/no\/wp-json\/wp\/v2\/comments?post=88621"}],"wp:featuredmedia":[{"embeddable":true,"href":"https:\/\/grontkontor.dk\/no\/wp-json\/wp\/v2\/media\/55991"}],"wp:attachment":[{"href":"https:\/\/grontkontor.dk\/no\/wp-json\/wp\/v2\/media?parent=88621"}],"wp:term":[{"taxonomy":"product_cat","embeddable":true,"href":"https:\/\/grontkontor.dk\/no\/wp-json\/wp\/v2\/product_cat?post=88621"},{"taxonomy":"product_tag","embeddable":true,"href":"https:\/\/grontkontor.dk\/no\/wp-json\/wp\/v2\/product_tag?post=88621"}],"curies":[{"name":"wp","href":"https:\/\/api.w.org\/{rel}","templated":true}]}}