{"id":89232,"date":"2023-09-22T13:23:40","date_gmt":"2024-05-29T07:53:37","guid":{"rendered":"https:\/\/grontkontor.dk\/shop\/avfall-sortering-poser-resirkulert-plast\/"},"modified":"2024-06-25T10:32:40","modified_gmt":"2024-06-25T08:32:40","slug":"avfall-sortering-poser-resirkulert-plast","status":"publish","type":"product","link":"https:\/\/grontkontor.dk\/no\/shop\/avfall-sortering-poser-resirkulert-plast\/","title":{"rendered":"Sorteringsposer for avfall 3 stk resirkulert plast m\/u trykk"},"content":{"rendered":"<p>Milj\u00f8vennlig avfallssorteringssystem best\u00e5ende av tre avfallsposer laget av resirkulert og resirkulerbar plast &#8211; rPET &#8211; laget av resirkulerte vannflasker med nylonh\u00e5ndtak. Leveres som et sett med 3 poser med trykk motiver i kategoriene papir, glass og plast\/metall, noe som gj\u00f8r det enkelt \u00e5 sortere avfall for gjenvinning. Den praktiske borrel\u00e5sen p\u00e5 sidene gj\u00f8r det mulig \u00e5 montere posene slik at de kan brukes sammen, eller hver for seg. Et klimavennlig produkt, perfekt for firmagaver, giveaways eller som salgsobjekt p\u00e5 messer og arrangementer. Produktet er produsert i henhold til internasjonale produktstandarder for resirkulering under Global Recycling Standard, som inkluderer kriterier for samfunnsansvar og milj\u00f8regulering i produksjonen.  [rpet] [grs_s] &nbsp; <img loading=\"lazy\" decoding=\"async\" src=\"https:\/\/grontkontor.dk\/wp-content\/uploads\/2021\/02\/genbrug.jpg\" alt=\"Fremstillet af genbrugsmaterialer\" width=\"50\" height=\"50\" class=\"size-full wp-image-23031\" srcset=\"https:\/\/grontkontor.dk\/wp-content\/uploads\/2021\/02\/genbrug.jpg 199w, https:\/\/grontkontor.dk\/wp-content\/uploads\/2021\/02\/genbrug-100x100.jpg 100w\" sizes=\"(max-width: 50px) 100vw, 50px\" \/> <a href=\"https:\/\/textileexchange.org\/standards\/recycled-claim-standard-global-recycled-standard\/\"><img loading=\"lazy\" decoding=\"async\" src=\"https:\/\/grontkontor.dk\/wp-content\/uploads\/2021\/06\/global-recycled-standard-1.jpg\" alt=\"Global recycled standard\" width=\"50\" height=\"50\" class=\"size-full wp-image-25504\" \/> <\/a><\/p>\n","protected":false},"excerpt":{"rendered":"<p>Milj\u00f8vennlig avfallssorteringssystem best\u00e5ende av tre avfallsposer laget av resirkulert og resirkulerbar plast &#8211; rPET &#8211; laget av resirkulerte vannflasker med nylonh\u00e5ndtak. Leveres som et sett med 3 poser med trykk motiver i kategoriene papir, glass og plast\/metall, noe som gj\u00f8r det enkelt \u00e5 sortere avfall for gjenvinning. Den praktiske borrel\u00e5sen p\u00e5 sidene gj\u00f8r det mulig [&hellip;]<\/p>\n","protected":false},"featured_media":55673,"comment_status":"closed","ping_status":"closed","template":"","meta":{"_acf_changed":false},"product_cat":[3304,3199,2657,3303],"product_tag":[3305,4110],"class_list":{"0":"post-89232","1":"product","2":"type-product","3":"status-publish","4":"has-post-thumbnail","6":"product_cat-avfallshaandtering","7":"product_cat-dummy-moq-1-no","8":"product_cat-nyheter","9":"product_cat-renhold","10":"product_tag-sortering-av-avfall","11":"product_tag-soeppelboette-no","12":"pa_farve-appelsin","13":"pa_farve-blaa-no","14":"pa_farve-hvit","15":"pa_farve-kalk-no","16":"pa_farve-kongeblaa","17":"pa_farve-roed-no","18":"pa_farve-svart","19":"tm-has-options","21":"first","22":"instock","23":"taxable","24":"shipping-taxable","25":"purchasable","26":"product-type-simple"},"acf":[],"yoast_head":"<!-- This site is optimized with the Yoast SEO Premium plugin v21.2 (Yoast SEO v21.2) - https:\/\/yoast.com\/wordpress\/plugins\/seo\/ -->\n<title>Sorteringsposer for avfall 3 stk resirkulert plast m\/u trykk - Gr\u00f8nt Kontor<\/title>\n<meta name=\"robots\" content=\"index, follow, max-snippet:-1, max-image-preview:large, max-video-preview:-1\" \/>\n<link rel=\"canonical\" href=\"https:\/\/grontkontor.dk\/no\/shop\/avfall-sortering-poser-resirkulert-plast\/\" \/>\n<meta property=\"og:locale\" content=\"en_US\" \/>\n<meta property=\"og:type\" content=\"article\" \/>\n<meta property=\"og:title\" content=\"Sorteringsposer for avfall 3 stk resirkulert plast m\/u trykk\" \/>\n<meta property=\"og:description\" content=\"Milj\u00f8vennlig avfallssorteringssystem best\u00e5ende av tre avfallsposer laget av resirkulert og resirkulerbar plast &#8211; rPET &#8211; laget av resirkulerte vannflasker med nylonh\u00e5ndtak. Leveres som et sett med 3 poser med trykk motiver i kategoriene papir, glass og plast\/metall, noe som gj\u00f8r det enkelt \u00e5 sortere avfall for gjenvinning. Den praktiske borrel\u00e5sen p\u00e5 sidene gj\u00f8r det mulig [&hellip;]\" \/>\n<meta property=\"og:url\" content=\"https:\/\/grontkontor.dk\/no\/shop\/avfall-sortering-poser-resirkulert-plast\/\" \/>\n<meta property=\"og:site_name\" content=\"Gr\u00f8nt Kontor\" \/>\n<meta property=\"article:publisher\" content=\"https:\/\/www.facebook.com\/grontkontor.dk\/\" \/>\n<meta property=\"article:modified_time\" content=\"2024-06-25T08:32:40+00:00\" \/>\n<meta property=\"og:image\" content=\"https:\/\/grontkontor.dk\/wp-content\/uploads\/2021\/06\/affaldssortering-affaldsposer-baeredytig-miljoevenlig-genbrugsplast-rpet-01.jpg\" \/>\n\t<meta property=\"og:image:width\" content=\"700\" \/>\n\t<meta property=\"og:image:height\" content=\"497\" \/>\n\t<meta property=\"og:image:type\" content=\"image\/jpeg\" \/>\n<meta name=\"twitter:card\" content=\"summary_large_image\" \/>\n<meta name=\"twitter:label1\" content=\"Est. reading time\" \/>\n\t<meta name=\"twitter:data1\" content=\"1 minute\" \/>\n<script type=\"application\/ld+json\" class=\"yoast-schema-graph\">{\"@context\":\"https:\/\/schema.org\",\"@graph\":[{\"@type\":\"WebPage\",\"@id\":\"https:\/\/grontkontor.dk\/no\/shop\/avfall-sortering-poser-resirkulert-plast\/\",\"url\":\"https:\/\/grontkontor.dk\/no\/shop\/avfall-sortering-poser-resirkulert-plast\/\",\"name\":\"Sorteringsposer for avfall 3 stk resirkulert plast m\/u trykk - Gr\u00f8nt Kontor\",\"isPartOf\":{\"@id\":\"https:\/\/grontkontor.dk\/#website\"},\"datePublished\":\"2024-05-29T07:53:37+00:00\",\"dateModified\":\"2024-06-25T08:32:40+00:00\",\"breadcrumb\":{\"@id\":\"https:\/\/grontkontor.dk\/no\/shop\/avfall-sortering-poser-resirkulert-plast\/#breadcrumb\"},\"inLanguage\":\"no-NO\",\"potentialAction\":[{\"@type\":\"ReadAction\",\"target\":[\"https:\/\/grontkontor.dk\/no\/shop\/avfall-sortering-poser-resirkulert-plast\/\"]}]},{\"@type\":\"BreadcrumbList\",\"@id\":\"https:\/\/grontkontor.dk\/no\/shop\/avfall-sortering-poser-resirkulert-plast\/#breadcrumb\",\"itemListElement\":[{\"@type\":\"ListItem\",\"position\":1,\"name\":\"Forside\",\"item\":\"https:\/\/grontkontor.dk\/\"},{\"@type\":\"ListItem\",\"position\":2,\"name\":\"Butikk\",\"item\":\"https:\/\/grontkontor.dk\/no\/butikk-2\/\"},{\"@type\":\"ListItem\",\"position\":3,\"name\":\"M\u00f8bler og inventar\",\"item\":\"https:\/\/grontkontor.dk\/no\/produkt-kategori\/moebler-og-inventar\/\"},{\"@type\":\"ListItem\",\"position\":4,\"name\":\"Avfallsh\u00e5ndtering\",\"item\":\"https:\/\/grontkontor.dk\/no\/produkt-kategori\/moebler-og-inventar\/avfallshaandtering\/\"},{\"@type\":\"ListItem\",\"position\":5,\"name\":\"Sorteringsposer for avfall 3 stk resirkulert plast m\/u trykk\"}]},{\"@type\":\"WebSite\",\"@id\":\"https:\/\/grontkontor.dk\/#website\",\"url\":\"https:\/\/grontkontor.dk\/\",\"name\":\"Gr\u00f8nt Kontor\",\"description\":\"Milj\u00f8venlige produkter til kontor og erhverv med fokus p\u00e5 b\u00e6redygtighed, design og fair trade.\",\"publisher\":{\"@id\":\"https:\/\/grontkontor.dk\/#organization\"},\"potentialAction\":[{\"@type\":\"SearchAction\",\"target\":{\"@type\":\"EntryPoint\",\"urlTemplate\":\"https:\/\/grontkontor.dk\/?s={search_term_string}\"},\"query-input\":\"required name=search_term_string\"}],\"inLanguage\":\"no-NO\"},{\"@type\":\"Organization\",\"@id\":\"https:\/\/grontkontor.dk\/#organization\",\"name\":\"Gr\u00f8nt Kontor\",\"url\":\"https:\/\/grontkontor.dk\/\",\"logo\":{\"@type\":\"ImageObject\",\"inLanguage\":\"no-NO\",\"@id\":\"https:\/\/grontkontor.dk\/#\/schema\/logo\/image\/\",\"url\":\"https:\/\/grontkontor.dk\/wp-content\/uploads\/2014\/02\/Logo_groent_kontor_300x80.png\",\"contentUrl\":\"https:\/\/grontkontor.dk\/wp-content\/uploads\/2014\/02\/Logo_groent_kontor_300x80.png\",\"width\":300,\"height\":80,\"caption\":\"Gr\u00f8nt Kontor\"},\"image\":{\"@id\":\"https:\/\/grontkontor.dk\/#\/schema\/logo\/image\/\"},\"sameAs\":[\"https:\/\/www.facebook.com\/grontkontor.dk\/\"]}]}<\/script>\n<!-- \/ Yoast SEO Premium plugin. -->","yoast_head_json":{"title":"Sorteringsposer for avfall 3 stk resirkulert plast m\/u trykk - Gr\u00f8nt Kontor","robots":{"index":"index","follow":"follow","max-snippet":"max-snippet:-1","max-image-preview":"max-image-preview:large","max-video-preview":"max-video-preview:-1"},"canonical":"https:\/\/grontkontor.dk\/no\/shop\/avfall-sortering-poser-resirkulert-plast\/","og_locale":"en_US","og_type":"article","og_title":"Sorteringsposer for avfall 3 stk resirkulert plast m\/u trykk","og_description":"Milj\u00f8vennlig avfallssorteringssystem best\u00e5ende av tre avfallsposer laget av resirkulert og resirkulerbar plast &#8211; rPET &#8211; laget av resirkulerte vannflasker med nylonh\u00e5ndtak. Leveres som et sett med 3 poser med trykk motiver i kategoriene papir, glass og plast\/metall, noe som gj\u00f8r det enkelt \u00e5 sortere avfall for gjenvinning. Den praktiske borrel\u00e5sen p\u00e5 sidene gj\u00f8r det mulig [&hellip;]","og_url":"https:\/\/grontkontor.dk\/no\/shop\/avfall-sortering-poser-resirkulert-plast\/","og_site_name":"Gr\u00f8nt Kontor","article_publisher":"https:\/\/www.facebook.com\/grontkontor.dk\/","article_modified_time":"2024-06-25T08:32:40+00:00","og_image":[{"width":700,"height":497,"url":"https:\/\/grontkontor.dk\/wp-content\/uploads\/2021\/06\/affaldssortering-affaldsposer-baeredytig-miljoevenlig-genbrugsplast-rpet-01.jpg","type":"image\/jpeg"}],"twitter_card":"summary_large_image","twitter_misc":{"Est. reading time":"1 minute"},"schema":{"@context":"https:\/\/schema.org","@graph":[{"@type":"WebPage","@id":"https:\/\/grontkontor.dk\/no\/shop\/avfall-sortering-poser-resirkulert-plast\/","url":"https:\/\/grontkontor.dk\/no\/shop\/avfall-sortering-poser-resirkulert-plast\/","name":"Sorteringsposer for avfall 3 stk resirkulert plast m\/u trykk - Gr\u00f8nt Kontor","isPartOf":{"@id":"https:\/\/grontkontor.dk\/#website"},"datePublished":"2024-05-29T07:53:37+00:00","dateModified":"2024-06-25T08:32:40+00:00","breadcrumb":{"@id":"https:\/\/grontkontor.dk\/no\/shop\/avfall-sortering-poser-resirkulert-plast\/#breadcrumb"},"inLanguage":"no-NO","potentialAction":[{"@type":"ReadAction","target":["https:\/\/grontkontor.dk\/no\/shop\/avfall-sortering-poser-resirkulert-plast\/"]}]},{"@type":"BreadcrumbList","@id":"https:\/\/grontkontor.dk\/no\/shop\/avfall-sortering-poser-resirkulert-plast\/#breadcrumb","itemListElement":[{"@type":"ListItem","position":1,"name":"Forside","item":"https:\/\/grontkontor.dk\/"},{"@type":"ListItem","position":2,"name":"Butikk","item":"https:\/\/grontkontor.dk\/no\/butikk-2\/"},{"@type":"ListItem","position":3,"name":"M\u00f8bler og inventar","item":"https:\/\/grontkontor.dk\/no\/produkt-kategori\/moebler-og-inventar\/"},{"@type":"ListItem","position":4,"name":"Avfallsh\u00e5ndtering","item":"https:\/\/grontkontor.dk\/no\/produkt-kategori\/moebler-og-inventar\/avfallshaandtering\/"},{"@type":"ListItem","position":5,"name":"Sorteringsposer for avfall 3 stk resirkulert plast m\/u trykk"}]},{"@type":"WebSite","@id":"https:\/\/grontkontor.dk\/#website","url":"https:\/\/grontkontor.dk\/","name":"Gr\u00f8nt Kontor","description":"Milj\u00f8venlige produkter til kontor og erhverv med fokus p\u00e5 b\u00e6redygtighed, design og fair trade.","publisher":{"@id":"https:\/\/grontkontor.dk\/#organization"},"potentialAction":[{"@type":"SearchAction","target":{"@type":"EntryPoint","urlTemplate":"https:\/\/grontkontor.dk\/?s={search_term_string}"},"query-input":"required name=search_term_string"}],"inLanguage":"no-NO"},{"@type":"Organization","@id":"https:\/\/grontkontor.dk\/#organization","name":"Gr\u00f8nt Kontor","url":"https:\/\/grontkontor.dk\/","logo":{"@type":"ImageObject","inLanguage":"no-NO","@id":"https:\/\/grontkontor.dk\/#\/schema\/logo\/image\/","url":"https:\/\/grontkontor.dk\/wp-content\/uploads\/2014\/02\/Logo_groent_kontor_300x80.png","contentUrl":"https:\/\/grontkontor.dk\/wp-content\/uploads\/2014\/02\/Logo_groent_kontor_300x80.png","width":300,"height":80,"caption":"Gr\u00f8nt Kontor"},"image":{"@id":"https:\/\/grontkontor.dk\/#\/schema\/logo\/image\/"},"sameAs":["https:\/\/www.facebook.com\/grontkontor.dk\/"]}]}},"_links":{"self":[{"href":"https:\/\/grontkontor.dk\/no\/wp-json\/wp\/v2\/product\/89232"}],"collection":[{"href":"https:\/\/grontkontor.dk\/no\/wp-json\/wp\/v2\/product"}],"about":[{"href":"https:\/\/grontkontor.dk\/no\/wp-json\/wp\/v2\/types\/product"}],"replies":[{"embeddable":true,"href":"https:\/\/grontkontor.dk\/no\/wp-json\/wp\/v2\/comments?post=89232"}],"wp:featuredmedia":[{"embeddable":true,"href":"https:\/\/grontkontor.dk\/no\/wp-json\/wp\/v2\/media\/55673"}],"wp:attachment":[{"href":"https:\/\/grontkontor.dk\/no\/wp-json\/wp\/v2\/media?parent=89232"}],"wp:term":[{"taxonomy":"product_cat","embeddable":true,"href":"https:\/\/grontkontor.dk\/no\/wp-json\/wp\/v2\/product_cat?post=89232"},{"taxonomy":"product_tag","embeddable":true,"href":"https:\/\/grontkontor.dk\/no\/wp-json\/wp\/v2\/product_tag?post=89232"}],"curies":[{"name":"wp","href":"https:\/\/api.w.org\/{rel}","templated":true}]}}