{"id":89450,"date":"2023-09-22T13:16:52","date_gmt":"2024-05-29T07:54:38","guid":{"rendered":"https:\/\/grontkontor.dk\/shop\/vannflaske-i-stal-og-kork-750-ml\/"},"modified":"2024-06-27T10:43:19","modified_gmt":"2024-06-27T08:43:19","slug":"vannflaske-i-stal-og-kork-750-ml","status":"publish","type":"product","link":"https:\/\/grontkontor.dk\/no\/shop\/vannflaske-i-stal-og-kork-750-ml\/","title":{"rendered":"St\u00e5l og kork\/bambus vannflaske 750 ml"},"content":{"rendered":"<p>Vannflaske i rustfritt st\u00e5l med kork- eller bambush\u00e5ndtak og matt hvit finish. Lokket er laget av st\u00e5l med en PP (polypropylen) sokkel. Et fantastisk godt designet og milj\u00f8vennlig produkt perfekt for en firmagave eller som en gave til messer og arrangementer. Vannflasken er  [food-cs]<br \/>\nIkke egnet for oppvaskmaskin og mikrob\u00f8lgeovn.<br \/>\nSt\u00f8rrelse: 750 ml<\/p>\n<p>[staal] [bambus_s] [kork_s]<\/p>\n<p>&nbsp;<\/p>\n","protected":false},"excerpt":{"rendered":"<p>Vannflaske i rustfritt st\u00e5l med kork- eller bambush\u00e5ndtak og matt hvit finish. Lokket er laget av st\u00e5l med en PP (polypropylen) sokkel. Et fantastisk godt designet og milj\u00f8vennlig produkt perfekt for en firmagave eller som en gave til messer og arrangementer. Vannflasken er [food-cs] Ikke egnet for oppvaskmaskin og mikrob\u00f8lgeovn. St\u00f8rrelse: 750 ml [staal] [bambus_s] [&hellip;]<\/p>\n","protected":false},"featured_media":67492,"comment_status":"closed","ping_status":"closed","template":"","meta":{"_acf_changed":false},"product_cat":[3199,3216,3214,4393],"product_tag":[3992,3704,3218,3993],"class_list":{"0":"post-89450","1":"product","2":"type-product","3":"status-publish","4":"has-post-thumbnail","6":"product_cat-dummy-moq-1-no","7":"product_cat-mat-og-drikke","8":"product_cat-vannflasker-og-termosflasker","9":"product_cat-vannflasker-og-termosflasker-no","10":"product_tag-drikkeflasker","11":"product_tag-vannflaske-no","12":"product_tag-vannflaske","13":"product_tag-vannflasker","14":"tm-has-options","16":"first","17":"instock","18":"sale","19":"taxable","20":"shipping-taxable","21":"purchasable","22":"product-type-variable","23":"has-default-attributes"},"acf":[],"yoast_head":"<!-- This site is optimized with the Yoast SEO Premium plugin v21.2 (Yoast SEO v21.2) - https:\/\/yoast.com\/wordpress\/plugins\/seo\/ -->\n<title>St\u00e5l og kork\/bambus vannflaske 750 ml - Gr\u00f8nt Kontor<\/title>\n<meta name=\"robots\" content=\"index, follow, max-snippet:-1, max-image-preview:large, max-video-preview:-1\" \/>\n<link rel=\"canonical\" href=\"https:\/\/grontkontor.dk\/shop\/vandflaske-i-staal-og-kork-750-ml\/\" \/>\n<meta property=\"og:locale\" content=\"en_US\" \/>\n<meta property=\"og:type\" content=\"article\" \/>\n<meta property=\"og:title\" content=\"St\u00e5l og kork\/bambus vannflaske 750 ml\" \/>\n<meta property=\"og:description\" content=\"Vannflaske i rustfritt st\u00e5l med kork- eller bambush\u00e5ndtak og matt hvit finish. Lokket er laget av st\u00e5l med en PP (polypropylen) sokkel. Et fantastisk godt designet og milj\u00f8vennlig produkt perfekt for en firmagave eller som en gave til messer og arrangementer. Vannflasken er [food-cs] Ikke egnet for oppvaskmaskin og mikrob\u00f8lgeovn. St\u00f8rrelse: 750 ml [staal] [bambus_s] [&hellip;]\" \/>\n<meta property=\"og:url\" content=\"https:\/\/grontkontor.dk\/shop\/vandflaske-i-staal-og-kork-750-ml\/\" \/>\n<meta property=\"og:site_name\" content=\"Gr\u00f8nt Kontor\" \/>\n<meta property=\"article:publisher\" content=\"https:\/\/www.facebook.com\/grontkontor.dk\/\" \/>\n<meta property=\"article:modified_time\" content=\"2024-06-27T08:43:19+00:00\" \/>\n<meta property=\"og:image\" content=\"https:\/\/grontkontor.dk\/wp-content\/uploads\/2023\/09\/Vandflaske-staal-kork-bambus-750ml.jpg\" \/>\n\t<meta property=\"og:image:width\" content=\"900\" \/>\n\t<meta property=\"og:image:height\" content=\"639\" \/>\n\t<meta property=\"og:image:type\" content=\"image\/jpeg\" \/>\n<meta name=\"twitter:card\" content=\"summary_large_image\" \/>\n<script type=\"application\/ld+json\" class=\"yoast-schema-graph\">{\"@context\":\"https:\/\/schema.org\",\"@graph\":[{\"@type\":\"WebPage\",\"@id\":\"https:\/\/grontkontor.dk\/shop\/vandflaske-i-staal-og-kork-750-ml\/\",\"url\":\"https:\/\/grontkontor.dk\/shop\/vandflaske-i-staal-og-kork-750-ml\/\",\"name\":\"St\u00e5l og kork\/bambus vannflaske 750 ml - Gr\u00f8nt Kontor\",\"isPartOf\":{\"@id\":\"https:\/\/grontkontor.dk\/#website\"},\"datePublished\":\"2024-05-29T07:54:38+00:00\",\"dateModified\":\"2024-06-27T08:43:19+00:00\",\"breadcrumb\":{\"@id\":\"https:\/\/grontkontor.dk\/shop\/vandflaske-i-staal-og-kork-750-ml\/#breadcrumb\"},\"inLanguage\":\"no-NO\",\"potentialAction\":[{\"@type\":\"ReadAction\",\"target\":[\"https:\/\/grontkontor.dk\/shop\/vandflaske-i-staal-og-kork-750-ml\/\"]}]},{\"@type\":\"BreadcrumbList\",\"@id\":\"https:\/\/grontkontor.dk\/shop\/vandflaske-i-staal-og-kork-750-ml\/#breadcrumb\",\"itemListElement\":[{\"@type\":\"ListItem\",\"position\":1,\"name\":\"Forside\",\"item\":\"https:\/\/grontkontor.dk\/\"},{\"@type\":\"ListItem\",\"position\":2,\"name\":\"Butikk\",\"item\":\"https:\/\/grontkontor.dk\/no\/butikk-2\/\"},{\"@type\":\"ListItem\",\"position\":3,\"name\":\"Mat og drikke\",\"item\":\"https:\/\/grontkontor.dk\/no\/produkt-kategori\/mat-og-drikke\/\"},{\"@type\":\"ListItem\",\"position\":4,\"name\":\"Vannflasker og termosflasker\",\"item\":\"https:\/\/grontkontor.dk\/no\/produkt-kategori\/mat-og-drikke\/vannflasker-og-termosflasker\/\"},{\"@type\":\"ListItem\",\"position\":5,\"name\":\"St\u00e5l og kork\/bambus vannflaske 750 ml\"}]},{\"@type\":\"WebSite\",\"@id\":\"https:\/\/grontkontor.dk\/#website\",\"url\":\"https:\/\/grontkontor.dk\/\",\"name\":\"Gr\u00f8nt Kontor\",\"description\":\"Milj\u00f8venlige produkter til kontor og erhverv med fokus p\u00e5 b\u00e6redygtighed, design og fair trade.\",\"publisher\":{\"@id\":\"https:\/\/grontkontor.dk\/#organization\"},\"potentialAction\":[{\"@type\":\"SearchAction\",\"target\":{\"@type\":\"EntryPoint\",\"urlTemplate\":\"https:\/\/grontkontor.dk\/?s={search_term_string}\"},\"query-input\":\"required name=search_term_string\"}],\"inLanguage\":\"no-NO\"},{\"@type\":\"Organization\",\"@id\":\"https:\/\/grontkontor.dk\/#organization\",\"name\":\"Gr\u00f8nt Kontor\",\"url\":\"https:\/\/grontkontor.dk\/\",\"logo\":{\"@type\":\"ImageObject\",\"inLanguage\":\"no-NO\",\"@id\":\"https:\/\/grontkontor.dk\/#\/schema\/logo\/image\/\",\"url\":\"https:\/\/grontkontor.dk\/wp-content\/uploads\/2014\/02\/Logo_groent_kontor_300x80.png\",\"contentUrl\":\"https:\/\/grontkontor.dk\/wp-content\/uploads\/2014\/02\/Logo_groent_kontor_300x80.png\",\"width\":300,\"height\":80,\"caption\":\"Gr\u00f8nt Kontor\"},\"image\":{\"@id\":\"https:\/\/grontkontor.dk\/#\/schema\/logo\/image\/\"},\"sameAs\":[\"https:\/\/www.facebook.com\/grontkontor.dk\/\"]}]}<\/script>\n<!-- \/ Yoast SEO Premium plugin. -->","yoast_head_json":{"title":"St\u00e5l og kork\/bambus vannflaske 750 ml - Gr\u00f8nt Kontor","robots":{"index":"index","follow":"follow","max-snippet":"max-snippet:-1","max-image-preview":"max-image-preview:large","max-video-preview":"max-video-preview:-1"},"canonical":"https:\/\/grontkontor.dk\/shop\/vandflaske-i-staal-og-kork-750-ml\/","og_locale":"en_US","og_type":"article","og_title":"St\u00e5l og kork\/bambus vannflaske 750 ml","og_description":"Vannflaske i rustfritt st\u00e5l med kork- eller bambush\u00e5ndtak og matt hvit finish. Lokket er laget av st\u00e5l med en PP (polypropylen) sokkel. Et fantastisk godt designet og milj\u00f8vennlig produkt perfekt for en firmagave eller som en gave til messer og arrangementer. Vannflasken er [food-cs] Ikke egnet for oppvaskmaskin og mikrob\u00f8lgeovn. St\u00f8rrelse: 750 ml [staal] [bambus_s] [&hellip;]","og_url":"https:\/\/grontkontor.dk\/shop\/vandflaske-i-staal-og-kork-750-ml\/","og_site_name":"Gr\u00f8nt Kontor","article_publisher":"https:\/\/www.facebook.com\/grontkontor.dk\/","article_modified_time":"2024-06-27T08:43:19+00:00","og_image":[{"width":900,"height":639,"url":"https:\/\/grontkontor.dk\/wp-content\/uploads\/2023\/09\/Vandflaske-staal-kork-bambus-750ml.jpg","type":"image\/jpeg"}],"twitter_card":"summary_large_image","schema":{"@context":"https:\/\/schema.org","@graph":[{"@type":"WebPage","@id":"https:\/\/grontkontor.dk\/shop\/vandflaske-i-staal-og-kork-750-ml\/","url":"https:\/\/grontkontor.dk\/shop\/vandflaske-i-staal-og-kork-750-ml\/","name":"St\u00e5l og kork\/bambus vannflaske 750 ml - Gr\u00f8nt Kontor","isPartOf":{"@id":"https:\/\/grontkontor.dk\/#website"},"datePublished":"2024-05-29T07:54:38+00:00","dateModified":"2024-06-27T08:43:19+00:00","breadcrumb":{"@id":"https:\/\/grontkontor.dk\/shop\/vandflaske-i-staal-og-kork-750-ml\/#breadcrumb"},"inLanguage":"no-NO","potentialAction":[{"@type":"ReadAction","target":["https:\/\/grontkontor.dk\/shop\/vandflaske-i-staal-og-kork-750-ml\/"]}]},{"@type":"BreadcrumbList","@id":"https:\/\/grontkontor.dk\/shop\/vandflaske-i-staal-og-kork-750-ml\/#breadcrumb","itemListElement":[{"@type":"ListItem","position":1,"name":"Forside","item":"https:\/\/grontkontor.dk\/"},{"@type":"ListItem","position":2,"name":"Butikk","item":"https:\/\/grontkontor.dk\/no\/butikk-2\/"},{"@type":"ListItem","position":3,"name":"Mat og drikke","item":"https:\/\/grontkontor.dk\/no\/produkt-kategori\/mat-og-drikke\/"},{"@type":"ListItem","position":4,"name":"Vannflasker og termosflasker","item":"https:\/\/grontkontor.dk\/no\/produkt-kategori\/mat-og-drikke\/vannflasker-og-termosflasker\/"},{"@type":"ListItem","position":5,"name":"St\u00e5l og kork\/bambus vannflaske 750 ml"}]},{"@type":"WebSite","@id":"https:\/\/grontkontor.dk\/#website","url":"https:\/\/grontkontor.dk\/","name":"Gr\u00f8nt Kontor","description":"Milj\u00f8venlige produkter til kontor og erhverv med fokus p\u00e5 b\u00e6redygtighed, design og fair trade.","publisher":{"@id":"https:\/\/grontkontor.dk\/#organization"},"potentialAction":[{"@type":"SearchAction","target":{"@type":"EntryPoint","urlTemplate":"https:\/\/grontkontor.dk\/?s={search_term_string}"},"query-input":"required name=search_term_string"}],"inLanguage":"no-NO"},{"@type":"Organization","@id":"https:\/\/grontkontor.dk\/#organization","name":"Gr\u00f8nt Kontor","url":"https:\/\/grontkontor.dk\/","logo":{"@type":"ImageObject","inLanguage":"no-NO","@id":"https:\/\/grontkontor.dk\/#\/schema\/logo\/image\/","url":"https:\/\/grontkontor.dk\/wp-content\/uploads\/2014\/02\/Logo_groent_kontor_300x80.png","contentUrl":"https:\/\/grontkontor.dk\/wp-content\/uploads\/2014\/02\/Logo_groent_kontor_300x80.png","width":300,"height":80,"caption":"Gr\u00f8nt Kontor"},"image":{"@id":"https:\/\/grontkontor.dk\/#\/schema\/logo\/image\/"},"sameAs":["https:\/\/www.facebook.com\/grontkontor.dk\/"]}]}},"_links":{"self":[{"href":"https:\/\/grontkontor.dk\/no\/wp-json\/wp\/v2\/product\/89450"}],"collection":[{"href":"https:\/\/grontkontor.dk\/no\/wp-json\/wp\/v2\/product"}],"about":[{"href":"https:\/\/grontkontor.dk\/no\/wp-json\/wp\/v2\/types\/product"}],"replies":[{"embeddable":true,"href":"https:\/\/grontkontor.dk\/no\/wp-json\/wp\/v2\/comments?post=89450"}],"wp:featuredmedia":[{"embeddable":true,"href":"https:\/\/grontkontor.dk\/no\/wp-json\/wp\/v2\/media\/67492"}],"wp:attachment":[{"href":"https:\/\/grontkontor.dk\/no\/wp-json\/wp\/v2\/media?parent=89450"}],"wp:term":[{"taxonomy":"product_cat","embeddable":true,"href":"https:\/\/grontkontor.dk\/no\/wp-json\/wp\/v2\/product_cat?post=89450"},{"taxonomy":"product_tag","embeddable":true,"href":"https:\/\/grontkontor.dk\/no\/wp-json\/wp\/v2\/product_tag?post=89450"}],"curies":[{"name":"wp","href":"https:\/\/api.w.org\/{rel}","templated":true}]}}