{"id":89464,"date":"2023-09-22T13:16:37","date_gmt":"2024-05-29T07:54:39","guid":{"rendered":"https:\/\/grontkontor.dk\/shop\/drikke-flaske-i-stal-og-bambus-800ml-uf\/"},"modified":"2024-06-27T10:44:11","modified_gmt":"2024-06-27T08:44:11","slug":"drikke-flaske-i-stal-og-bambus-800ml-uf","status":"publish","type":"product","link":"https:\/\/grontkontor.dk\/no\/shop\/drikke-flaske-i-stal-og-bambus-800ml-uf\/","title":{"rendered":"St\u00e5l og bambus vannflaske 800ml"},"content":{"rendered":"<p>Nydelig klimavennlig vannflaske i rustfritt st\u00e5l med h\u00e5ndtak. Lokket er laget av bambus og rustfritt st\u00e5l. Klima- og milj\u00f8vennlig vannflaske perfekt til kald drikke.<br \/>\nKapasitet: 800 ml. Leveres i gaveeske. Dimensjoner: \u00f872\u00d7242 mm<br \/>\nOgs\u00e5 tilgjengelig i svart, bl\u00e5, hvit eller r\u00f8d.<\/p>\n<p>Vannflasken er  [food-cs]<\/p>\n<p>[staal] [bambus_s]<\/p>\n<p>&nbsp;<\/p>\n","protected":false},"excerpt":{"rendered":"<p>Nydelig klimavennlig vannflaske i rustfritt st\u00e5l med h\u00e5ndtak. Lokket er laget av bambus og rustfritt st\u00e5l. Klima- og milj\u00f8vennlig vannflaske perfekt til kald drikke. Kapasitet: 800 ml. Leveres i gaveeske. Dimensjoner: \u00f872\u00d7242 mm Ogs\u00e5 tilgjengelig i svart, bl\u00e5, hvit eller r\u00f8d. Vannflasken er [food-cs] [staal] [bambus_s] &nbsp;<\/p>\n","protected":false},"featured_media":23413,"comment_status":"closed","ping_status":"closed","template":"","meta":{"_acf_changed":false},"product_cat":[3199,3216,3214,4393],"product_tag":[3704,3218],"class_list":{"0":"post-89464","1":"product","2":"type-product","3":"status-publish","4":"has-post-thumbnail","6":"product_cat-dummy-moq-1-no","7":"product_cat-mat-og-drikke","8":"product_cat-vannflasker-og-termosflasker","9":"product_cat-vannflasker-og-termosflasker-no","10":"product_tag-vannflaske-no","11":"product_tag-vannflaske","12":"pa_farve-blaa-no","13":"pa_farve-hvit","14":"pa_farve-roed-no","15":"pa_farve-svart","16":"tm-has-options","18":"first","19":"onbackorder","20":"sale","21":"taxable","22":"shipping-taxable","23":"purchasable","24":"product-type-simple"},"acf":[],"yoast_head":"<!-- This site is optimized with the Yoast SEO Premium plugin v21.2 (Yoast SEO v21.2) - https:\/\/yoast.com\/wordpress\/plugins\/seo\/ -->\n<title>St\u00e5l og bambus vannflaske 800ml - Gr\u00f8nt Kontor<\/title>\n<meta name=\"robots\" content=\"index, follow, max-snippet:-1, max-image-preview:large, max-video-preview:-1\" \/>\n<link rel=\"canonical\" href=\"https:\/\/grontkontor.dk\/no\/shop\/drikke-flaske-i-stal-og-bambus-800ml-uf\/\" \/>\n<meta property=\"og:locale\" content=\"en_US\" \/>\n<meta property=\"og:type\" content=\"article\" \/>\n<meta property=\"og:title\" content=\"St\u00e5l og bambus vannflaske 800ml\" \/>\n<meta property=\"og:description\" content=\"Nydelig klimavennlig vannflaske i rustfritt st\u00e5l med h\u00e5ndtak. Lokket er laget av bambus og rustfritt st\u00e5l. Klima- og milj\u00f8vennlig vannflaske perfekt til kald drikke. Kapasitet: 800 ml. Leveres i gaveeske. Dimensjoner: \u00f872\u00d7242 mm Ogs\u00e5 tilgjengelig i svart, bl\u00e5, hvit eller r\u00f8d. Vannflasken er [food-cs] [staal] [bambus_s] &nbsp;\" \/>\n<meta property=\"og:url\" content=\"https:\/\/grontkontor.dk\/no\/shop\/drikke-flaske-i-stal-og-bambus-800ml-uf\/\" \/>\n<meta property=\"og:site_name\" content=\"Gr\u00f8nt Kontor\" \/>\n<meta property=\"article:publisher\" content=\"https:\/\/www.facebook.com\/grontkontor.dk\/\" \/>\n<meta property=\"article:modified_time\" content=\"2024-06-27T08:44:11+00:00\" \/>\n<meta property=\"og:image\" content=\"https:\/\/grontkontor.dk\/wp-content\/uploads\/2021\/03\/drikkedunk-rustfri-staal-800ml-01.jpg\" \/>\n\t<meta property=\"og:image:width\" content=\"900\" \/>\n\t<meta property=\"og:image:height\" content=\"639\" \/>\n\t<meta property=\"og:image:type\" content=\"image\/jpeg\" \/>\n<meta name=\"twitter:card\" content=\"summary_large_image\" \/>\n<script type=\"application\/ld+json\" class=\"yoast-schema-graph\">{\"@context\":\"https:\/\/schema.org\",\"@graph\":[{\"@type\":\"WebPage\",\"@id\":\"https:\/\/grontkontor.dk\/no\/shop\/drikke-flaske-i-stal-og-bambus-800ml-uf\/\",\"url\":\"https:\/\/grontkontor.dk\/no\/shop\/drikke-flaske-i-stal-og-bambus-800ml-uf\/\",\"name\":\"St\u00e5l og bambus vannflaske 800ml - Gr\u00f8nt Kontor\",\"isPartOf\":{\"@id\":\"https:\/\/grontkontor.dk\/#website\"},\"datePublished\":\"2024-05-29T07:54:39+00:00\",\"dateModified\":\"2024-06-27T08:44:11+00:00\",\"breadcrumb\":{\"@id\":\"https:\/\/grontkontor.dk\/no\/shop\/drikke-flaske-i-stal-og-bambus-800ml-uf\/#breadcrumb\"},\"inLanguage\":\"no-NO\",\"potentialAction\":[{\"@type\":\"ReadAction\",\"target\":[\"https:\/\/grontkontor.dk\/no\/shop\/drikke-flaske-i-stal-og-bambus-800ml-uf\/\"]}]},{\"@type\":\"BreadcrumbList\",\"@id\":\"https:\/\/grontkontor.dk\/no\/shop\/drikke-flaske-i-stal-og-bambus-800ml-uf\/#breadcrumb\",\"itemListElement\":[{\"@type\":\"ListItem\",\"position\":1,\"name\":\"Forside\",\"item\":\"https:\/\/grontkontor.dk\/\"},{\"@type\":\"ListItem\",\"position\":2,\"name\":\"Butikk\",\"item\":\"https:\/\/grontkontor.dk\/no\/butikk-2\/\"},{\"@type\":\"ListItem\",\"position\":3,\"name\":\"Mad og drikke\",\"item\":\"https:\/\/grontkontor.dk\/produkt-kategori\/mad-og-drikke\/\"},{\"@type\":\"ListItem\",\"position\":4,\"name\":\"Drikkedunke og termoflasker\",\"item\":\"https:\/\/grontkontor.dk\/produkt-kategori\/mad-og-drikke\/drikkedunke-og-termoflasker\/\"},{\"@type\":\"ListItem\",\"position\":5,\"name\":\"St\u00e5l og bambus vannflaske 800ml\"}]},{\"@type\":\"WebSite\",\"@id\":\"https:\/\/grontkontor.dk\/#website\",\"url\":\"https:\/\/grontkontor.dk\/\",\"name\":\"Gr\u00f8nt Kontor\",\"description\":\"Milj\u00f8venlige produkter til kontor og erhverv med fokus p\u00e5 b\u00e6redygtighed, design og fair trade.\",\"publisher\":{\"@id\":\"https:\/\/grontkontor.dk\/#organization\"},\"potentialAction\":[{\"@type\":\"SearchAction\",\"target\":{\"@type\":\"EntryPoint\",\"urlTemplate\":\"https:\/\/grontkontor.dk\/?s={search_term_string}\"},\"query-input\":\"required name=search_term_string\"}],\"inLanguage\":\"no-NO\"},{\"@type\":\"Organization\",\"@id\":\"https:\/\/grontkontor.dk\/#organization\",\"name\":\"Gr\u00f8nt Kontor\",\"url\":\"https:\/\/grontkontor.dk\/\",\"logo\":{\"@type\":\"ImageObject\",\"inLanguage\":\"no-NO\",\"@id\":\"https:\/\/grontkontor.dk\/#\/schema\/logo\/image\/\",\"url\":\"https:\/\/grontkontor.dk\/wp-content\/uploads\/2014\/02\/Logo_groent_kontor_300x80.png\",\"contentUrl\":\"https:\/\/grontkontor.dk\/wp-content\/uploads\/2014\/02\/Logo_groent_kontor_300x80.png\",\"width\":300,\"height\":80,\"caption\":\"Gr\u00f8nt Kontor\"},\"image\":{\"@id\":\"https:\/\/grontkontor.dk\/#\/schema\/logo\/image\/\"},\"sameAs\":[\"https:\/\/www.facebook.com\/grontkontor.dk\/\"]}]}<\/script>\n<!-- \/ Yoast SEO Premium plugin. -->","yoast_head_json":{"title":"St\u00e5l og bambus vannflaske 800ml - Gr\u00f8nt Kontor","robots":{"index":"index","follow":"follow","max-snippet":"max-snippet:-1","max-image-preview":"max-image-preview:large","max-video-preview":"max-video-preview:-1"},"canonical":"https:\/\/grontkontor.dk\/no\/shop\/drikke-flaske-i-stal-og-bambus-800ml-uf\/","og_locale":"en_US","og_type":"article","og_title":"St\u00e5l og bambus vannflaske 800ml","og_description":"Nydelig klimavennlig vannflaske i rustfritt st\u00e5l med h\u00e5ndtak. Lokket er laget av bambus og rustfritt st\u00e5l. Klima- og milj\u00f8vennlig vannflaske perfekt til kald drikke. Kapasitet: 800 ml. Leveres i gaveeske. Dimensjoner: \u00f872\u00d7242 mm Ogs\u00e5 tilgjengelig i svart, bl\u00e5, hvit eller r\u00f8d. Vannflasken er [food-cs] [staal] [bambus_s] &nbsp;","og_url":"https:\/\/grontkontor.dk\/no\/shop\/drikke-flaske-i-stal-og-bambus-800ml-uf\/","og_site_name":"Gr\u00f8nt Kontor","article_publisher":"https:\/\/www.facebook.com\/grontkontor.dk\/","article_modified_time":"2024-06-27T08:44:11+00:00","og_image":[{"width":900,"height":639,"url":"https:\/\/grontkontor.dk\/wp-content\/uploads\/2021\/03\/drikkedunk-rustfri-staal-800ml-01.jpg","type":"image\/jpeg"}],"twitter_card":"summary_large_image","schema":{"@context":"https:\/\/schema.org","@graph":[{"@type":"WebPage","@id":"https:\/\/grontkontor.dk\/no\/shop\/drikke-flaske-i-stal-og-bambus-800ml-uf\/","url":"https:\/\/grontkontor.dk\/no\/shop\/drikke-flaske-i-stal-og-bambus-800ml-uf\/","name":"St\u00e5l og bambus vannflaske 800ml - Gr\u00f8nt Kontor","isPartOf":{"@id":"https:\/\/grontkontor.dk\/#website"},"datePublished":"2024-05-29T07:54:39+00:00","dateModified":"2024-06-27T08:44:11+00:00","breadcrumb":{"@id":"https:\/\/grontkontor.dk\/no\/shop\/drikke-flaske-i-stal-og-bambus-800ml-uf\/#breadcrumb"},"inLanguage":"no-NO","potentialAction":[{"@type":"ReadAction","target":["https:\/\/grontkontor.dk\/no\/shop\/drikke-flaske-i-stal-og-bambus-800ml-uf\/"]}]},{"@type":"BreadcrumbList","@id":"https:\/\/grontkontor.dk\/no\/shop\/drikke-flaske-i-stal-og-bambus-800ml-uf\/#breadcrumb","itemListElement":[{"@type":"ListItem","position":1,"name":"Forside","item":"https:\/\/grontkontor.dk\/"},{"@type":"ListItem","position":2,"name":"Butikk","item":"https:\/\/grontkontor.dk\/no\/butikk-2\/"},{"@type":"ListItem","position":3,"name":"Mad og drikke","item":"https:\/\/grontkontor.dk\/produkt-kategori\/mad-og-drikke\/"},{"@type":"ListItem","position":4,"name":"Drikkedunke og termoflasker","item":"https:\/\/grontkontor.dk\/produkt-kategori\/mad-og-drikke\/drikkedunke-og-termoflasker\/"},{"@type":"ListItem","position":5,"name":"St\u00e5l og bambus vannflaske 800ml"}]},{"@type":"WebSite","@id":"https:\/\/grontkontor.dk\/#website","url":"https:\/\/grontkontor.dk\/","name":"Gr\u00f8nt Kontor","description":"Milj\u00f8venlige produkter til kontor og erhverv med fokus p\u00e5 b\u00e6redygtighed, design og fair trade.","publisher":{"@id":"https:\/\/grontkontor.dk\/#organization"},"potentialAction":[{"@type":"SearchAction","target":{"@type":"EntryPoint","urlTemplate":"https:\/\/grontkontor.dk\/?s={search_term_string}"},"query-input":"required name=search_term_string"}],"inLanguage":"no-NO"},{"@type":"Organization","@id":"https:\/\/grontkontor.dk\/#organization","name":"Gr\u00f8nt Kontor","url":"https:\/\/grontkontor.dk\/","logo":{"@type":"ImageObject","inLanguage":"no-NO","@id":"https:\/\/grontkontor.dk\/#\/schema\/logo\/image\/","url":"https:\/\/grontkontor.dk\/wp-content\/uploads\/2014\/02\/Logo_groent_kontor_300x80.png","contentUrl":"https:\/\/grontkontor.dk\/wp-content\/uploads\/2014\/02\/Logo_groent_kontor_300x80.png","width":300,"height":80,"caption":"Gr\u00f8nt Kontor"},"image":{"@id":"https:\/\/grontkontor.dk\/#\/schema\/logo\/image\/"},"sameAs":["https:\/\/www.facebook.com\/grontkontor.dk\/"]}]}},"_links":{"self":[{"href":"https:\/\/grontkontor.dk\/no\/wp-json\/wp\/v2\/product\/89464"}],"collection":[{"href":"https:\/\/grontkontor.dk\/no\/wp-json\/wp\/v2\/product"}],"about":[{"href":"https:\/\/grontkontor.dk\/no\/wp-json\/wp\/v2\/types\/product"}],"replies":[{"embeddable":true,"href":"https:\/\/grontkontor.dk\/no\/wp-json\/wp\/v2\/comments?post=89464"}],"wp:featuredmedia":[{"embeddable":true,"href":"https:\/\/grontkontor.dk\/no\/wp-json\/wp\/v2\/media\/23413"}],"wp:attachment":[{"href":"https:\/\/grontkontor.dk\/no\/wp-json\/wp\/v2\/media?parent=89464"}],"wp:term":[{"taxonomy":"product_cat","embeddable":true,"href":"https:\/\/grontkontor.dk\/no\/wp-json\/wp\/v2\/product_cat?post=89464"},{"taxonomy":"product_tag","embeddable":true,"href":"https:\/\/grontkontor.dk\/no\/wp-json\/wp\/v2\/product_tag?post=89464"}],"curies":[{"name":"wp","href":"https:\/\/api.w.org\/{rel}","templated":true}]}}