{"id":89532,"date":"2023-09-22T13:17:14","date_gmt":"2024-05-29T07:54:46","guid":{"rendered":"https:\/\/grontkontor.dk\/shop\/flaske-i-stal-og-bambus-600ml\/"},"modified":"2024-06-27T10:41:36","modified_gmt":"2024-06-27T08:41:36","slug":"flaske-i-stal-og-bambus-600ml","status":"publish","type":"product","link":"https:\/\/grontkontor.dk\/no\/shop\/flaske-i-stal-og-bambus-600ml\/","title":{"rendered":"St\u00e5l og bambus vannflaske 600ml"},"content":{"rendered":"<p>Nydelig klimavennlig drikkeflaske i rustfritt st\u00e5l med bambuslokk og praktisk rem i polyester. En klima- og milj\u00f8vennlig vannflaske perfekt for firmagaver eller gaver til messer og arrangementer. Kapasitet: 600 ml. Leveres i gaveeske. Egnet for oppvaskmaskin, men vi anbefaler h\u00e5ndvask for lokket. Ikke egnet for mikrob\u00f8lgeovner. Vannflasken er  [food-cs] [staal] [bambus_s] &nbsp;<\/p>\n","protected":false},"excerpt":{"rendered":"<p>Nydelig klimavennlig drikkeflaske i rustfritt st\u00e5l med bambuslokk og praktisk rem i polyester. En klima- og milj\u00f8vennlig vannflaske perfekt for firmagaver eller gaver til messer og arrangementer. Kapasitet: 600 ml. Leveres i gaveeske. Egnet for oppvaskmaskin, men vi anbefaler h\u00e5ndvask for lokket. Ikke egnet for mikrob\u00f8lgeovner. Vannflasken er [food-cs] [staal] [bambus_s] &nbsp;<\/p>\n","protected":false},"featured_media":23881,"comment_status":"closed","ping_status":"closed","template":"","meta":{"_acf_changed":false},"product_cat":[3199,3216,4393,3214],"product_tag":[4869,3992,3704,3218,4871,3993,4867],"class_list":{"0":"post-89532","1":"product","2":"type-product","3":"status-publish","4":"has-post-thumbnail","6":"product_cat-dummy-moq-1-no","7":"product_cat-mat-og-drikke","8":"product_cat-vannflasker-og-termosflasker-no","9":"product_cat-vannflasker-og-termosflasker","10":"product_tag-drikkeflaske-staal","11":"product_tag-drikkeflasker","12":"product_tag-vannflaske-no","13":"product_tag-vannflaske","14":"product_tag-vannflaske-staal","15":"product_tag-vannflasker","16":"product_tag-vannkanner","17":"pa_farve-appelsin","18":"pa_farve-assortert","19":"pa_farve-azure-no","20":"pa_farve-beige-no","21":"pa_farve-blande","22":"pa_farve-blaa-no-2","23":"pa_farve-blaa-no","24":"pa_farve-blaa-min-100-stk-no","25":"pa_farve-blaa-min-15-no","26":"pa_farve-blaa-min-15-stk-no","27":"pa_farve-blaa-gul-no","28":"pa_farve-blaa-groenn-gul","29":"pa_farve-browne-no","30":"pa_farve-brun-no","31":"pa_farve-brun-no-2","32":"pa_farve-crimson-no","33":"pa_farve-dyp-groenn","34":"pa_farve-ed","35":"pa_farve-fiolett","36":"pa_farve-floete-no","37":"pa_farve-floete","38":"pa_farve-fuchsia-min-100-stk-no","39":"pa_farve-grafitt","40":"pa_farve-graa-no","41":"pa_farve-graa-no-2","42":"pa_farve-graa-min-100-stk-no","43":"pa_farve-groenn","44":"pa_farve-groenn-no","45":"pa_farve-gul-no-2","46":"pa_farve-gul-no","47":"pa_farve-gull","48":"pa_farve-havblaa","49":"pa_farve-hvit","50":"pa_farve-hvit-no","51":"pa_farve-kalk-no","52":"pa_farve-khaki-no","53":"pa_farve-kongeblaa","54":"pa_farve-krenke","55":"pa_farve-lilla-no","56":"pa_farve-lyseblaa-no","57":"pa_farve-lysegraa","58":"pa_farve-lysegroenn","59":"pa_farve-mange","60":"pa_farve-marine","61":"pa_farve-mynte","62":"pa_farve-moerk-graa-no","63":"pa_farve-moerkeblaa-no","64":"pa_farve-moerkegroenn","65":"pa_farve-natur-no","66":"pa_farve-natur-min-100-stk-no","67":"pa_farve-oliven-no","68":"pa_farve-rosa","69":"pa_farve-roed-no","70":"pa_farve-roed-min-100-stk-no","71":"pa_farve-roed-min-15-no","72":"pa_farve-roed-min-15-stk-no","73":"pa_farve-roedbrun-no","74":"pa_farve-sennep-no","75":"pa_farve-struktur-no","76":"pa_farve-svart-no","77":"pa_farve-svart","78":"pa_farve-svart-min-100-stk","79":"pa_farve-svart-gull-og-soelv","80":"pa_farve-soelv-no","81":"pa_farve-soelv-no-2","82":"pa_farve-soelv-no-3","83":"pa_farve-turkis-no","84":"pa_farve-turkis-no-2","85":"pa_farve-vin-roed","86":"tm-has-options","88":"first","89":"instock","90":"sale","91":"taxable","92":"shipping-taxable","93":"purchasable","94":"product-type-simple"},"acf":[],"yoast_head":"<!-- This site is optimized with the Yoast SEO Premium plugin v21.2 (Yoast SEO v21.2) - https:\/\/yoast.com\/wordpress\/plugins\/seo\/ -->\n<title>St\u00e5l og bambus vannflaske 600ml - Gr\u00f8nt Kontor<\/title>\n<meta name=\"robots\" content=\"index, follow, max-snippet:-1, max-image-preview:large, max-video-preview:-1\" \/>\n<link rel=\"canonical\" href=\"https:\/\/grontkontor.dk\/no\/shop\/flaske-i-stal-og-bambus-600ml\/\" \/>\n<meta property=\"og:locale\" content=\"en_US\" \/>\n<meta property=\"og:type\" content=\"article\" \/>\n<meta property=\"og:title\" content=\"St\u00e5l og bambus vannflaske 600ml\" \/>\n<meta property=\"og:description\" content=\"Nydelig klimavennlig drikkeflaske i rustfritt st\u00e5l med bambuslokk og praktisk rem i polyester. En klima- og milj\u00f8vennlig vannflaske perfekt for firmagaver eller gaver til messer og arrangementer. Kapasitet: 600 ml. Leveres i gaveeske. Egnet for oppvaskmaskin, men vi anbefaler h\u00e5ndvask for lokket. Ikke egnet for mikrob\u00f8lgeovner. Vannflasken er [food-cs] [staal] [bambus_s] &nbsp;\" \/>\n<meta property=\"og:url\" content=\"https:\/\/grontkontor.dk\/no\/shop\/flaske-i-stal-og-bambus-600ml\/\" \/>\n<meta property=\"og:site_name\" content=\"Gr\u00f8nt Kontor\" \/>\n<meta property=\"article:publisher\" content=\"https:\/\/www.facebook.com\/grontkontor.dk\/\" \/>\n<meta property=\"article:modified_time\" content=\"2024-06-27T08:41:36+00:00\" \/>\n<meta property=\"og:image\" content=\"https:\/\/grontkontor.dk\/wp-content\/uploads\/2021\/04\/vandflaske-staal-bambus-600ml-04.jpg\" \/>\n\t<meta property=\"og:image:width\" content=\"900\" \/>\n\t<meta property=\"og:image:height\" content=\"639\" \/>\n\t<meta property=\"og:image:type\" content=\"image\/jpeg\" \/>\n<meta name=\"twitter:card\" content=\"summary_large_image\" \/>\n<script type=\"application\/ld+json\" class=\"yoast-schema-graph\">{\"@context\":\"https:\/\/schema.org\",\"@graph\":[{\"@type\":\"WebPage\",\"@id\":\"https:\/\/grontkontor.dk\/no\/shop\/flaske-i-stal-og-bambus-600ml\/\",\"url\":\"https:\/\/grontkontor.dk\/no\/shop\/flaske-i-stal-og-bambus-600ml\/\",\"name\":\"St\u00e5l og bambus vannflaske 600ml - Gr\u00f8nt Kontor\",\"isPartOf\":{\"@id\":\"https:\/\/grontkontor.dk\/#website\"},\"datePublished\":\"2024-05-29T07:54:46+00:00\",\"dateModified\":\"2024-06-27T08:41:36+00:00\",\"breadcrumb\":{\"@id\":\"https:\/\/grontkontor.dk\/no\/shop\/flaske-i-stal-og-bambus-600ml\/#breadcrumb\"},\"inLanguage\":\"no-NO\",\"potentialAction\":[{\"@type\":\"ReadAction\",\"target\":[\"https:\/\/grontkontor.dk\/no\/shop\/flaske-i-stal-og-bambus-600ml\/\"]}]},{\"@type\":\"BreadcrumbList\",\"@id\":\"https:\/\/grontkontor.dk\/no\/shop\/flaske-i-stal-og-bambus-600ml\/#breadcrumb\",\"itemListElement\":[{\"@type\":\"ListItem\",\"position\":1,\"name\":\"Forside\",\"item\":\"https:\/\/grontkontor.dk\/\"},{\"@type\":\"ListItem\",\"position\":2,\"name\":\"Butikk\",\"item\":\"https:\/\/grontkontor.dk\/no\/butikk-2\/\"},{\"@type\":\"ListItem\",\"position\":3,\"name\":\"Klimavennlige firmagaver\",\"item\":\"https:\/\/grontkontor.dk\/no\/produkt-kategori\/klimavennlige-firmagaver\/\"},{\"@type\":\"ListItem\",\"position\":4,\"name\":\"Vannflasker og termosflasker\",\"item\":\"https:\/\/grontkontor.dk\/no\/produkt-kategori\/klimavennlige-firmagaver\/vannflasker-og-termosflasker-no\/\"},{\"@type\":\"ListItem\",\"position\":5,\"name\":\"St\u00e5l og bambus vannflaske 600ml\"}]},{\"@type\":\"WebSite\",\"@id\":\"https:\/\/grontkontor.dk\/#website\",\"url\":\"https:\/\/grontkontor.dk\/\",\"name\":\"Gr\u00f8nt Kontor\",\"description\":\"Milj\u00f8venlige produkter til kontor og erhverv med fokus p\u00e5 b\u00e6redygtighed, design og fair trade.\",\"publisher\":{\"@id\":\"https:\/\/grontkontor.dk\/#organization\"},\"potentialAction\":[{\"@type\":\"SearchAction\",\"target\":{\"@type\":\"EntryPoint\",\"urlTemplate\":\"https:\/\/grontkontor.dk\/?s={search_term_string}\"},\"query-input\":\"required name=search_term_string\"}],\"inLanguage\":\"no-NO\"},{\"@type\":\"Organization\",\"@id\":\"https:\/\/grontkontor.dk\/#organization\",\"name\":\"Gr\u00f8nt Kontor\",\"url\":\"https:\/\/grontkontor.dk\/\",\"logo\":{\"@type\":\"ImageObject\",\"inLanguage\":\"no-NO\",\"@id\":\"https:\/\/grontkontor.dk\/#\/schema\/logo\/image\/\",\"url\":\"https:\/\/grontkontor.dk\/wp-content\/uploads\/2014\/02\/Logo_groent_kontor_300x80.png\",\"contentUrl\":\"https:\/\/grontkontor.dk\/wp-content\/uploads\/2014\/02\/Logo_groent_kontor_300x80.png\",\"width\":300,\"height\":80,\"caption\":\"Gr\u00f8nt Kontor\"},\"image\":{\"@id\":\"https:\/\/grontkontor.dk\/#\/schema\/logo\/image\/\"},\"sameAs\":[\"https:\/\/www.facebook.com\/grontkontor.dk\/\"]}]}<\/script>\n<!-- \/ Yoast SEO Premium plugin. -->","yoast_head_json":{"title":"St\u00e5l og bambus vannflaske 600ml - Gr\u00f8nt Kontor","robots":{"index":"index","follow":"follow","max-snippet":"max-snippet:-1","max-image-preview":"max-image-preview:large","max-video-preview":"max-video-preview:-1"},"canonical":"https:\/\/grontkontor.dk\/no\/shop\/flaske-i-stal-og-bambus-600ml\/","og_locale":"en_US","og_type":"article","og_title":"St\u00e5l og bambus vannflaske 600ml","og_description":"Nydelig klimavennlig drikkeflaske i rustfritt st\u00e5l med bambuslokk og praktisk rem i polyester. En klima- og milj\u00f8vennlig vannflaske perfekt for firmagaver eller gaver til messer og arrangementer. Kapasitet: 600 ml. Leveres i gaveeske. Egnet for oppvaskmaskin, men vi anbefaler h\u00e5ndvask for lokket. Ikke egnet for mikrob\u00f8lgeovner. Vannflasken er [food-cs] [staal] [bambus_s] &nbsp;","og_url":"https:\/\/grontkontor.dk\/no\/shop\/flaske-i-stal-og-bambus-600ml\/","og_site_name":"Gr\u00f8nt Kontor","article_publisher":"https:\/\/www.facebook.com\/grontkontor.dk\/","article_modified_time":"2024-06-27T08:41:36+00:00","og_image":[{"width":900,"height":639,"url":"https:\/\/grontkontor.dk\/wp-content\/uploads\/2021\/04\/vandflaske-staal-bambus-600ml-04.jpg","type":"image\/jpeg"}],"twitter_card":"summary_large_image","schema":{"@context":"https:\/\/schema.org","@graph":[{"@type":"WebPage","@id":"https:\/\/grontkontor.dk\/no\/shop\/flaske-i-stal-og-bambus-600ml\/","url":"https:\/\/grontkontor.dk\/no\/shop\/flaske-i-stal-og-bambus-600ml\/","name":"St\u00e5l og bambus vannflaske 600ml - Gr\u00f8nt Kontor","isPartOf":{"@id":"https:\/\/grontkontor.dk\/#website"},"datePublished":"2024-05-29T07:54:46+00:00","dateModified":"2024-06-27T08:41:36+00:00","breadcrumb":{"@id":"https:\/\/grontkontor.dk\/no\/shop\/flaske-i-stal-og-bambus-600ml\/#breadcrumb"},"inLanguage":"no-NO","potentialAction":[{"@type":"ReadAction","target":["https:\/\/grontkontor.dk\/no\/shop\/flaske-i-stal-og-bambus-600ml\/"]}]},{"@type":"BreadcrumbList","@id":"https:\/\/grontkontor.dk\/no\/shop\/flaske-i-stal-og-bambus-600ml\/#breadcrumb","itemListElement":[{"@type":"ListItem","position":1,"name":"Forside","item":"https:\/\/grontkontor.dk\/"},{"@type":"ListItem","position":2,"name":"Butikk","item":"https:\/\/grontkontor.dk\/no\/butikk-2\/"},{"@type":"ListItem","position":3,"name":"Klimavennlige firmagaver","item":"https:\/\/grontkontor.dk\/no\/produkt-kategori\/klimavennlige-firmagaver\/"},{"@type":"ListItem","position":4,"name":"Vannflasker og termosflasker","item":"https:\/\/grontkontor.dk\/no\/produkt-kategori\/klimavennlige-firmagaver\/vannflasker-og-termosflasker-no\/"},{"@type":"ListItem","position":5,"name":"St\u00e5l og bambus vannflaske 600ml"}]},{"@type":"WebSite","@id":"https:\/\/grontkontor.dk\/#website","url":"https:\/\/grontkontor.dk\/","name":"Gr\u00f8nt Kontor","description":"Milj\u00f8venlige produkter til kontor og erhverv med fokus p\u00e5 b\u00e6redygtighed, design og fair trade.","publisher":{"@id":"https:\/\/grontkontor.dk\/#organization"},"potentialAction":[{"@type":"SearchAction","target":{"@type":"EntryPoint","urlTemplate":"https:\/\/grontkontor.dk\/?s={search_term_string}"},"query-input":"required name=search_term_string"}],"inLanguage":"no-NO"},{"@type":"Organization","@id":"https:\/\/grontkontor.dk\/#organization","name":"Gr\u00f8nt Kontor","url":"https:\/\/grontkontor.dk\/","logo":{"@type":"ImageObject","inLanguage":"no-NO","@id":"https:\/\/grontkontor.dk\/#\/schema\/logo\/image\/","url":"https:\/\/grontkontor.dk\/wp-content\/uploads\/2014\/02\/Logo_groent_kontor_300x80.png","contentUrl":"https:\/\/grontkontor.dk\/wp-content\/uploads\/2014\/02\/Logo_groent_kontor_300x80.png","width":300,"height":80,"caption":"Gr\u00f8nt Kontor"},"image":{"@id":"https:\/\/grontkontor.dk\/#\/schema\/logo\/image\/"},"sameAs":["https:\/\/www.facebook.com\/grontkontor.dk\/"]}]}},"_links":{"self":[{"href":"https:\/\/grontkontor.dk\/no\/wp-json\/wp\/v2\/product\/89532"}],"collection":[{"href":"https:\/\/grontkontor.dk\/no\/wp-json\/wp\/v2\/product"}],"about":[{"href":"https:\/\/grontkontor.dk\/no\/wp-json\/wp\/v2\/types\/product"}],"replies":[{"embeddable":true,"href":"https:\/\/grontkontor.dk\/no\/wp-json\/wp\/v2\/comments?post=89532"}],"wp:featuredmedia":[{"embeddable":true,"href":"https:\/\/grontkontor.dk\/no\/wp-json\/wp\/v2\/media\/23881"}],"wp:attachment":[{"href":"https:\/\/grontkontor.dk\/no\/wp-json\/wp\/v2\/media?parent=89532"}],"wp:term":[{"taxonomy":"product_cat","embeddable":true,"href":"https:\/\/grontkontor.dk\/no\/wp-json\/wp\/v2\/product_cat?post=89532"},{"taxonomy":"product_tag","embeddable":true,"href":"https:\/\/grontkontor.dk\/no\/wp-json\/wp\/v2\/product_tag?post=89532"}],"curies":[{"name":"wp","href":"https:\/\/api.w.org\/{rel}","templated":true}]}}