{"id":89621,"date":"2023-09-22T13:16:08","date_gmt":"2024-05-29T07:59:13","guid":{"rendered":"https:\/\/grontkontor.dk\/shop\/magasinholder-til-skala\/"},"modified":"2024-06-27T10:04:57","modified_gmt":"2024-06-27T08:04:57","slug":"magasinholder-til-skala","status":"publish","type":"product","link":"https:\/\/grontkontor.dk\/no\/shop\/magasinholder-til-skala\/","title":{"rendered":"Magasinholder for vegg i FSC eik"},"content":{"rendered":"<p>Nydelig luftig og rustikk magasinholder for veggoppheng. Et klima- og milj\u00f8vennlig produkt laget av FSC-sertifisert eik.<br \/>\n[tryk]<\/p>\n<p>[FSC_s]<\/p>\n<p>&nbsp;<\/p>\n<a href=\"https:\/\/ic.fsc.org\/en\/\" target=\"window\"><img loading=\"lazy\" decoding=\"async\" class=\"size-full wp-image-12735\" src=\"https:\/\/grontkontor.dk\/wp-content\/uploads\/2019\/04\/fsc-certificeret.png\" \n\t\t alt=\"FSC-certificeret\" title=\"FSC-certificeret\" width=\"44\" height=\"51\" border=0\/><\/a>\n","protected":false},"excerpt":{"rendered":"<p>Nydelig luftig og rustikk magasinholder for veggoppheng. Et klima- og milj\u00f8vennlig produkt laget av FSC-sertifisert eik. [tryk] [FSC_s] &nbsp;<\/p>\n","protected":false},"featured_media":22646,"comment_status":"closed","ping_status":"closed","template":"","meta":{"_acf_changed":false},"product_cat":[3491,3199,3883,3506,3543,3195],"product_tag":[4129,3507],"class_list":{"0":"post-89621","1":"product","2":"type-product","3":"status-publish","4":"has-post-thumbnail","6":"product_cat-arkivering-no","7":"product_cat-dummy-moq-1-no","8":"product_cat-eik","9":"product_cat-journal-holdere","10":"product_cat-moebler-og-inventar","11":"product_cat-produktserier","12":"product_tag-holder-av-magasinet","13":"product_tag-magazine-keeper","14":"tm-has-options","16":"first","17":"onbackorder","18":"taxable","19":"shipping-taxable","20":"purchasable","21":"product-type-simple"},"acf":[],"yoast_head":"<!-- This site is optimized with the Yoast SEO Premium plugin v21.2 (Yoast SEO v21.2) - https:\/\/yoast.com\/wordpress\/plugins\/seo\/ -->\n<title>Magasinholder for vegg i FSC eik - Gr\u00f8nt Kontor<\/title>\n<meta name=\"robots\" content=\"index, follow, max-snippet:-1, max-image-preview:large, max-video-preview:-1\" \/>\n<link rel=\"canonical\" href=\"https:\/\/grontkontor.dk\/no\/shop\/magasinholder-til-skala\/\" \/>\n<meta property=\"og:locale\" content=\"en_US\" \/>\n<meta property=\"og:type\" content=\"article\" \/>\n<meta property=\"og:title\" content=\"Magasinholder for vegg i FSC eik\" \/>\n<meta property=\"og:description\" content=\"Nydelig luftig og rustikk magasinholder for veggoppheng. Et klima- og milj\u00f8vennlig produkt laget av FSC-sertifisert eik. [tryk] [FSC_s] &nbsp;\" \/>\n<meta property=\"og:url\" content=\"https:\/\/grontkontor.dk\/no\/shop\/magasinholder-til-skala\/\" \/>\n<meta property=\"og:site_name\" content=\"Gr\u00f8nt Kontor\" \/>\n<meta property=\"article:publisher\" content=\"https:\/\/www.facebook.com\/grontkontor.dk\/\" \/>\n<meta property=\"article:modified_time\" content=\"2024-06-27T08:04:57+00:00\" \/>\n<meta property=\"og:image\" content=\"https:\/\/grontkontor.dk\/wp-content\/uploads\/2021\/02\/magasinholder-fsc-egetrae-02.jpg\" \/>\n\t<meta property=\"og:image:width\" content=\"900\" \/>\n\t<meta property=\"og:image:height\" content=\"639\" \/>\n\t<meta property=\"og:image:type\" content=\"image\/jpeg\" \/>\n<meta name=\"twitter:card\" content=\"summary_large_image\" \/>\n<script type=\"application\/ld+json\" class=\"yoast-schema-graph\">{\"@context\":\"https:\/\/schema.org\",\"@graph\":[{\"@type\":\"WebPage\",\"@id\":\"https:\/\/grontkontor.dk\/no\/shop\/magasinholder-til-skala\/\",\"url\":\"https:\/\/grontkontor.dk\/no\/shop\/magasinholder-til-skala\/\",\"name\":\"Magasinholder for vegg i FSC eik - Gr\u00f8nt Kontor\",\"isPartOf\":{\"@id\":\"https:\/\/grontkontor.dk\/#website\"},\"datePublished\":\"2024-05-29T07:59:13+00:00\",\"dateModified\":\"2024-06-27T08:04:57+00:00\",\"breadcrumb\":{\"@id\":\"https:\/\/grontkontor.dk\/no\/shop\/magasinholder-til-skala\/#breadcrumb\"},\"inLanguage\":\"no-NO\",\"potentialAction\":[{\"@type\":\"ReadAction\",\"target\":[\"https:\/\/grontkontor.dk\/no\/shop\/magasinholder-til-skala\/\"]}]},{\"@type\":\"BreadcrumbList\",\"@id\":\"https:\/\/grontkontor.dk\/no\/shop\/magasinholder-til-skala\/#breadcrumb\",\"itemListElement\":[{\"@type\":\"ListItem\",\"position\":1,\"name\":\"Forside\",\"item\":\"https:\/\/grontkontor.dk\/\"},{\"@type\":\"ListItem\",\"position\":2,\"name\":\"Butikk\",\"item\":\"https:\/\/grontkontor.dk\/no\/butikk-2\/\"},{\"@type\":\"ListItem\",\"position\":3,\"name\":\"Arkivering\",\"item\":\"https:\/\/grontkontor.dk\/produkt-kategori\/arkivering\/\"},{\"@type\":\"ListItem\",\"position\":4,\"name\":\"Tidsskriftholdere\",\"item\":\"https:\/\/grontkontor.dk\/produkt-kategori\/arkivering\/tidsskriftholdere\/\"},{\"@type\":\"ListItem\",\"position\":5,\"name\":\"Magasinholder for vegg i FSC eik\"}]},{\"@type\":\"WebSite\",\"@id\":\"https:\/\/grontkontor.dk\/#website\",\"url\":\"https:\/\/grontkontor.dk\/\",\"name\":\"Gr\u00f8nt Kontor\",\"description\":\"Milj\u00f8venlige produkter til kontor og erhverv med fokus p\u00e5 b\u00e6redygtighed, design og fair trade.\",\"publisher\":{\"@id\":\"https:\/\/grontkontor.dk\/#organization\"},\"potentialAction\":[{\"@type\":\"SearchAction\",\"target\":{\"@type\":\"EntryPoint\",\"urlTemplate\":\"https:\/\/grontkontor.dk\/?s={search_term_string}\"},\"query-input\":\"required name=search_term_string\"}],\"inLanguage\":\"no-NO\"},{\"@type\":\"Organization\",\"@id\":\"https:\/\/grontkontor.dk\/#organization\",\"name\":\"Gr\u00f8nt Kontor\",\"url\":\"https:\/\/grontkontor.dk\/\",\"logo\":{\"@type\":\"ImageObject\",\"inLanguage\":\"no-NO\",\"@id\":\"https:\/\/grontkontor.dk\/#\/schema\/logo\/image\/\",\"url\":\"https:\/\/grontkontor.dk\/wp-content\/uploads\/2014\/02\/Logo_groent_kontor_300x80.png\",\"contentUrl\":\"https:\/\/grontkontor.dk\/wp-content\/uploads\/2014\/02\/Logo_groent_kontor_300x80.png\",\"width\":300,\"height\":80,\"caption\":\"Gr\u00f8nt Kontor\"},\"image\":{\"@id\":\"https:\/\/grontkontor.dk\/#\/schema\/logo\/image\/\"},\"sameAs\":[\"https:\/\/www.facebook.com\/grontkontor.dk\/\"]}]}<\/script>\n<!-- \/ Yoast SEO Premium plugin. -->","yoast_head_json":{"title":"Magasinholder for vegg i FSC eik - Gr\u00f8nt Kontor","robots":{"index":"index","follow":"follow","max-snippet":"max-snippet:-1","max-image-preview":"max-image-preview:large","max-video-preview":"max-video-preview:-1"},"canonical":"https:\/\/grontkontor.dk\/no\/shop\/magasinholder-til-skala\/","og_locale":"en_US","og_type":"article","og_title":"Magasinholder for vegg i FSC eik","og_description":"Nydelig luftig og rustikk magasinholder for veggoppheng. Et klima- og milj\u00f8vennlig produkt laget av FSC-sertifisert eik. [tryk] [FSC_s] &nbsp;","og_url":"https:\/\/grontkontor.dk\/no\/shop\/magasinholder-til-skala\/","og_site_name":"Gr\u00f8nt Kontor","article_publisher":"https:\/\/www.facebook.com\/grontkontor.dk\/","article_modified_time":"2024-06-27T08:04:57+00:00","og_image":[{"width":900,"height":639,"url":"https:\/\/grontkontor.dk\/wp-content\/uploads\/2021\/02\/magasinholder-fsc-egetrae-02.jpg","type":"image\/jpeg"}],"twitter_card":"summary_large_image","schema":{"@context":"https:\/\/schema.org","@graph":[{"@type":"WebPage","@id":"https:\/\/grontkontor.dk\/no\/shop\/magasinholder-til-skala\/","url":"https:\/\/grontkontor.dk\/no\/shop\/magasinholder-til-skala\/","name":"Magasinholder for vegg i FSC eik - Gr\u00f8nt Kontor","isPartOf":{"@id":"https:\/\/grontkontor.dk\/#website"},"datePublished":"2024-05-29T07:59:13+00:00","dateModified":"2024-06-27T08:04:57+00:00","breadcrumb":{"@id":"https:\/\/grontkontor.dk\/no\/shop\/magasinholder-til-skala\/#breadcrumb"},"inLanguage":"no-NO","potentialAction":[{"@type":"ReadAction","target":["https:\/\/grontkontor.dk\/no\/shop\/magasinholder-til-skala\/"]}]},{"@type":"BreadcrumbList","@id":"https:\/\/grontkontor.dk\/no\/shop\/magasinholder-til-skala\/#breadcrumb","itemListElement":[{"@type":"ListItem","position":1,"name":"Forside","item":"https:\/\/grontkontor.dk\/"},{"@type":"ListItem","position":2,"name":"Butikk","item":"https:\/\/grontkontor.dk\/no\/butikk-2\/"},{"@type":"ListItem","position":3,"name":"Arkivering","item":"https:\/\/grontkontor.dk\/produkt-kategori\/arkivering\/"},{"@type":"ListItem","position":4,"name":"Tidsskriftholdere","item":"https:\/\/grontkontor.dk\/produkt-kategori\/arkivering\/tidsskriftholdere\/"},{"@type":"ListItem","position":5,"name":"Magasinholder for vegg i FSC eik"}]},{"@type":"WebSite","@id":"https:\/\/grontkontor.dk\/#website","url":"https:\/\/grontkontor.dk\/","name":"Gr\u00f8nt Kontor","description":"Milj\u00f8venlige produkter til kontor og erhverv med fokus p\u00e5 b\u00e6redygtighed, design og fair trade.","publisher":{"@id":"https:\/\/grontkontor.dk\/#organization"},"potentialAction":[{"@type":"SearchAction","target":{"@type":"EntryPoint","urlTemplate":"https:\/\/grontkontor.dk\/?s={search_term_string}"},"query-input":"required name=search_term_string"}],"inLanguage":"no-NO"},{"@type":"Organization","@id":"https:\/\/grontkontor.dk\/#organization","name":"Gr\u00f8nt Kontor","url":"https:\/\/grontkontor.dk\/","logo":{"@type":"ImageObject","inLanguage":"no-NO","@id":"https:\/\/grontkontor.dk\/#\/schema\/logo\/image\/","url":"https:\/\/grontkontor.dk\/wp-content\/uploads\/2014\/02\/Logo_groent_kontor_300x80.png","contentUrl":"https:\/\/grontkontor.dk\/wp-content\/uploads\/2014\/02\/Logo_groent_kontor_300x80.png","width":300,"height":80,"caption":"Gr\u00f8nt Kontor"},"image":{"@id":"https:\/\/grontkontor.dk\/#\/schema\/logo\/image\/"},"sameAs":["https:\/\/www.facebook.com\/grontkontor.dk\/"]}]}},"_links":{"self":[{"href":"https:\/\/grontkontor.dk\/no\/wp-json\/wp\/v2\/product\/89621"}],"collection":[{"href":"https:\/\/grontkontor.dk\/no\/wp-json\/wp\/v2\/product"}],"about":[{"href":"https:\/\/grontkontor.dk\/no\/wp-json\/wp\/v2\/types\/product"}],"replies":[{"embeddable":true,"href":"https:\/\/grontkontor.dk\/no\/wp-json\/wp\/v2\/comments?post=89621"}],"wp:featuredmedia":[{"embeddable":true,"href":"https:\/\/grontkontor.dk\/no\/wp-json\/wp\/v2\/media\/22646"}],"wp:attachment":[{"href":"https:\/\/grontkontor.dk\/no\/wp-json\/wp\/v2\/media?parent=89621"}],"wp:term":[{"taxonomy":"product_cat","embeddable":true,"href":"https:\/\/grontkontor.dk\/no\/wp-json\/wp\/v2\/product_cat?post=89621"},{"taxonomy":"product_tag","embeddable":true,"href":"https:\/\/grontkontor.dk\/no\/wp-json\/wp\/v2\/product_tag?post=89621"}],"curies":[{"name":"wp","href":"https:\/\/api.w.org\/{rel}","templated":true}]}}