{"id":89649,"date":"2023-09-22T13:16:08","date_gmt":"2024-05-29T08:00:48","guid":{"rendered":"https:\/\/grontkontor.dk\/shop\/oppslagstavle-for-magneter-i-stal\/"},"modified":"2024-05-29T10:00:48","modified_gmt":"2024-05-29T08:00:48","slug":"oppslagstavle-for-magneter-i-stal","status":"publish","type":"product","link":"https:\/\/grontkontor.dk\/no\/shop\/oppslagstavle-for-magneter-i-stal\/","title":{"rendered":"Oppslagstavle for st\u00e5lmagneter"},"content":{"rendered":"<p>Robust, stilig og klimavennlig oppslagstavle for magneter i rustfritt st\u00e5l. Leveres uten magneter &#8211; <a class=\"light\" href=\"https:\/\/grontkontor.dk\/produkt\/magneter-til-opslagstavle\/\">rustikke eikemagneter kan kj\u00f8pes separat her<\/a> og <a class=\"light\" href=\"https:\/\/grontkontor.dk\/produkt\/koeleskabsmagnet-og-navneskilt\/\">post-it lappmagneter kan kj\u00f8pes separat her<\/a>. En praktisk og dekorativ m\u00e5te \u00e5 organisere meldinger, notater, hilsener, etc. Et milj\u00f8vennlig og resirkulerbart produkt med nesten ubegrenset holdbarhet laget av rustfritt st\u00e5l.<br \/>\nBestill et uforpliktende tilbud p\u00e5 utskrift eller lasergravering fra <a class=\"light\" href=\"mailto:jens@grontkontor.dk\">jens@grontkontor.dk<\/a><\/p>\n<p>[staal]<\/p>\n<p>&nbsp;<\/p>\n","protected":false},"excerpt":{"rendered":"<p>Robust, stilig og klimavennlig oppslagstavle for magneter i rustfritt st\u00e5l. Leveres uten magneter &#8211; rustikke eikemagneter kan kj\u00f8pes separat her og post-it lappmagneter kan kj\u00f8pes separat her. En praktisk og dekorativ m\u00e5te \u00e5 organisere meldinger, notater, hilsener, etc. Et milj\u00f8vennlig og resirkulerbart produkt med nesten ubegrenset holdbarhet laget av rustfritt st\u00e5l. Bestill et uforpliktende tilbud [&hellip;]<\/p>\n","protected":false},"featured_media":22470,"comment_status":"closed","ping_status":"closed","template":"","meta":{"_acf_changed":false},"product_cat":[3313,3199,3195],"product_tag":[3588],"class_list":{"0":"post-89649","1":"product","2":"type-product","3":"status-publish","4":"has-post-thumbnail","6":"product_cat-diverse-inventar-no","7":"product_cat-dummy-moq-1-no","8":"product_cat-produktserier","9":"product_tag-oppslagstavle","10":"tm-has-options","12":"first","13":"onbackorder","14":"taxable","15":"shipping-taxable","16":"purchasable","17":"product-type-simple"},"acf":[],"yoast_head":"<!-- This site is optimized with the Yoast SEO Premium plugin v21.2 (Yoast SEO v21.2) - https:\/\/yoast.com\/wordpress\/plugins\/seo\/ -->\n<title>Oppslagstavle for st\u00e5lmagneter - Gr\u00f8nt Kontor<\/title>\n<meta name=\"robots\" content=\"index, follow, max-snippet:-1, max-image-preview:large, max-video-preview:-1\" \/>\n<link rel=\"canonical\" href=\"https:\/\/grontkontor.dk\/no\/shop\/oppslagstavle-for-magneter-i-stal\/\" \/>\n<meta property=\"og:locale\" content=\"en_US\" \/>\n<meta property=\"og:type\" content=\"article\" \/>\n<meta property=\"og:title\" content=\"Oppslagstavle for st\u00e5lmagneter\" \/>\n<meta property=\"og:description\" content=\"Robust, stilig og klimavennlig oppslagstavle for magneter i rustfritt st\u00e5l. Leveres uten magneter &#8211; rustikke eikemagneter kan kj\u00f8pes separat her og post-it lappmagneter kan kj\u00f8pes separat her. En praktisk og dekorativ m\u00e5te \u00e5 organisere meldinger, notater, hilsener, etc. Et milj\u00f8vennlig og resirkulerbart produkt med nesten ubegrenset holdbarhet laget av rustfritt st\u00e5l. Bestill et uforpliktende tilbud [&hellip;]\" \/>\n<meta property=\"og:url\" content=\"https:\/\/grontkontor.dk\/no\/shop\/oppslagstavle-for-magneter-i-stal\/\" \/>\n<meta property=\"og:site_name\" content=\"Gr\u00f8nt Kontor\" \/>\n<meta property=\"article:publisher\" content=\"https:\/\/www.facebook.com\/grontkontor.dk\/\" \/>\n<meta property=\"og:image\" content=\"https:\/\/grontkontor.dk\/wp-content\/uploads\/2021\/02\/opslagstavle-large-staal-magnet-50x70cm-03.jpg\" \/>\n\t<meta property=\"og:image:width\" content=\"900\" \/>\n\t<meta property=\"og:image:height\" content=\"639\" \/>\n\t<meta property=\"og:image:type\" content=\"image\/jpeg\" \/>\n<meta name=\"twitter:card\" content=\"summary_large_image\" \/>\n<script type=\"application\/ld+json\" class=\"yoast-schema-graph\">{\"@context\":\"https:\/\/schema.org\",\"@graph\":[{\"@type\":\"WebPage\",\"@id\":\"https:\/\/grontkontor.dk\/no\/shop\/oppslagstavle-for-magneter-i-stal\/\",\"url\":\"https:\/\/grontkontor.dk\/no\/shop\/oppslagstavle-for-magneter-i-stal\/\",\"name\":\"Oppslagstavle for st\u00e5lmagneter - Gr\u00f8nt Kontor\",\"isPartOf\":{\"@id\":\"https:\/\/grontkontor.dk\/#website\"},\"datePublished\":\"2024-05-29T08:00:48+00:00\",\"dateModified\":\"2024-05-29T08:00:48+00:00\",\"breadcrumb\":{\"@id\":\"https:\/\/grontkontor.dk\/no\/shop\/oppslagstavle-for-magneter-i-stal\/#breadcrumb\"},\"inLanguage\":\"no-NO\",\"potentialAction\":[{\"@type\":\"ReadAction\",\"target\":[\"https:\/\/grontkontor.dk\/no\/shop\/oppslagstavle-for-magneter-i-stal\/\"]}]},{\"@type\":\"BreadcrumbList\",\"@id\":\"https:\/\/grontkontor.dk\/no\/shop\/oppslagstavle-for-magneter-i-stal\/#breadcrumb\",\"itemListElement\":[{\"@type\":\"ListItem\",\"position\":1,\"name\":\"Forside\",\"item\":\"https:\/\/grontkontor.dk\/\"},{\"@type\":\"ListItem\",\"position\":2,\"name\":\"Butikk\",\"item\":\"https:\/\/grontkontor.dk\/no\/butikk-2\/\"},{\"@type\":\"ListItem\",\"position\":3,\"name\":\"M\u00f8bler og inventar\",\"item\":\"https:\/\/grontkontor.dk\/produkt-kategori\/mobler-og-inventar\/\"},{\"@type\":\"ListItem\",\"position\":4,\"name\":\"Diverse inventar\",\"item\":\"https:\/\/grontkontor.dk\/produkt-kategori\/mobler-og-inventar\/diverse-inventar\/\"},{\"@type\":\"ListItem\",\"position\":5,\"name\":\"Oppslagstavle for st\u00e5lmagneter\"}]},{\"@type\":\"WebSite\",\"@id\":\"https:\/\/grontkontor.dk\/#website\",\"url\":\"https:\/\/grontkontor.dk\/\",\"name\":\"Gr\u00f8nt Kontor\",\"description\":\"Milj\u00f8venlige produkter til kontor og erhverv med fokus p\u00e5 b\u00e6redygtighed, design og fair trade.\",\"publisher\":{\"@id\":\"https:\/\/grontkontor.dk\/#organization\"},\"potentialAction\":[{\"@type\":\"SearchAction\",\"target\":{\"@type\":\"EntryPoint\",\"urlTemplate\":\"https:\/\/grontkontor.dk\/?s={search_term_string}\"},\"query-input\":\"required name=search_term_string\"}],\"inLanguage\":\"no-NO\"},{\"@type\":\"Organization\",\"@id\":\"https:\/\/grontkontor.dk\/#organization\",\"name\":\"Gr\u00f8nt Kontor\",\"url\":\"https:\/\/grontkontor.dk\/\",\"logo\":{\"@type\":\"ImageObject\",\"inLanguage\":\"no-NO\",\"@id\":\"https:\/\/grontkontor.dk\/#\/schema\/logo\/image\/\",\"url\":\"https:\/\/grontkontor.dk\/wp-content\/uploads\/2014\/02\/Logo_groent_kontor_300x80.png\",\"contentUrl\":\"https:\/\/grontkontor.dk\/wp-content\/uploads\/2014\/02\/Logo_groent_kontor_300x80.png\",\"width\":300,\"height\":80,\"caption\":\"Gr\u00f8nt Kontor\"},\"image\":{\"@id\":\"https:\/\/grontkontor.dk\/#\/schema\/logo\/image\/\"},\"sameAs\":[\"https:\/\/www.facebook.com\/grontkontor.dk\/\"]}]}<\/script>\n<!-- \/ Yoast SEO Premium plugin. -->","yoast_head_json":{"title":"Oppslagstavle for st\u00e5lmagneter - Gr\u00f8nt Kontor","robots":{"index":"index","follow":"follow","max-snippet":"max-snippet:-1","max-image-preview":"max-image-preview:large","max-video-preview":"max-video-preview:-1"},"canonical":"https:\/\/grontkontor.dk\/no\/shop\/oppslagstavle-for-magneter-i-stal\/","og_locale":"en_US","og_type":"article","og_title":"Oppslagstavle for st\u00e5lmagneter","og_description":"Robust, stilig og klimavennlig oppslagstavle for magneter i rustfritt st\u00e5l. Leveres uten magneter &#8211; rustikke eikemagneter kan kj\u00f8pes separat her og post-it lappmagneter kan kj\u00f8pes separat her. En praktisk og dekorativ m\u00e5te \u00e5 organisere meldinger, notater, hilsener, etc. Et milj\u00f8vennlig og resirkulerbart produkt med nesten ubegrenset holdbarhet laget av rustfritt st\u00e5l. Bestill et uforpliktende tilbud [&hellip;]","og_url":"https:\/\/grontkontor.dk\/no\/shop\/oppslagstavle-for-magneter-i-stal\/","og_site_name":"Gr\u00f8nt Kontor","article_publisher":"https:\/\/www.facebook.com\/grontkontor.dk\/","og_image":[{"width":900,"height":639,"url":"https:\/\/grontkontor.dk\/wp-content\/uploads\/2021\/02\/opslagstavle-large-staal-magnet-50x70cm-03.jpg","type":"image\/jpeg"}],"twitter_card":"summary_large_image","schema":{"@context":"https:\/\/schema.org","@graph":[{"@type":"WebPage","@id":"https:\/\/grontkontor.dk\/no\/shop\/oppslagstavle-for-magneter-i-stal\/","url":"https:\/\/grontkontor.dk\/no\/shop\/oppslagstavle-for-magneter-i-stal\/","name":"Oppslagstavle for st\u00e5lmagneter - Gr\u00f8nt Kontor","isPartOf":{"@id":"https:\/\/grontkontor.dk\/#website"},"datePublished":"2024-05-29T08:00:48+00:00","dateModified":"2024-05-29T08:00:48+00:00","breadcrumb":{"@id":"https:\/\/grontkontor.dk\/no\/shop\/oppslagstavle-for-magneter-i-stal\/#breadcrumb"},"inLanguage":"no-NO","potentialAction":[{"@type":"ReadAction","target":["https:\/\/grontkontor.dk\/no\/shop\/oppslagstavle-for-magneter-i-stal\/"]}]},{"@type":"BreadcrumbList","@id":"https:\/\/grontkontor.dk\/no\/shop\/oppslagstavle-for-magneter-i-stal\/#breadcrumb","itemListElement":[{"@type":"ListItem","position":1,"name":"Forside","item":"https:\/\/grontkontor.dk\/"},{"@type":"ListItem","position":2,"name":"Butikk","item":"https:\/\/grontkontor.dk\/no\/butikk-2\/"},{"@type":"ListItem","position":3,"name":"M\u00f8bler og inventar","item":"https:\/\/grontkontor.dk\/produkt-kategori\/mobler-og-inventar\/"},{"@type":"ListItem","position":4,"name":"Diverse inventar","item":"https:\/\/grontkontor.dk\/produkt-kategori\/mobler-og-inventar\/diverse-inventar\/"},{"@type":"ListItem","position":5,"name":"Oppslagstavle for st\u00e5lmagneter"}]},{"@type":"WebSite","@id":"https:\/\/grontkontor.dk\/#website","url":"https:\/\/grontkontor.dk\/","name":"Gr\u00f8nt Kontor","description":"Milj\u00f8venlige produkter til kontor og erhverv med fokus p\u00e5 b\u00e6redygtighed, design og fair trade.","publisher":{"@id":"https:\/\/grontkontor.dk\/#organization"},"potentialAction":[{"@type":"SearchAction","target":{"@type":"EntryPoint","urlTemplate":"https:\/\/grontkontor.dk\/?s={search_term_string}"},"query-input":"required name=search_term_string"}],"inLanguage":"no-NO"},{"@type":"Organization","@id":"https:\/\/grontkontor.dk\/#organization","name":"Gr\u00f8nt Kontor","url":"https:\/\/grontkontor.dk\/","logo":{"@type":"ImageObject","inLanguage":"no-NO","@id":"https:\/\/grontkontor.dk\/#\/schema\/logo\/image\/","url":"https:\/\/grontkontor.dk\/wp-content\/uploads\/2014\/02\/Logo_groent_kontor_300x80.png","contentUrl":"https:\/\/grontkontor.dk\/wp-content\/uploads\/2014\/02\/Logo_groent_kontor_300x80.png","width":300,"height":80,"caption":"Gr\u00f8nt Kontor"},"image":{"@id":"https:\/\/grontkontor.dk\/#\/schema\/logo\/image\/"},"sameAs":["https:\/\/www.facebook.com\/grontkontor.dk\/"]}]}},"_links":{"self":[{"href":"https:\/\/grontkontor.dk\/no\/wp-json\/wp\/v2\/product\/89649"}],"collection":[{"href":"https:\/\/grontkontor.dk\/no\/wp-json\/wp\/v2\/product"}],"about":[{"href":"https:\/\/grontkontor.dk\/no\/wp-json\/wp\/v2\/types\/product"}],"replies":[{"embeddable":true,"href":"https:\/\/grontkontor.dk\/no\/wp-json\/wp\/v2\/comments?post=89649"}],"wp:featuredmedia":[{"embeddable":true,"href":"https:\/\/grontkontor.dk\/no\/wp-json\/wp\/v2\/media\/22470"}],"wp:attachment":[{"href":"https:\/\/grontkontor.dk\/no\/wp-json\/wp\/v2\/media?parent=89649"}],"wp:term":[{"taxonomy":"product_cat","embeddable":true,"href":"https:\/\/grontkontor.dk\/no\/wp-json\/wp\/v2\/product_cat?post=89649"},{"taxonomy":"product_tag","embeddable":true,"href":"https:\/\/grontkontor.dk\/no\/wp-json\/wp\/v2\/product_tag?post=89649"}],"curies":[{"name":"wp","href":"https:\/\/api.w.org\/{rel}","templated":true}]}}