{"id":89668,"date":"2023-09-22T13:14:49","date_gmt":"2024-05-29T08:00:51","guid":{"rendered":"https:\/\/grontkontor.dk\/shop\/oelo-picker-in-boegetrae-og-rustfritt-stal-2\/"},"modified":"2024-06-26T10:28:23","modified_gmt":"2024-06-26T08:28:23","slug":"oelo-picker-in-boegetrae-og-rustfritt-stal-2","status":"publish","type":"product","link":"https:\/\/grontkontor.dk\/no\/shop\/oelo-picker-in-boegetrae-og-rustfritt-stal-2\/","title":{"rendered":"Flaske\u00e5pner B\u00f8k og rustfritt st\u00e5l # 2"},"content":{"rendered":"<p>Enkel og stilig \u00f8l\u00e5pner i rustfritt st\u00e5l og b\u00f8ketre.<\/p>\n<p>Et godt designet, stilrent og klimavennlig produkt, egnet som firmagave eller brosjyre til messer og arrangementer.<\/p>\n<p>[staal]<\/p>\n<p>&nbsp;<\/p>\n","protected":false},"excerpt":{"rendered":"<p>Enkel og stilig \u00f8l\u00e5pner i rustfritt st\u00e5l og b\u00f8ketre. Et godt designet, stilrent og klimavennlig produkt, egnet som firmagave eller brosjyre til messer og arrangementer. [staal] &nbsp;<\/p>\n","protected":false},"featured_media":21438,"comment_status":"closed","ping_status":"closed","template":"","meta":{"_acf_changed":false},"product_cat":[3199,3437,3194],"product_tag":[3863,3743],"class_list":{"0":"post-89668","1":"product","2":"type-product","3":"status-publish","4":"has-post-thumbnail","6":"product_cat-dummy-moq-1-no","7":"product_cat-hotell-restaurant","8":"product_cat-klimavennlige-firmagaver","9":"product_tag-aapneren","10":"product_tag-oelaapner","11":"tm-has-options","13":"first","14":"instock","15":"sale","16":"taxable","17":"shipping-taxable","18":"purchasable","19":"product-type-simple"},"acf":[],"yoast_head":"<!-- This site is optimized with the Yoast SEO Premium plugin v21.2 (Yoast SEO v21.2) - https:\/\/yoast.com\/wordpress\/plugins\/seo\/ -->\n<title>Flaske\u00e5pner B\u00f8k og rustfritt st\u00e5l # 2 - Gr\u00f8nt Kontor<\/title>\n<meta name=\"robots\" content=\"index, follow, max-snippet:-1, max-image-preview:large, max-video-preview:-1\" \/>\n<link rel=\"canonical\" href=\"https:\/\/grontkontor.dk\/no\/shop\/oelo-picker-in-boegetrae-og-rustfritt-stal-2\/\" \/>\n<meta property=\"og:locale\" content=\"en_US\" \/>\n<meta property=\"og:type\" content=\"article\" \/>\n<meta property=\"og:title\" content=\"Flaske\u00e5pner B\u00f8k og rustfritt st\u00e5l # 2\" \/>\n<meta property=\"og:description\" content=\"Enkel og stilig \u00f8l\u00e5pner i rustfritt st\u00e5l og b\u00f8ketre. Et godt designet, stilrent og klimavennlig produkt, egnet som firmagave eller brosjyre til messer og arrangementer. [staal] &nbsp;\" \/>\n<meta property=\"og:url\" content=\"https:\/\/grontkontor.dk\/no\/shop\/oelo-picker-in-boegetrae-og-rustfritt-stal-2\/\" \/>\n<meta property=\"og:site_name\" content=\"Gr\u00f8nt Kontor\" \/>\n<meta property=\"article:publisher\" content=\"https:\/\/www.facebook.com\/grontkontor.dk\/\" \/>\n<meta property=\"article:modified_time\" content=\"2024-06-26T08:28:23+00:00\" \/>\n<meta property=\"og:image\" content=\"https:\/\/grontkontor.dk\/wp-content\/uploads\/2020\/12\/oplukker-boegetrae-02.jpg\" \/>\n\t<meta property=\"og:image:width\" content=\"900\" \/>\n\t<meta property=\"og:image:height\" content=\"639\" \/>\n\t<meta property=\"og:image:type\" content=\"image\/jpeg\" \/>\n<meta name=\"twitter:card\" content=\"summary_large_image\" \/>\n<script type=\"application\/ld+json\" class=\"yoast-schema-graph\">{\"@context\":\"https:\/\/schema.org\",\"@graph\":[{\"@type\":\"WebPage\",\"@id\":\"https:\/\/grontkontor.dk\/no\/shop\/oelo-picker-in-boegetrae-og-rustfritt-stal-2\/\",\"url\":\"https:\/\/grontkontor.dk\/no\/shop\/oelo-picker-in-boegetrae-og-rustfritt-stal-2\/\",\"name\":\"Flaske\u00e5pner B\u00f8k og rustfritt st\u00e5l # 2 - Gr\u00f8nt Kontor\",\"isPartOf\":{\"@id\":\"https:\/\/grontkontor.dk\/#website\"},\"datePublished\":\"2024-05-29T08:00:51+00:00\",\"dateModified\":\"2024-06-26T08:28:23+00:00\",\"breadcrumb\":{\"@id\":\"https:\/\/grontkontor.dk\/no\/shop\/oelo-picker-in-boegetrae-og-rustfritt-stal-2\/#breadcrumb\"},\"inLanguage\":\"no-NO\",\"potentialAction\":[{\"@type\":\"ReadAction\",\"target\":[\"https:\/\/grontkontor.dk\/no\/shop\/oelo-picker-in-boegetrae-og-rustfritt-stal-2\/\"]}]},{\"@type\":\"BreadcrumbList\",\"@id\":\"https:\/\/grontkontor.dk\/no\/shop\/oelo-picker-in-boegetrae-og-rustfritt-stal-2\/#breadcrumb\",\"itemListElement\":[{\"@type\":\"ListItem\",\"position\":1,\"name\":\"Forside\",\"item\":\"https:\/\/grontkontor.dk\/\"},{\"@type\":\"ListItem\",\"position\":2,\"name\":\"Butikk\",\"item\":\"https:\/\/grontkontor.dk\/no\/butikk-2\/\"},{\"@type\":\"ListItem\",\"position\":3,\"name\":\"Hotel - restauration\",\"item\":\"https:\/\/grontkontor.dk\/produkt-kategori\/hotel-restauration\/\"},{\"@type\":\"ListItem\",\"position\":4,\"name\":\"Flaske\u00e5pner B\u00f8k og rustfritt st\u00e5l # 2\"}]},{\"@type\":\"WebSite\",\"@id\":\"https:\/\/grontkontor.dk\/#website\",\"url\":\"https:\/\/grontkontor.dk\/\",\"name\":\"Gr\u00f8nt Kontor\",\"description\":\"Milj\u00f8venlige produkter til kontor og erhverv med fokus p\u00e5 b\u00e6redygtighed, design og fair trade.\",\"publisher\":{\"@id\":\"https:\/\/grontkontor.dk\/#organization\"},\"potentialAction\":[{\"@type\":\"SearchAction\",\"target\":{\"@type\":\"EntryPoint\",\"urlTemplate\":\"https:\/\/grontkontor.dk\/?s={search_term_string}\"},\"query-input\":\"required name=search_term_string\"}],\"inLanguage\":\"no-NO\"},{\"@type\":\"Organization\",\"@id\":\"https:\/\/grontkontor.dk\/#organization\",\"name\":\"Gr\u00f8nt Kontor\",\"url\":\"https:\/\/grontkontor.dk\/\",\"logo\":{\"@type\":\"ImageObject\",\"inLanguage\":\"no-NO\",\"@id\":\"https:\/\/grontkontor.dk\/#\/schema\/logo\/image\/\",\"url\":\"https:\/\/grontkontor.dk\/wp-content\/uploads\/2014\/02\/Logo_groent_kontor_300x80.png\",\"contentUrl\":\"https:\/\/grontkontor.dk\/wp-content\/uploads\/2014\/02\/Logo_groent_kontor_300x80.png\",\"width\":300,\"height\":80,\"caption\":\"Gr\u00f8nt Kontor\"},\"image\":{\"@id\":\"https:\/\/grontkontor.dk\/#\/schema\/logo\/image\/\"},\"sameAs\":[\"https:\/\/www.facebook.com\/grontkontor.dk\/\"]}]}<\/script>\n<!-- \/ Yoast SEO Premium plugin. -->","yoast_head_json":{"title":"Flaske\u00e5pner B\u00f8k og rustfritt st\u00e5l # 2 - Gr\u00f8nt Kontor","robots":{"index":"index","follow":"follow","max-snippet":"max-snippet:-1","max-image-preview":"max-image-preview:large","max-video-preview":"max-video-preview:-1"},"canonical":"https:\/\/grontkontor.dk\/no\/shop\/oelo-picker-in-boegetrae-og-rustfritt-stal-2\/","og_locale":"en_US","og_type":"article","og_title":"Flaske\u00e5pner B\u00f8k og rustfritt st\u00e5l # 2","og_description":"Enkel og stilig \u00f8l\u00e5pner i rustfritt st\u00e5l og b\u00f8ketre. Et godt designet, stilrent og klimavennlig produkt, egnet som firmagave eller brosjyre til messer og arrangementer. [staal] &nbsp;","og_url":"https:\/\/grontkontor.dk\/no\/shop\/oelo-picker-in-boegetrae-og-rustfritt-stal-2\/","og_site_name":"Gr\u00f8nt Kontor","article_publisher":"https:\/\/www.facebook.com\/grontkontor.dk\/","article_modified_time":"2024-06-26T08:28:23+00:00","og_image":[{"width":900,"height":639,"url":"https:\/\/grontkontor.dk\/wp-content\/uploads\/2020\/12\/oplukker-boegetrae-02.jpg","type":"image\/jpeg"}],"twitter_card":"summary_large_image","schema":{"@context":"https:\/\/schema.org","@graph":[{"@type":"WebPage","@id":"https:\/\/grontkontor.dk\/no\/shop\/oelo-picker-in-boegetrae-og-rustfritt-stal-2\/","url":"https:\/\/grontkontor.dk\/no\/shop\/oelo-picker-in-boegetrae-og-rustfritt-stal-2\/","name":"Flaske\u00e5pner B\u00f8k og rustfritt st\u00e5l # 2 - Gr\u00f8nt Kontor","isPartOf":{"@id":"https:\/\/grontkontor.dk\/#website"},"datePublished":"2024-05-29T08:00:51+00:00","dateModified":"2024-06-26T08:28:23+00:00","breadcrumb":{"@id":"https:\/\/grontkontor.dk\/no\/shop\/oelo-picker-in-boegetrae-og-rustfritt-stal-2\/#breadcrumb"},"inLanguage":"no-NO","potentialAction":[{"@type":"ReadAction","target":["https:\/\/grontkontor.dk\/no\/shop\/oelo-picker-in-boegetrae-og-rustfritt-stal-2\/"]}]},{"@type":"BreadcrumbList","@id":"https:\/\/grontkontor.dk\/no\/shop\/oelo-picker-in-boegetrae-og-rustfritt-stal-2\/#breadcrumb","itemListElement":[{"@type":"ListItem","position":1,"name":"Forside","item":"https:\/\/grontkontor.dk\/"},{"@type":"ListItem","position":2,"name":"Butikk","item":"https:\/\/grontkontor.dk\/no\/butikk-2\/"},{"@type":"ListItem","position":3,"name":"Hotel - restauration","item":"https:\/\/grontkontor.dk\/produkt-kategori\/hotel-restauration\/"},{"@type":"ListItem","position":4,"name":"Flaske\u00e5pner B\u00f8k og rustfritt st\u00e5l # 2"}]},{"@type":"WebSite","@id":"https:\/\/grontkontor.dk\/#website","url":"https:\/\/grontkontor.dk\/","name":"Gr\u00f8nt Kontor","description":"Milj\u00f8venlige produkter til kontor og erhverv med fokus p\u00e5 b\u00e6redygtighed, design og fair trade.","publisher":{"@id":"https:\/\/grontkontor.dk\/#organization"},"potentialAction":[{"@type":"SearchAction","target":{"@type":"EntryPoint","urlTemplate":"https:\/\/grontkontor.dk\/?s={search_term_string}"},"query-input":"required name=search_term_string"}],"inLanguage":"no-NO"},{"@type":"Organization","@id":"https:\/\/grontkontor.dk\/#organization","name":"Gr\u00f8nt Kontor","url":"https:\/\/grontkontor.dk\/","logo":{"@type":"ImageObject","inLanguage":"no-NO","@id":"https:\/\/grontkontor.dk\/#\/schema\/logo\/image\/","url":"https:\/\/grontkontor.dk\/wp-content\/uploads\/2014\/02\/Logo_groent_kontor_300x80.png","contentUrl":"https:\/\/grontkontor.dk\/wp-content\/uploads\/2014\/02\/Logo_groent_kontor_300x80.png","width":300,"height":80,"caption":"Gr\u00f8nt Kontor"},"image":{"@id":"https:\/\/grontkontor.dk\/#\/schema\/logo\/image\/"},"sameAs":["https:\/\/www.facebook.com\/grontkontor.dk\/"]}]}},"_links":{"self":[{"href":"https:\/\/grontkontor.dk\/no\/wp-json\/wp\/v2\/product\/89668"}],"collection":[{"href":"https:\/\/grontkontor.dk\/no\/wp-json\/wp\/v2\/product"}],"about":[{"href":"https:\/\/grontkontor.dk\/no\/wp-json\/wp\/v2\/types\/product"}],"replies":[{"embeddable":true,"href":"https:\/\/grontkontor.dk\/no\/wp-json\/wp\/v2\/comments?post=89668"}],"wp:featuredmedia":[{"embeddable":true,"href":"https:\/\/grontkontor.dk\/no\/wp-json\/wp\/v2\/media\/21438"}],"wp:attachment":[{"href":"https:\/\/grontkontor.dk\/no\/wp-json\/wp\/v2\/media?parent=89668"}],"wp:term":[{"taxonomy":"product_cat","embeddable":true,"href":"https:\/\/grontkontor.dk\/no\/wp-json\/wp\/v2\/product_cat?post=89668"},{"taxonomy":"product_tag","embeddable":true,"href":"https:\/\/grontkontor.dk\/no\/wp-json\/wp\/v2\/product_tag?post=89668"}],"curies":[{"name":"wp","href":"https:\/\/api.w.org\/{rel}","templated":true}]}}