{"id":89756,"date":"2023-09-22T13:14:27","date_gmt":"2024-05-29T08:02:07","guid":{"rendered":"https:\/\/grontkontor.dk\/shop\/penn-i-kork-hvete-fiber-og-pp-1\/"},"modified":"2024-05-29T10:02:07","modified_gmt":"2024-05-29T08:02:07","slug":"penn-i-kork-hvete-fiber-og-pp-1","status":"publish","type":"product","link":"https:\/\/grontkontor.dk\/no\/shop\/penn-i-kork-hvete-fiber-og-pp-1\/","title":{"rendered":"Kulepenn i kork, hvetefiber og PP #1"},"content":{"rendered":"<p>Rustikk og funky kulepenn med korkkropp med topp, fot og klips i hvetefibermateriale (hvete + PP) i pastellfarger. Designet + de tilsatte naturlige fibrene begrenser plastforbruket betydelig i denne robuste og milj\u00f8vennlige pennen. Hvetefibermaterialet inneholder polypropylen, som ikke er biologisk nedbrytbart. Hvis du vil g\u00e5 all in p\u00e5 klimavennlighet, anbefaler vi <a class=\"light\" href=\"https:\/\/grontkontor.dk\/produkt\/kuglepen-bioplast-genbrugspap\/\">denne pennen i resirkulert papp\/bioplast<\/a> eller <a class=\"light\" href=\"https:\/\/grontkontor.dk\/produkt\/kuglepen-refill-kork-m-u-tryk\/\">denne eksklusive refillpennen i kork<\/a><\/p>\n<p>Leveres som standard med bl\u00e5tt blekk og plastpatron.<\/p>\n<p>[kork]<\/p>\n<p>&nbsp;<\/p>\n<p>&nbsp;<\/p>\n","protected":false},"excerpt":{"rendered":"<p>Rustikk og funky kulepenn med korkkropp med topp, fot og klips i hvetefibermateriale (hvete + PP) i pastellfarger. Designet + de tilsatte naturlige fibrene begrenser plastforbruket betydelig i denne robuste og milj\u00f8vennlige pennen. Hvetefibermaterialet inneholder polypropylen, som ikke er biologisk nedbrytbart. Hvis du vil g\u00e5 all in p\u00e5 klimavennlighet, anbefaler vi denne pennen i resirkulert [&hellip;]<\/p>\n","protected":false},"featured_media":21137,"comment_status":"closed","ping_status":"closed","template":"","meta":{"_acf_changed":false},"product_cat":[3199,3300,4394,3299],"product_tag":[3302],"class_list":{"0":"post-89756","1":"product","2":"type-product","3":"status-publish","4":"has-post-thumbnail","6":"product_cat-dummy-moq-1-no","7":"product_cat-penner","8":"product_cat-penner-og-blyanter","9":"product_cat-skrive-og-pekeutstyr","10":"product_tag-kulepenn","11":"tm-has-options","13":"first","14":"instock","15":"taxable","16":"shipping-taxable","17":"purchasable","18":"product-type-variable","19":"has-default-attributes"},"acf":[],"yoast_head":"<!-- This site is optimized with the Yoast SEO Premium plugin v21.2 (Yoast SEO v21.2) - https:\/\/yoast.com\/wordpress\/plugins\/seo\/ -->\n<title>Kulepenn i kork, hvetefiber og PP #1 - Gr\u00f8nt Kontor<\/title>\n<meta name=\"robots\" content=\"index, follow, max-snippet:-1, max-image-preview:large, max-video-preview:-1\" \/>\n<link rel=\"canonical\" href=\"https:\/\/grontkontor.dk\/no\/shop\/penn-i-kork-hvete-fiber-og-pp-1\/\" \/>\n<meta property=\"og:locale\" content=\"en_US\" \/>\n<meta property=\"og:type\" content=\"article\" \/>\n<meta property=\"og:title\" content=\"Kulepenn i kork, hvetefiber og PP #1\" \/>\n<meta property=\"og:description\" content=\"Rustikk og funky kulepenn med korkkropp med topp, fot og klips i hvetefibermateriale (hvete + PP) i pastellfarger. Designet + de tilsatte naturlige fibrene begrenser plastforbruket betydelig i denne robuste og milj\u00f8vennlige pennen. Hvetefibermaterialet inneholder polypropylen, som ikke er biologisk nedbrytbart. Hvis du vil g\u00e5 all in p\u00e5 klimavennlighet, anbefaler vi denne pennen i resirkulert [&hellip;]\" \/>\n<meta property=\"og:url\" content=\"https:\/\/grontkontor.dk\/no\/shop\/penn-i-kork-hvete-fiber-og-pp-1\/\" \/>\n<meta property=\"og:site_name\" content=\"Gr\u00f8nt Kontor\" \/>\n<meta property=\"article:publisher\" content=\"https:\/\/www.facebook.com\/grontkontor.dk\/\" \/>\n<meta name=\"twitter:card\" content=\"summary_large_image\" \/>\n<script type=\"application\/ld+json\" class=\"yoast-schema-graph\">{\"@context\":\"https:\/\/schema.org\",\"@graph\":[{\"@type\":\"WebPage\",\"@id\":\"https:\/\/grontkontor.dk\/no\/shop\/penn-i-kork-hvete-fiber-og-pp-1\/\",\"url\":\"https:\/\/grontkontor.dk\/no\/shop\/penn-i-kork-hvete-fiber-og-pp-1\/\",\"name\":\"Kulepenn i kork, hvetefiber og PP #1 - Gr\u00f8nt Kontor\",\"isPartOf\":{\"@id\":\"https:\/\/grontkontor.dk\/#website\"},\"datePublished\":\"2024-05-29T08:02:07+00:00\",\"dateModified\":\"2024-05-29T08:02:07+00:00\",\"breadcrumb\":{\"@id\":\"https:\/\/grontkontor.dk\/no\/shop\/penn-i-kork-hvete-fiber-og-pp-1\/#breadcrumb\"},\"inLanguage\":\"no-NO\",\"potentialAction\":[{\"@type\":\"ReadAction\",\"target\":[\"https:\/\/grontkontor.dk\/no\/shop\/penn-i-kork-hvete-fiber-og-pp-1\/\"]}]},{\"@type\":\"BreadcrumbList\",\"@id\":\"https:\/\/grontkontor.dk\/no\/shop\/penn-i-kork-hvete-fiber-og-pp-1\/#breadcrumb\",\"itemListElement\":[{\"@type\":\"ListItem\",\"position\":1,\"name\":\"Forside\",\"item\":\"https:\/\/grontkontor.dk\/\"},{\"@type\":\"ListItem\",\"position\":2,\"name\":\"Butikk\",\"item\":\"https:\/\/grontkontor.dk\/no\/butikk-2\/\"},{\"@type\":\"ListItem\",\"position\":3,\"name\":\"Skrive- og pegeudstyr\",\"item\":\"https:\/\/grontkontor.dk\/produkt-kategori\/skrive-og-pegeudstyr\/\"},{\"@type\":\"ListItem\",\"position\":4,\"name\":\"Kuglepenne\",\"item\":\"https:\/\/grontkontor.dk\/produkt-kategori\/skrive-og-pegeudstyr\/kuglepenne\/\"},{\"@type\":\"ListItem\",\"position\":5,\"name\":\"Kulepenn i kork, hvetefiber og PP #1\"}]},{\"@type\":\"WebSite\",\"@id\":\"https:\/\/grontkontor.dk\/#website\",\"url\":\"https:\/\/grontkontor.dk\/\",\"name\":\"Gr\u00f8nt Kontor\",\"description\":\"Milj\u00f8venlige produkter til kontor og erhverv med fokus p\u00e5 b\u00e6redygtighed, design og fair trade.\",\"publisher\":{\"@id\":\"https:\/\/grontkontor.dk\/#organization\"},\"potentialAction\":[{\"@type\":\"SearchAction\",\"target\":{\"@type\":\"EntryPoint\",\"urlTemplate\":\"https:\/\/grontkontor.dk\/?s={search_term_string}\"},\"query-input\":\"required name=search_term_string\"}],\"inLanguage\":\"no-NO\"},{\"@type\":\"Organization\",\"@id\":\"https:\/\/grontkontor.dk\/#organization\",\"name\":\"Gr\u00f8nt Kontor\",\"url\":\"https:\/\/grontkontor.dk\/\",\"logo\":{\"@type\":\"ImageObject\",\"inLanguage\":\"no-NO\",\"@id\":\"https:\/\/grontkontor.dk\/#\/schema\/logo\/image\/\",\"url\":\"https:\/\/grontkontor.dk\/wp-content\/uploads\/2014\/02\/Logo_groent_kontor_300x80.png\",\"contentUrl\":\"https:\/\/grontkontor.dk\/wp-content\/uploads\/2014\/02\/Logo_groent_kontor_300x80.png\",\"width\":300,\"height\":80,\"caption\":\"Gr\u00f8nt Kontor\"},\"image\":{\"@id\":\"https:\/\/grontkontor.dk\/#\/schema\/logo\/image\/\"},\"sameAs\":[\"https:\/\/www.facebook.com\/grontkontor.dk\/\"]}]}<\/script>\n<!-- \/ Yoast SEO Premium plugin. -->","yoast_head_json":{"title":"Kulepenn i kork, hvetefiber og PP #1 - Gr\u00f8nt Kontor","robots":{"index":"index","follow":"follow","max-snippet":"max-snippet:-1","max-image-preview":"max-image-preview:large","max-video-preview":"max-video-preview:-1"},"canonical":"https:\/\/grontkontor.dk\/no\/shop\/penn-i-kork-hvete-fiber-og-pp-1\/","og_locale":"en_US","og_type":"article","og_title":"Kulepenn i kork, hvetefiber og PP #1","og_description":"Rustikk og funky kulepenn med korkkropp med topp, fot og klips i hvetefibermateriale (hvete + PP) i pastellfarger. Designet + de tilsatte naturlige fibrene begrenser plastforbruket betydelig i denne robuste og milj\u00f8vennlige pennen. Hvetefibermaterialet inneholder polypropylen, som ikke er biologisk nedbrytbart. Hvis du vil g\u00e5 all in p\u00e5 klimavennlighet, anbefaler vi denne pennen i resirkulert [&hellip;]","og_url":"https:\/\/grontkontor.dk\/no\/shop\/penn-i-kork-hvete-fiber-og-pp-1\/","og_site_name":"Gr\u00f8nt Kontor","article_publisher":"https:\/\/www.facebook.com\/grontkontor.dk\/","twitter_card":"summary_large_image","schema":{"@context":"https:\/\/schema.org","@graph":[{"@type":"WebPage","@id":"https:\/\/grontkontor.dk\/no\/shop\/penn-i-kork-hvete-fiber-og-pp-1\/","url":"https:\/\/grontkontor.dk\/no\/shop\/penn-i-kork-hvete-fiber-og-pp-1\/","name":"Kulepenn i kork, hvetefiber og PP #1 - Gr\u00f8nt Kontor","isPartOf":{"@id":"https:\/\/grontkontor.dk\/#website"},"datePublished":"2024-05-29T08:02:07+00:00","dateModified":"2024-05-29T08:02:07+00:00","breadcrumb":{"@id":"https:\/\/grontkontor.dk\/no\/shop\/penn-i-kork-hvete-fiber-og-pp-1\/#breadcrumb"},"inLanguage":"no-NO","potentialAction":[{"@type":"ReadAction","target":["https:\/\/grontkontor.dk\/no\/shop\/penn-i-kork-hvete-fiber-og-pp-1\/"]}]},{"@type":"BreadcrumbList","@id":"https:\/\/grontkontor.dk\/no\/shop\/penn-i-kork-hvete-fiber-og-pp-1\/#breadcrumb","itemListElement":[{"@type":"ListItem","position":1,"name":"Forside","item":"https:\/\/grontkontor.dk\/"},{"@type":"ListItem","position":2,"name":"Butikk","item":"https:\/\/grontkontor.dk\/no\/butikk-2\/"},{"@type":"ListItem","position":3,"name":"Skrive- og pegeudstyr","item":"https:\/\/grontkontor.dk\/produkt-kategori\/skrive-og-pegeudstyr\/"},{"@type":"ListItem","position":4,"name":"Kuglepenne","item":"https:\/\/grontkontor.dk\/produkt-kategori\/skrive-og-pegeudstyr\/kuglepenne\/"},{"@type":"ListItem","position":5,"name":"Kulepenn i kork, hvetefiber og PP #1"}]},{"@type":"WebSite","@id":"https:\/\/grontkontor.dk\/#website","url":"https:\/\/grontkontor.dk\/","name":"Gr\u00f8nt Kontor","description":"Milj\u00f8venlige produkter til kontor og erhverv med fokus p\u00e5 b\u00e6redygtighed, design og fair trade.","publisher":{"@id":"https:\/\/grontkontor.dk\/#organization"},"potentialAction":[{"@type":"SearchAction","target":{"@type":"EntryPoint","urlTemplate":"https:\/\/grontkontor.dk\/?s={search_term_string}"},"query-input":"required name=search_term_string"}],"inLanguage":"no-NO"},{"@type":"Organization","@id":"https:\/\/grontkontor.dk\/#organization","name":"Gr\u00f8nt Kontor","url":"https:\/\/grontkontor.dk\/","logo":{"@type":"ImageObject","inLanguage":"no-NO","@id":"https:\/\/grontkontor.dk\/#\/schema\/logo\/image\/","url":"https:\/\/grontkontor.dk\/wp-content\/uploads\/2014\/02\/Logo_groent_kontor_300x80.png","contentUrl":"https:\/\/grontkontor.dk\/wp-content\/uploads\/2014\/02\/Logo_groent_kontor_300x80.png","width":300,"height":80,"caption":"Gr\u00f8nt Kontor"},"image":{"@id":"https:\/\/grontkontor.dk\/#\/schema\/logo\/image\/"},"sameAs":["https:\/\/www.facebook.com\/grontkontor.dk\/"]}]}},"_links":{"self":[{"href":"https:\/\/grontkontor.dk\/no\/wp-json\/wp\/v2\/product\/89756"}],"collection":[{"href":"https:\/\/grontkontor.dk\/no\/wp-json\/wp\/v2\/product"}],"about":[{"href":"https:\/\/grontkontor.dk\/no\/wp-json\/wp\/v2\/types\/product"}],"replies":[{"embeddable":true,"href":"https:\/\/grontkontor.dk\/no\/wp-json\/wp\/v2\/comments?post=89756"}],"wp:featuredmedia":[{"embeddable":true,"href":"https:\/\/grontkontor.dk\/no\/wp-json\/wp\/v2\/media\/21137"}],"wp:attachment":[{"href":"https:\/\/grontkontor.dk\/no\/wp-json\/wp\/v2\/media?parent=89756"}],"wp:term":[{"taxonomy":"product_cat","embeddable":true,"href":"https:\/\/grontkontor.dk\/no\/wp-json\/wp\/v2\/product_cat?post=89756"},{"taxonomy":"product_tag","embeddable":true,"href":"https:\/\/grontkontor.dk\/no\/wp-json\/wp\/v2\/product_tag?post=89756"}],"curies":[{"name":"wp","href":"https:\/\/api.w.org\/{rel}","templated":true}]}}