{"id":89811,"date":"2023-09-22T13:13:28","date_gmt":"2024-05-29T09:01:29","guid":{"rendered":"https:\/\/grontkontor.dk\/shop\/penn-pafyll-kork-m-u-print\/"},"modified":"2024-08-07T11:32:27","modified_gmt":"2024-08-07T09:32:27","slug":"penn-pafyll-kork-m-u-print","status":"publish","type":"product","link":"https:\/\/grontkontor.dk\/no\/shop\/penn-pafyll-kork-m-u-print\/","title":{"rendered":"Kulepenn i kork med p\u00e5fyll med\/uten trykk"},"content":{"rendered":"<p>Eksklusiv kulepenn i klimavennlig kork og resirkulert metall med metallpatron. Lett \u00e5 rengj\u00f8re med s\u00e5pe og vann. Et klima- og milj\u00f8vennlig alternativ til bruk og kast forurensende PVC-merder.  <a class=\"light\" href=\"https:\/\/grontkontor.dk\/produkt\/refill-patron-til-kuglepen-parker-type\/\">Du kan bestille sylinderampuller til pennen her.<\/a><\/p>\n<p>[kork]<\/p>\n<p>&nbsp;<\/p>\n","protected":false},"excerpt":{"rendered":"<p>Eksklusiv kulepenn i klimavennlig kork og resirkulert metall med metallpatron. Lett \u00e5 rengj\u00f8re med s\u00e5pe og vann. Et klima- og milj\u00f8vennlig alternativ til bruk og kast forurensende PVC-merder. Du kan bestille sylinderampuller til pennen her. [kork] &nbsp;<\/p>\n","protected":false},"featured_media":20006,"comment_status":"closed","ping_status":"closed","template":"","meta":{"_acf_changed":false},"product_cat":[3199,3198,3300,4394,3195,3299],"product_tag":[3302,3310],"class_list":{"0":"post-89811","1":"product","2":"type-product","3":"status-publish","4":"has-post-thumbnail","6":"product_cat-dummy-moq-1-no","7":"product_cat-kork-produkter","8":"product_cat-penner","9":"product_cat-penner-og-blyanter","10":"product_cat-produktserier","11":"product_cat-skrive-og-pekeutstyr","12":"product_tag-kulepenn","13":"product_tag-penn","14":"pa_farve-blande","15":"pa_farve-brun-no-2","16":"pa_farve-natur-no","17":"pa_farve-roedbrun-no","18":"tm-has-options","20":"first","21":"instock","22":"taxable","23":"shipping-taxable","24":"purchasable","25":"product-type-simple"},"acf":[],"yoast_head":"<!-- This site is optimized with the Yoast SEO Premium plugin v21.2 (Yoast SEO v21.2) - https:\/\/yoast.com\/wordpress\/plugins\/seo\/ -->\n<title>Kulepenn i kork med p\u00e5fyll med\/uten trykk - Gr\u00f8nt Kontor<\/title>\n<meta name=\"robots\" content=\"index, follow, max-snippet:-1, max-image-preview:large, max-video-preview:-1\" \/>\n<link rel=\"canonical\" href=\"https:\/\/grontkontor.dk\/no\/shop\/penn-pafyll-kork-m-u-print\/\" \/>\n<meta property=\"og:locale\" content=\"en_US\" \/>\n<meta property=\"og:type\" content=\"article\" \/>\n<meta property=\"og:title\" content=\"Kulepenn i kork med p\u00e5fyll med\/uten trykk\" \/>\n<meta property=\"og:description\" content=\"Eksklusiv kulepenn i klimavennlig kork og resirkulert metall med metallpatron. Lett \u00e5 rengj\u00f8re med s\u00e5pe og vann. Et klima- og milj\u00f8vennlig alternativ til bruk og kast forurensende PVC-merder. Du kan bestille sylinderampuller til pennen her. [kork] &nbsp;\" \/>\n<meta property=\"og:url\" content=\"https:\/\/grontkontor.dk\/no\/shop\/penn-pafyll-kork-m-u-print\/\" \/>\n<meta property=\"og:site_name\" content=\"Gr\u00f8nt Kontor\" \/>\n<meta property=\"article:publisher\" content=\"https:\/\/www.facebook.com\/grontkontor.dk\/\" \/>\n<meta property=\"article:modified_time\" content=\"2024-08-07T09:32:27+00:00\" \/>\n<meta property=\"og:image\" content=\"https:\/\/grontkontor.dk\/wp-content\/uploads\/2020\/09\/kuglepen-kork-metal-v3052-01-1.jpg\" \/>\n\t<meta property=\"og:image:width\" content=\"900\" \/>\n\t<meta property=\"og:image:height\" content=\"639\" \/>\n\t<meta property=\"og:image:type\" content=\"image\/jpeg\" \/>\n<meta name=\"twitter:card\" content=\"summary_large_image\" \/>\n<script type=\"application\/ld+json\" class=\"yoast-schema-graph\">{\"@context\":\"https:\/\/schema.org\",\"@graph\":[{\"@type\":\"WebPage\",\"@id\":\"https:\/\/grontkontor.dk\/no\/shop\/penn-pafyll-kork-m-u-print\/\",\"url\":\"https:\/\/grontkontor.dk\/no\/shop\/penn-pafyll-kork-m-u-print\/\",\"name\":\"Kulepenn i kork med p\u00e5fyll med\/uten trykk - Gr\u00f8nt Kontor\",\"isPartOf\":{\"@id\":\"https:\/\/grontkontor.dk\/#website\"},\"datePublished\":\"2024-05-29T09:01:29+00:00\",\"dateModified\":\"2024-08-07T09:32:27+00:00\",\"breadcrumb\":{\"@id\":\"https:\/\/grontkontor.dk\/no\/shop\/penn-pafyll-kork-m-u-print\/#breadcrumb\"},\"inLanguage\":\"no-NO\",\"potentialAction\":[{\"@type\":\"ReadAction\",\"target\":[\"https:\/\/grontkontor.dk\/no\/shop\/penn-pafyll-kork-m-u-print\/\"]}]},{\"@type\":\"BreadcrumbList\",\"@id\":\"https:\/\/grontkontor.dk\/no\/shop\/penn-pafyll-kork-m-u-print\/#breadcrumb\",\"itemListElement\":[{\"@type\":\"ListItem\",\"position\":1,\"name\":\"Forside\",\"item\":\"https:\/\/grontkontor.dk\/\"},{\"@type\":\"ListItem\",\"position\":2,\"name\":\"Butikk\",\"item\":\"https:\/\/grontkontor.dk\/no\/butikk-2\/\"},{\"@type\":\"ListItem\",\"position\":3,\"name\":\"Produktserier\",\"item\":\"https:\/\/grontkontor.dk\/no\/produkt-kategori\/produktserier\/\"},{\"@type\":\"ListItem\",\"position\":4,\"name\":\"Kork produkter\",\"item\":\"https:\/\/grontkontor.dk\/no\/produkt-kategori\/produktserier\/kork-produkter\/\"},{\"@type\":\"ListItem\",\"position\":5,\"name\":\"Kulepenn i kork med p\u00e5fyll med\/uten trykk\"}]},{\"@type\":\"WebSite\",\"@id\":\"https:\/\/grontkontor.dk\/#website\",\"url\":\"https:\/\/grontkontor.dk\/\",\"name\":\"Gr\u00f8nt Kontor\",\"description\":\"Milj\u00f8venlige produkter til kontor og erhverv med fokus p\u00e5 b\u00e6redygtighed, design og fair trade.\",\"publisher\":{\"@id\":\"https:\/\/grontkontor.dk\/#organization\"},\"potentialAction\":[{\"@type\":\"SearchAction\",\"target\":{\"@type\":\"EntryPoint\",\"urlTemplate\":\"https:\/\/grontkontor.dk\/?s={search_term_string}\"},\"query-input\":\"required name=search_term_string\"}],\"inLanguage\":\"no-NO\"},{\"@type\":\"Organization\",\"@id\":\"https:\/\/grontkontor.dk\/#organization\",\"name\":\"Gr\u00f8nt Kontor\",\"url\":\"https:\/\/grontkontor.dk\/\",\"logo\":{\"@type\":\"ImageObject\",\"inLanguage\":\"no-NO\",\"@id\":\"https:\/\/grontkontor.dk\/#\/schema\/logo\/image\/\",\"url\":\"https:\/\/grontkontor.dk\/wp-content\/uploads\/2014\/02\/Logo_groent_kontor_300x80.png\",\"contentUrl\":\"https:\/\/grontkontor.dk\/wp-content\/uploads\/2014\/02\/Logo_groent_kontor_300x80.png\",\"width\":300,\"height\":80,\"caption\":\"Gr\u00f8nt Kontor\"},\"image\":{\"@id\":\"https:\/\/grontkontor.dk\/#\/schema\/logo\/image\/\"},\"sameAs\":[\"https:\/\/www.facebook.com\/grontkontor.dk\/\"]}]}<\/script>\n<!-- \/ Yoast SEO Premium plugin. -->","yoast_head_json":{"title":"Kulepenn i kork med p\u00e5fyll med\/uten trykk - Gr\u00f8nt Kontor","robots":{"index":"index","follow":"follow","max-snippet":"max-snippet:-1","max-image-preview":"max-image-preview:large","max-video-preview":"max-video-preview:-1"},"canonical":"https:\/\/grontkontor.dk\/no\/shop\/penn-pafyll-kork-m-u-print\/","og_locale":"en_US","og_type":"article","og_title":"Kulepenn i kork med p\u00e5fyll med\/uten trykk","og_description":"Eksklusiv kulepenn i klimavennlig kork og resirkulert metall med metallpatron. Lett \u00e5 rengj\u00f8re med s\u00e5pe og vann. Et klima- og milj\u00f8vennlig alternativ til bruk og kast forurensende PVC-merder. Du kan bestille sylinderampuller til pennen her. [kork] &nbsp;","og_url":"https:\/\/grontkontor.dk\/no\/shop\/penn-pafyll-kork-m-u-print\/","og_site_name":"Gr\u00f8nt Kontor","article_publisher":"https:\/\/www.facebook.com\/grontkontor.dk\/","article_modified_time":"2024-08-07T09:32:27+00:00","og_image":[{"width":900,"height":639,"url":"https:\/\/grontkontor.dk\/wp-content\/uploads\/2020\/09\/kuglepen-kork-metal-v3052-01-1.jpg","type":"image\/jpeg"}],"twitter_card":"summary_large_image","schema":{"@context":"https:\/\/schema.org","@graph":[{"@type":"WebPage","@id":"https:\/\/grontkontor.dk\/no\/shop\/penn-pafyll-kork-m-u-print\/","url":"https:\/\/grontkontor.dk\/no\/shop\/penn-pafyll-kork-m-u-print\/","name":"Kulepenn i kork med p\u00e5fyll med\/uten trykk - Gr\u00f8nt Kontor","isPartOf":{"@id":"https:\/\/grontkontor.dk\/#website"},"datePublished":"2024-05-29T09:01:29+00:00","dateModified":"2024-08-07T09:32:27+00:00","breadcrumb":{"@id":"https:\/\/grontkontor.dk\/no\/shop\/penn-pafyll-kork-m-u-print\/#breadcrumb"},"inLanguage":"no-NO","potentialAction":[{"@type":"ReadAction","target":["https:\/\/grontkontor.dk\/no\/shop\/penn-pafyll-kork-m-u-print\/"]}]},{"@type":"BreadcrumbList","@id":"https:\/\/grontkontor.dk\/no\/shop\/penn-pafyll-kork-m-u-print\/#breadcrumb","itemListElement":[{"@type":"ListItem","position":1,"name":"Forside","item":"https:\/\/grontkontor.dk\/"},{"@type":"ListItem","position":2,"name":"Butikk","item":"https:\/\/grontkontor.dk\/no\/butikk-2\/"},{"@type":"ListItem","position":3,"name":"Produktserier","item":"https:\/\/grontkontor.dk\/no\/produkt-kategori\/produktserier\/"},{"@type":"ListItem","position":4,"name":"Kork produkter","item":"https:\/\/grontkontor.dk\/no\/produkt-kategori\/produktserier\/kork-produkter\/"},{"@type":"ListItem","position":5,"name":"Kulepenn i kork med p\u00e5fyll med\/uten trykk"}]},{"@type":"WebSite","@id":"https:\/\/grontkontor.dk\/#website","url":"https:\/\/grontkontor.dk\/","name":"Gr\u00f8nt Kontor","description":"Milj\u00f8venlige produkter til kontor og erhverv med fokus p\u00e5 b\u00e6redygtighed, design og fair trade.","publisher":{"@id":"https:\/\/grontkontor.dk\/#organization"},"potentialAction":[{"@type":"SearchAction","target":{"@type":"EntryPoint","urlTemplate":"https:\/\/grontkontor.dk\/?s={search_term_string}"},"query-input":"required name=search_term_string"}],"inLanguage":"no-NO"},{"@type":"Organization","@id":"https:\/\/grontkontor.dk\/#organization","name":"Gr\u00f8nt Kontor","url":"https:\/\/grontkontor.dk\/","logo":{"@type":"ImageObject","inLanguage":"no-NO","@id":"https:\/\/grontkontor.dk\/#\/schema\/logo\/image\/","url":"https:\/\/grontkontor.dk\/wp-content\/uploads\/2014\/02\/Logo_groent_kontor_300x80.png","contentUrl":"https:\/\/grontkontor.dk\/wp-content\/uploads\/2014\/02\/Logo_groent_kontor_300x80.png","width":300,"height":80,"caption":"Gr\u00f8nt Kontor"},"image":{"@id":"https:\/\/grontkontor.dk\/#\/schema\/logo\/image\/"},"sameAs":["https:\/\/www.facebook.com\/grontkontor.dk\/"]}]}},"_links":{"self":[{"href":"https:\/\/grontkontor.dk\/no\/wp-json\/wp\/v2\/product\/89811"}],"collection":[{"href":"https:\/\/grontkontor.dk\/no\/wp-json\/wp\/v2\/product"}],"about":[{"href":"https:\/\/grontkontor.dk\/no\/wp-json\/wp\/v2\/types\/product"}],"replies":[{"embeddable":true,"href":"https:\/\/grontkontor.dk\/no\/wp-json\/wp\/v2\/comments?post=89811"}],"wp:featuredmedia":[{"embeddable":true,"href":"https:\/\/grontkontor.dk\/no\/wp-json\/wp\/v2\/media\/20006"}],"wp:attachment":[{"href":"https:\/\/grontkontor.dk\/no\/wp-json\/wp\/v2\/media?parent=89811"}],"wp:term":[{"taxonomy":"product_cat","embeddable":true,"href":"https:\/\/grontkontor.dk\/no\/wp-json\/wp\/v2\/product_cat?post=89811"},{"taxonomy":"product_tag","embeddable":true,"href":"https:\/\/grontkontor.dk\/no\/wp-json\/wp\/v2\/product_tag?post=89811"}],"curies":[{"name":"wp","href":"https:\/\/api.w.org\/{rel}","templated":true}]}}