{"id":89814,"date":"2023-09-22T13:13:44","date_gmt":"2024-05-29T09:01:29","guid":{"rendered":"https:\/\/grontkontor.dk\/shop\/kopier-papir-ubleket-80g-fsc-miljomerket\/"},"modified":"2024-05-29T11:01:29","modified_gmt":"2024-05-29T09:01:29","slug":"kopier-papir-ubleket-80g-fsc-miljomerket","status":"publish","type":"product","link":"https:\/\/grontkontor.dk\/no\/shop\/kopier-papir-ubleket-80g-fsc-miljomerket\/","title":{"rendered":"Kopier papir ubleket 80g FSC \/ Ecolabel"},"content":{"rendered":"<p>Klimavennlig kopipapir for deg som satser alt p\u00e5 klimavennlighet, egnet for lasertrykk, kopiering eller blekkskriver. BIO TOP 3 er laget av FSC-sertifisert papir, produsert uten optiske blekemidler og 100 % klorfritt. Med behagelig hvithet for perfekt utskrift av tekst og grafikk. Et klima- og milj\u00f8vennlig produkt laget i EU.<br \/>\nLeveres i pakninger p\u00e5 500 ark eller i esker med 5 x 500 ark<\/p>\n<p>[FSC_s] [eu_ecolabel_s]<\/p>\n<p><a href=\"https:\/\/ic.fsc.org\/en\/\" target=\"window\"><img loading=\"lazy\" decoding=\"async\" class=\"size-full wp-image-12735\" src=\"https:\/\/grontkontor.dk\/wp-content\/uploads\/2019\/04\/fsc-certificeret.png\" \n\t\t alt=\"FSC-certificeret\" title=\"FSC-certificeret\" width=\"44\" height=\"51\" border=0\/><\/a> <a href=\"https:\/\/ec.europa.eu\/environment\/ecolabel\/\"><img loading=\"lazy\" decoding=\"async\" class=\" wp-image-20557\" src=\"https:\/\/grontkontor.dk\/wp-content\/uploads\/2020\/11\/ecolabel.png\" alt=\"EU ecolabel\" width=\"45\" height=\"50\" \/><\/a> <a href=\"https:\/\/www.iso.org\/standard\/17562.html\"><img loading=\"lazy\" decoding=\"async\" class=\" wp-image-20577\" src=\"https:\/\/grontkontor.dk\/wp-content\/uploads\/2020\/11\/ISO-9706.png\" alt=\"ISO 9706-sertifisert\" width=\"62\" height=\"62\" srcset=\"https:\/\/grontkontor.dk\/wp-content\/uploads\/2020\/11\/ISO-9706.png 225w, https:\/\/grontkontor.dk\/wp-content\/uploads\/2020\/11\/ISO-9706-100x100.png 100w, https:\/\/grontkontor.dk\/wp-content\/uploads\/2020\/11\/ISO-9706-150x150.png 150w\" sizes=\"(max-width: 62px) 100vw, 62px\" \/><\/a><\/p>\n","protected":false},"excerpt":{"rendered":"<p>Klimavennlig kopipapir for deg som satser alt p\u00e5 klimavennlighet, egnet for lasertrykk, kopiering eller blekkskriver. BIO TOP 3 er laget av FSC-sertifisert papir, produsert uten optiske blekemidler og 100 % klorfritt. Med behagelig hvithet for perfekt utskrift av tekst og grafikk. Et klima- og milj\u00f8vennlig produkt laget i EU. Leveres i pakninger p\u00e5 500 ark [&hellip;]<\/p>\n","protected":false},"featured_media":20583,"comment_status":"closed","ping_status":"closed","template":"","meta":{"_acf_changed":false},"product_cat":[3199,4156,3610],"product_tag":[4158,4157],"class_list":{"0":"post-89814","1":"product","2":"type-product","3":"status-publish","4":"has-post-thumbnail","6":"product_cat-dummy-moq-1-no","7":"product_cat-kopier-og-skriv-ut-papir","8":"product_cat-papir-og-pads","9":"product_tag-kopiere-papir","10":"product_tag-papir-no","11":"tm-has-options","13":"first","14":"instock","15":"taxable","16":"shipping-taxable","17":"purchasable","18":"product-type-simple"},"acf":[],"yoast_head":"<!-- This site is optimized with the Yoast SEO Premium plugin v21.2 (Yoast SEO v21.2) - https:\/\/yoast.com\/wordpress\/plugins\/seo\/ -->\n<title>Kopier papir ubleket 80g FSC \/ Ecolabel - Gr\u00f8nt Kontor<\/title>\n<meta name=\"robots\" content=\"index, follow, max-snippet:-1, max-image-preview:large, max-video-preview:-1\" \/>\n<link rel=\"canonical\" href=\"https:\/\/grontkontor.dk\/no\/shop\/kopier-papir-ubleket-80g-fsc-miljomerket\/\" \/>\n<meta property=\"og:locale\" content=\"en_US\" \/>\n<meta property=\"og:type\" content=\"article\" \/>\n<meta property=\"og:title\" content=\"Kopier papir ubleket 80g FSC \/ Ecolabel\" \/>\n<meta property=\"og:description\" content=\"Klimavennlig kopipapir for deg som satser alt p\u00e5 klimavennlighet, egnet for lasertrykk, kopiering eller blekkskriver. BIO TOP 3 er laget av FSC-sertifisert papir, produsert uten optiske blekemidler og 100 % klorfritt. Med behagelig hvithet for perfekt utskrift av tekst og grafikk. Et klima- og milj\u00f8vennlig produkt laget i EU. Leveres i pakninger p\u00e5 500 ark [&hellip;]\" \/>\n<meta property=\"og:url\" content=\"https:\/\/grontkontor.dk\/no\/shop\/kopier-papir-ubleket-80g-fsc-miljomerket\/\" \/>\n<meta property=\"og:site_name\" content=\"Gr\u00f8nt Kontor\" \/>\n<meta property=\"article:publisher\" content=\"https:\/\/www.facebook.com\/grontkontor.dk\/\" \/>\n<meta property=\"og:image\" content=\"https:\/\/grontkontor.dk\/wp-content\/uploads\/2020\/11\/biotop-3-extra-a4.jpg\" \/>\n\t<meta property=\"og:image:width\" content=\"800\" \/>\n\t<meta property=\"og:image:height\" content=\"568\" \/>\n\t<meta property=\"og:image:type\" content=\"image\/jpeg\" \/>\n<meta name=\"twitter:card\" content=\"summary_large_image\" \/>\n<script type=\"application\/ld+json\" class=\"yoast-schema-graph\">{\"@context\":\"https:\/\/schema.org\",\"@graph\":[{\"@type\":\"WebPage\",\"@id\":\"https:\/\/grontkontor.dk\/no\/shop\/kopier-papir-ubleket-80g-fsc-miljomerket\/\",\"url\":\"https:\/\/grontkontor.dk\/no\/shop\/kopier-papir-ubleket-80g-fsc-miljomerket\/\",\"name\":\"Kopier papir ubleket 80g FSC \/ Ecolabel - Gr\u00f8nt Kontor\",\"isPartOf\":{\"@id\":\"https:\/\/grontkontor.dk\/#website\"},\"datePublished\":\"2024-05-29T09:01:29+00:00\",\"dateModified\":\"2024-05-29T09:01:29+00:00\",\"breadcrumb\":{\"@id\":\"https:\/\/grontkontor.dk\/no\/shop\/kopier-papir-ubleket-80g-fsc-miljomerket\/#breadcrumb\"},\"inLanguage\":\"no-NO\",\"potentialAction\":[{\"@type\":\"ReadAction\",\"target\":[\"https:\/\/grontkontor.dk\/no\/shop\/kopier-papir-ubleket-80g-fsc-miljomerket\/\"]}]},{\"@type\":\"BreadcrumbList\",\"@id\":\"https:\/\/grontkontor.dk\/no\/shop\/kopier-papir-ubleket-80g-fsc-miljomerket\/#breadcrumb\",\"itemListElement\":[{\"@type\":\"ListItem\",\"position\":1,\"name\":\"Forside\",\"item\":\"https:\/\/grontkontor.dk\/\"},{\"@type\":\"ListItem\",\"position\":2,\"name\":\"Butikk\",\"item\":\"https:\/\/grontkontor.dk\/no\/butikk-2\/\"},{\"@type\":\"ListItem\",\"position\":3,\"name\":\"Papir og blokke\",\"item\":\"https:\/\/grontkontor.dk\/produkt-kategori\/papir\/\"},{\"@type\":\"ListItem\",\"position\":4,\"name\":\"Kopi- og printerpapir\",\"item\":\"https:\/\/grontkontor.dk\/produkt-kategori\/papir\/kopi-og-printerpapir\/\"},{\"@type\":\"ListItem\",\"position\":5,\"name\":\"Kopier papir ubleket 80g FSC \/ Ecolabel\"}]},{\"@type\":\"WebSite\",\"@id\":\"https:\/\/grontkontor.dk\/#website\",\"url\":\"https:\/\/grontkontor.dk\/\",\"name\":\"Gr\u00f8nt Kontor\",\"description\":\"Milj\u00f8venlige produkter til kontor og erhverv med fokus p\u00e5 b\u00e6redygtighed, design og fair trade.\",\"publisher\":{\"@id\":\"https:\/\/grontkontor.dk\/#organization\"},\"potentialAction\":[{\"@type\":\"SearchAction\",\"target\":{\"@type\":\"EntryPoint\",\"urlTemplate\":\"https:\/\/grontkontor.dk\/?s={search_term_string}\"},\"query-input\":\"required name=search_term_string\"}],\"inLanguage\":\"no-NO\"},{\"@type\":\"Organization\",\"@id\":\"https:\/\/grontkontor.dk\/#organization\",\"name\":\"Gr\u00f8nt Kontor\",\"url\":\"https:\/\/grontkontor.dk\/\",\"logo\":{\"@type\":\"ImageObject\",\"inLanguage\":\"no-NO\",\"@id\":\"https:\/\/grontkontor.dk\/#\/schema\/logo\/image\/\",\"url\":\"https:\/\/grontkontor.dk\/wp-content\/uploads\/2014\/02\/Logo_groent_kontor_300x80.png\",\"contentUrl\":\"https:\/\/grontkontor.dk\/wp-content\/uploads\/2014\/02\/Logo_groent_kontor_300x80.png\",\"width\":300,\"height\":80,\"caption\":\"Gr\u00f8nt Kontor\"},\"image\":{\"@id\":\"https:\/\/grontkontor.dk\/#\/schema\/logo\/image\/\"},\"sameAs\":[\"https:\/\/www.facebook.com\/grontkontor.dk\/\"]}]}<\/script>\n<!-- \/ Yoast SEO Premium plugin. -->","yoast_head_json":{"title":"Kopier papir ubleket 80g FSC \/ Ecolabel - Gr\u00f8nt Kontor","robots":{"index":"index","follow":"follow","max-snippet":"max-snippet:-1","max-image-preview":"max-image-preview:large","max-video-preview":"max-video-preview:-1"},"canonical":"https:\/\/grontkontor.dk\/no\/shop\/kopier-papir-ubleket-80g-fsc-miljomerket\/","og_locale":"en_US","og_type":"article","og_title":"Kopier papir ubleket 80g FSC \/ Ecolabel","og_description":"Klimavennlig kopipapir for deg som satser alt p\u00e5 klimavennlighet, egnet for lasertrykk, kopiering eller blekkskriver. BIO TOP 3 er laget av FSC-sertifisert papir, produsert uten optiske blekemidler og 100 % klorfritt. Med behagelig hvithet for perfekt utskrift av tekst og grafikk. Et klima- og milj\u00f8vennlig produkt laget i EU. Leveres i pakninger p\u00e5 500 ark [&hellip;]","og_url":"https:\/\/grontkontor.dk\/no\/shop\/kopier-papir-ubleket-80g-fsc-miljomerket\/","og_site_name":"Gr\u00f8nt Kontor","article_publisher":"https:\/\/www.facebook.com\/grontkontor.dk\/","og_image":[{"width":800,"height":568,"url":"https:\/\/grontkontor.dk\/wp-content\/uploads\/2020\/11\/biotop-3-extra-a4.jpg","type":"image\/jpeg"}],"twitter_card":"summary_large_image","schema":{"@context":"https:\/\/schema.org","@graph":[{"@type":"WebPage","@id":"https:\/\/grontkontor.dk\/no\/shop\/kopier-papir-ubleket-80g-fsc-miljomerket\/","url":"https:\/\/grontkontor.dk\/no\/shop\/kopier-papir-ubleket-80g-fsc-miljomerket\/","name":"Kopier papir ubleket 80g FSC \/ Ecolabel - Gr\u00f8nt Kontor","isPartOf":{"@id":"https:\/\/grontkontor.dk\/#website"},"datePublished":"2024-05-29T09:01:29+00:00","dateModified":"2024-05-29T09:01:29+00:00","breadcrumb":{"@id":"https:\/\/grontkontor.dk\/no\/shop\/kopier-papir-ubleket-80g-fsc-miljomerket\/#breadcrumb"},"inLanguage":"no-NO","potentialAction":[{"@type":"ReadAction","target":["https:\/\/grontkontor.dk\/no\/shop\/kopier-papir-ubleket-80g-fsc-miljomerket\/"]}]},{"@type":"BreadcrumbList","@id":"https:\/\/grontkontor.dk\/no\/shop\/kopier-papir-ubleket-80g-fsc-miljomerket\/#breadcrumb","itemListElement":[{"@type":"ListItem","position":1,"name":"Forside","item":"https:\/\/grontkontor.dk\/"},{"@type":"ListItem","position":2,"name":"Butikk","item":"https:\/\/grontkontor.dk\/no\/butikk-2\/"},{"@type":"ListItem","position":3,"name":"Papir og blokke","item":"https:\/\/grontkontor.dk\/produkt-kategori\/papir\/"},{"@type":"ListItem","position":4,"name":"Kopi- og printerpapir","item":"https:\/\/grontkontor.dk\/produkt-kategori\/papir\/kopi-og-printerpapir\/"},{"@type":"ListItem","position":5,"name":"Kopier papir ubleket 80g FSC \/ Ecolabel"}]},{"@type":"WebSite","@id":"https:\/\/grontkontor.dk\/#website","url":"https:\/\/grontkontor.dk\/","name":"Gr\u00f8nt Kontor","description":"Milj\u00f8venlige produkter til kontor og erhverv med fokus p\u00e5 b\u00e6redygtighed, design og fair trade.","publisher":{"@id":"https:\/\/grontkontor.dk\/#organization"},"potentialAction":[{"@type":"SearchAction","target":{"@type":"EntryPoint","urlTemplate":"https:\/\/grontkontor.dk\/?s={search_term_string}"},"query-input":"required name=search_term_string"}],"inLanguage":"no-NO"},{"@type":"Organization","@id":"https:\/\/grontkontor.dk\/#organization","name":"Gr\u00f8nt Kontor","url":"https:\/\/grontkontor.dk\/","logo":{"@type":"ImageObject","inLanguage":"no-NO","@id":"https:\/\/grontkontor.dk\/#\/schema\/logo\/image\/","url":"https:\/\/grontkontor.dk\/wp-content\/uploads\/2014\/02\/Logo_groent_kontor_300x80.png","contentUrl":"https:\/\/grontkontor.dk\/wp-content\/uploads\/2014\/02\/Logo_groent_kontor_300x80.png","width":300,"height":80,"caption":"Gr\u00f8nt Kontor"},"image":{"@id":"https:\/\/grontkontor.dk\/#\/schema\/logo\/image\/"},"sameAs":["https:\/\/www.facebook.com\/grontkontor.dk\/"]}]}},"_links":{"self":[{"href":"https:\/\/grontkontor.dk\/no\/wp-json\/wp\/v2\/product\/89814"}],"collection":[{"href":"https:\/\/grontkontor.dk\/no\/wp-json\/wp\/v2\/product"}],"about":[{"href":"https:\/\/grontkontor.dk\/no\/wp-json\/wp\/v2\/types\/product"}],"replies":[{"embeddable":true,"href":"https:\/\/grontkontor.dk\/no\/wp-json\/wp\/v2\/comments?post=89814"}],"wp:featuredmedia":[{"embeddable":true,"href":"https:\/\/grontkontor.dk\/no\/wp-json\/wp\/v2\/media\/20583"}],"wp:attachment":[{"href":"https:\/\/grontkontor.dk\/no\/wp-json\/wp\/v2\/media?parent=89814"}],"wp:term":[{"taxonomy":"product_cat","embeddable":true,"href":"https:\/\/grontkontor.dk\/no\/wp-json\/wp\/v2\/product_cat?post=89814"},{"taxonomy":"product_tag","embeddable":true,"href":"https:\/\/grontkontor.dk\/no\/wp-json\/wp\/v2\/product_tag?post=89814"}],"curies":[{"name":"wp","href":"https:\/\/api.w.org\/{rel}","templated":true}]}}