{"id":89924,"date":"2023-09-22T13:11:48","date_gmt":"2024-05-29T09:02:36","guid":{"rendered":"https:\/\/grontkontor.dk\/shop\/pasta-valgfritt-design-logo\/"},"modified":"2024-06-26T10:48:41","modified_gmt":"2024-06-26T08:48:41","slug":"pasta-valgfritt-design-logo","status":"publish","type":"product","link":"https:\/\/grontkontor.dk\/no\/shop\/pasta-valgfritt-design-logo\/","title":{"rendered":"Pasta i \u00f8nsket form og logo"},"content":{"rendered":"<p>En fantastisk og funky eksponeringsmulighet for din organisasjon eller bedrift. Velg mellom en rekke design som passer til bedriftens profil. Pastaudlene er av h\u00f8y kvalitet og best\u00e5r utelukkende av den beste durumhveten. Variantene fullkorn, spelt, glutenfri og lavkarbo kan velges. De er tilgjengelige i en rekke deilige smaker som, i tillegg til \u00e5 smake godt, ogs\u00e5 farger nudlene: Ramson, chili, oliven, basilikum, urter, tomat, paprika og spinat. Store og sm\u00e5 bokstaver fra A-Z og tallene 0-9 kan kombineres fritt per pose, og du kan velge mellom et bredt spekter av standardformer (se nedenfor). Som noe spesielt eksklusivt tilbyr vi ogs\u00e5 \u00e5 punch the paste i bedriftens logo eller melding &#8211; kontakt oss for et tilbud. Paserverudlene kan pakkes i posest\u00f8rrelser p\u00e5 125 g, 250 g og 500 g med din egen etikett eller i en \u00f8konomipose p\u00e5 5 kg. Selvf\u00f8lgelig tar vi vare p\u00e5 de juridiske kravene ang\u00e5ende ingrediensliste, allergener og utl\u00f8psdato.  <strong>STANDARD DESIGN:<\/strong> <strong>Jubileumsnummer:<\/strong> 18, 20, 30, 40, 50, 60, 70, 80, 150.  <strong>Kj\u00f8ret\u00f8y:<\/strong> Bil, sykkel, buss, seilskip, fly, motorsykkel, brannbil, lastebil, tankbil, gaffeltruck, Formel 1, lokomotiv, hurtigtog, veteranbil, bobil, betongblandebil, containerskip, traktor, ambulanse, slede, politibil, Volkswagen-boble.  <strong>Dyr:<\/strong> Bj\u00f8rn, bie, enhj\u00f8rning, elefant, ugle, mytisk dyr, fisk, flamingo, flaggermus, g\u00e5s, hane, hanekam, hund, katt, lama, hest, gigantisk musling, sau, skilpadde, sommerfugl, gris\/gris, steinbukk, okse, v\u00e6r, mammut, reinsdyr, kanin.  <strong>Dyrekretsen:<\/strong> V\u00e6ren, Tyren, Tvillingene, Krepsen, L\u00f8ven, Jomfruen, Vekten, Skorpionen, Skytten, Steinbukken, Vannmannen, Fiskene.  <strong>Natur og hage:<\/strong> L\u00f8nneblad, l\u00f8vtr\u00e6r, n\u00e5letre, blomst, chilipepper, ginkgoblad, lilje (kongelilje), druer, sky, komet, spade, vannkanne.  <strong>Sport:<\/strong> Bueskytter, fotballspiller, fotballspiller, fotballsko, pokal, golfspiller, tennisracket, pistol, turg\u00e5er (turg\u00e5er\/backpacker), l\u00f8per (sprint\/maraton), sykkel (med eller uten eiker) <strong>Jul:<\/strong> Julehjerte, engel, gave, klokke, stjerne, juletre, sn\u00f8mann, kringle.  <strong>Allehelgensaften:<\/strong> Flaggermus\/vampyr, monsteransikt, hodeskalle.  <strong>Valentinsdag:<\/strong> Hjerte, dobbelthjerte, cupid, prinsesse.  <strong>Kropp og helse:<\/strong> Tann, leppe, briller, kontaktlinser, r\u00f8de kors, penis, diverse medisinlogoer.  <strong>Finans, forsikring, jus:<\/strong> \u20ac (eurotegn), \u00a7 (avsnitt), sparegris, graf med suksesskurve, hus, slott\/slott, tipi, vindm\u00f8lle.  <strong>Logoer:<\/strong> BASF, BROTHER, DEKRA, Jaguar, Landrover, ORACLE, Sparekasse, Thermomix, Tupperware, VARTA, Bauknecht og mange andre &#8211; kontakt oss hvis det er en logo du mangler. Min. Bestilling: Opp til 500g: 48 poser 5kg: 10 bokser<\/p>\n","protected":false},"excerpt":{"rendered":"<p>En fantastisk og funky eksponeringsmulighet for din organisasjon eller bedrift. Velg mellom en rekke design som passer til bedriftens profil. Pastaudlene er av h\u00f8y kvalitet og best\u00e5r utelukkende av den beste durumhveten. Variantene fullkorn, spelt, glutenfri og lavkarbo kan velges. De er tilgjengelige i en rekke deilige smaker som, i tillegg til \u00e5 smake godt, [&hellip;]<\/p>\n","protected":false},"featured_media":54383,"comment_status":"closed","ping_status":"closed","template":"","meta":{"_acf_changed":false},"product_cat":[3194],"product_tag":[4183,4191,4190],"class_list":{"0":"post-89924","1":"product","2":"type-product","3":"status-publish","4":"has-post-thumbnail","6":"product_cat-klimavennlige-firmagaver","7":"product_tag-knep","8":"product_tag-mat-no","9":"product_tag-mat","10":"tm-has-options","12":"first","13":"instock","14":"taxable","15":"shipping-taxable","16":"purchasable","17":"product-type-variable","18":"has-default-attributes"},"acf":[],"yoast_head":"<!-- This site is optimized with the Yoast SEO Premium plugin v21.2 (Yoast SEO v21.2) - https:\/\/yoast.com\/wordpress\/plugins\/seo\/ -->\n<title>Pasta i \u00f8nsket form og logo - Gr\u00f8nt Kontor<\/title>\n<meta name=\"robots\" content=\"index, follow, max-snippet:-1, max-image-preview:large, max-video-preview:-1\" \/>\n<link rel=\"canonical\" href=\"https:\/\/grontkontor.dk\/no\/shop\/pasta-valgfritt-design-logo\/\" \/>\n<meta property=\"og:locale\" content=\"en_US\" \/>\n<meta property=\"og:type\" content=\"article\" \/>\n<meta property=\"og:title\" content=\"Pasta i \u00f8nsket form og logo\" \/>\n<meta property=\"og:description\" content=\"En fantastisk og funky eksponeringsmulighet for din organisasjon eller bedrift. Velg mellom en rekke design som passer til bedriftens profil. Pastaudlene er av h\u00f8y kvalitet og best\u00e5r utelukkende av den beste durumhveten. Variantene fullkorn, spelt, glutenfri og lavkarbo kan velges. De er tilgjengelige i en rekke deilige smaker som, i tillegg til \u00e5 smake godt, [&hellip;]\" \/>\n<meta property=\"og:url\" content=\"https:\/\/grontkontor.dk\/no\/shop\/pasta-valgfritt-design-logo\/\" \/>\n<meta property=\"og:site_name\" content=\"Gr\u00f8nt Kontor\" \/>\n<meta property=\"article:publisher\" content=\"https:\/\/www.facebook.com\/grontkontor.dk\/\" \/>\n<meta property=\"article:modified_time\" content=\"2024-06-26T08:48:41+00:00\" \/>\n<meta property=\"og:image\" content=\"https:\/\/grontkontor.dk\/wp-content\/uploads\/2020\/05\/pasta_med_logo_001.jpg\" \/>\n\t<meta property=\"og:image:width\" content=\"900\" \/>\n\t<meta property=\"og:image:height\" content=\"639\" \/>\n\t<meta property=\"og:image:type\" content=\"image\/jpeg\" \/>\n<meta name=\"twitter:card\" content=\"summary_large_image\" \/>\n<meta name=\"twitter:label1\" content=\"Est. reading time\" \/>\n\t<meta name=\"twitter:data1\" content=\"2 minutes\" \/>\n<script type=\"application\/ld+json\" class=\"yoast-schema-graph\">{\"@context\":\"https:\/\/schema.org\",\"@graph\":[{\"@type\":\"WebPage\",\"@id\":\"https:\/\/grontkontor.dk\/no\/shop\/pasta-valgfritt-design-logo\/\",\"url\":\"https:\/\/grontkontor.dk\/no\/shop\/pasta-valgfritt-design-logo\/\",\"name\":\"Pasta i \u00f8nsket form og logo - Gr\u00f8nt Kontor\",\"isPartOf\":{\"@id\":\"https:\/\/grontkontor.dk\/#website\"},\"datePublished\":\"2024-05-29T09:02:36+00:00\",\"dateModified\":\"2024-06-26T08:48:41+00:00\",\"breadcrumb\":{\"@id\":\"https:\/\/grontkontor.dk\/no\/shop\/pasta-valgfritt-design-logo\/#breadcrumb\"},\"inLanguage\":\"no-NO\",\"potentialAction\":[{\"@type\":\"ReadAction\",\"target\":[\"https:\/\/grontkontor.dk\/no\/shop\/pasta-valgfritt-design-logo\/\"]}]},{\"@type\":\"BreadcrumbList\",\"@id\":\"https:\/\/grontkontor.dk\/no\/shop\/pasta-valgfritt-design-logo\/#breadcrumb\",\"itemListElement\":[{\"@type\":\"ListItem\",\"position\":1,\"name\":\"Forside\",\"item\":\"https:\/\/grontkontor.dk\/\"},{\"@type\":\"ListItem\",\"position\":2,\"name\":\"Butikk\",\"item\":\"https:\/\/grontkontor.dk\/no\/butikk-2\/\"},{\"@type\":\"ListItem\",\"position\":3,\"name\":\"Klimavennlige firmagaver\",\"item\":\"https:\/\/grontkontor.dk\/no\/produkt-kategori\/klimavennlige-firmagaver\/\"},{\"@type\":\"ListItem\",\"position\":4,\"name\":\"Pasta i \u00f8nsket form og logo\"}]},{\"@type\":\"WebSite\",\"@id\":\"https:\/\/grontkontor.dk\/#website\",\"url\":\"https:\/\/grontkontor.dk\/\",\"name\":\"Gr\u00f8nt Kontor\",\"description\":\"Milj\u00f8venlige produkter til kontor og erhverv med fokus p\u00e5 b\u00e6redygtighed, design og fair trade.\",\"publisher\":{\"@id\":\"https:\/\/grontkontor.dk\/#organization\"},\"potentialAction\":[{\"@type\":\"SearchAction\",\"target\":{\"@type\":\"EntryPoint\",\"urlTemplate\":\"https:\/\/grontkontor.dk\/?s={search_term_string}\"},\"query-input\":\"required name=search_term_string\"}],\"inLanguage\":\"no-NO\"},{\"@type\":\"Organization\",\"@id\":\"https:\/\/grontkontor.dk\/#organization\",\"name\":\"Gr\u00f8nt Kontor\",\"url\":\"https:\/\/grontkontor.dk\/\",\"logo\":{\"@type\":\"ImageObject\",\"inLanguage\":\"no-NO\",\"@id\":\"https:\/\/grontkontor.dk\/#\/schema\/logo\/image\/\",\"url\":\"https:\/\/grontkontor.dk\/wp-content\/uploads\/2014\/02\/Logo_groent_kontor_300x80.png\",\"contentUrl\":\"https:\/\/grontkontor.dk\/wp-content\/uploads\/2014\/02\/Logo_groent_kontor_300x80.png\",\"width\":300,\"height\":80,\"caption\":\"Gr\u00f8nt Kontor\"},\"image\":{\"@id\":\"https:\/\/grontkontor.dk\/#\/schema\/logo\/image\/\"},\"sameAs\":[\"https:\/\/www.facebook.com\/grontkontor.dk\/\"]}]}<\/script>\n<!-- \/ Yoast SEO Premium plugin. -->","yoast_head_json":{"title":"Pasta i \u00f8nsket form og logo - Gr\u00f8nt Kontor","robots":{"index":"index","follow":"follow","max-snippet":"max-snippet:-1","max-image-preview":"max-image-preview:large","max-video-preview":"max-video-preview:-1"},"canonical":"https:\/\/grontkontor.dk\/no\/shop\/pasta-valgfritt-design-logo\/","og_locale":"en_US","og_type":"article","og_title":"Pasta i \u00f8nsket form og logo","og_description":"En fantastisk og funky eksponeringsmulighet for din organisasjon eller bedrift. Velg mellom en rekke design som passer til bedriftens profil. Pastaudlene er av h\u00f8y kvalitet og best\u00e5r utelukkende av den beste durumhveten. Variantene fullkorn, spelt, glutenfri og lavkarbo kan velges. De er tilgjengelige i en rekke deilige smaker som, i tillegg til \u00e5 smake godt, [&hellip;]","og_url":"https:\/\/grontkontor.dk\/no\/shop\/pasta-valgfritt-design-logo\/","og_site_name":"Gr\u00f8nt Kontor","article_publisher":"https:\/\/www.facebook.com\/grontkontor.dk\/","article_modified_time":"2024-06-26T08:48:41+00:00","og_image":[{"width":900,"height":639,"url":"https:\/\/grontkontor.dk\/wp-content\/uploads\/2020\/05\/pasta_med_logo_001.jpg","type":"image\/jpeg"}],"twitter_card":"summary_large_image","twitter_misc":{"Est. reading time":"2 minutes"},"schema":{"@context":"https:\/\/schema.org","@graph":[{"@type":"WebPage","@id":"https:\/\/grontkontor.dk\/no\/shop\/pasta-valgfritt-design-logo\/","url":"https:\/\/grontkontor.dk\/no\/shop\/pasta-valgfritt-design-logo\/","name":"Pasta i \u00f8nsket form og logo - Gr\u00f8nt Kontor","isPartOf":{"@id":"https:\/\/grontkontor.dk\/#website"},"datePublished":"2024-05-29T09:02:36+00:00","dateModified":"2024-06-26T08:48:41+00:00","breadcrumb":{"@id":"https:\/\/grontkontor.dk\/no\/shop\/pasta-valgfritt-design-logo\/#breadcrumb"},"inLanguage":"no-NO","potentialAction":[{"@type":"ReadAction","target":["https:\/\/grontkontor.dk\/no\/shop\/pasta-valgfritt-design-logo\/"]}]},{"@type":"BreadcrumbList","@id":"https:\/\/grontkontor.dk\/no\/shop\/pasta-valgfritt-design-logo\/#breadcrumb","itemListElement":[{"@type":"ListItem","position":1,"name":"Forside","item":"https:\/\/grontkontor.dk\/"},{"@type":"ListItem","position":2,"name":"Butikk","item":"https:\/\/grontkontor.dk\/no\/butikk-2\/"},{"@type":"ListItem","position":3,"name":"Klimavennlige firmagaver","item":"https:\/\/grontkontor.dk\/no\/produkt-kategori\/klimavennlige-firmagaver\/"},{"@type":"ListItem","position":4,"name":"Pasta i \u00f8nsket form og logo"}]},{"@type":"WebSite","@id":"https:\/\/grontkontor.dk\/#website","url":"https:\/\/grontkontor.dk\/","name":"Gr\u00f8nt Kontor","description":"Milj\u00f8venlige produkter til kontor og erhverv med fokus p\u00e5 b\u00e6redygtighed, design og fair trade.","publisher":{"@id":"https:\/\/grontkontor.dk\/#organization"},"potentialAction":[{"@type":"SearchAction","target":{"@type":"EntryPoint","urlTemplate":"https:\/\/grontkontor.dk\/?s={search_term_string}"},"query-input":"required name=search_term_string"}],"inLanguage":"no-NO"},{"@type":"Organization","@id":"https:\/\/grontkontor.dk\/#organization","name":"Gr\u00f8nt Kontor","url":"https:\/\/grontkontor.dk\/","logo":{"@type":"ImageObject","inLanguage":"no-NO","@id":"https:\/\/grontkontor.dk\/#\/schema\/logo\/image\/","url":"https:\/\/grontkontor.dk\/wp-content\/uploads\/2014\/02\/Logo_groent_kontor_300x80.png","contentUrl":"https:\/\/grontkontor.dk\/wp-content\/uploads\/2014\/02\/Logo_groent_kontor_300x80.png","width":300,"height":80,"caption":"Gr\u00f8nt Kontor"},"image":{"@id":"https:\/\/grontkontor.dk\/#\/schema\/logo\/image\/"},"sameAs":["https:\/\/www.facebook.com\/grontkontor.dk\/"]}]}},"_links":{"self":[{"href":"https:\/\/grontkontor.dk\/no\/wp-json\/wp\/v2\/product\/89924"}],"collection":[{"href":"https:\/\/grontkontor.dk\/no\/wp-json\/wp\/v2\/product"}],"about":[{"href":"https:\/\/grontkontor.dk\/no\/wp-json\/wp\/v2\/types\/product"}],"replies":[{"embeddable":true,"href":"https:\/\/grontkontor.dk\/no\/wp-json\/wp\/v2\/comments?post=89924"}],"wp:featuredmedia":[{"embeddable":true,"href":"https:\/\/grontkontor.dk\/no\/wp-json\/wp\/v2\/media\/54383"}],"wp:attachment":[{"href":"https:\/\/grontkontor.dk\/no\/wp-json\/wp\/v2\/media?parent=89924"}],"wp:term":[{"taxonomy":"product_cat","embeddable":true,"href":"https:\/\/grontkontor.dk\/no\/wp-json\/wp\/v2\/product_cat?post=89924"},{"taxonomy":"product_tag","embeddable":true,"href":"https:\/\/grontkontor.dk\/no\/wp-json\/wp\/v2\/product_tag?post=89924"}],"curies":[{"name":"wp","href":"https:\/\/api.w.org\/{rel}","templated":true}]}}