{"id":89948,"date":"2023-09-22T13:12:37","date_gmt":"2024-05-29T09:02:38","guid":{"rendered":"https:\/\/grontkontor.dk\/shop\/kompakt-paraply-resirkulert-plast\/"},"modified":"2025-11-06T11:27:23","modified_gmt":"2025-11-06T10:27:23","slug":"kompakt-paraply-resirkulert-plast","status":"publish","type":"product","link":"https:\/\/grontkontor.dk\/no\/shop\/kompakt-paraply-resirkulert-plast\/","title":{"rendered":"Kompakt paraply i resirkulert plast"},"content":{"rendered":"<p data-start=\"74\" data-end=\"542\">Denne klimavennlige paraplyen kombinerer praktisk design med omtanke for milj\u00f8et. Den har et kompakt format som gj\u00f8r den enkel \u00e5 ha med i vesken, og en diameter p\u00e5 95 cm, som gir god beskyttelse mot regn og vind. Paraplyen er laget med fokus p\u00e5 resirkulering og ansvarlig materialvalg \u2013 skjermen, snoren og oppbevaringsposen er alle laget av rPET, som er avledet fra resirkulert plast. P\u00e5 denne m\u00e5ten f\u00e5r eksisterende materialer nytt liv i stedet for \u00e5 ende opp som avfall.   <\/p>\n<p data-start=\"544\" data-end=\"775\">De solide stengene og den manuelle foldemekanismen i metall sikrer lang holdbarhet, mens treh\u00e5ndtaket gir et naturlig og elegant utseende. Kombinasjonen av disse elementene gj\u00f8r paraplyen b\u00e5de funksjonell og estetisk tiltalende. <\/p>\n<p data-start=\"777\" data-end=\"1121\">Ved \u00e5 velge denne milj\u00f8vennlige paraplyen bidrar du aktivt til \u00e5 redusere ressursforbruk og avfallsmengder. Det er et godt valg for alle som \u00f8nsker \u00e5 beskytte seg mot v\u00e6ret \u2013 og samtidig ta hensyn til klimaet. En liten, men viktig detalj i hverdagen som gj\u00f8r det lettere \u00e5 velge produkter som tar ansvar for v\u00e5r felles fremtid.  <\/p>\n<p>[rpet]<\/p>\n<p>&nbsp;<\/p>\n<img loading=\"lazy\" decoding=\"async\" src=\"https:\/\/grontkontor.dk\/wp-content\/uploads\/2021\/02\/genbrug.jpg\" alt=\"Fremstillet af genbrugsmaterialer\" width=\"50\" height=\"50\" class=\"size-full wp-image-23031\" srcset=\"https:\/\/grontkontor.dk\/wp-content\/uploads\/2021\/02\/genbrug.jpg 199w, https:\/\/grontkontor.dk\/wp-content\/uploads\/2021\/02\/genbrug-100x100.jpg 100w\" sizes=\"(max-width: 50px) 100vw, 50px\" \/>\n","protected":false},"excerpt":{"rendered":"<p>Denne klimavennlige paraplyen kombinerer praktisk design med omtanke for milj\u00f8et. Den har et kompakt format som gj\u00f8r den enkel \u00e5 ha med i vesken, og en diameter p\u00e5 95 cm, som gir god beskyttelse mot regn og vind. Paraplyen er laget med fokus p\u00e5 resirkulering og ansvarlig materialvalg \u2013 skjermen, snoren og oppbevaringsposen er alle [&hellip;]<\/p>\n","protected":false},"featured_media":54474,"comment_status":"closed","ping_status":"closed","template":"","meta":{"_acf_changed":false},"product_cat":[3199,3194,3476,3223],"product_tag":[3877],"class_list":{"0":"post-89948","1":"product","2":"type-product","3":"status-publish","4":"has-post-thumbnail","6":"product_cat-dummy-moq-1-no","7":"product_cat-klimavennlige-firmagaver","8":"product_cat-klaer","9":"product_cat-messe-og-arrangement","10":"product_tag-paraply-no","11":"pa_farve-blaa-no","12":"pa_farve-marine","13":"pa_farve-roed-no","14":"pa_farve-svart","15":"tm-has-options","17":"first","18":"instock","19":"sale","20":"taxable","21":"shipping-taxable","22":"purchasable","23":"product-type-variable","24":"has-default-attributes"},"acf":[],"yoast_head":"<!-- This site is optimized with the Yoast SEO Premium plugin v21.2 (Yoast SEO v21.2) - https:\/\/yoast.com\/wordpress\/plugins\/seo\/ -->\n<title>Kompakt paraply i resirkulert plast - Gr\u00f8nt Kontor<\/title>\n<meta name=\"robots\" content=\"index, follow, max-snippet:-1, max-image-preview:large, max-video-preview:-1\" \/>\n<link rel=\"canonical\" href=\"https:\/\/grontkontor.dk\/no\/shop\/kompakt-paraply-resirkulert-plast\/\" \/>\n<meta property=\"og:locale\" content=\"en_US\" \/>\n<meta property=\"og:type\" content=\"article\" \/>\n<meta property=\"og:title\" content=\"Kompakt paraply i resirkulert plast\" \/>\n<meta property=\"og:description\" content=\"Denne klimavennlige paraplyen kombinerer praktisk design med omtanke for milj\u00f8et. Den har et kompakt format som gj\u00f8r den enkel \u00e5 ha med i vesken, og en diameter p\u00e5 95 cm, som gir god beskyttelse mot regn og vind. Paraplyen er laget med fokus p\u00e5 resirkulering og ansvarlig materialvalg \u2013 skjermen, snoren og oppbevaringsposen er alle [&hellip;]\" \/>\n<meta property=\"og:url\" content=\"https:\/\/grontkontor.dk\/no\/shop\/kompakt-paraply-resirkulert-plast\/\" \/>\n<meta property=\"og:site_name\" content=\"Gr\u00f8nt Kontor\" \/>\n<meta property=\"article:publisher\" content=\"https:\/\/www.facebook.com\/grontkontor.dk\/\" \/>\n<meta property=\"article:modified_time\" content=\"2025-11-06T10:27:23+00:00\" \/>\n<meta property=\"og:image\" content=\"https:\/\/grontkontor.dk\/wp-content\/uploads\/2020\/06\/paraply_rpet_logo_sort.jpg\" \/>\n\t<meta property=\"og:image:width\" content=\"1080\" \/>\n\t<meta property=\"og:image:height\" content=\"766\" \/>\n\t<meta property=\"og:image:type\" content=\"image\/jpeg\" \/>\n<meta name=\"twitter:card\" content=\"summary_large_image\" \/>\n<meta name=\"twitter:label1\" content=\"Est. reading time\" \/>\n\t<meta name=\"twitter:data1\" content=\"1 minute\" \/>\n<script type=\"application\/ld+json\" class=\"yoast-schema-graph\">{\"@context\":\"https:\/\/schema.org\",\"@graph\":[{\"@type\":\"WebPage\",\"@id\":\"https:\/\/grontkontor.dk\/no\/shop\/kompakt-paraply-resirkulert-plast\/\",\"url\":\"https:\/\/grontkontor.dk\/no\/shop\/kompakt-paraply-resirkulert-plast\/\",\"name\":\"Kompakt paraply i resirkulert plast - Gr\u00f8nt Kontor\",\"isPartOf\":{\"@id\":\"https:\/\/grontkontor.dk\/#website\"},\"datePublished\":\"2024-05-29T09:02:38+00:00\",\"dateModified\":\"2025-11-06T10:27:23+00:00\",\"breadcrumb\":{\"@id\":\"https:\/\/grontkontor.dk\/no\/shop\/kompakt-paraply-resirkulert-plast\/#breadcrumb\"},\"inLanguage\":\"no-NO\",\"potentialAction\":[{\"@type\":\"ReadAction\",\"target\":[\"https:\/\/grontkontor.dk\/no\/shop\/kompakt-paraply-resirkulert-plast\/\"]}]},{\"@type\":\"BreadcrumbList\",\"@id\":\"https:\/\/grontkontor.dk\/no\/shop\/kompakt-paraply-resirkulert-plast\/#breadcrumb\",\"itemListElement\":[{\"@type\":\"ListItem\",\"position\":1,\"name\":\"Forside\",\"item\":\"https:\/\/grontkontor.dk\/\"},{\"@type\":\"ListItem\",\"position\":2,\"name\":\"Butikk\",\"item\":\"https:\/\/grontkontor.dk\/no\/butikk-2\/\"},{\"@type\":\"ListItem\",\"position\":3,\"name\":\"Bekl\u00e6dning\",\"item\":\"https:\/\/grontkontor.dk\/produkt-kategori\/beklaedning\/\"},{\"@type\":\"ListItem\",\"position\":4,\"name\":\"Kompakt paraply i resirkulert plast\"}]},{\"@type\":\"WebSite\",\"@id\":\"https:\/\/grontkontor.dk\/#website\",\"url\":\"https:\/\/grontkontor.dk\/\",\"name\":\"Gr\u00f8nt Kontor\",\"description\":\"Milj\u00f8venlige produkter til kontor og erhverv med fokus p\u00e5 b\u00e6redygtighed, design og fair trade.\",\"publisher\":{\"@id\":\"https:\/\/grontkontor.dk\/#organization\"},\"potentialAction\":[{\"@type\":\"SearchAction\",\"target\":{\"@type\":\"EntryPoint\",\"urlTemplate\":\"https:\/\/grontkontor.dk\/?s={search_term_string}\"},\"query-input\":\"required name=search_term_string\"}],\"inLanguage\":\"no-NO\"},{\"@type\":\"Organization\",\"@id\":\"https:\/\/grontkontor.dk\/#organization\",\"name\":\"Gr\u00f8nt Kontor\",\"url\":\"https:\/\/grontkontor.dk\/\",\"logo\":{\"@type\":\"ImageObject\",\"inLanguage\":\"no-NO\",\"@id\":\"https:\/\/grontkontor.dk\/#\/schema\/logo\/image\/\",\"url\":\"https:\/\/grontkontor.dk\/wp-content\/uploads\/2014\/02\/Logo_groent_kontor_300x80.png\",\"contentUrl\":\"https:\/\/grontkontor.dk\/wp-content\/uploads\/2014\/02\/Logo_groent_kontor_300x80.png\",\"width\":300,\"height\":80,\"caption\":\"Gr\u00f8nt Kontor\"},\"image\":{\"@id\":\"https:\/\/grontkontor.dk\/#\/schema\/logo\/image\/\"},\"sameAs\":[\"https:\/\/www.facebook.com\/grontkontor.dk\/\"]}]}<\/script>\n<!-- \/ Yoast SEO Premium plugin. -->","yoast_head_json":{"title":"Kompakt paraply i resirkulert plast - Gr\u00f8nt Kontor","robots":{"index":"index","follow":"follow","max-snippet":"max-snippet:-1","max-image-preview":"max-image-preview:large","max-video-preview":"max-video-preview:-1"},"canonical":"https:\/\/grontkontor.dk\/no\/shop\/kompakt-paraply-resirkulert-plast\/","og_locale":"en_US","og_type":"article","og_title":"Kompakt paraply i resirkulert plast","og_description":"Denne klimavennlige paraplyen kombinerer praktisk design med omtanke for milj\u00f8et. Den har et kompakt format som gj\u00f8r den enkel \u00e5 ha med i vesken, og en diameter p\u00e5 95 cm, som gir god beskyttelse mot regn og vind. Paraplyen er laget med fokus p\u00e5 resirkulering og ansvarlig materialvalg \u2013 skjermen, snoren og oppbevaringsposen er alle [&hellip;]","og_url":"https:\/\/grontkontor.dk\/no\/shop\/kompakt-paraply-resirkulert-plast\/","og_site_name":"Gr\u00f8nt Kontor","article_publisher":"https:\/\/www.facebook.com\/grontkontor.dk\/","article_modified_time":"2025-11-06T10:27:23+00:00","og_image":[{"width":1080,"height":766,"url":"https:\/\/grontkontor.dk\/wp-content\/uploads\/2020\/06\/paraply_rpet_logo_sort.jpg","type":"image\/jpeg"}],"twitter_card":"summary_large_image","twitter_misc":{"Est. reading time":"1 minute"},"schema":{"@context":"https:\/\/schema.org","@graph":[{"@type":"WebPage","@id":"https:\/\/grontkontor.dk\/no\/shop\/kompakt-paraply-resirkulert-plast\/","url":"https:\/\/grontkontor.dk\/no\/shop\/kompakt-paraply-resirkulert-plast\/","name":"Kompakt paraply i resirkulert plast - Gr\u00f8nt Kontor","isPartOf":{"@id":"https:\/\/grontkontor.dk\/#website"},"datePublished":"2024-05-29T09:02:38+00:00","dateModified":"2025-11-06T10:27:23+00:00","breadcrumb":{"@id":"https:\/\/grontkontor.dk\/no\/shop\/kompakt-paraply-resirkulert-plast\/#breadcrumb"},"inLanguage":"no-NO","potentialAction":[{"@type":"ReadAction","target":["https:\/\/grontkontor.dk\/no\/shop\/kompakt-paraply-resirkulert-plast\/"]}]},{"@type":"BreadcrumbList","@id":"https:\/\/grontkontor.dk\/no\/shop\/kompakt-paraply-resirkulert-plast\/#breadcrumb","itemListElement":[{"@type":"ListItem","position":1,"name":"Forside","item":"https:\/\/grontkontor.dk\/"},{"@type":"ListItem","position":2,"name":"Butikk","item":"https:\/\/grontkontor.dk\/no\/butikk-2\/"},{"@type":"ListItem","position":3,"name":"Bekl\u00e6dning","item":"https:\/\/grontkontor.dk\/produkt-kategori\/beklaedning\/"},{"@type":"ListItem","position":4,"name":"Kompakt paraply i resirkulert plast"}]},{"@type":"WebSite","@id":"https:\/\/grontkontor.dk\/#website","url":"https:\/\/grontkontor.dk\/","name":"Gr\u00f8nt Kontor","description":"Milj\u00f8venlige produkter til kontor og erhverv med fokus p\u00e5 b\u00e6redygtighed, design og fair trade.","publisher":{"@id":"https:\/\/grontkontor.dk\/#organization"},"potentialAction":[{"@type":"SearchAction","target":{"@type":"EntryPoint","urlTemplate":"https:\/\/grontkontor.dk\/?s={search_term_string}"},"query-input":"required name=search_term_string"}],"inLanguage":"no-NO"},{"@type":"Organization","@id":"https:\/\/grontkontor.dk\/#organization","name":"Gr\u00f8nt Kontor","url":"https:\/\/grontkontor.dk\/","logo":{"@type":"ImageObject","inLanguage":"no-NO","@id":"https:\/\/grontkontor.dk\/#\/schema\/logo\/image\/","url":"https:\/\/grontkontor.dk\/wp-content\/uploads\/2014\/02\/Logo_groent_kontor_300x80.png","contentUrl":"https:\/\/grontkontor.dk\/wp-content\/uploads\/2014\/02\/Logo_groent_kontor_300x80.png","width":300,"height":80,"caption":"Gr\u00f8nt Kontor"},"image":{"@id":"https:\/\/grontkontor.dk\/#\/schema\/logo\/image\/"},"sameAs":["https:\/\/www.facebook.com\/grontkontor.dk\/"]}]}},"_links":{"self":[{"href":"https:\/\/grontkontor.dk\/no\/wp-json\/wp\/v2\/product\/89948"}],"collection":[{"href":"https:\/\/grontkontor.dk\/no\/wp-json\/wp\/v2\/product"}],"about":[{"href":"https:\/\/grontkontor.dk\/no\/wp-json\/wp\/v2\/types\/product"}],"replies":[{"embeddable":true,"href":"https:\/\/grontkontor.dk\/no\/wp-json\/wp\/v2\/comments?post=89948"}],"wp:featuredmedia":[{"embeddable":true,"href":"https:\/\/grontkontor.dk\/no\/wp-json\/wp\/v2\/media\/54474"}],"wp:attachment":[{"href":"https:\/\/grontkontor.dk\/no\/wp-json\/wp\/v2\/media?parent=89948"}],"wp:term":[{"taxonomy":"product_cat","embeddable":true,"href":"https:\/\/grontkontor.dk\/no\/wp-json\/wp\/v2\/product_cat?post=89948"},{"taxonomy":"product_tag","embeddable":true,"href":"https:\/\/grontkontor.dk\/no\/wp-json\/wp\/v2\/product_tag?post=89948"}],"curies":[{"name":"wp","href":"https:\/\/api.w.org\/{rel}","templated":true}]}}