{"id":90015,"date":"2025-03-03T13:11:15","date_gmt":"2024-05-29T09:03:29","guid":{"rendered":"https:\/\/grontkontor.dk\/shop\/tshirt-oorganisk-bomull\/"},"modified":"2025-11-06T10:07:59","modified_gmt":"2025-11-06T09:07:59","slug":"tshirt-oorganisk-bomull","status":"publish","type":"product","link":"https:\/\/grontkontor.dk\/no\/shop\/tshirt-oorganisk-bomull\/","title":{"rendered":"T-skjorte i \u00f8kologisk bomull uten trykk"},"content":{"rendered":"<p>En lett t-skjorte i 100 % GOTS-sertifisert \u00f8kologisk bomull er et perfekt valg n\u00e5r du vil kombinere komfort, kvalitet og omtanke. Denne klimavennlige t-skjorten kommer med et GOTS-merke, som dokumenterer b\u00e5de milj\u00f8vennlig produksjon og sosiale standarder. Med sin myke kvalitet p\u00e5 150 g\/m\u00b2 er den behagelig \u00e5 ha p\u00e5, og samtidig solid nok til daglig bruk.<br \/>\nT-skjorten kan leveres med logotrykk, hvor trykk gj\u00f8res to ganger for \u00e5 sikre en skarp og holdbar kvalitet, spesielt p\u00e5 m\u00f8rkere farger. I tillegg kan du velge broderi hvis du \u00f8nsker et mer eksklusivt utseende. Minimumsbestillingen er 50 stk, og du st\u00e5r fritt til \u00e5 blande st\u00f8rrelser og farger for \u00e5 passe dine behov.<br \/>\nSom reklameartikkel er en T-skjorte ideell for arrangementer, messer og kampanjer. Den kan enkelt kombineres med en poloskjorte eller andre profilkl\u00e6r for \u00e5 gi din bedrift et enhetlig og profesjonelt utseende. T-skjorten fungerer b\u00e5de som en praktisk giveaway og som en del av de ansattes garderobe, der den signaliserer klimavennlige og milj\u00f8vennlige verdier.<x id=\"gid_2\"><\/x>Med en lett og tidl\u00f8s t-skjorte i \u00f8kologisk bomull f\u00e5r du et produkt som kan brukes igjen og igjen, og som sender et tydelig budskap om ansvar og kvalitet. Det er den klassiske l\u00f8sningen for bedrifter som \u00f8nsker \u00e5 forene funksjonalitet, merkevarebygging og gr\u00f8nn omtanke.<br \/>\n[oekobomuld_s] [gots_s] <a href=\"https:\/\/www.eco-branding.dk\/miljoemaerkning\/gots.aspx\" rel=\"noopener\" target=\"_blank\"><img loading=\"lazy\" decoding=\"async\" class=\"size-full wp-image-12808\" src=\"https:\/\/grontkontor.dk\/wp-content\/uploads\/2019\/04\/gots-certificeret.jpg\" \n   alt=\"Gots certificeret - din garanti for, at produktet indeholder mindst 70% ?kologisk bomuld\"  description=\"Gots certificeret - din garanti for, at produktet indeholder mindst 70% ?kologisk bomuld\" width=\"50\" height=\"50\" \n\t border=0 \/><\/a><\/p>\n","protected":false},"excerpt":{"rendered":"<p>En lett t-skjorte i 100 % GOTS-sertifisert \u00f8kologisk bomull er et perfekt valg n\u00e5r du vil kombinere komfort, kvalitet og omtanke. Denne klimavennlige t-skjorten kommer med et GOTS-merke, som dokumenterer b\u00e5de milj\u00f8vennlig produksjon og sosiale standarder. Med sin myke kvalitet p\u00e5 150 g\/m\u00b2 er den behagelig \u00e5 ha p\u00e5, og samtidig solid nok til daglig [&hellip;]<\/p>\n","protected":false},"featured_media":57566,"comment_status":"closed","ping_status":"closed","template":"","meta":{"_acf_changed":false},"product_cat":[3541,3194,4840],"product_tag":[4805,4806,3477,4808,4807],"class_list":{"0":"post-90015","1":"product","2":"type-product","3":"status-publish","4":"has-post-thumbnail","6":"product_cat-dummy-moq-50-100-no","7":"product_cat-klimavennlige-firmagaver","8":"product_cat-t-skjorter-gensere-og-poloskjorter","9":"product_tag-skjorte","10":"product_tag-t-skjorte-no","11":"product_tag-t-skjorte","12":"product_tag-t-skjorter-no","13":"product_tag-t-skjorter","14":"pa_farve-blaa-no","15":"pa_farve-graa-no-2","16":"pa_farve-groenn","17":"pa_farve-hvit","18":"pa_farve-roed-no","19":"pa_farve-svart","20":"tm-has-styled-variations","21":"tm-has-options","23":"first","24":"instock","25":"sale","26":"taxable","27":"shipping-taxable","28":"purchasable","29":"product-type-simple"},"acf":[],"yoast_head":"<!-- This site is optimized with the Yoast SEO Premium plugin v21.2 (Yoast SEO v21.2) - https:\/\/yoast.com\/wordpress\/plugins\/seo\/ -->\n<title>T-skjorte i \u00f8kologisk bomull uten trykk - Gr\u00f8nt Kontor<\/title>\n<meta name=\"description\" content=\"Klimavennlig t-skjorte i 100% GOTS-sertifisert \u00f8kologisk bomull. Milj\u00f8vennlig giveaway for arrangementer og messer. Tilgjengelig med logotrykk og broderi.\" \/>\n<meta name=\"robots\" content=\"index, follow, max-snippet:-1, max-image-preview:large, max-video-preview:-1\" \/>\n<link rel=\"canonical\" href=\"https:\/\/grontkontor.dk\/no\/shop\/tshirt-oorganisk-bomull\/\" \/>\n<meta property=\"og:locale\" content=\"en_US\" \/>\n<meta property=\"og:type\" content=\"article\" \/>\n<meta property=\"og:title\" content=\"T-skjorte i \u00f8kologisk bomull uten trykk\" \/>\n<meta property=\"og:description\" content=\"Klimavennlig t-skjorte i 100% GOTS-sertifisert \u00f8kologisk bomull. Milj\u00f8vennlig giveaway for arrangementer og messer. Tilgjengelig med logotrykk og broderi.\" \/>\n<meta property=\"og:url\" content=\"https:\/\/grontkontor.dk\/no\/shop\/tshirt-oorganisk-bomull\/\" \/>\n<meta property=\"og:site_name\" content=\"Gr\u00f8nt Kontor\" \/>\n<meta property=\"article:publisher\" content=\"https:\/\/www.facebook.com\/grontkontor.dk\/\" \/>\n<meta property=\"article:modified_time\" content=\"2025-11-06T09:07:59+00:00\" \/>\n<meta property=\"og:image\" content=\"https:\/\/grontkontor.dk\/wp-content\/uploads\/2020\/05\/t-shirt-oekologisk-bomuld-groen.jpg\" \/>\n\t<meta property=\"og:image:width\" content=\"900\" \/>\n\t<meta property=\"og:image:height\" content=\"639\" \/>\n\t<meta property=\"og:image:type\" content=\"image\/jpeg\" \/>\n<meta name=\"twitter:card\" content=\"summary_large_image\" \/>\n<meta name=\"twitter:label1\" content=\"Est. reading time\" \/>\n\t<meta name=\"twitter:data1\" content=\"1 minute\" \/>\n<script type=\"application\/ld+json\" class=\"yoast-schema-graph\">{\"@context\":\"https:\/\/schema.org\",\"@graph\":[{\"@type\":\"WebPage\",\"@id\":\"https:\/\/grontkontor.dk\/no\/shop\/tshirt-oorganisk-bomull\/\",\"url\":\"https:\/\/grontkontor.dk\/no\/shop\/tshirt-oorganisk-bomull\/\",\"name\":\"T-skjorte i \u00f8kologisk bomull uten trykk - Gr\u00f8nt Kontor\",\"isPartOf\":{\"@id\":\"https:\/\/grontkontor.dk\/#website\"},\"datePublished\":\"2024-05-29T09:03:29+00:00\",\"dateModified\":\"2025-11-06T09:07:59+00:00\",\"description\":\"Klimavennlig t-skjorte i 100% GOTS-sertifisert \u00f8kologisk bomull. Milj\u00f8vennlig giveaway for arrangementer og messer. Tilgjengelig med logotrykk og broderi.\",\"breadcrumb\":{\"@id\":\"https:\/\/grontkontor.dk\/no\/shop\/tshirt-oorganisk-bomull\/#breadcrumb\"},\"inLanguage\":\"no-NO\",\"potentialAction\":[{\"@type\":\"ReadAction\",\"target\":[\"https:\/\/grontkontor.dk\/no\/shop\/tshirt-oorganisk-bomull\/\"]}]},{\"@type\":\"BreadcrumbList\",\"@id\":\"https:\/\/grontkontor.dk\/no\/shop\/tshirt-oorganisk-bomull\/#breadcrumb\",\"itemListElement\":[{\"@type\":\"ListItem\",\"position\":1,\"name\":\"Forside\",\"item\":\"https:\/\/grontkontor.dk\/\"},{\"@type\":\"ListItem\",\"position\":2,\"name\":\"Butikk\",\"item\":\"https:\/\/grontkontor.dk\/no\/butikk-2\/\"},{\"@type\":\"ListItem\",\"position\":3,\"name\":\"Kl\u00e6r\",\"item\":\"https:\/\/grontkontor.dk\/no\/produkt-kategori\/klaer\/\"},{\"@type\":\"ListItem\",\"position\":4,\"name\":\"T-skjorter, gensere og poloskjorter\",\"item\":\"https:\/\/grontkontor.dk\/no\/produkt-kategori\/klaer\/t-skjorter-gensere-og-poloskjorter\/\"},{\"@type\":\"ListItem\",\"position\":5,\"name\":\"T-skjorte i \u00f8kologisk bomull uten trykk\"}]},{\"@type\":\"WebSite\",\"@id\":\"https:\/\/grontkontor.dk\/#website\",\"url\":\"https:\/\/grontkontor.dk\/\",\"name\":\"Gr\u00f8nt Kontor\",\"description\":\"Milj\u00f8venlige produkter til kontor og erhverv med fokus p\u00e5 b\u00e6redygtighed, design og fair trade.\",\"publisher\":{\"@id\":\"https:\/\/grontkontor.dk\/#organization\"},\"potentialAction\":[{\"@type\":\"SearchAction\",\"target\":{\"@type\":\"EntryPoint\",\"urlTemplate\":\"https:\/\/grontkontor.dk\/?s={search_term_string}\"},\"query-input\":\"required name=search_term_string\"}],\"inLanguage\":\"no-NO\"},{\"@type\":\"Organization\",\"@id\":\"https:\/\/grontkontor.dk\/#organization\",\"name\":\"Gr\u00f8nt Kontor\",\"url\":\"https:\/\/grontkontor.dk\/\",\"logo\":{\"@type\":\"ImageObject\",\"inLanguage\":\"no-NO\",\"@id\":\"https:\/\/grontkontor.dk\/#\/schema\/logo\/image\/\",\"url\":\"https:\/\/grontkontor.dk\/wp-content\/uploads\/2014\/02\/Logo_groent_kontor_300x80.png\",\"contentUrl\":\"https:\/\/grontkontor.dk\/wp-content\/uploads\/2014\/02\/Logo_groent_kontor_300x80.png\",\"width\":300,\"height\":80,\"caption\":\"Gr\u00f8nt Kontor\"},\"image\":{\"@id\":\"https:\/\/grontkontor.dk\/#\/schema\/logo\/image\/\"},\"sameAs\":[\"https:\/\/www.facebook.com\/grontkontor.dk\/\"]}]}<\/script>\n<!-- \/ Yoast SEO Premium plugin. -->","yoast_head_json":{"title":"T-skjorte i \u00f8kologisk bomull uten trykk - Gr\u00f8nt Kontor","description":"Klimavennlig t-skjorte i 100% GOTS-sertifisert \u00f8kologisk bomull. Milj\u00f8vennlig giveaway for arrangementer og messer. Tilgjengelig med logotrykk og broderi.","robots":{"index":"index","follow":"follow","max-snippet":"max-snippet:-1","max-image-preview":"max-image-preview:large","max-video-preview":"max-video-preview:-1"},"canonical":"https:\/\/grontkontor.dk\/no\/shop\/tshirt-oorganisk-bomull\/","og_locale":"en_US","og_type":"article","og_title":"T-skjorte i \u00f8kologisk bomull uten trykk","og_description":"Klimavennlig t-skjorte i 100% GOTS-sertifisert \u00f8kologisk bomull. Milj\u00f8vennlig giveaway for arrangementer og messer. Tilgjengelig med logotrykk og broderi.","og_url":"https:\/\/grontkontor.dk\/no\/shop\/tshirt-oorganisk-bomull\/","og_site_name":"Gr\u00f8nt Kontor","article_publisher":"https:\/\/www.facebook.com\/grontkontor.dk\/","article_modified_time":"2025-11-06T09:07:59+00:00","og_image":[{"width":900,"height":639,"url":"https:\/\/grontkontor.dk\/wp-content\/uploads\/2020\/05\/t-shirt-oekologisk-bomuld-groen.jpg","type":"image\/jpeg"}],"twitter_card":"summary_large_image","twitter_misc":{"Est. reading time":"1 minute"},"schema":{"@context":"https:\/\/schema.org","@graph":[{"@type":"WebPage","@id":"https:\/\/grontkontor.dk\/no\/shop\/tshirt-oorganisk-bomull\/","url":"https:\/\/grontkontor.dk\/no\/shop\/tshirt-oorganisk-bomull\/","name":"T-skjorte i \u00f8kologisk bomull uten trykk - Gr\u00f8nt Kontor","isPartOf":{"@id":"https:\/\/grontkontor.dk\/#website"},"datePublished":"2024-05-29T09:03:29+00:00","dateModified":"2025-11-06T09:07:59+00:00","description":"Klimavennlig t-skjorte i 100% GOTS-sertifisert \u00f8kologisk bomull. Milj\u00f8vennlig giveaway for arrangementer og messer. Tilgjengelig med logotrykk og broderi.","breadcrumb":{"@id":"https:\/\/grontkontor.dk\/no\/shop\/tshirt-oorganisk-bomull\/#breadcrumb"},"inLanguage":"no-NO","potentialAction":[{"@type":"ReadAction","target":["https:\/\/grontkontor.dk\/no\/shop\/tshirt-oorganisk-bomull\/"]}]},{"@type":"BreadcrumbList","@id":"https:\/\/grontkontor.dk\/no\/shop\/tshirt-oorganisk-bomull\/#breadcrumb","itemListElement":[{"@type":"ListItem","position":1,"name":"Forside","item":"https:\/\/grontkontor.dk\/"},{"@type":"ListItem","position":2,"name":"Butikk","item":"https:\/\/grontkontor.dk\/no\/butikk-2\/"},{"@type":"ListItem","position":3,"name":"Kl\u00e6r","item":"https:\/\/grontkontor.dk\/no\/produkt-kategori\/klaer\/"},{"@type":"ListItem","position":4,"name":"T-skjorter, gensere og poloskjorter","item":"https:\/\/grontkontor.dk\/no\/produkt-kategori\/klaer\/t-skjorter-gensere-og-poloskjorter\/"},{"@type":"ListItem","position":5,"name":"T-skjorte i \u00f8kologisk bomull uten trykk"}]},{"@type":"WebSite","@id":"https:\/\/grontkontor.dk\/#website","url":"https:\/\/grontkontor.dk\/","name":"Gr\u00f8nt Kontor","description":"Milj\u00f8venlige produkter til kontor og erhverv med fokus p\u00e5 b\u00e6redygtighed, design og fair trade.","publisher":{"@id":"https:\/\/grontkontor.dk\/#organization"},"potentialAction":[{"@type":"SearchAction","target":{"@type":"EntryPoint","urlTemplate":"https:\/\/grontkontor.dk\/?s={search_term_string}"},"query-input":"required name=search_term_string"}],"inLanguage":"no-NO"},{"@type":"Organization","@id":"https:\/\/grontkontor.dk\/#organization","name":"Gr\u00f8nt Kontor","url":"https:\/\/grontkontor.dk\/","logo":{"@type":"ImageObject","inLanguage":"no-NO","@id":"https:\/\/grontkontor.dk\/#\/schema\/logo\/image\/","url":"https:\/\/grontkontor.dk\/wp-content\/uploads\/2014\/02\/Logo_groent_kontor_300x80.png","contentUrl":"https:\/\/grontkontor.dk\/wp-content\/uploads\/2014\/02\/Logo_groent_kontor_300x80.png","width":300,"height":80,"caption":"Gr\u00f8nt Kontor"},"image":{"@id":"https:\/\/grontkontor.dk\/#\/schema\/logo\/image\/"},"sameAs":["https:\/\/www.facebook.com\/grontkontor.dk\/"]}]}},"_links":{"self":[{"href":"https:\/\/grontkontor.dk\/no\/wp-json\/wp\/v2\/product\/90015"}],"collection":[{"href":"https:\/\/grontkontor.dk\/no\/wp-json\/wp\/v2\/product"}],"about":[{"href":"https:\/\/grontkontor.dk\/no\/wp-json\/wp\/v2\/types\/product"}],"replies":[{"embeddable":true,"href":"https:\/\/grontkontor.dk\/no\/wp-json\/wp\/v2\/comments?post=90015"}],"wp:featuredmedia":[{"embeddable":true,"href":"https:\/\/grontkontor.dk\/no\/wp-json\/wp\/v2\/media\/57566"}],"wp:attachment":[{"href":"https:\/\/grontkontor.dk\/no\/wp-json\/wp\/v2\/media?parent=90015"}],"wp:term":[{"taxonomy":"product_cat","embeddable":true,"href":"https:\/\/grontkontor.dk\/no\/wp-json\/wp\/v2\/product_cat?post=90015"},{"taxonomy":"product_tag","embeddable":true,"href":"https:\/\/grontkontor.dk\/no\/wp-json\/wp\/v2\/product_tag?post=90015"}],"curies":[{"name":"wp","href":"https:\/\/api.w.org\/{rel}","templated":true}]}}