{"id":90048,"date":"2023-09-22T13:11:15","date_gmt":"2024-05-29T09:03:34","guid":{"rendered":"https:\/\/grontkontor.dk\/shop\/termos-i-bambus-og-rustfritt-stal\/"},"modified":"2024-06-27T11:19:43","modified_gmt":"2024-06-27T09:19:43","slug":"termos-i-bambus-og-rustfritt-stal","status":"publish","type":"product","link":"https:\/\/grontkontor.dk\/no\/shop\/termos-i-bambus-og-rustfritt-stal\/","title":{"rendered":"Termosflaske i bambus og rustfritt st\u00e5l"},"content":{"rendered":"<p>Klimavennlig termos i st\u00e5l og bambus til varm og kald drikke. Laget med et minimum av plastinnhold, begrenset til polypropylen (PP) skruegjenger.<\/p>\n<p>En slitesterk og milj\u00f8vennlig termosflaske egnet som gave til messer og arrangementer. Leveres individuelt pakket i en pappkasse. Termosen er  [food-cs]<\/p>\n<p>Kruset i lokket er egnet for oppvaskmaskin.<\/p>\n<p>St\u00f8rrelse: 420ml<\/p>\n<p>&nbsp;<\/p>\n<p>[staal] [bambus_s]<\/p>\n<p>&nbsp;<\/p>\n","protected":false},"excerpt":{"rendered":"<p>Klimavennlig termos i st\u00e5l og bambus til varm og kald drikke. Laget med et minimum av plastinnhold, begrenset til polypropylen (PP) skruegjenger. En slitesterk og milj\u00f8vennlig termosflaske egnet som gave til messer og arrangementer. Leveres individuelt pakket i en pappkasse. Termosen er [food-cs] Kruset i lokket er egnet for oppvaskmaskin. St\u00f8rrelse: 420ml &nbsp; [staal] [bambus_s] [&hellip;]<\/p>\n","protected":false},"featured_media":54164,"comment_status":"closed","ping_status":"closed","template":"","meta":{"_acf_changed":false},"product_cat":[3199,3216,4393,3214],"product_tag":[3297],"class_list":{"0":"post-90048","1":"product","2":"type-product","3":"status-publish","4":"has-post-thumbnail","6":"product_cat-dummy-moq-1-no","7":"product_cat-mat-og-drikke","8":"product_cat-vannflasker-og-termosflasker-no","9":"product_cat-vannflasker-og-termosflasker","10":"product_tag-termosflaske","11":"tm-has-options","13":"first","14":"instock","15":"sale","16":"taxable","17":"shipping-taxable","18":"purchasable","19":"product-type-simple"},"acf":[],"yoast_head":"<!-- This site is optimized with the Yoast SEO Premium plugin v21.2 (Yoast SEO v21.2) - https:\/\/yoast.com\/wordpress\/plugins\/seo\/ -->\n<title>Termosflaske i bambus og rustfritt st\u00e5l - Gr\u00f8nt Kontor<\/title>\n<meta name=\"robots\" content=\"index, follow, max-snippet:-1, max-image-preview:large, max-video-preview:-1\" \/>\n<link rel=\"canonical\" href=\"https:\/\/grontkontor.dk\/shop\/termoflaske-i-bambus-og-rustfri-staal\/\" \/>\n<meta property=\"og:locale\" content=\"en_US\" \/>\n<meta property=\"og:type\" content=\"article\" \/>\n<meta property=\"og:title\" content=\"Termosflaske i bambus og rustfritt st\u00e5l\" \/>\n<meta property=\"og:description\" content=\"Klimavennlig termos i st\u00e5l og bambus til varm og kald drikke. Laget med et minimum av plastinnhold, begrenset til polypropylen (PP) skruegjenger. En slitesterk og milj\u00f8vennlig termosflaske egnet som gave til messer og arrangementer. Leveres individuelt pakket i en pappkasse. Termosen er [food-cs] Kruset i lokket er egnet for oppvaskmaskin. St\u00f8rrelse: 420ml &nbsp; [staal] [bambus_s] [&hellip;]\" \/>\n<meta property=\"og:url\" content=\"https:\/\/grontkontor.dk\/shop\/termoflaske-i-bambus-og-rustfri-staal\/\" \/>\n<meta property=\"og:site_name\" content=\"Gr\u00f8nt Kontor\" \/>\n<meta property=\"article:publisher\" content=\"https:\/\/www.facebook.com\/grontkontor.dk\/\" \/>\n<meta property=\"article:modified_time\" content=\"2024-06-27T09:19:43+00:00\" \/>\n<meta property=\"og:image\" content=\"https:\/\/grontkontor.dk\/wp-content\/uploads\/2020\/04\/termoflaske-i-bambus-001.jpg\" \/>\n\t<meta property=\"og:image:width\" content=\"800\" \/>\n\t<meta property=\"og:image:height\" content=\"568\" \/>\n\t<meta property=\"og:image:type\" content=\"image\/jpeg\" \/>\n<meta name=\"twitter:card\" content=\"summary_large_image\" \/>\n<script type=\"application\/ld+json\" class=\"yoast-schema-graph\">{\"@context\":\"https:\/\/schema.org\",\"@graph\":[{\"@type\":\"WebPage\",\"@id\":\"https:\/\/grontkontor.dk\/shop\/termoflaske-i-bambus-og-rustfri-staal\/\",\"url\":\"https:\/\/grontkontor.dk\/shop\/termoflaske-i-bambus-og-rustfri-staal\/\",\"name\":\"Termosflaske i bambus og rustfritt st\u00e5l - Gr\u00f8nt Kontor\",\"isPartOf\":{\"@id\":\"https:\/\/grontkontor.dk\/#website\"},\"datePublished\":\"2024-05-29T09:03:34+00:00\",\"dateModified\":\"2024-06-27T09:19:43+00:00\",\"breadcrumb\":{\"@id\":\"https:\/\/grontkontor.dk\/shop\/termoflaske-i-bambus-og-rustfri-staal\/#breadcrumb\"},\"inLanguage\":\"no-NO\",\"potentialAction\":[{\"@type\":\"ReadAction\",\"target\":[\"https:\/\/grontkontor.dk\/shop\/termoflaske-i-bambus-og-rustfri-staal\/\"]}]},{\"@type\":\"BreadcrumbList\",\"@id\":\"https:\/\/grontkontor.dk\/shop\/termoflaske-i-bambus-og-rustfri-staal\/#breadcrumb\",\"itemListElement\":[{\"@type\":\"ListItem\",\"position\":1,\"name\":\"Forside\",\"item\":\"https:\/\/grontkontor.dk\/\"},{\"@type\":\"ListItem\",\"position\":2,\"name\":\"Butikk\",\"item\":\"https:\/\/grontkontor.dk\/no\/butikk-2\/\"},{\"@type\":\"ListItem\",\"position\":3,\"name\":\"Klimavennlige firmagaver\",\"item\":\"https:\/\/grontkontor.dk\/no\/produkt-kategori\/klimavennlige-firmagaver\/\"},{\"@type\":\"ListItem\",\"position\":4,\"name\":\"Vannflasker og termosflasker\",\"item\":\"https:\/\/grontkontor.dk\/no\/produkt-kategori\/klimavennlige-firmagaver\/vannflasker-og-termosflasker-no\/\"},{\"@type\":\"ListItem\",\"position\":5,\"name\":\"Termosflaske i bambus og rustfritt st\u00e5l\"}]},{\"@type\":\"WebSite\",\"@id\":\"https:\/\/grontkontor.dk\/#website\",\"url\":\"https:\/\/grontkontor.dk\/\",\"name\":\"Gr\u00f8nt Kontor\",\"description\":\"Milj\u00f8venlige produkter til kontor og erhverv med fokus p\u00e5 b\u00e6redygtighed, design og fair trade.\",\"publisher\":{\"@id\":\"https:\/\/grontkontor.dk\/#organization\"},\"potentialAction\":[{\"@type\":\"SearchAction\",\"target\":{\"@type\":\"EntryPoint\",\"urlTemplate\":\"https:\/\/grontkontor.dk\/?s={search_term_string}\"},\"query-input\":\"required name=search_term_string\"}],\"inLanguage\":\"no-NO\"},{\"@type\":\"Organization\",\"@id\":\"https:\/\/grontkontor.dk\/#organization\",\"name\":\"Gr\u00f8nt Kontor\",\"url\":\"https:\/\/grontkontor.dk\/\",\"logo\":{\"@type\":\"ImageObject\",\"inLanguage\":\"no-NO\",\"@id\":\"https:\/\/grontkontor.dk\/#\/schema\/logo\/image\/\",\"url\":\"https:\/\/grontkontor.dk\/wp-content\/uploads\/2014\/02\/Logo_groent_kontor_300x80.png\",\"contentUrl\":\"https:\/\/grontkontor.dk\/wp-content\/uploads\/2014\/02\/Logo_groent_kontor_300x80.png\",\"width\":300,\"height\":80,\"caption\":\"Gr\u00f8nt Kontor\"},\"image\":{\"@id\":\"https:\/\/grontkontor.dk\/#\/schema\/logo\/image\/\"},\"sameAs\":[\"https:\/\/www.facebook.com\/grontkontor.dk\/\"]}]}<\/script>\n<!-- \/ Yoast SEO Premium plugin. -->","yoast_head_json":{"title":"Termosflaske i bambus og rustfritt st\u00e5l - Gr\u00f8nt Kontor","robots":{"index":"index","follow":"follow","max-snippet":"max-snippet:-1","max-image-preview":"max-image-preview:large","max-video-preview":"max-video-preview:-1"},"canonical":"https:\/\/grontkontor.dk\/shop\/termoflaske-i-bambus-og-rustfri-staal\/","og_locale":"en_US","og_type":"article","og_title":"Termosflaske i bambus og rustfritt st\u00e5l","og_description":"Klimavennlig termos i st\u00e5l og bambus til varm og kald drikke. Laget med et minimum av plastinnhold, begrenset til polypropylen (PP) skruegjenger. En slitesterk og milj\u00f8vennlig termosflaske egnet som gave til messer og arrangementer. Leveres individuelt pakket i en pappkasse. Termosen er [food-cs] Kruset i lokket er egnet for oppvaskmaskin. St\u00f8rrelse: 420ml &nbsp; [staal] [bambus_s] [&hellip;]","og_url":"https:\/\/grontkontor.dk\/shop\/termoflaske-i-bambus-og-rustfri-staal\/","og_site_name":"Gr\u00f8nt Kontor","article_publisher":"https:\/\/www.facebook.com\/grontkontor.dk\/","article_modified_time":"2024-06-27T09:19:43+00:00","og_image":[{"width":800,"height":568,"url":"https:\/\/grontkontor.dk\/wp-content\/uploads\/2020\/04\/termoflaske-i-bambus-001.jpg","type":"image\/jpeg"}],"twitter_card":"summary_large_image","schema":{"@context":"https:\/\/schema.org","@graph":[{"@type":"WebPage","@id":"https:\/\/grontkontor.dk\/shop\/termoflaske-i-bambus-og-rustfri-staal\/","url":"https:\/\/grontkontor.dk\/shop\/termoflaske-i-bambus-og-rustfri-staal\/","name":"Termosflaske i bambus og rustfritt st\u00e5l - Gr\u00f8nt Kontor","isPartOf":{"@id":"https:\/\/grontkontor.dk\/#website"},"datePublished":"2024-05-29T09:03:34+00:00","dateModified":"2024-06-27T09:19:43+00:00","breadcrumb":{"@id":"https:\/\/grontkontor.dk\/shop\/termoflaske-i-bambus-og-rustfri-staal\/#breadcrumb"},"inLanguage":"no-NO","potentialAction":[{"@type":"ReadAction","target":["https:\/\/grontkontor.dk\/shop\/termoflaske-i-bambus-og-rustfri-staal\/"]}]},{"@type":"BreadcrumbList","@id":"https:\/\/grontkontor.dk\/shop\/termoflaske-i-bambus-og-rustfri-staal\/#breadcrumb","itemListElement":[{"@type":"ListItem","position":1,"name":"Forside","item":"https:\/\/grontkontor.dk\/"},{"@type":"ListItem","position":2,"name":"Butikk","item":"https:\/\/grontkontor.dk\/no\/butikk-2\/"},{"@type":"ListItem","position":3,"name":"Klimavennlige firmagaver","item":"https:\/\/grontkontor.dk\/no\/produkt-kategori\/klimavennlige-firmagaver\/"},{"@type":"ListItem","position":4,"name":"Vannflasker og termosflasker","item":"https:\/\/grontkontor.dk\/no\/produkt-kategori\/klimavennlige-firmagaver\/vannflasker-og-termosflasker-no\/"},{"@type":"ListItem","position":5,"name":"Termosflaske i bambus og rustfritt st\u00e5l"}]},{"@type":"WebSite","@id":"https:\/\/grontkontor.dk\/#website","url":"https:\/\/grontkontor.dk\/","name":"Gr\u00f8nt Kontor","description":"Milj\u00f8venlige produkter til kontor og erhverv med fokus p\u00e5 b\u00e6redygtighed, design og fair trade.","publisher":{"@id":"https:\/\/grontkontor.dk\/#organization"},"potentialAction":[{"@type":"SearchAction","target":{"@type":"EntryPoint","urlTemplate":"https:\/\/grontkontor.dk\/?s={search_term_string}"},"query-input":"required name=search_term_string"}],"inLanguage":"no-NO"},{"@type":"Organization","@id":"https:\/\/grontkontor.dk\/#organization","name":"Gr\u00f8nt Kontor","url":"https:\/\/grontkontor.dk\/","logo":{"@type":"ImageObject","inLanguage":"no-NO","@id":"https:\/\/grontkontor.dk\/#\/schema\/logo\/image\/","url":"https:\/\/grontkontor.dk\/wp-content\/uploads\/2014\/02\/Logo_groent_kontor_300x80.png","contentUrl":"https:\/\/grontkontor.dk\/wp-content\/uploads\/2014\/02\/Logo_groent_kontor_300x80.png","width":300,"height":80,"caption":"Gr\u00f8nt Kontor"},"image":{"@id":"https:\/\/grontkontor.dk\/#\/schema\/logo\/image\/"},"sameAs":["https:\/\/www.facebook.com\/grontkontor.dk\/"]}]}},"_links":{"self":[{"href":"https:\/\/grontkontor.dk\/no\/wp-json\/wp\/v2\/product\/90048"}],"collection":[{"href":"https:\/\/grontkontor.dk\/no\/wp-json\/wp\/v2\/product"}],"about":[{"href":"https:\/\/grontkontor.dk\/no\/wp-json\/wp\/v2\/types\/product"}],"replies":[{"embeddable":true,"href":"https:\/\/grontkontor.dk\/no\/wp-json\/wp\/v2\/comments?post=90048"}],"wp:featuredmedia":[{"embeddable":true,"href":"https:\/\/grontkontor.dk\/no\/wp-json\/wp\/v2\/media\/54164"}],"wp:attachment":[{"href":"https:\/\/grontkontor.dk\/no\/wp-json\/wp\/v2\/media?parent=90048"}],"wp:term":[{"taxonomy":"product_cat","embeddable":true,"href":"https:\/\/grontkontor.dk\/no\/wp-json\/wp\/v2\/product_cat?post=90048"},{"taxonomy":"product_tag","embeddable":true,"href":"https:\/\/grontkontor.dk\/no\/wp-json\/wp\/v2\/product_tag?post=90048"}],"curies":[{"name":"wp","href":"https:\/\/api.w.org\/{rel}","templated":true}]}}