{"id":90141,"date":"2023-09-22T13:11:15","date_gmt":"2024-05-29T09:04:32","guid":{"rendered":"https:\/\/grontkontor.dk\/shop\/to-go-glass-krus-med-bambus-lokk\/"},"modified":"2024-06-27T11:19:40","modified_gmt":"2024-06-27T09:19:40","slug":"to-go-glass-krus-med-bambus-lokk","status":"publish","type":"product","link":"https:\/\/grontkontor.dk\/no\/shop\/to-go-glass-krus-med-bambus-lokk\/","title":{"rendered":"To-go glass krus med bambus lokk 420ml"},"content":{"rendered":"<p>Enkelt, veldesignet og milj\u00f8vennlig krus laget av borosilikatglass av h\u00f8yeste kvalitet. Lokket er laget av bambus (siden bambus er et naturlig materiale, kan fargen variere p\u00e5 de enkelte produktene). En veldig fin handout \/ giveaway for messe og arrangement. Tilgjengelig med trykk eller gravering.<\/p>\n<p>Kruset er egnet for oppvaskmaskin og mikrob\u00f8lgeovn, bambuslokk og skje anbefales for manuell vask.<br \/>\nKrus, lokk og skjeer er  [food-c]<\/p>\n<p>Innhold: 420 ml.<\/p>\n<p>[glas]<\/p>\n<p>&nbsp;<\/p>\n<p>[bambus]<\/p>\n<p>&nbsp;<\/p>\n","protected":false},"excerpt":{"rendered":"<p>Enkelt, veldesignet og milj\u00f8vennlig krus laget av borosilikatglass av h\u00f8yeste kvalitet. Lokket er laget av bambus (siden bambus er et naturlig materiale, kan fargen variere p\u00e5 de enkelte produktene). En veldig fin handout \/ giveaway for messe og arrangement. Tilgjengelig med trykk eller gravering. Kruset er egnet for oppvaskmaskin og mikrob\u00f8lgeovn, bambuslokk og skje anbefales [&hellip;]<\/p>\n","protected":false},"featured_media":54154,"comment_status":"closed","ping_status":"closed","template":"","meta":{"_acf_changed":false},"product_cat":[3199,4396,3312,3216],"product_tag":[3314],"class_list":{"0":"post-90141","1":"product","2":"type-product","3":"status-publish","4":"has-post-thumbnail","6":"product_cat-dummy-moq-1-no","7":"product_cat-krus-og-kopper-no","8":"product_cat-krus-kopper-etc","9":"product_cat-mat-og-drikke","10":"product_tag-krus-no","11":"tm-has-options","13":"first","14":"instock","15":"sale","16":"taxable","17":"shipping-taxable","18":"purchasable","19":"product-type-simple"},"acf":[],"yoast_head":"<!-- This site is optimized with the Yoast SEO Premium plugin v21.2 (Yoast SEO v21.2) - https:\/\/yoast.com\/wordpress\/plugins\/seo\/ -->\n<title>To-go glass krus med bambus lokk 420ml - Gr\u00f8nt Kontor<\/title>\n<meta name=\"robots\" content=\"index, follow, max-snippet:-1, max-image-preview:large, max-video-preview:-1\" \/>\n<link rel=\"canonical\" href=\"https:\/\/grontkontor.dk\/shop\/to-go-glaskrus-med-bambuslaag\/\" \/>\n<meta property=\"og:locale\" content=\"en_US\" \/>\n<meta property=\"og:type\" content=\"article\" \/>\n<meta property=\"og:title\" content=\"To-go glass krus med bambus lokk 420ml\" \/>\n<meta property=\"og:description\" content=\"Enkelt, veldesignet og milj\u00f8vennlig krus laget av borosilikatglass av h\u00f8yeste kvalitet. Lokket er laget av bambus (siden bambus er et naturlig materiale, kan fargen variere p\u00e5 de enkelte produktene). En veldig fin handout \/ giveaway for messe og arrangement. Tilgjengelig med trykk eller gravering. Kruset er egnet for oppvaskmaskin og mikrob\u00f8lgeovn, bambuslokk og skje anbefales [&hellip;]\" \/>\n<meta property=\"og:url\" content=\"https:\/\/grontkontor.dk\/shop\/to-go-glaskrus-med-bambuslaag\/\" \/>\n<meta property=\"og:site_name\" content=\"Gr\u00f8nt Kontor\" \/>\n<meta property=\"article:publisher\" content=\"https:\/\/www.facebook.com\/grontkontor.dk\/\" \/>\n<meta property=\"article:modified_time\" content=\"2024-06-27T09:19:40+00:00\" \/>\n<meta property=\"og:image\" content=\"https:\/\/grontkontor.dk\/wp-content\/uploads\/2020\/04\/glaskrus-med-bambuslaag-bambusske-001-2.jpg\" \/>\n\t<meta property=\"og:image:width\" content=\"800\" \/>\n\t<meta property=\"og:image:height\" content=\"568\" \/>\n\t<meta property=\"og:image:type\" content=\"image\/jpeg\" \/>\n<meta name=\"twitter:card\" content=\"summary_large_image\" \/>\n<script type=\"application\/ld+json\" class=\"yoast-schema-graph\">{\"@context\":\"https:\/\/schema.org\",\"@graph\":[{\"@type\":\"WebPage\",\"@id\":\"https:\/\/grontkontor.dk\/shop\/to-go-glaskrus-med-bambuslaag\/\",\"url\":\"https:\/\/grontkontor.dk\/shop\/to-go-glaskrus-med-bambuslaag\/\",\"name\":\"To-go glass krus med bambus lokk 420ml - Gr\u00f8nt Kontor\",\"isPartOf\":{\"@id\":\"https:\/\/grontkontor.dk\/#website\"},\"datePublished\":\"2024-05-29T09:04:32+00:00\",\"dateModified\":\"2024-06-27T09:19:40+00:00\",\"breadcrumb\":{\"@id\":\"https:\/\/grontkontor.dk\/shop\/to-go-glaskrus-med-bambuslaag\/#breadcrumb\"},\"inLanguage\":\"no-NO\",\"potentialAction\":[{\"@type\":\"ReadAction\",\"target\":[\"https:\/\/grontkontor.dk\/shop\/to-go-glaskrus-med-bambuslaag\/\"]}]},{\"@type\":\"BreadcrumbList\",\"@id\":\"https:\/\/grontkontor.dk\/shop\/to-go-glaskrus-med-bambuslaag\/#breadcrumb\",\"itemListElement\":[{\"@type\":\"ListItem\",\"position\":1,\"name\":\"Forside\",\"item\":\"https:\/\/grontkontor.dk\/\"},{\"@type\":\"ListItem\",\"position\":2,\"name\":\"Butikk\",\"item\":\"https:\/\/grontkontor.dk\/no\/butikk-2\/\"},{\"@type\":\"ListItem\",\"position\":3,\"name\":\"Klimavennlige firmagaver\",\"item\":\"https:\/\/grontkontor.dk\/no\/produkt-kategori\/klimavennlige-firmagaver\/\"},{\"@type\":\"ListItem\",\"position\":4,\"name\":\"Krus og kopper\",\"item\":\"https:\/\/grontkontor.dk\/no\/produkt-kategori\/klimavennlige-firmagaver\/krus-og-kopper-no\/\"},{\"@type\":\"ListItem\",\"position\":5,\"name\":\"To-go glass krus med bambus lokk 420ml\"}]},{\"@type\":\"WebSite\",\"@id\":\"https:\/\/grontkontor.dk\/#website\",\"url\":\"https:\/\/grontkontor.dk\/\",\"name\":\"Gr\u00f8nt Kontor\",\"description\":\"Milj\u00f8venlige produkter til kontor og erhverv med fokus p\u00e5 b\u00e6redygtighed, design og fair trade.\",\"publisher\":{\"@id\":\"https:\/\/grontkontor.dk\/#organization\"},\"potentialAction\":[{\"@type\":\"SearchAction\",\"target\":{\"@type\":\"EntryPoint\",\"urlTemplate\":\"https:\/\/grontkontor.dk\/?s={search_term_string}\"},\"query-input\":\"required name=search_term_string\"}],\"inLanguage\":\"no-NO\"},{\"@type\":\"Organization\",\"@id\":\"https:\/\/grontkontor.dk\/#organization\",\"name\":\"Gr\u00f8nt Kontor\",\"url\":\"https:\/\/grontkontor.dk\/\",\"logo\":{\"@type\":\"ImageObject\",\"inLanguage\":\"no-NO\",\"@id\":\"https:\/\/grontkontor.dk\/#\/schema\/logo\/image\/\",\"url\":\"https:\/\/grontkontor.dk\/wp-content\/uploads\/2014\/02\/Logo_groent_kontor_300x80.png\",\"contentUrl\":\"https:\/\/grontkontor.dk\/wp-content\/uploads\/2014\/02\/Logo_groent_kontor_300x80.png\",\"width\":300,\"height\":80,\"caption\":\"Gr\u00f8nt Kontor\"},\"image\":{\"@id\":\"https:\/\/grontkontor.dk\/#\/schema\/logo\/image\/\"},\"sameAs\":[\"https:\/\/www.facebook.com\/grontkontor.dk\/\"]}]}<\/script>\n<!-- \/ Yoast SEO Premium plugin. -->","yoast_head_json":{"title":"To-go glass krus med bambus lokk 420ml - Gr\u00f8nt Kontor","robots":{"index":"index","follow":"follow","max-snippet":"max-snippet:-1","max-image-preview":"max-image-preview:large","max-video-preview":"max-video-preview:-1"},"canonical":"https:\/\/grontkontor.dk\/shop\/to-go-glaskrus-med-bambuslaag\/","og_locale":"en_US","og_type":"article","og_title":"To-go glass krus med bambus lokk 420ml","og_description":"Enkelt, veldesignet og milj\u00f8vennlig krus laget av borosilikatglass av h\u00f8yeste kvalitet. Lokket er laget av bambus (siden bambus er et naturlig materiale, kan fargen variere p\u00e5 de enkelte produktene). En veldig fin handout \/ giveaway for messe og arrangement. Tilgjengelig med trykk eller gravering. Kruset er egnet for oppvaskmaskin og mikrob\u00f8lgeovn, bambuslokk og skje anbefales [&hellip;]","og_url":"https:\/\/grontkontor.dk\/shop\/to-go-glaskrus-med-bambuslaag\/","og_site_name":"Gr\u00f8nt Kontor","article_publisher":"https:\/\/www.facebook.com\/grontkontor.dk\/","article_modified_time":"2024-06-27T09:19:40+00:00","og_image":[{"width":800,"height":568,"url":"https:\/\/grontkontor.dk\/wp-content\/uploads\/2020\/04\/glaskrus-med-bambuslaag-bambusske-001-2.jpg","type":"image\/jpeg"}],"twitter_card":"summary_large_image","schema":{"@context":"https:\/\/schema.org","@graph":[{"@type":"WebPage","@id":"https:\/\/grontkontor.dk\/shop\/to-go-glaskrus-med-bambuslaag\/","url":"https:\/\/grontkontor.dk\/shop\/to-go-glaskrus-med-bambuslaag\/","name":"To-go glass krus med bambus lokk 420ml - Gr\u00f8nt Kontor","isPartOf":{"@id":"https:\/\/grontkontor.dk\/#website"},"datePublished":"2024-05-29T09:04:32+00:00","dateModified":"2024-06-27T09:19:40+00:00","breadcrumb":{"@id":"https:\/\/grontkontor.dk\/shop\/to-go-glaskrus-med-bambuslaag\/#breadcrumb"},"inLanguage":"no-NO","potentialAction":[{"@type":"ReadAction","target":["https:\/\/grontkontor.dk\/shop\/to-go-glaskrus-med-bambuslaag\/"]}]},{"@type":"BreadcrumbList","@id":"https:\/\/grontkontor.dk\/shop\/to-go-glaskrus-med-bambuslaag\/#breadcrumb","itemListElement":[{"@type":"ListItem","position":1,"name":"Forside","item":"https:\/\/grontkontor.dk\/"},{"@type":"ListItem","position":2,"name":"Butikk","item":"https:\/\/grontkontor.dk\/no\/butikk-2\/"},{"@type":"ListItem","position":3,"name":"Klimavennlige firmagaver","item":"https:\/\/grontkontor.dk\/no\/produkt-kategori\/klimavennlige-firmagaver\/"},{"@type":"ListItem","position":4,"name":"Krus og kopper","item":"https:\/\/grontkontor.dk\/no\/produkt-kategori\/klimavennlige-firmagaver\/krus-og-kopper-no\/"},{"@type":"ListItem","position":5,"name":"To-go glass krus med bambus lokk 420ml"}]},{"@type":"WebSite","@id":"https:\/\/grontkontor.dk\/#website","url":"https:\/\/grontkontor.dk\/","name":"Gr\u00f8nt Kontor","description":"Milj\u00f8venlige produkter til kontor og erhverv med fokus p\u00e5 b\u00e6redygtighed, design og fair trade.","publisher":{"@id":"https:\/\/grontkontor.dk\/#organization"},"potentialAction":[{"@type":"SearchAction","target":{"@type":"EntryPoint","urlTemplate":"https:\/\/grontkontor.dk\/?s={search_term_string}"},"query-input":"required name=search_term_string"}],"inLanguage":"no-NO"},{"@type":"Organization","@id":"https:\/\/grontkontor.dk\/#organization","name":"Gr\u00f8nt Kontor","url":"https:\/\/grontkontor.dk\/","logo":{"@type":"ImageObject","inLanguage":"no-NO","@id":"https:\/\/grontkontor.dk\/#\/schema\/logo\/image\/","url":"https:\/\/grontkontor.dk\/wp-content\/uploads\/2014\/02\/Logo_groent_kontor_300x80.png","contentUrl":"https:\/\/grontkontor.dk\/wp-content\/uploads\/2014\/02\/Logo_groent_kontor_300x80.png","width":300,"height":80,"caption":"Gr\u00f8nt Kontor"},"image":{"@id":"https:\/\/grontkontor.dk\/#\/schema\/logo\/image\/"},"sameAs":["https:\/\/www.facebook.com\/grontkontor.dk\/"]}]}},"_links":{"self":[{"href":"https:\/\/grontkontor.dk\/no\/wp-json\/wp\/v2\/product\/90141"}],"collection":[{"href":"https:\/\/grontkontor.dk\/no\/wp-json\/wp\/v2\/product"}],"about":[{"href":"https:\/\/grontkontor.dk\/no\/wp-json\/wp\/v2\/types\/product"}],"replies":[{"embeddable":true,"href":"https:\/\/grontkontor.dk\/no\/wp-json\/wp\/v2\/comments?post=90141"}],"wp:featuredmedia":[{"embeddable":true,"href":"https:\/\/grontkontor.dk\/no\/wp-json\/wp\/v2\/media\/54154"}],"wp:attachment":[{"href":"https:\/\/grontkontor.dk\/no\/wp-json\/wp\/v2\/media?parent=90141"}],"wp:term":[{"taxonomy":"product_cat","embeddable":true,"href":"https:\/\/grontkontor.dk\/no\/wp-json\/wp\/v2\/product_cat?post=90141"},{"taxonomy":"product_tag","embeddable":true,"href":"https:\/\/grontkontor.dk\/no\/wp-json\/wp\/v2\/product_tag?post=90141"}],"curies":[{"name":"wp","href":"https:\/\/api.w.org\/{rel}","templated":true}]}}