{"id":90150,"date":"2023-09-22T13:11:15","date_gmt":"2024-05-29T09:04:33","guid":{"rendered":"https:\/\/grontkontor.dk\/shop\/notisblokk-kulepenn-bambus\/"},"modified":"2024-08-08T10:52:07","modified_gmt":"2024-08-08T08:52:07","slug":"notisblokk-kulepenn-bambus","status":"publish","type":"product","link":"https:\/\/grontkontor.dk\/no\/shop\/notisblokk-kulepenn-bambus\/","title":{"rendered":"Notisblokk med bambuspenn"},"content":{"rendered":"<p>Klimavennlig notisblokk med spiralrygg og kulepenn av bambus. Inneholder 160 kantede sider p\u00e5 resirkulert papir med en praktisk elastisk lukking og elastisk penneholder.<br \/>\nEt milj\u00f8vennlig og praktisk produkt klar til \u00e5 putte i lomma, egnet som brosjyre til messer og arrangementer.<br \/>\nProduktet er utg\u00e5tt fra v\u00e5rt sortiment, men s\u00e5 lenge lageret rekker, kan du kj\u00f8pe superbillig for en runde tjue per stykke.<\/p>\n<p>Kan leveres med logotrykk fra 100 stk.<br \/>\nMaks utskriftsomr\u00e5de: 30x60mm<\/p>\n<p>&nbsp;<\/p>\n<p>[bambus]<\/p>\n","protected":false},"excerpt":{"rendered":"<p>Klimavennlig notisblokk med spiralrygg og kulepenn av bambus. Inneholder 160 kantede sider p\u00e5 resirkulert papir med en praktisk elastisk lukking og elastisk penneholder. Et milj\u00f8vennlig og praktisk produkt klar til \u00e5 putte i lomma, egnet som brosjyre til messer og arrangementer. Produktet er utg\u00e5tt fra v\u00e5rt sortiment, men s\u00e5 lenge lageret rekker, kan du kj\u00f8pe [&hellip;]<\/p>\n","protected":false},"featured_media":54136,"comment_status":"closed","ping_status":"closed","template":"","meta":{"_acf_changed":false},"product_cat":[3199,3194,3611,3610],"product_tag":[3854,3859,3736,3612,4206],"class_list":{"0":"post-90150","1":"product","2":"type-product","3":"status-publish","4":"has-post-thumbnail","6":"product_cat-dummy-moq-1-no","7":"product_cat-klimavennlige-firmagaver","8":"product_cat-notatboker","9":"product_cat-papir-og-pads","10":"product_tag-notatboker","11":"product_tag-notisblokk-no","12":"product_tag-notisblokk","13":"product_tag-notisbok","14":"product_tag-pocket-bok","15":"tm-has-options","17":"first","18":"instock","19":"sale","20":"taxable","21":"shipping-taxable","22":"purchasable","23":"product-type-simple"},"acf":[],"yoast_head":"<!-- This site is optimized with the Yoast SEO Premium plugin v21.2 (Yoast SEO v21.2) - https:\/\/yoast.com\/wordpress\/plugins\/seo\/ -->\n<title>Notisblokk med bambuspenn - Gr\u00f8nt Kontor<\/title>\n<meta name=\"robots\" content=\"index, follow, max-snippet:-1, max-image-preview:large, max-video-preview:-1\" \/>\n<link rel=\"canonical\" href=\"https:\/\/grontkontor.dk\/shop\/notesblok-kuglepen-bambus\/\" \/>\n<meta property=\"og:locale\" content=\"en_US\" \/>\n<meta property=\"og:type\" content=\"article\" \/>\n<meta property=\"og:title\" content=\"Notisblokk med bambuspenn\" \/>\n<meta property=\"og:description\" content=\"Klimavennlig notisblokk med spiralrygg og kulepenn av bambus. Inneholder 160 kantede sider p\u00e5 resirkulert papir med en praktisk elastisk lukking og elastisk penneholder. Et milj\u00f8vennlig og praktisk produkt klar til \u00e5 putte i lomma, egnet som brosjyre til messer og arrangementer. Produktet er utg\u00e5tt fra v\u00e5rt sortiment, men s\u00e5 lenge lageret rekker, kan du kj\u00f8pe [&hellip;]\" \/>\n<meta property=\"og:url\" content=\"https:\/\/grontkontor.dk\/shop\/notesblok-kuglepen-bambus\/\" \/>\n<meta property=\"og:site_name\" content=\"Gr\u00f8nt Kontor\" \/>\n<meta property=\"article:publisher\" content=\"https:\/\/www.facebook.com\/grontkontor.dk\/\" \/>\n<meta property=\"article:modified_time\" content=\"2024-08-08T08:52:07+00:00\" \/>\n<meta property=\"og:image\" content=\"https:\/\/grontkontor.dk\/wp-content\/uploads\/2020\/04\/notesblok-bambus-01.jpg\" \/>\n\t<meta property=\"og:image:width\" content=\"800\" \/>\n\t<meta property=\"og:image:height\" content=\"568\" \/>\n\t<meta property=\"og:image:type\" content=\"image\/jpeg\" \/>\n<meta name=\"twitter:card\" content=\"summary_large_image\" \/>\n<script type=\"application\/ld+json\" class=\"yoast-schema-graph\">{\"@context\":\"https:\/\/schema.org\",\"@graph\":[{\"@type\":\"WebPage\",\"@id\":\"https:\/\/grontkontor.dk\/shop\/notesblok-kuglepen-bambus\/\",\"url\":\"https:\/\/grontkontor.dk\/shop\/notesblok-kuglepen-bambus\/\",\"name\":\"Notisblokk med bambuspenn - Gr\u00f8nt Kontor\",\"isPartOf\":{\"@id\":\"https:\/\/grontkontor.dk\/#website\"},\"datePublished\":\"2024-05-29T09:04:33+00:00\",\"dateModified\":\"2024-08-08T08:52:07+00:00\",\"breadcrumb\":{\"@id\":\"https:\/\/grontkontor.dk\/shop\/notesblok-kuglepen-bambus\/#breadcrumb\"},\"inLanguage\":\"no-NO\",\"potentialAction\":[{\"@type\":\"ReadAction\",\"target\":[\"https:\/\/grontkontor.dk\/shop\/notesblok-kuglepen-bambus\/\"]}]},{\"@type\":\"BreadcrumbList\",\"@id\":\"https:\/\/grontkontor.dk\/shop\/notesblok-kuglepen-bambus\/#breadcrumb\",\"itemListElement\":[{\"@type\":\"ListItem\",\"position\":1,\"name\":\"Forside\",\"item\":\"https:\/\/grontkontor.dk\/\"},{\"@type\":\"ListItem\",\"position\":2,\"name\":\"Butikk\",\"item\":\"https:\/\/grontkontor.dk\/no\/butikk-2\/\"},{\"@type\":\"ListItem\",\"position\":3,\"name\":\"Papir og blokker\",\"item\":\"https:\/\/grontkontor.dk\/no\/produkt-kategori\/papir-og-pads\/\"},{\"@type\":\"ListItem\",\"position\":4,\"name\":\"Notatb\u00f8ker\",\"item\":\"https:\/\/grontkontor.dk\/no\/produkt-kategori\/papir-og-pads\/notatboker\/\"},{\"@type\":\"ListItem\",\"position\":5,\"name\":\"Notisblokk med bambuspenn\"}]},{\"@type\":\"WebSite\",\"@id\":\"https:\/\/grontkontor.dk\/#website\",\"url\":\"https:\/\/grontkontor.dk\/\",\"name\":\"Gr\u00f8nt Kontor\",\"description\":\"Milj\u00f8venlige produkter til kontor og erhverv med fokus p\u00e5 b\u00e6redygtighed, design og fair trade.\",\"publisher\":{\"@id\":\"https:\/\/grontkontor.dk\/#organization\"},\"potentialAction\":[{\"@type\":\"SearchAction\",\"target\":{\"@type\":\"EntryPoint\",\"urlTemplate\":\"https:\/\/grontkontor.dk\/?s={search_term_string}\"},\"query-input\":\"required name=search_term_string\"}],\"inLanguage\":\"no-NO\"},{\"@type\":\"Organization\",\"@id\":\"https:\/\/grontkontor.dk\/#organization\",\"name\":\"Gr\u00f8nt Kontor\",\"url\":\"https:\/\/grontkontor.dk\/\",\"logo\":{\"@type\":\"ImageObject\",\"inLanguage\":\"no-NO\",\"@id\":\"https:\/\/grontkontor.dk\/#\/schema\/logo\/image\/\",\"url\":\"https:\/\/grontkontor.dk\/wp-content\/uploads\/2014\/02\/Logo_groent_kontor_300x80.png\",\"contentUrl\":\"https:\/\/grontkontor.dk\/wp-content\/uploads\/2014\/02\/Logo_groent_kontor_300x80.png\",\"width\":300,\"height\":80,\"caption\":\"Gr\u00f8nt Kontor\"},\"image\":{\"@id\":\"https:\/\/grontkontor.dk\/#\/schema\/logo\/image\/\"},\"sameAs\":[\"https:\/\/www.facebook.com\/grontkontor.dk\/\"]}]}<\/script>\n<!-- \/ Yoast SEO Premium plugin. -->","yoast_head_json":{"title":"Notisblokk med bambuspenn - Gr\u00f8nt Kontor","robots":{"index":"index","follow":"follow","max-snippet":"max-snippet:-1","max-image-preview":"max-image-preview:large","max-video-preview":"max-video-preview:-1"},"canonical":"https:\/\/grontkontor.dk\/shop\/notesblok-kuglepen-bambus\/","og_locale":"en_US","og_type":"article","og_title":"Notisblokk med bambuspenn","og_description":"Klimavennlig notisblokk med spiralrygg og kulepenn av bambus. Inneholder 160 kantede sider p\u00e5 resirkulert papir med en praktisk elastisk lukking og elastisk penneholder. Et milj\u00f8vennlig og praktisk produkt klar til \u00e5 putte i lomma, egnet som brosjyre til messer og arrangementer. Produktet er utg\u00e5tt fra v\u00e5rt sortiment, men s\u00e5 lenge lageret rekker, kan du kj\u00f8pe [&hellip;]","og_url":"https:\/\/grontkontor.dk\/shop\/notesblok-kuglepen-bambus\/","og_site_name":"Gr\u00f8nt Kontor","article_publisher":"https:\/\/www.facebook.com\/grontkontor.dk\/","article_modified_time":"2024-08-08T08:52:07+00:00","og_image":[{"width":800,"height":568,"url":"https:\/\/grontkontor.dk\/wp-content\/uploads\/2020\/04\/notesblok-bambus-01.jpg","type":"image\/jpeg"}],"twitter_card":"summary_large_image","schema":{"@context":"https:\/\/schema.org","@graph":[{"@type":"WebPage","@id":"https:\/\/grontkontor.dk\/shop\/notesblok-kuglepen-bambus\/","url":"https:\/\/grontkontor.dk\/shop\/notesblok-kuglepen-bambus\/","name":"Notisblokk med bambuspenn - Gr\u00f8nt Kontor","isPartOf":{"@id":"https:\/\/grontkontor.dk\/#website"},"datePublished":"2024-05-29T09:04:33+00:00","dateModified":"2024-08-08T08:52:07+00:00","breadcrumb":{"@id":"https:\/\/grontkontor.dk\/shop\/notesblok-kuglepen-bambus\/#breadcrumb"},"inLanguage":"no-NO","potentialAction":[{"@type":"ReadAction","target":["https:\/\/grontkontor.dk\/shop\/notesblok-kuglepen-bambus\/"]}]},{"@type":"BreadcrumbList","@id":"https:\/\/grontkontor.dk\/shop\/notesblok-kuglepen-bambus\/#breadcrumb","itemListElement":[{"@type":"ListItem","position":1,"name":"Forside","item":"https:\/\/grontkontor.dk\/"},{"@type":"ListItem","position":2,"name":"Butikk","item":"https:\/\/grontkontor.dk\/no\/butikk-2\/"},{"@type":"ListItem","position":3,"name":"Papir og blokker","item":"https:\/\/grontkontor.dk\/no\/produkt-kategori\/papir-og-pads\/"},{"@type":"ListItem","position":4,"name":"Notatb\u00f8ker","item":"https:\/\/grontkontor.dk\/no\/produkt-kategori\/papir-og-pads\/notatboker\/"},{"@type":"ListItem","position":5,"name":"Notisblokk med bambuspenn"}]},{"@type":"WebSite","@id":"https:\/\/grontkontor.dk\/#website","url":"https:\/\/grontkontor.dk\/","name":"Gr\u00f8nt Kontor","description":"Milj\u00f8venlige produkter til kontor og erhverv med fokus p\u00e5 b\u00e6redygtighed, design og fair trade.","publisher":{"@id":"https:\/\/grontkontor.dk\/#organization"},"potentialAction":[{"@type":"SearchAction","target":{"@type":"EntryPoint","urlTemplate":"https:\/\/grontkontor.dk\/?s={search_term_string}"},"query-input":"required name=search_term_string"}],"inLanguage":"no-NO"},{"@type":"Organization","@id":"https:\/\/grontkontor.dk\/#organization","name":"Gr\u00f8nt Kontor","url":"https:\/\/grontkontor.dk\/","logo":{"@type":"ImageObject","inLanguage":"no-NO","@id":"https:\/\/grontkontor.dk\/#\/schema\/logo\/image\/","url":"https:\/\/grontkontor.dk\/wp-content\/uploads\/2014\/02\/Logo_groent_kontor_300x80.png","contentUrl":"https:\/\/grontkontor.dk\/wp-content\/uploads\/2014\/02\/Logo_groent_kontor_300x80.png","width":300,"height":80,"caption":"Gr\u00f8nt Kontor"},"image":{"@id":"https:\/\/grontkontor.dk\/#\/schema\/logo\/image\/"},"sameAs":["https:\/\/www.facebook.com\/grontkontor.dk\/"]}]}},"_links":{"self":[{"href":"https:\/\/grontkontor.dk\/no\/wp-json\/wp\/v2\/product\/90150"}],"collection":[{"href":"https:\/\/grontkontor.dk\/no\/wp-json\/wp\/v2\/product"}],"about":[{"href":"https:\/\/grontkontor.dk\/no\/wp-json\/wp\/v2\/types\/product"}],"replies":[{"embeddable":true,"href":"https:\/\/grontkontor.dk\/no\/wp-json\/wp\/v2\/comments?post=90150"}],"wp:featuredmedia":[{"embeddable":true,"href":"https:\/\/grontkontor.dk\/no\/wp-json\/wp\/v2\/media\/54136"}],"wp:attachment":[{"href":"https:\/\/grontkontor.dk\/no\/wp-json\/wp\/v2\/media?parent=90150"}],"wp:term":[{"taxonomy":"product_cat","embeddable":true,"href":"https:\/\/grontkontor.dk\/no\/wp-json\/wp\/v2\/product_cat?post=90150"},{"taxonomy":"product_tag","embeddable":true,"href":"https:\/\/grontkontor.dk\/no\/wp-json\/wp\/v2\/product_tag?post=90150"}],"curies":[{"name":"wp","href":"https:\/\/api.w.org\/{rel}","templated":true}]}}