{"id":90278,"date":"2023-09-22T13:08:50","date_gmt":"2024-05-29T09:07:39","guid":{"rendered":"https:\/\/grontkontor.dk\/shop\/vannflaske-glass-kork-bambus-ark-500ml\/"},"modified":"2024-06-27T11:29:25","modified_gmt":"2024-06-27T09:29:25","slug":"vannflaske-glass-kork-bambus-ark-500ml","status":"publish","type":"product","link":"https:\/\/grontkontor.dk\/no\/shop\/vannflaske-glass-kork-bambus-ark-500ml\/","title":{"rendered":"Vannflaskeglass og kork med\/uten trykk"},"content":{"rendered":"<p>Veldesignet og klimavennlig glassflaske for kald drikke med avtagbart korkh\u00e5ndtak. Lokket er laget av bambus med en plastskrugjenger og flettet stropp. En slitesterk og milj\u00f8vennlig drikkeflaske for varme eller kalde drikker &#8211; korkh\u00e5ndtaket holder temperaturen slik at drikken holder seg varm eller kald. En klimavennlig og billig gave til messer og arrangementer. Glassdelen er egnet for oppvaskmaskin og mikrob\u00f8lgeovn. Innhold [food-c] : 500 ml.  [glas] [bambus_s] [kork_s] &nbsp;<\/p>\n","protected":false},"excerpt":{"rendered":"<p>Veldesignet og klimavennlig glassflaske for kald drikke med avtagbart korkh\u00e5ndtak. Lokket er laget av bambus med en plastskrugjenger og flettet stropp. En slitesterk og milj\u00f8vennlig drikkeflaske for varme eller kalde drikker &#8211; korkh\u00e5ndtaket holder temperaturen slik at drikken holder seg varm eller kald. En klimavennlig og billig gave til messer og arrangementer. Glassdelen er egnet [&hellip;]<\/p>\n","protected":false},"featured_media":54051,"comment_status":"closed","ping_status":"closed","template":"","meta":{"_acf_changed":false},"product_cat":[3199,3216,4393,3214],"product_tag":[3992,4194,3704,3218,3993,4867],"class_list":{"0":"post-90278","1":"product","2":"type-product","3":"status-publish","4":"has-post-thumbnail","6":"product_cat-dummy-moq-1-no","7":"product_cat-mat-og-drikke","8":"product_cat-vannflasker-og-termosflasker-no","9":"product_cat-vannflasker-og-termosflasker","10":"product_tag-drikkeflasker","11":"product_tag-glassflaske","12":"product_tag-vannflaske-no","13":"product_tag-vannflaske","14":"product_tag-vannflasker","15":"product_tag-vannkanner","16":"tm-has-options","18":"first","19":"onbackorder","20":"sale","21":"taxable","22":"shipping-taxable","23":"purchasable","24":"product-type-simple"},"acf":[],"yoast_head":"<!-- This site is optimized with the Yoast SEO Premium plugin v21.2 (Yoast SEO v21.2) - https:\/\/yoast.com\/wordpress\/plugins\/seo\/ -->\n<title>Vannflaskeglass og kork med\/uten trykk - Gr\u00f8nt Kontor<\/title>\n<meta name=\"robots\" content=\"index, follow, max-snippet:-1, max-image-preview:large, max-video-preview:-1\" \/>\n<link rel=\"canonical\" href=\"https:\/\/grontkontor.dk\/shop\/vandflaske-glas-kork-bambuslaag-500ml\/\" \/>\n<meta property=\"og:locale\" content=\"en_US\" \/>\n<meta property=\"og:type\" content=\"article\" \/>\n<meta property=\"og:title\" content=\"Vannflaskeglass og kork med\/uten trykk\" \/>\n<meta property=\"og:description\" content=\"Veldesignet og klimavennlig glassflaske for kald drikke med avtagbart korkh\u00e5ndtak. Lokket er laget av bambus med en plastskrugjenger og flettet stropp. En slitesterk og milj\u00f8vennlig drikkeflaske for varme eller kalde drikker &#8211; korkh\u00e5ndtaket holder temperaturen slik at drikken holder seg varm eller kald. En klimavennlig og billig gave til messer og arrangementer. Glassdelen er egnet [&hellip;]\" \/>\n<meta property=\"og:url\" content=\"https:\/\/grontkontor.dk\/shop\/vandflaske-glas-kork-bambuslaag-500ml\/\" \/>\n<meta property=\"og:site_name\" content=\"Gr\u00f8nt Kontor\" \/>\n<meta property=\"article:publisher\" content=\"https:\/\/www.facebook.com\/grontkontor.dk\/\" \/>\n<meta property=\"article:modified_time\" content=\"2024-06-27T09:29:25+00:00\" \/>\n<meta property=\"og:image\" content=\"https:\/\/grontkontor.dk\/wp-content\/uploads\/2020\/02\/vandflaske-glas-korkhaandtag-bambuslaag-01-2.jpg\" \/>\n\t<meta property=\"og:image:width\" content=\"800\" \/>\n\t<meta property=\"og:image:height\" content=\"568\" \/>\n\t<meta property=\"og:image:type\" content=\"image\/jpeg\" \/>\n<meta name=\"twitter:card\" content=\"summary_large_image\" \/>\n<script type=\"application\/ld+json\" class=\"yoast-schema-graph\">{\"@context\":\"https:\/\/schema.org\",\"@graph\":[{\"@type\":\"WebPage\",\"@id\":\"https:\/\/grontkontor.dk\/shop\/vandflaske-glas-kork-bambuslaag-500ml\/\",\"url\":\"https:\/\/grontkontor.dk\/shop\/vandflaske-glas-kork-bambuslaag-500ml\/\",\"name\":\"Vannflaskeglass og kork med\/uten trykk - Gr\u00f8nt Kontor\",\"isPartOf\":{\"@id\":\"https:\/\/grontkontor.dk\/#website\"},\"datePublished\":\"2024-05-29T09:07:39+00:00\",\"dateModified\":\"2024-06-27T09:29:25+00:00\",\"breadcrumb\":{\"@id\":\"https:\/\/grontkontor.dk\/shop\/vandflaske-glas-kork-bambuslaag-500ml\/#breadcrumb\"},\"inLanguage\":\"no-NO\",\"potentialAction\":[{\"@type\":\"ReadAction\",\"target\":[\"https:\/\/grontkontor.dk\/shop\/vandflaske-glas-kork-bambuslaag-500ml\/\"]}]},{\"@type\":\"BreadcrumbList\",\"@id\":\"https:\/\/grontkontor.dk\/shop\/vandflaske-glas-kork-bambuslaag-500ml\/#breadcrumb\",\"itemListElement\":[{\"@type\":\"ListItem\",\"position\":1,\"name\":\"Forside\",\"item\":\"https:\/\/grontkontor.dk\/\"},{\"@type\":\"ListItem\",\"position\":2,\"name\":\"Butikk\",\"item\":\"https:\/\/grontkontor.dk\/no\/butikk-2\/\"},{\"@type\":\"ListItem\",\"position\":3,\"name\":\"Klimavennlige firmagaver\",\"item\":\"https:\/\/grontkontor.dk\/no\/produkt-kategori\/klimavennlige-firmagaver\/\"},{\"@type\":\"ListItem\",\"position\":4,\"name\":\"Vannflasker og termosflasker\",\"item\":\"https:\/\/grontkontor.dk\/no\/produkt-kategori\/klimavennlige-firmagaver\/vannflasker-og-termosflasker-no\/\"},{\"@type\":\"ListItem\",\"position\":5,\"name\":\"Vannflaskeglass og kork med\/uten trykk\"}]},{\"@type\":\"WebSite\",\"@id\":\"https:\/\/grontkontor.dk\/#website\",\"url\":\"https:\/\/grontkontor.dk\/\",\"name\":\"Gr\u00f8nt Kontor\",\"description\":\"Milj\u00f8venlige produkter til kontor og erhverv med fokus p\u00e5 b\u00e6redygtighed, design og fair trade.\",\"publisher\":{\"@id\":\"https:\/\/grontkontor.dk\/#organization\"},\"potentialAction\":[{\"@type\":\"SearchAction\",\"target\":{\"@type\":\"EntryPoint\",\"urlTemplate\":\"https:\/\/grontkontor.dk\/?s={search_term_string}\"},\"query-input\":\"required name=search_term_string\"}],\"inLanguage\":\"no-NO\"},{\"@type\":\"Organization\",\"@id\":\"https:\/\/grontkontor.dk\/#organization\",\"name\":\"Gr\u00f8nt Kontor\",\"url\":\"https:\/\/grontkontor.dk\/\",\"logo\":{\"@type\":\"ImageObject\",\"inLanguage\":\"no-NO\",\"@id\":\"https:\/\/grontkontor.dk\/#\/schema\/logo\/image\/\",\"url\":\"https:\/\/grontkontor.dk\/wp-content\/uploads\/2014\/02\/Logo_groent_kontor_300x80.png\",\"contentUrl\":\"https:\/\/grontkontor.dk\/wp-content\/uploads\/2014\/02\/Logo_groent_kontor_300x80.png\",\"width\":300,\"height\":80,\"caption\":\"Gr\u00f8nt Kontor\"},\"image\":{\"@id\":\"https:\/\/grontkontor.dk\/#\/schema\/logo\/image\/\"},\"sameAs\":[\"https:\/\/www.facebook.com\/grontkontor.dk\/\"]}]}<\/script>\n<!-- \/ Yoast SEO Premium plugin. -->","yoast_head_json":{"title":"Vannflaskeglass og kork med\/uten trykk - Gr\u00f8nt Kontor","robots":{"index":"index","follow":"follow","max-snippet":"max-snippet:-1","max-image-preview":"max-image-preview:large","max-video-preview":"max-video-preview:-1"},"canonical":"https:\/\/grontkontor.dk\/shop\/vandflaske-glas-kork-bambuslaag-500ml\/","og_locale":"en_US","og_type":"article","og_title":"Vannflaskeglass og kork med\/uten trykk","og_description":"Veldesignet og klimavennlig glassflaske for kald drikke med avtagbart korkh\u00e5ndtak. Lokket er laget av bambus med en plastskrugjenger og flettet stropp. En slitesterk og milj\u00f8vennlig drikkeflaske for varme eller kalde drikker &#8211; korkh\u00e5ndtaket holder temperaturen slik at drikken holder seg varm eller kald. En klimavennlig og billig gave til messer og arrangementer. Glassdelen er egnet [&hellip;]","og_url":"https:\/\/grontkontor.dk\/shop\/vandflaske-glas-kork-bambuslaag-500ml\/","og_site_name":"Gr\u00f8nt Kontor","article_publisher":"https:\/\/www.facebook.com\/grontkontor.dk\/","article_modified_time":"2024-06-27T09:29:25+00:00","og_image":[{"width":800,"height":568,"url":"https:\/\/grontkontor.dk\/wp-content\/uploads\/2020\/02\/vandflaske-glas-korkhaandtag-bambuslaag-01-2.jpg","type":"image\/jpeg"}],"twitter_card":"summary_large_image","schema":{"@context":"https:\/\/schema.org","@graph":[{"@type":"WebPage","@id":"https:\/\/grontkontor.dk\/shop\/vandflaske-glas-kork-bambuslaag-500ml\/","url":"https:\/\/grontkontor.dk\/shop\/vandflaske-glas-kork-bambuslaag-500ml\/","name":"Vannflaskeglass og kork med\/uten trykk - Gr\u00f8nt Kontor","isPartOf":{"@id":"https:\/\/grontkontor.dk\/#website"},"datePublished":"2024-05-29T09:07:39+00:00","dateModified":"2024-06-27T09:29:25+00:00","breadcrumb":{"@id":"https:\/\/grontkontor.dk\/shop\/vandflaske-glas-kork-bambuslaag-500ml\/#breadcrumb"},"inLanguage":"no-NO","potentialAction":[{"@type":"ReadAction","target":["https:\/\/grontkontor.dk\/shop\/vandflaske-glas-kork-bambuslaag-500ml\/"]}]},{"@type":"BreadcrumbList","@id":"https:\/\/grontkontor.dk\/shop\/vandflaske-glas-kork-bambuslaag-500ml\/#breadcrumb","itemListElement":[{"@type":"ListItem","position":1,"name":"Forside","item":"https:\/\/grontkontor.dk\/"},{"@type":"ListItem","position":2,"name":"Butikk","item":"https:\/\/grontkontor.dk\/no\/butikk-2\/"},{"@type":"ListItem","position":3,"name":"Klimavennlige firmagaver","item":"https:\/\/grontkontor.dk\/no\/produkt-kategori\/klimavennlige-firmagaver\/"},{"@type":"ListItem","position":4,"name":"Vannflasker og termosflasker","item":"https:\/\/grontkontor.dk\/no\/produkt-kategori\/klimavennlige-firmagaver\/vannflasker-og-termosflasker-no\/"},{"@type":"ListItem","position":5,"name":"Vannflaskeglass og kork med\/uten trykk"}]},{"@type":"WebSite","@id":"https:\/\/grontkontor.dk\/#website","url":"https:\/\/grontkontor.dk\/","name":"Gr\u00f8nt Kontor","description":"Milj\u00f8venlige produkter til kontor og erhverv med fokus p\u00e5 b\u00e6redygtighed, design og fair trade.","publisher":{"@id":"https:\/\/grontkontor.dk\/#organization"},"potentialAction":[{"@type":"SearchAction","target":{"@type":"EntryPoint","urlTemplate":"https:\/\/grontkontor.dk\/?s={search_term_string}"},"query-input":"required name=search_term_string"}],"inLanguage":"no-NO"},{"@type":"Organization","@id":"https:\/\/grontkontor.dk\/#organization","name":"Gr\u00f8nt Kontor","url":"https:\/\/grontkontor.dk\/","logo":{"@type":"ImageObject","inLanguage":"no-NO","@id":"https:\/\/grontkontor.dk\/#\/schema\/logo\/image\/","url":"https:\/\/grontkontor.dk\/wp-content\/uploads\/2014\/02\/Logo_groent_kontor_300x80.png","contentUrl":"https:\/\/grontkontor.dk\/wp-content\/uploads\/2014\/02\/Logo_groent_kontor_300x80.png","width":300,"height":80,"caption":"Gr\u00f8nt Kontor"},"image":{"@id":"https:\/\/grontkontor.dk\/#\/schema\/logo\/image\/"},"sameAs":["https:\/\/www.facebook.com\/grontkontor.dk\/"]}]}},"_links":{"self":[{"href":"https:\/\/grontkontor.dk\/no\/wp-json\/wp\/v2\/product\/90278"}],"collection":[{"href":"https:\/\/grontkontor.dk\/no\/wp-json\/wp\/v2\/product"}],"about":[{"href":"https:\/\/grontkontor.dk\/no\/wp-json\/wp\/v2\/types\/product"}],"replies":[{"embeddable":true,"href":"https:\/\/grontkontor.dk\/no\/wp-json\/wp\/v2\/comments?post=90278"}],"wp:featuredmedia":[{"embeddable":true,"href":"https:\/\/grontkontor.dk\/no\/wp-json\/wp\/v2\/media\/54051"}],"wp:attachment":[{"href":"https:\/\/grontkontor.dk\/no\/wp-json\/wp\/v2\/media?parent=90278"}],"wp:term":[{"taxonomy":"product_cat","embeddable":true,"href":"https:\/\/grontkontor.dk\/no\/wp-json\/wp\/v2\/product_cat?post=90278"},{"taxonomy":"product_tag","embeddable":true,"href":"https:\/\/grontkontor.dk\/no\/wp-json\/wp\/v2\/product_tag?post=90278"}],"curies":[{"name":"wp","href":"https:\/\/api.w.org\/{rel}","templated":true}]}}