{"id":90468,"date":"2023-09-22T13:05:07","date_gmt":"2024-05-29T09:09:22","guid":{"rendered":"https:\/\/grontkontor.dk\/shop\/plant-gave-i-lonnetre\/"},"modified":"2024-06-26T11:25:33","modified_gmt":"2024-06-26T09:25:33","slug":"plant-gave-i-lonnetre","status":"publish","type":"product","link":"https:\/\/grontkontor.dk\/no\/shop\/plant-gave-i-lonnetre\/","title":{"rendered":"Plantegave i l\u00f8nnetre"},"content":{"rendered":"<p>Blomsterpottesett laget av klimavennlig l\u00f8nn. Laget av naturlige materialer: l\u00f8nnetre, papir og jord med vokset base.<br \/>\nVelg mellom 15 fr\u00f8, inkludert en. chili, basilikum, urteblanding, timian og solsikke. Leveres med en &#8220;malt pellet&#8221; som passer til kuben.<\/p>\n<p>Et stykke natur i skrivebordet eller vinduskarmen som gir kundene et veldig godt signal om et milj\u00f8vennlig selskap. Velg mellom formatene 4x4x4cm og 6x6x6cm. Prisen er inkl. 4-farget trykk p\u00e5 papirdekselet. Tilgjengelig med lasergravering p\u00e5 kuben<br \/>\nEn bokstavelig talt out-of-the-box, vakker, milj\u00f8vennlig og levende salgsfremmende gave.<br \/>\n[oeko_emo]<\/p>\n","protected":false},"excerpt":{"rendered":"<p>Blomsterpottesett laget av klimavennlig l\u00f8nn. Laget av naturlige materialer: l\u00f8nnetre, papir og jord med vokset base. Velg mellom 15 fr\u00f8, inkludert en. chili, basilikum, urteblanding, timian og solsikke. Leveres med en &#8220;malt pellet&#8221; som passer til kuben. Et stykke natur i skrivebordet eller vinduskarmen som gir kundene et veldig godt signal om et milj\u00f8vennlig selskap. [&hellip;]<\/p>\n","protected":false},"featured_media":53039,"comment_status":"closed","ping_status":"closed","template":"","meta":{"_acf_changed":false},"product_cat":[3714,3194,3652,3195],"product_tag":[3943,3654],"class_list":{"0":"post-90468","1":"product","2":"type-product","3":"status-publish","4":"has-post-thumbnail","6":"product_cat-dummy-moq-250-no","7":"product_cat-klimavennlige-firmagaver","8":"product_cat-plant-gaver","9":"product_cat-produktserier","10":"product_tag-blomsterpotte","11":"product_tag-plant-gave","12":"tm-has-options","14":"first","15":"instock","16":"taxable","17":"shipping-taxable","18":"product-type-variable"},"acf":[],"yoast_head":"<!-- This site is optimized with the Yoast SEO Premium plugin v21.2 (Yoast SEO v21.2) - https:\/\/yoast.com\/wordpress\/plugins\/seo\/ -->\n<title>Plantegave i l\u00f8nnetre - Gr\u00f8nt Kontor<\/title>\n<meta name=\"robots\" content=\"index, follow, max-snippet:-1, max-image-preview:large, max-video-preview:-1\" \/>\n<link rel=\"canonical\" href=\"https:\/\/grontkontor.dk\/no\/shop\/plant-gave-i-lonnetre\/\" \/>\n<meta property=\"og:locale\" content=\"en_US\" \/>\n<meta property=\"og:type\" content=\"article\" \/>\n<meta property=\"og:title\" content=\"Plantegave i l\u00f8nnetre\" \/>\n<meta property=\"og:description\" content=\"Blomsterpottesett laget av klimavennlig l\u00f8nn. Laget av naturlige materialer: l\u00f8nnetre, papir og jord med vokset base. Velg mellom 15 fr\u00f8, inkludert en. chili, basilikum, urteblanding, timian og solsikke. Leveres med en &#8220;malt pellet&#8221; som passer til kuben. Et stykke natur i skrivebordet eller vinduskarmen som gir kundene et veldig godt signal om et milj\u00f8vennlig selskap. [&hellip;]\" \/>\n<meta property=\"og:url\" content=\"https:\/\/grontkontor.dk\/no\/shop\/plant-gave-i-lonnetre\/\" \/>\n<meta property=\"og:site_name\" content=\"Gr\u00f8nt Kontor\" \/>\n<meta property=\"article:publisher\" content=\"https:\/\/www.facebook.com\/grontkontor.dk\/\" \/>\n<meta property=\"article:modified_time\" content=\"2024-06-26T09:25:33+00:00\" \/>\n<meta property=\"og:image\" content=\"https:\/\/grontkontor.dk\/wp-content\/uploads\/2019\/08\/plantegave-ahorn-001.jpg\" \/>\n\t<meta property=\"og:image:width\" content=\"800\" \/>\n\t<meta property=\"og:image:height\" content=\"568\" \/>\n\t<meta property=\"og:image:type\" content=\"image\/jpeg\" \/>\n<meta name=\"twitter:card\" content=\"summary_large_image\" \/>\n<script type=\"application\/ld+json\" class=\"yoast-schema-graph\">{\"@context\":\"https:\/\/schema.org\",\"@graph\":[{\"@type\":\"WebPage\",\"@id\":\"https:\/\/grontkontor.dk\/no\/shop\/plant-gave-i-lonnetre\/\",\"url\":\"https:\/\/grontkontor.dk\/no\/shop\/plant-gave-i-lonnetre\/\",\"name\":\"Plantegave i l\u00f8nnetre - Gr\u00f8nt Kontor\",\"isPartOf\":{\"@id\":\"https:\/\/grontkontor.dk\/#website\"},\"datePublished\":\"2024-05-29T09:09:22+00:00\",\"dateModified\":\"2024-06-26T09:25:33+00:00\",\"breadcrumb\":{\"@id\":\"https:\/\/grontkontor.dk\/no\/shop\/plant-gave-i-lonnetre\/#breadcrumb\"},\"inLanguage\":\"no-NO\",\"potentialAction\":[{\"@type\":\"ReadAction\",\"target\":[\"https:\/\/grontkontor.dk\/no\/shop\/plant-gave-i-lonnetre\/\"]}]},{\"@type\":\"BreadcrumbList\",\"@id\":\"https:\/\/grontkontor.dk\/no\/shop\/plant-gave-i-lonnetre\/#breadcrumb\",\"itemListElement\":[{\"@type\":\"ListItem\",\"position\":1,\"name\":\"Forside\",\"item\":\"https:\/\/grontkontor.dk\/\"},{\"@type\":\"ListItem\",\"position\":2,\"name\":\"Butikk\",\"item\":\"https:\/\/grontkontor.dk\/no\/butikk-2\/\"},{\"@type\":\"ListItem\",\"position\":3,\"name\":\"Produktserier\",\"item\":\"https:\/\/grontkontor.dk\/produkt-kategori\/produktserier-da\/\"},{\"@type\":\"ListItem\",\"position\":4,\"name\":\"Plantegaver\",\"item\":\"https:\/\/grontkontor.dk\/produkt-kategori\/produktserier-da\/plantegaver\/\"},{\"@type\":\"ListItem\",\"position\":5,\"name\":\"Plantegave i l\u00f8nnetre\"}]},{\"@type\":\"WebSite\",\"@id\":\"https:\/\/grontkontor.dk\/#website\",\"url\":\"https:\/\/grontkontor.dk\/\",\"name\":\"Gr\u00f8nt Kontor\",\"description\":\"Milj\u00f8venlige produkter til kontor og erhverv med fokus p\u00e5 b\u00e6redygtighed, design og fair trade.\",\"publisher\":{\"@id\":\"https:\/\/grontkontor.dk\/#organization\"},\"potentialAction\":[{\"@type\":\"SearchAction\",\"target\":{\"@type\":\"EntryPoint\",\"urlTemplate\":\"https:\/\/grontkontor.dk\/?s={search_term_string}\"},\"query-input\":\"required name=search_term_string\"}],\"inLanguage\":\"no-NO\"},{\"@type\":\"Organization\",\"@id\":\"https:\/\/grontkontor.dk\/#organization\",\"name\":\"Gr\u00f8nt Kontor\",\"url\":\"https:\/\/grontkontor.dk\/\",\"logo\":{\"@type\":\"ImageObject\",\"inLanguage\":\"no-NO\",\"@id\":\"https:\/\/grontkontor.dk\/#\/schema\/logo\/image\/\",\"url\":\"https:\/\/grontkontor.dk\/wp-content\/uploads\/2014\/02\/Logo_groent_kontor_300x80.png\",\"contentUrl\":\"https:\/\/grontkontor.dk\/wp-content\/uploads\/2014\/02\/Logo_groent_kontor_300x80.png\",\"width\":300,\"height\":80,\"caption\":\"Gr\u00f8nt Kontor\"},\"image\":{\"@id\":\"https:\/\/grontkontor.dk\/#\/schema\/logo\/image\/\"},\"sameAs\":[\"https:\/\/www.facebook.com\/grontkontor.dk\/\"]}]}<\/script>\n<!-- \/ Yoast SEO Premium plugin. -->","yoast_head_json":{"title":"Plantegave i l\u00f8nnetre - Gr\u00f8nt Kontor","robots":{"index":"index","follow":"follow","max-snippet":"max-snippet:-1","max-image-preview":"max-image-preview:large","max-video-preview":"max-video-preview:-1"},"canonical":"https:\/\/grontkontor.dk\/no\/shop\/plant-gave-i-lonnetre\/","og_locale":"en_US","og_type":"article","og_title":"Plantegave i l\u00f8nnetre","og_description":"Blomsterpottesett laget av klimavennlig l\u00f8nn. Laget av naturlige materialer: l\u00f8nnetre, papir og jord med vokset base. Velg mellom 15 fr\u00f8, inkludert en. chili, basilikum, urteblanding, timian og solsikke. Leveres med en &#8220;malt pellet&#8221; som passer til kuben. Et stykke natur i skrivebordet eller vinduskarmen som gir kundene et veldig godt signal om et milj\u00f8vennlig selskap. [&hellip;]","og_url":"https:\/\/grontkontor.dk\/no\/shop\/plant-gave-i-lonnetre\/","og_site_name":"Gr\u00f8nt Kontor","article_publisher":"https:\/\/www.facebook.com\/grontkontor.dk\/","article_modified_time":"2024-06-26T09:25:33+00:00","og_image":[{"width":800,"height":568,"url":"https:\/\/grontkontor.dk\/wp-content\/uploads\/2019\/08\/plantegave-ahorn-001.jpg","type":"image\/jpeg"}],"twitter_card":"summary_large_image","schema":{"@context":"https:\/\/schema.org","@graph":[{"@type":"WebPage","@id":"https:\/\/grontkontor.dk\/no\/shop\/plant-gave-i-lonnetre\/","url":"https:\/\/grontkontor.dk\/no\/shop\/plant-gave-i-lonnetre\/","name":"Plantegave i l\u00f8nnetre - Gr\u00f8nt Kontor","isPartOf":{"@id":"https:\/\/grontkontor.dk\/#website"},"datePublished":"2024-05-29T09:09:22+00:00","dateModified":"2024-06-26T09:25:33+00:00","breadcrumb":{"@id":"https:\/\/grontkontor.dk\/no\/shop\/plant-gave-i-lonnetre\/#breadcrumb"},"inLanguage":"no-NO","potentialAction":[{"@type":"ReadAction","target":["https:\/\/grontkontor.dk\/no\/shop\/plant-gave-i-lonnetre\/"]}]},{"@type":"BreadcrumbList","@id":"https:\/\/grontkontor.dk\/no\/shop\/plant-gave-i-lonnetre\/#breadcrumb","itemListElement":[{"@type":"ListItem","position":1,"name":"Forside","item":"https:\/\/grontkontor.dk\/"},{"@type":"ListItem","position":2,"name":"Butikk","item":"https:\/\/grontkontor.dk\/no\/butikk-2\/"},{"@type":"ListItem","position":3,"name":"Produktserier","item":"https:\/\/grontkontor.dk\/produkt-kategori\/produktserier-da\/"},{"@type":"ListItem","position":4,"name":"Plantegaver","item":"https:\/\/grontkontor.dk\/produkt-kategori\/produktserier-da\/plantegaver\/"},{"@type":"ListItem","position":5,"name":"Plantegave i l\u00f8nnetre"}]},{"@type":"WebSite","@id":"https:\/\/grontkontor.dk\/#website","url":"https:\/\/grontkontor.dk\/","name":"Gr\u00f8nt Kontor","description":"Milj\u00f8venlige produkter til kontor og erhverv med fokus p\u00e5 b\u00e6redygtighed, design og fair trade.","publisher":{"@id":"https:\/\/grontkontor.dk\/#organization"},"potentialAction":[{"@type":"SearchAction","target":{"@type":"EntryPoint","urlTemplate":"https:\/\/grontkontor.dk\/?s={search_term_string}"},"query-input":"required name=search_term_string"}],"inLanguage":"no-NO"},{"@type":"Organization","@id":"https:\/\/grontkontor.dk\/#organization","name":"Gr\u00f8nt Kontor","url":"https:\/\/grontkontor.dk\/","logo":{"@type":"ImageObject","inLanguage":"no-NO","@id":"https:\/\/grontkontor.dk\/#\/schema\/logo\/image\/","url":"https:\/\/grontkontor.dk\/wp-content\/uploads\/2014\/02\/Logo_groent_kontor_300x80.png","contentUrl":"https:\/\/grontkontor.dk\/wp-content\/uploads\/2014\/02\/Logo_groent_kontor_300x80.png","width":300,"height":80,"caption":"Gr\u00f8nt Kontor"},"image":{"@id":"https:\/\/grontkontor.dk\/#\/schema\/logo\/image\/"},"sameAs":["https:\/\/www.facebook.com\/grontkontor.dk\/"]}]}},"_links":{"self":[{"href":"https:\/\/grontkontor.dk\/no\/wp-json\/wp\/v2\/product\/90468"}],"collection":[{"href":"https:\/\/grontkontor.dk\/no\/wp-json\/wp\/v2\/product"}],"about":[{"href":"https:\/\/grontkontor.dk\/no\/wp-json\/wp\/v2\/types\/product"}],"replies":[{"embeddable":true,"href":"https:\/\/grontkontor.dk\/no\/wp-json\/wp\/v2\/comments?post=90468"}],"wp:featuredmedia":[{"embeddable":true,"href":"https:\/\/grontkontor.dk\/no\/wp-json\/wp\/v2\/media\/53039"}],"wp:attachment":[{"href":"https:\/\/grontkontor.dk\/no\/wp-json\/wp\/v2\/media?parent=90468"}],"wp:term":[{"taxonomy":"product_cat","embeddable":true,"href":"https:\/\/grontkontor.dk\/no\/wp-json\/wp\/v2\/product_cat?post=90468"},{"taxonomy":"product_tag","embeddable":true,"href":"https:\/\/grontkontor.dk\/no\/wp-json\/wp\/v2\/product_tag?post=90468"}],"curies":[{"name":"wp","href":"https:\/\/api.w.org\/{rel}","templated":true}]}}