{"id":90513,"date":"2023-09-22T13:06:21","date_gmt":"2024-05-29T09:09:28","guid":{"rendered":"https:\/\/grontkontor.dk\/shop\/journal-holder-a4-blaa\/"},"modified":"2024-05-29T11:09:28","modified_gmt":"2024-05-29T09:09:28","slug":"journal-holder-a4-blaa","status":"publish","type":"product","link":"https:\/\/grontkontor.dk\/no\/shop\/journal-holder-a4-blaa\/","title":{"rendered":"Journalholder FSC resirkulert &#8211; bl\u00e5"},"content":{"rendered":"<p>Klimavennlig rustikk m\u00f8rkebl\u00e5 A4 magasinsamler i skandinavisk design. Overflate i bl\u00e5tt FSC-sertifisert laminatpapir med linstruktur, h\u00e5ndlaminert med vannbasert lim p\u00e5 en tykkere kjerne av resirkulert papir. Journalholderen er et klima- og milj\u00f8vennlig produkt som er perfekt for arkivering av dine dokumenter. Laget i EU.<br \/>\nRyggbredde: 10 cm.<br \/>\n<a href=\"https:\/\/ic.fsc.org\/en\/\" target=\"window\"><img loading=\"lazy\" decoding=\"async\" class=\"size-full wp-image-12735\" src=\"https:\/\/grontkontor.dk\/wp-content\/uploads\/2019\/04\/fsc-certificeret.png\" \n\t\t alt=\"FSC-certificeret\" title=\"FSC-certificeret\" width=\"44\" height=\"51\" border=0\/><\/a> [bigso_all]<\/p>\n","protected":false},"excerpt":{"rendered":"<p>Klimavennlig rustikk m\u00f8rkebl\u00e5 A4 magasinsamler i skandinavisk design. Overflate i bl\u00e5tt FSC-sertifisert laminatpapir med linstruktur, h\u00e5ndlaminert med vannbasert lim p\u00e5 en tykkere kjerne av resirkulert papir. Journalholderen er et klima- og milj\u00f8vennlig produkt som er perfekt for arkivering av dine dokumenter. Laget i EU. Ryggbredde: 10 cm. [bigso_all]<\/p>\n","protected":false},"featured_media":23637,"comment_status":"closed","ping_status":"closed","template":"","meta":{"_acf_changed":false},"product_cat":[3491,3199,3506,3195,3530],"product_tag":[4129,4252,3907,4253,4251,3507],"class_list":{"0":"post-90513","1":"product","2":"type-product","3":"status-publish","4":"has-post-thumbnail","6":"product_cat-arkivering-no","7":"product_cat-dummy-moq-1-no","8":"product_cat-journal-holdere","9":"product_cat-produktserier","10":"product_cat-resirkulert-papp-fsc-farget","11":"product_tag-holder-av-magasinet","12":"product_tag-journal-collector","13":"product_tag-journal-holder","14":"product_tag-magasin-samler","15":"product_tag-magazine-collector-no","16":"product_tag-magazine-keeper","17":"tm-has-options","19":"first","20":"instock","21":"taxable","22":"shipping-taxable","23":"purchasable","24":"product-type-simple"},"acf":[],"yoast_head":"<!-- This site is optimized with the Yoast SEO Premium plugin v21.2 (Yoast SEO v21.2) - https:\/\/yoast.com\/wordpress\/plugins\/seo\/ -->\n<title>Journalholder FSC resirkulert - bl\u00e5 - Gr\u00f8nt Kontor<\/title>\n<meta name=\"robots\" content=\"index, follow, max-snippet:-1, max-image-preview:large, max-video-preview:-1\" \/>\n<link rel=\"canonical\" href=\"https:\/\/grontkontor.dk\/no\/shop\/journal-holder-a4-blaa\/\" \/>\n<meta property=\"og:locale\" content=\"en_US\" \/>\n<meta property=\"og:type\" content=\"article\" \/>\n<meta property=\"og:title\" content=\"Journalholder FSC resirkulert - bl\u00e5\" \/>\n<meta property=\"og:description\" content=\"Klimavennlig rustikk m\u00f8rkebl\u00e5 A4 magasinsamler i skandinavisk design. Overflate i bl\u00e5tt FSC-sertifisert laminatpapir med linstruktur, h\u00e5ndlaminert med vannbasert lim p\u00e5 en tykkere kjerne av resirkulert papir. Journalholderen er et klima- og milj\u00f8vennlig produkt som er perfekt for arkivering av dine dokumenter. Laget i EU. Ryggbredde: 10 cm. [bigso_all]\" \/>\n<meta property=\"og:url\" content=\"https:\/\/grontkontor.dk\/no\/shop\/journal-holder-a4-blaa\/\" \/>\n<meta property=\"og:site_name\" content=\"Gr\u00f8nt Kontor\" \/>\n<meta property=\"article:publisher\" content=\"https:\/\/www.facebook.com\/grontkontor.dk\/\" \/>\n<meta property=\"og:image\" content=\"https:\/\/grontkontor.dk\/wp-content\/uploads\/2019\/11\/tidsskriftsamler-blaa-01.jpg\" \/>\n\t<meta property=\"og:image:width\" content=\"800\" \/>\n\t<meta property=\"og:image:height\" content=\"568\" \/>\n\t<meta property=\"og:image:type\" content=\"image\/jpeg\" \/>\n<meta name=\"twitter:card\" content=\"summary_large_image\" \/>\n<script type=\"application\/ld+json\" class=\"yoast-schema-graph\">{\"@context\":\"https:\/\/schema.org\",\"@graph\":[{\"@type\":\"WebPage\",\"@id\":\"https:\/\/grontkontor.dk\/no\/shop\/journal-holder-a4-blaa\/\",\"url\":\"https:\/\/grontkontor.dk\/no\/shop\/journal-holder-a4-blaa\/\",\"name\":\"Journalholder FSC resirkulert - bl\u00e5 - Gr\u00f8nt Kontor\",\"isPartOf\":{\"@id\":\"https:\/\/grontkontor.dk\/#website\"},\"datePublished\":\"2024-05-29T09:09:28+00:00\",\"dateModified\":\"2024-05-29T09:09:28+00:00\",\"breadcrumb\":{\"@id\":\"https:\/\/grontkontor.dk\/no\/shop\/journal-holder-a4-blaa\/#breadcrumb\"},\"inLanguage\":\"no-NO\",\"potentialAction\":[{\"@type\":\"ReadAction\",\"target\":[\"https:\/\/grontkontor.dk\/no\/shop\/journal-holder-a4-blaa\/\"]}]},{\"@type\":\"BreadcrumbList\",\"@id\":\"https:\/\/grontkontor.dk\/no\/shop\/journal-holder-a4-blaa\/#breadcrumb\",\"itemListElement\":[{\"@type\":\"ListItem\",\"position\":1,\"name\":\"Forside\",\"item\":\"https:\/\/grontkontor.dk\/\"},{\"@type\":\"ListItem\",\"position\":2,\"name\":\"Butikk\",\"item\":\"https:\/\/grontkontor.dk\/no\/butikk-2\/\"},{\"@type\":\"ListItem\",\"position\":3,\"name\":\"Arkivering\",\"item\":\"https:\/\/grontkontor.dk\/no\/produkt-kategori\/arkivering-no\/\"},{\"@type\":\"ListItem\",\"position\":4,\"name\":\"Journal holdere\",\"item\":\"https:\/\/grontkontor.dk\/no\/produkt-kategori\/arkivering-no\/journal-holdere\/\"},{\"@type\":\"ListItem\",\"position\":5,\"name\":\"Journalholder FSC resirkulert &#8211; bl\u00e5\"}]},{\"@type\":\"WebSite\",\"@id\":\"https:\/\/grontkontor.dk\/#website\",\"url\":\"https:\/\/grontkontor.dk\/\",\"name\":\"Gr\u00f8nt Kontor\",\"description\":\"Milj\u00f8venlige produkter til kontor og erhverv med fokus p\u00e5 b\u00e6redygtighed, design og fair trade.\",\"publisher\":{\"@id\":\"https:\/\/grontkontor.dk\/#organization\"},\"potentialAction\":[{\"@type\":\"SearchAction\",\"target\":{\"@type\":\"EntryPoint\",\"urlTemplate\":\"https:\/\/grontkontor.dk\/?s={search_term_string}\"},\"query-input\":\"required name=search_term_string\"}],\"inLanguage\":\"no-NO\"},{\"@type\":\"Organization\",\"@id\":\"https:\/\/grontkontor.dk\/#organization\",\"name\":\"Gr\u00f8nt Kontor\",\"url\":\"https:\/\/grontkontor.dk\/\",\"logo\":{\"@type\":\"ImageObject\",\"inLanguage\":\"no-NO\",\"@id\":\"https:\/\/grontkontor.dk\/#\/schema\/logo\/image\/\",\"url\":\"https:\/\/grontkontor.dk\/wp-content\/uploads\/2014\/02\/Logo_groent_kontor_300x80.png\",\"contentUrl\":\"https:\/\/grontkontor.dk\/wp-content\/uploads\/2014\/02\/Logo_groent_kontor_300x80.png\",\"width\":300,\"height\":80,\"caption\":\"Gr\u00f8nt Kontor\"},\"image\":{\"@id\":\"https:\/\/grontkontor.dk\/#\/schema\/logo\/image\/\"},\"sameAs\":[\"https:\/\/www.facebook.com\/grontkontor.dk\/\"]}]}<\/script>\n<!-- \/ Yoast SEO Premium plugin. -->","yoast_head_json":{"title":"Journalholder FSC resirkulert - bl\u00e5 - Gr\u00f8nt Kontor","robots":{"index":"index","follow":"follow","max-snippet":"max-snippet:-1","max-image-preview":"max-image-preview:large","max-video-preview":"max-video-preview:-1"},"canonical":"https:\/\/grontkontor.dk\/no\/shop\/journal-holder-a4-blaa\/","og_locale":"en_US","og_type":"article","og_title":"Journalholder FSC resirkulert - bl\u00e5","og_description":"Klimavennlig rustikk m\u00f8rkebl\u00e5 A4 magasinsamler i skandinavisk design. Overflate i bl\u00e5tt FSC-sertifisert laminatpapir med linstruktur, h\u00e5ndlaminert med vannbasert lim p\u00e5 en tykkere kjerne av resirkulert papir. Journalholderen er et klima- og milj\u00f8vennlig produkt som er perfekt for arkivering av dine dokumenter. Laget i EU. Ryggbredde: 10 cm. [bigso_all]","og_url":"https:\/\/grontkontor.dk\/no\/shop\/journal-holder-a4-blaa\/","og_site_name":"Gr\u00f8nt Kontor","article_publisher":"https:\/\/www.facebook.com\/grontkontor.dk\/","og_image":[{"width":800,"height":568,"url":"https:\/\/grontkontor.dk\/wp-content\/uploads\/2019\/11\/tidsskriftsamler-blaa-01.jpg","type":"image\/jpeg"}],"twitter_card":"summary_large_image","schema":{"@context":"https:\/\/schema.org","@graph":[{"@type":"WebPage","@id":"https:\/\/grontkontor.dk\/no\/shop\/journal-holder-a4-blaa\/","url":"https:\/\/grontkontor.dk\/no\/shop\/journal-holder-a4-blaa\/","name":"Journalholder FSC resirkulert - bl\u00e5 - Gr\u00f8nt Kontor","isPartOf":{"@id":"https:\/\/grontkontor.dk\/#website"},"datePublished":"2024-05-29T09:09:28+00:00","dateModified":"2024-05-29T09:09:28+00:00","breadcrumb":{"@id":"https:\/\/grontkontor.dk\/no\/shop\/journal-holder-a4-blaa\/#breadcrumb"},"inLanguage":"no-NO","potentialAction":[{"@type":"ReadAction","target":["https:\/\/grontkontor.dk\/no\/shop\/journal-holder-a4-blaa\/"]}]},{"@type":"BreadcrumbList","@id":"https:\/\/grontkontor.dk\/no\/shop\/journal-holder-a4-blaa\/#breadcrumb","itemListElement":[{"@type":"ListItem","position":1,"name":"Forside","item":"https:\/\/grontkontor.dk\/"},{"@type":"ListItem","position":2,"name":"Butikk","item":"https:\/\/grontkontor.dk\/no\/butikk-2\/"},{"@type":"ListItem","position":3,"name":"Arkivering","item":"https:\/\/grontkontor.dk\/no\/produkt-kategori\/arkivering-no\/"},{"@type":"ListItem","position":4,"name":"Journal holdere","item":"https:\/\/grontkontor.dk\/no\/produkt-kategori\/arkivering-no\/journal-holdere\/"},{"@type":"ListItem","position":5,"name":"Journalholder FSC resirkulert &#8211; bl\u00e5"}]},{"@type":"WebSite","@id":"https:\/\/grontkontor.dk\/#website","url":"https:\/\/grontkontor.dk\/","name":"Gr\u00f8nt Kontor","description":"Milj\u00f8venlige produkter til kontor og erhverv med fokus p\u00e5 b\u00e6redygtighed, design og fair trade.","publisher":{"@id":"https:\/\/grontkontor.dk\/#organization"},"potentialAction":[{"@type":"SearchAction","target":{"@type":"EntryPoint","urlTemplate":"https:\/\/grontkontor.dk\/?s={search_term_string}"},"query-input":"required name=search_term_string"}],"inLanguage":"no-NO"},{"@type":"Organization","@id":"https:\/\/grontkontor.dk\/#organization","name":"Gr\u00f8nt Kontor","url":"https:\/\/grontkontor.dk\/","logo":{"@type":"ImageObject","inLanguage":"no-NO","@id":"https:\/\/grontkontor.dk\/#\/schema\/logo\/image\/","url":"https:\/\/grontkontor.dk\/wp-content\/uploads\/2014\/02\/Logo_groent_kontor_300x80.png","contentUrl":"https:\/\/grontkontor.dk\/wp-content\/uploads\/2014\/02\/Logo_groent_kontor_300x80.png","width":300,"height":80,"caption":"Gr\u00f8nt Kontor"},"image":{"@id":"https:\/\/grontkontor.dk\/#\/schema\/logo\/image\/"},"sameAs":["https:\/\/www.facebook.com\/grontkontor.dk\/"]}]}},"_links":{"self":[{"href":"https:\/\/grontkontor.dk\/no\/wp-json\/wp\/v2\/product\/90513"}],"collection":[{"href":"https:\/\/grontkontor.dk\/no\/wp-json\/wp\/v2\/product"}],"about":[{"href":"https:\/\/grontkontor.dk\/no\/wp-json\/wp\/v2\/types\/product"}],"replies":[{"embeddable":true,"href":"https:\/\/grontkontor.dk\/no\/wp-json\/wp\/v2\/comments?post=90513"}],"wp:featuredmedia":[{"embeddable":true,"href":"https:\/\/grontkontor.dk\/no\/wp-json\/wp\/v2\/media\/23637"}],"wp:attachment":[{"href":"https:\/\/grontkontor.dk\/no\/wp-json\/wp\/v2\/media?parent=90513"}],"wp:term":[{"taxonomy":"product_cat","embeddable":true,"href":"https:\/\/grontkontor.dk\/no\/wp-json\/wp\/v2\/product_cat?post=90513"},{"taxonomy":"product_tag","embeddable":true,"href":"https:\/\/grontkontor.dk\/no\/wp-json\/wp\/v2\/product_tag?post=90513"}],"curies":[{"name":"wp","href":"https:\/\/api.w.org\/{rel}","templated":true}]}}