{"id":90529,"date":"2023-09-22T13:06:21","date_gmt":"2024-05-29T09:09:30","guid":{"rendered":"https:\/\/grontkontor.dk\/shop\/notisblokker-gjenbruk-a7-print\/"},"modified":"2024-05-29T11:09:30","modified_gmt":"2024-05-29T09:09:30","slug":"notisblokker-gjenbruk-a7-print","status":"publish","type":"product","link":"https:\/\/grontkontor.dk\/no\/shop\/notisblokker-gjenbruk-a7-print\/","title":{"rendered":"Trykte resirkulerte notisblokker"},"content":{"rendered":"<p>Notisblokker i Blue Angel-sertifisert resirkulert papir med et bakstykke i gr\u00e5tt resirkulert papir. Med 4-farget trykk av logo, grafikk, og eventuelt foret, kvadratisk eller prikket.<\/p>\n<p>Leveres med 25, 50 eller 100 sider i A7, A6, A5, A4 eller spesialst\u00f8rrelse.<\/p>\n<p>[papir]<\/p>\n<p>&nbsp;<\/p>\n<p>&nbsp;<\/p>\n<p><a href=\"https:\/\/en.wikipedia.org\/wiki\/Blue_Angel_(certification)\" rel=\"noopener\" target=\"_blank\"><img loading=\"lazy\" decoding=\"async\" class=\"size-full wp-image-12701\" src=\"https:\/\/grontkontor.dk\/wp-content\/uploads\/2019\/04\/blaa-engel.png\" \n\t\t alt=\"Bl? engel certificeret\" title=\"Bl? engel certificeret\" width=\"57\" height=\"62\" border=0 \/><\/a><img loading=\"lazy\" decoding=\"async\" src=\"https:\/\/grontkontor.dk\/wp-content\/uploads\/2021\/02\/genbrug.jpg\" alt=\"Fremstillet af genbrugsmaterialer\" width=\"50\" height=\"50\" class=\"size-full wp-image-23031\" srcset=\"https:\/\/grontkontor.dk\/wp-content\/uploads\/2021\/02\/genbrug.jpg 199w, https:\/\/grontkontor.dk\/wp-content\/uploads\/2021\/02\/genbrug-100x100.jpg 100w\" sizes=\"(max-width: 50px) 100vw, 50px\" \/><\/p>\n<p>&nbsp;<\/p>\n","protected":false},"excerpt":{"rendered":"<p>Notisblokker i Blue Angel-sertifisert resirkulert papir med et bakstykke i gr\u00e5tt resirkulert papir. Med 4-farget trykk av logo, grafikk, og eventuelt foret, kvadratisk eller prikket. Leveres med 25, 50 eller 100 sider i A7, A6, A5, A4 eller spesialst\u00f8rrelse. [papir] &nbsp; &nbsp; &nbsp;<\/p>\n","protected":false},"featured_media":53425,"comment_status":"closed","ping_status":"closed","template":"","meta":{"_acf_changed":false},"product_cat":[3714,3611,3610],"product_tag":[3854,3859,3736,3612],"class_list":{"0":"post-90529","1":"product","2":"type-product","3":"status-publish","4":"has-post-thumbnail","6":"product_cat-dummy-moq-250-no","7":"product_cat-notatboker","8":"product_cat-papir-og-pads","9":"product_tag-notatboker","10":"product_tag-notisblokk-no","11":"product_tag-notisblokk","12":"product_tag-notisbok","13":"tm-has-options","15":"first","16":"instock","17":"taxable","18":"shipping-taxable","19":"purchasable","20":"product-type-variable","21":"has-default-attributes"},"acf":[],"yoast_head":"<!-- This site is optimized with the Yoast SEO Premium plugin v21.2 (Yoast SEO v21.2) - https:\/\/yoast.com\/wordpress\/plugins\/seo\/ -->\n<title>Trykte resirkulerte notisblokker - Gr\u00f8nt Kontor<\/title>\n<meta name=\"robots\" content=\"index, follow, max-snippet:-1, max-image-preview:large, max-video-preview:-1\" \/>\n<link rel=\"canonical\" href=\"https:\/\/grontkontor.dk\/no\/shop\/notisblokker-gjenbruk-a7-print\/\" \/>\n<meta property=\"og:locale\" content=\"en_US\" \/>\n<meta property=\"og:type\" content=\"article\" \/>\n<meta property=\"og:title\" content=\"Trykte resirkulerte notisblokker\" \/>\n<meta property=\"og:description\" content=\"Notisblokker i Blue Angel-sertifisert resirkulert papir med et bakstykke i gr\u00e5tt resirkulert papir. Med 4-farget trykk av logo, grafikk, og eventuelt foret, kvadratisk eller prikket. Leveres med 25, 50 eller 100 sider i A7, A6, A5, A4 eller spesialst\u00f8rrelse. [papir] &nbsp; &nbsp; &nbsp;\" \/>\n<meta property=\"og:url\" content=\"https:\/\/grontkontor.dk\/no\/shop\/notisblokker-gjenbruk-a7-print\/\" \/>\n<meta property=\"og:site_name\" content=\"Gr\u00f8nt Kontor\" \/>\n<meta property=\"article:publisher\" content=\"https:\/\/www.facebook.com\/grontkontor.dk\/\" \/>\n<meta property=\"og:image\" content=\"https:\/\/grontkontor.dk\/wp-content\/uploads\/2019\/12\/notesblok-i-genbrugspapir-01.jpg\" \/>\n\t<meta property=\"og:image:width\" content=\"800\" \/>\n\t<meta property=\"og:image:height\" content=\"568\" \/>\n\t<meta property=\"og:image:type\" content=\"image\/jpeg\" \/>\n<meta name=\"twitter:card\" content=\"summary_large_image\" \/>\n<script type=\"application\/ld+json\" class=\"yoast-schema-graph\">{\"@context\":\"https:\/\/schema.org\",\"@graph\":[{\"@type\":\"WebPage\",\"@id\":\"https:\/\/grontkontor.dk\/no\/shop\/notisblokker-gjenbruk-a7-print\/\",\"url\":\"https:\/\/grontkontor.dk\/no\/shop\/notisblokker-gjenbruk-a7-print\/\",\"name\":\"Trykte resirkulerte notisblokker - Gr\u00f8nt Kontor\",\"isPartOf\":{\"@id\":\"https:\/\/grontkontor.dk\/#website\"},\"datePublished\":\"2024-05-29T09:09:30+00:00\",\"dateModified\":\"2024-05-29T09:09:30+00:00\",\"breadcrumb\":{\"@id\":\"https:\/\/grontkontor.dk\/no\/shop\/notisblokker-gjenbruk-a7-print\/#breadcrumb\"},\"inLanguage\":\"no-NO\",\"potentialAction\":[{\"@type\":\"ReadAction\",\"target\":[\"https:\/\/grontkontor.dk\/no\/shop\/notisblokker-gjenbruk-a7-print\/\"]}]},{\"@type\":\"BreadcrumbList\",\"@id\":\"https:\/\/grontkontor.dk\/no\/shop\/notisblokker-gjenbruk-a7-print\/#breadcrumb\",\"itemListElement\":[{\"@type\":\"ListItem\",\"position\":1,\"name\":\"Forside\",\"item\":\"https:\/\/grontkontor.dk\/\"},{\"@type\":\"ListItem\",\"position\":2,\"name\":\"Butikk\",\"item\":\"https:\/\/grontkontor.dk\/no\/butikk-2\/\"},{\"@type\":\"ListItem\",\"position\":3,\"name\":\"Papir og blokker\",\"item\":\"https:\/\/grontkontor.dk\/no\/produkt-kategori\/papir-og-pads\/\"},{\"@type\":\"ListItem\",\"position\":4,\"name\":\"Notatb\u00f8ker\",\"item\":\"https:\/\/grontkontor.dk\/no\/produkt-kategori\/papir-og-pads\/notatboker\/\"},{\"@type\":\"ListItem\",\"position\":5,\"name\":\"Trykte resirkulerte notisblokker\"}]},{\"@type\":\"WebSite\",\"@id\":\"https:\/\/grontkontor.dk\/#website\",\"url\":\"https:\/\/grontkontor.dk\/\",\"name\":\"Gr\u00f8nt Kontor\",\"description\":\"Milj\u00f8venlige produkter til kontor og erhverv med fokus p\u00e5 b\u00e6redygtighed, design og fair trade.\",\"publisher\":{\"@id\":\"https:\/\/grontkontor.dk\/#organization\"},\"potentialAction\":[{\"@type\":\"SearchAction\",\"target\":{\"@type\":\"EntryPoint\",\"urlTemplate\":\"https:\/\/grontkontor.dk\/?s={search_term_string}\"},\"query-input\":\"required name=search_term_string\"}],\"inLanguage\":\"no-NO\"},{\"@type\":\"Organization\",\"@id\":\"https:\/\/grontkontor.dk\/#organization\",\"name\":\"Gr\u00f8nt Kontor\",\"url\":\"https:\/\/grontkontor.dk\/\",\"logo\":{\"@type\":\"ImageObject\",\"inLanguage\":\"no-NO\",\"@id\":\"https:\/\/grontkontor.dk\/#\/schema\/logo\/image\/\",\"url\":\"https:\/\/grontkontor.dk\/wp-content\/uploads\/2014\/02\/Logo_groent_kontor_300x80.png\",\"contentUrl\":\"https:\/\/grontkontor.dk\/wp-content\/uploads\/2014\/02\/Logo_groent_kontor_300x80.png\",\"width\":300,\"height\":80,\"caption\":\"Gr\u00f8nt Kontor\"},\"image\":{\"@id\":\"https:\/\/grontkontor.dk\/#\/schema\/logo\/image\/\"},\"sameAs\":[\"https:\/\/www.facebook.com\/grontkontor.dk\/\"]}]}<\/script>\n<!-- \/ Yoast SEO Premium plugin. -->","yoast_head_json":{"title":"Trykte resirkulerte notisblokker - Gr\u00f8nt Kontor","robots":{"index":"index","follow":"follow","max-snippet":"max-snippet:-1","max-image-preview":"max-image-preview:large","max-video-preview":"max-video-preview:-1"},"canonical":"https:\/\/grontkontor.dk\/no\/shop\/notisblokker-gjenbruk-a7-print\/","og_locale":"en_US","og_type":"article","og_title":"Trykte resirkulerte notisblokker","og_description":"Notisblokker i Blue Angel-sertifisert resirkulert papir med et bakstykke i gr\u00e5tt resirkulert papir. Med 4-farget trykk av logo, grafikk, og eventuelt foret, kvadratisk eller prikket. Leveres med 25, 50 eller 100 sider i A7, A6, A5, A4 eller spesialst\u00f8rrelse. [papir] &nbsp; &nbsp; &nbsp;","og_url":"https:\/\/grontkontor.dk\/no\/shop\/notisblokker-gjenbruk-a7-print\/","og_site_name":"Gr\u00f8nt Kontor","article_publisher":"https:\/\/www.facebook.com\/grontkontor.dk\/","og_image":[{"width":800,"height":568,"url":"https:\/\/grontkontor.dk\/wp-content\/uploads\/2019\/12\/notesblok-i-genbrugspapir-01.jpg","type":"image\/jpeg"}],"twitter_card":"summary_large_image","schema":{"@context":"https:\/\/schema.org","@graph":[{"@type":"WebPage","@id":"https:\/\/grontkontor.dk\/no\/shop\/notisblokker-gjenbruk-a7-print\/","url":"https:\/\/grontkontor.dk\/no\/shop\/notisblokker-gjenbruk-a7-print\/","name":"Trykte resirkulerte notisblokker - Gr\u00f8nt Kontor","isPartOf":{"@id":"https:\/\/grontkontor.dk\/#website"},"datePublished":"2024-05-29T09:09:30+00:00","dateModified":"2024-05-29T09:09:30+00:00","breadcrumb":{"@id":"https:\/\/grontkontor.dk\/no\/shop\/notisblokker-gjenbruk-a7-print\/#breadcrumb"},"inLanguage":"no-NO","potentialAction":[{"@type":"ReadAction","target":["https:\/\/grontkontor.dk\/no\/shop\/notisblokker-gjenbruk-a7-print\/"]}]},{"@type":"BreadcrumbList","@id":"https:\/\/grontkontor.dk\/no\/shop\/notisblokker-gjenbruk-a7-print\/#breadcrumb","itemListElement":[{"@type":"ListItem","position":1,"name":"Forside","item":"https:\/\/grontkontor.dk\/"},{"@type":"ListItem","position":2,"name":"Butikk","item":"https:\/\/grontkontor.dk\/no\/butikk-2\/"},{"@type":"ListItem","position":3,"name":"Papir og blokker","item":"https:\/\/grontkontor.dk\/no\/produkt-kategori\/papir-og-pads\/"},{"@type":"ListItem","position":4,"name":"Notatb\u00f8ker","item":"https:\/\/grontkontor.dk\/no\/produkt-kategori\/papir-og-pads\/notatboker\/"},{"@type":"ListItem","position":5,"name":"Trykte resirkulerte notisblokker"}]},{"@type":"WebSite","@id":"https:\/\/grontkontor.dk\/#website","url":"https:\/\/grontkontor.dk\/","name":"Gr\u00f8nt Kontor","description":"Milj\u00f8venlige produkter til kontor og erhverv med fokus p\u00e5 b\u00e6redygtighed, design og fair trade.","publisher":{"@id":"https:\/\/grontkontor.dk\/#organization"},"potentialAction":[{"@type":"SearchAction","target":{"@type":"EntryPoint","urlTemplate":"https:\/\/grontkontor.dk\/?s={search_term_string}"},"query-input":"required name=search_term_string"}],"inLanguage":"no-NO"},{"@type":"Organization","@id":"https:\/\/grontkontor.dk\/#organization","name":"Gr\u00f8nt Kontor","url":"https:\/\/grontkontor.dk\/","logo":{"@type":"ImageObject","inLanguage":"no-NO","@id":"https:\/\/grontkontor.dk\/#\/schema\/logo\/image\/","url":"https:\/\/grontkontor.dk\/wp-content\/uploads\/2014\/02\/Logo_groent_kontor_300x80.png","contentUrl":"https:\/\/grontkontor.dk\/wp-content\/uploads\/2014\/02\/Logo_groent_kontor_300x80.png","width":300,"height":80,"caption":"Gr\u00f8nt Kontor"},"image":{"@id":"https:\/\/grontkontor.dk\/#\/schema\/logo\/image\/"},"sameAs":["https:\/\/www.facebook.com\/grontkontor.dk\/"]}]}},"_links":{"self":[{"href":"https:\/\/grontkontor.dk\/no\/wp-json\/wp\/v2\/product\/90529"}],"collection":[{"href":"https:\/\/grontkontor.dk\/no\/wp-json\/wp\/v2\/product"}],"about":[{"href":"https:\/\/grontkontor.dk\/no\/wp-json\/wp\/v2\/types\/product"}],"replies":[{"embeddable":true,"href":"https:\/\/grontkontor.dk\/no\/wp-json\/wp\/v2\/comments?post=90529"}],"wp:featuredmedia":[{"embeddable":true,"href":"https:\/\/grontkontor.dk\/no\/wp-json\/wp\/v2\/media\/53425"}],"wp:attachment":[{"href":"https:\/\/grontkontor.dk\/no\/wp-json\/wp\/v2\/media?parent=90529"}],"wp:term":[{"taxonomy":"product_cat","embeddable":true,"href":"https:\/\/grontkontor.dk\/no\/wp-json\/wp\/v2\/product_cat?post=90529"},{"taxonomy":"product_tag","embeddable":true,"href":"https:\/\/grontkontor.dk\/no\/wp-json\/wp\/v2\/product_tag?post=90529"}],"curies":[{"name":"wp","href":"https:\/\/api.w.org\/{rel}","templated":true}]}}