{"id":90588,"date":"2023-09-22T13:04:54","date_gmt":"2024-05-29T09:10:34","guid":{"rendered":"https:\/\/grontkontor.dk\/shop\/skuffemobler-i-resirkulert-plastsvart\/"},"modified":"2024-05-29T11:10:34","modified_gmt":"2024-05-29T09:10:34","slug":"skuffemobler-i-resirkulert-plastsvart","status":"publish","type":"product","link":"https:\/\/grontkontor.dk\/no\/shop\/skuffemobler-i-resirkulert-plastsvart\/","title":{"rendered":"Skuffem\u00f8bler i resirkulert plast"},"content":{"rendered":"<p>Praktiske skuffem\u00f8bler i milj\u00f8vennlig resirkulert plast til skrivebordet med 4 lukkede skuffer. Med 2 sklisikre gummif\u00f8tter, h\u00e5ndtak p\u00e5 forsiden av skuffen, skuffestopp og \u00e5pning for matepapir oppover.<br \/>\nEt klima- og milj\u00f8vennlig produkt som passer for A4-dokumenter og -dokumenter p\u00e5 opptil 260 x 350 mm.<br \/>\nYtre dimensjoner: LxBxH 375 x 300 x 216 mm. Blue Angel sertifisert. Laget i EU.<br \/>\nFinnes ogs\u00e5 i bl\u00e5tt og gr\u00e5tt.<\/p>\n<p>Resirkulert plast er \u2013 til tross for sin fossile opprinnelse \u2013 et klimavennlig materiale. Plast har et ekstremt h\u00f8yt karboninnhold, s\u00e5 resirkulert plast fungerer som et karbonsluk. Hvis plast ikke gjenvinnes, vil det enten brytes ned til CO2 og dermed bidra til drivhuseffekten, eller ende opp som forurensende avfall.<br \/>\nFor hvert tonn resirkulert plast spares 3,8 fat olje.<\/p>\n<p>[blaue_engel_s]<\/p>\n<p>&nbsp;<\/p>\n<p><img loading=\"lazy\" decoding=\"async\" class=\"size-medium wp-image-21008\" src=\"https:\/\/grontkontor.dk\/wp-content\/uploads\/2020\/11\/eu-flag_1-300x199.jpg\" alt=\"Fremstillet i EU\" width=\"76\" height=\"50\" srcset=\"https:\/\/grontkontor.dk\/wp-content\/uploads\/2020\/11\/eu-flag_1-300x199.jpg 300w, https:\/\/grontkontor.dk\/wp-content\/uploads\/2020\/11\/eu-flag_1.jpg 530w\" sizes=\"(max-width: 76px) 100vw, 76px\" \/><img loading=\"lazy\" decoding=\"async\" src=\"https:\/\/grontkontor.dk\/wp-content\/uploads\/2021\/02\/genbrug.jpg\" alt=\"Fremstillet af genbrugsmaterialer\" width=\"50\" height=\"50\" class=\"size-full wp-image-23031\" srcset=\"https:\/\/grontkontor.dk\/wp-content\/uploads\/2021\/02\/genbrug.jpg 199w, https:\/\/grontkontor.dk\/wp-content\/uploads\/2021\/02\/genbrug-100x100.jpg 100w\" sizes=\"(max-width: 50px) 100vw, 50px\" \/> <a href=\"https:\/\/en.wikipedia.org\/wiki\/Blue_Angel_(certification)\" rel=\"noopener\" target=\"_blank\"><img loading=\"lazy\" decoding=\"async\" class=\"size-full wp-image-12701\" src=\"https:\/\/grontkontor.dk\/wp-content\/uploads\/2019\/04\/blaa-engel.png\" \n\t\t alt=\"Bl? engel certificeret\" title=\"Bl? engel certificeret\" width=\"57\" height=\"62\" border=0 \/><\/a><\/p>\n","protected":false},"excerpt":{"rendered":"<p>Praktiske skuffem\u00f8bler i milj\u00f8vennlig resirkulert plast til skrivebordet med 4 lukkede skuffer. Med 2 sklisikre gummif\u00f8tter, h\u00e5ndtak p\u00e5 forsiden av skuffen, skuffestopp og \u00e5pning for matepapir oppover. Et klima- og milj\u00f8vennlig produkt som passer for A4-dokumenter og -dokumenter p\u00e5 opptil 260 x 350 mm. Ytre dimensjoner: LxBxH 375 x 300 x 216 mm. Blue Angel [&hellip;]<\/p>\n","protected":false},"featured_media":52717,"comment_status":"closed","ping_status":"open","template":"","meta":{"_acf_changed":false},"product_cat":[3491,3199,4021,3543,3195,3557],"product_tag":[4259,4258],"class_list":{"0":"post-90588","1":"product","2":"type-product","3":"status-publish","4":"has-post-thumbnail","6":"product_cat-arkivering-no","7":"product_cat-dummy-moq-1-no","8":"product_cat-lagring-av-dokumenter","9":"product_cat-moebler-og-inventar","10":"product_cat-produktserier","11":"product_cat-resirkulert-plast-svart","12":"product_tag-arkivskuffer-no","13":"product_tag-skuffemoebler","14":"pa_farve-blaa-no","15":"pa_farve-graa-no-2","16":"pa_farve-svart","17":"tm-has-options","19":"first","20":"instock","21":"taxable","22":"shipping-taxable","23":"purchasable","24":"product-type-simple"},"acf":[],"yoast_head":"<!-- This site is optimized with the Yoast SEO Premium plugin v21.2 (Yoast SEO v21.2) - https:\/\/yoast.com\/wordpress\/plugins\/seo\/ -->\n<title>Skuffem\u00f8bler i resirkulert plast - Gr\u00f8nt Kontor<\/title>\n<meta name=\"robots\" content=\"index, follow, max-snippet:-1, max-image-preview:large, max-video-preview:-1\" \/>\n<link rel=\"canonical\" href=\"https:\/\/grontkontor.dk\/no\/shop\/skuffemobler-i-resirkulert-plastsvart\/\" \/>\n<meta property=\"og:locale\" content=\"en_US\" \/>\n<meta property=\"og:type\" content=\"article\" \/>\n<meta property=\"og:title\" content=\"Skuffem\u00f8bler i resirkulert plast\" \/>\n<meta property=\"og:description\" content=\"Praktiske skuffem\u00f8bler i milj\u00f8vennlig resirkulert plast til skrivebordet med 4 lukkede skuffer. Med 2 sklisikre gummif\u00f8tter, h\u00e5ndtak p\u00e5 forsiden av skuffen, skuffestopp og \u00e5pning for matepapir oppover. Et klima- og milj\u00f8vennlig produkt som passer for A4-dokumenter og -dokumenter p\u00e5 opptil 260 x 350 mm. Ytre dimensjoner: LxBxH 375 x 300 x 216 mm. Blue Angel [&hellip;]\" \/>\n<meta property=\"og:url\" content=\"https:\/\/grontkontor.dk\/no\/shop\/skuffemobler-i-resirkulert-plastsvart\/\" \/>\n<meta property=\"og:site_name\" content=\"Gr\u00f8nt Kontor\" \/>\n<meta property=\"article:publisher\" content=\"https:\/\/www.facebook.com\/grontkontor.dk\/\" \/>\n<meta name=\"twitter:card\" content=\"summary_large_image\" \/>\n<meta name=\"twitter:label1\" content=\"Est. reading time\" \/>\n\t<meta name=\"twitter:data1\" content=\"1 minute\" \/>\n<script type=\"application\/ld+json\" class=\"yoast-schema-graph\">{\"@context\":\"https:\/\/schema.org\",\"@graph\":[{\"@type\":\"WebPage\",\"@id\":\"https:\/\/grontkontor.dk\/no\/shop\/skuffemobler-i-resirkulert-plastsvart\/\",\"url\":\"https:\/\/grontkontor.dk\/no\/shop\/skuffemobler-i-resirkulert-plastsvart\/\",\"name\":\"Skuffem\u00f8bler i resirkulert plast - Gr\u00f8nt Kontor\",\"isPartOf\":{\"@id\":\"https:\/\/grontkontor.dk\/#website\"},\"datePublished\":\"2024-05-29T09:10:34+00:00\",\"dateModified\":\"2024-05-29T09:10:34+00:00\",\"breadcrumb\":{\"@id\":\"https:\/\/grontkontor.dk\/no\/shop\/skuffemobler-i-resirkulert-plastsvart\/#breadcrumb\"},\"inLanguage\":\"no-NO\",\"potentialAction\":[{\"@type\":\"ReadAction\",\"target\":[\"https:\/\/grontkontor.dk\/no\/shop\/skuffemobler-i-resirkulert-plastsvart\/\"]}]},{\"@type\":\"BreadcrumbList\",\"@id\":\"https:\/\/grontkontor.dk\/no\/shop\/skuffemobler-i-resirkulert-plastsvart\/#breadcrumb\",\"itemListElement\":[{\"@type\":\"ListItem\",\"position\":1,\"name\":\"Forside\",\"item\":\"https:\/\/grontkontor.dk\/\"},{\"@type\":\"ListItem\",\"position\":2,\"name\":\"Butikk\",\"item\":\"https:\/\/grontkontor.dk\/no\/butikk-2\/\"},{\"@type\":\"ListItem\",\"position\":3,\"name\":\"Arkivering\",\"item\":\"https:\/\/grontkontor.dk\/no\/produkt-kategori\/arkivering-no\/\"},{\"@type\":\"ListItem\",\"position\":4,\"name\":\"Lagring av dokumenter\",\"item\":\"https:\/\/grontkontor.dk\/no\/produkt-kategori\/arkivering-no\/lagring-av-dokumenter\/\"},{\"@type\":\"ListItem\",\"position\":5,\"name\":\"Skuffem\u00f8bler i resirkulert plast\"}]},{\"@type\":\"WebSite\",\"@id\":\"https:\/\/grontkontor.dk\/#website\",\"url\":\"https:\/\/grontkontor.dk\/\",\"name\":\"Gr\u00f8nt Kontor\",\"description\":\"Milj\u00f8venlige produkter til kontor og erhverv med fokus p\u00e5 b\u00e6redygtighed, design og fair trade.\",\"publisher\":{\"@id\":\"https:\/\/grontkontor.dk\/#organization\"},\"potentialAction\":[{\"@type\":\"SearchAction\",\"target\":{\"@type\":\"EntryPoint\",\"urlTemplate\":\"https:\/\/grontkontor.dk\/?s={search_term_string}\"},\"query-input\":\"required name=search_term_string\"}],\"inLanguage\":\"no-NO\"},{\"@type\":\"Organization\",\"@id\":\"https:\/\/grontkontor.dk\/#organization\",\"name\":\"Gr\u00f8nt Kontor\",\"url\":\"https:\/\/grontkontor.dk\/\",\"logo\":{\"@type\":\"ImageObject\",\"inLanguage\":\"no-NO\",\"@id\":\"https:\/\/grontkontor.dk\/#\/schema\/logo\/image\/\",\"url\":\"https:\/\/grontkontor.dk\/wp-content\/uploads\/2014\/02\/Logo_groent_kontor_300x80.png\",\"contentUrl\":\"https:\/\/grontkontor.dk\/wp-content\/uploads\/2014\/02\/Logo_groent_kontor_300x80.png\",\"width\":300,\"height\":80,\"caption\":\"Gr\u00f8nt Kontor\"},\"image\":{\"@id\":\"https:\/\/grontkontor.dk\/#\/schema\/logo\/image\/\"},\"sameAs\":[\"https:\/\/www.facebook.com\/grontkontor.dk\/\"]}]}<\/script>\n<!-- \/ Yoast SEO Premium plugin. -->","yoast_head_json":{"title":"Skuffem\u00f8bler i resirkulert plast - Gr\u00f8nt Kontor","robots":{"index":"index","follow":"follow","max-snippet":"max-snippet:-1","max-image-preview":"max-image-preview:large","max-video-preview":"max-video-preview:-1"},"canonical":"https:\/\/grontkontor.dk\/no\/shop\/skuffemobler-i-resirkulert-plastsvart\/","og_locale":"en_US","og_type":"article","og_title":"Skuffem\u00f8bler i resirkulert plast","og_description":"Praktiske skuffem\u00f8bler i milj\u00f8vennlig resirkulert plast til skrivebordet med 4 lukkede skuffer. Med 2 sklisikre gummif\u00f8tter, h\u00e5ndtak p\u00e5 forsiden av skuffen, skuffestopp og \u00e5pning for matepapir oppover. Et klima- og milj\u00f8vennlig produkt som passer for A4-dokumenter og -dokumenter p\u00e5 opptil 260 x 350 mm. Ytre dimensjoner: LxBxH 375 x 300 x 216 mm. Blue Angel [&hellip;]","og_url":"https:\/\/grontkontor.dk\/no\/shop\/skuffemobler-i-resirkulert-plastsvart\/","og_site_name":"Gr\u00f8nt Kontor","article_publisher":"https:\/\/www.facebook.com\/grontkontor.dk\/","twitter_card":"summary_large_image","twitter_misc":{"Est. reading time":"1 minute"},"schema":{"@context":"https:\/\/schema.org","@graph":[{"@type":"WebPage","@id":"https:\/\/grontkontor.dk\/no\/shop\/skuffemobler-i-resirkulert-plastsvart\/","url":"https:\/\/grontkontor.dk\/no\/shop\/skuffemobler-i-resirkulert-plastsvart\/","name":"Skuffem\u00f8bler i resirkulert plast - Gr\u00f8nt Kontor","isPartOf":{"@id":"https:\/\/grontkontor.dk\/#website"},"datePublished":"2024-05-29T09:10:34+00:00","dateModified":"2024-05-29T09:10:34+00:00","breadcrumb":{"@id":"https:\/\/grontkontor.dk\/no\/shop\/skuffemobler-i-resirkulert-plastsvart\/#breadcrumb"},"inLanguage":"no-NO","potentialAction":[{"@type":"ReadAction","target":["https:\/\/grontkontor.dk\/no\/shop\/skuffemobler-i-resirkulert-plastsvart\/"]}]},{"@type":"BreadcrumbList","@id":"https:\/\/grontkontor.dk\/no\/shop\/skuffemobler-i-resirkulert-plastsvart\/#breadcrumb","itemListElement":[{"@type":"ListItem","position":1,"name":"Forside","item":"https:\/\/grontkontor.dk\/"},{"@type":"ListItem","position":2,"name":"Butikk","item":"https:\/\/grontkontor.dk\/no\/butikk-2\/"},{"@type":"ListItem","position":3,"name":"Arkivering","item":"https:\/\/grontkontor.dk\/no\/produkt-kategori\/arkivering-no\/"},{"@type":"ListItem","position":4,"name":"Lagring av dokumenter","item":"https:\/\/grontkontor.dk\/no\/produkt-kategori\/arkivering-no\/lagring-av-dokumenter\/"},{"@type":"ListItem","position":5,"name":"Skuffem\u00f8bler i resirkulert plast"}]},{"@type":"WebSite","@id":"https:\/\/grontkontor.dk\/#website","url":"https:\/\/grontkontor.dk\/","name":"Gr\u00f8nt Kontor","description":"Milj\u00f8venlige produkter til kontor og erhverv med fokus p\u00e5 b\u00e6redygtighed, design og fair trade.","publisher":{"@id":"https:\/\/grontkontor.dk\/#organization"},"potentialAction":[{"@type":"SearchAction","target":{"@type":"EntryPoint","urlTemplate":"https:\/\/grontkontor.dk\/?s={search_term_string}"},"query-input":"required name=search_term_string"}],"inLanguage":"no-NO"},{"@type":"Organization","@id":"https:\/\/grontkontor.dk\/#organization","name":"Gr\u00f8nt Kontor","url":"https:\/\/grontkontor.dk\/","logo":{"@type":"ImageObject","inLanguage":"no-NO","@id":"https:\/\/grontkontor.dk\/#\/schema\/logo\/image\/","url":"https:\/\/grontkontor.dk\/wp-content\/uploads\/2014\/02\/Logo_groent_kontor_300x80.png","contentUrl":"https:\/\/grontkontor.dk\/wp-content\/uploads\/2014\/02\/Logo_groent_kontor_300x80.png","width":300,"height":80,"caption":"Gr\u00f8nt Kontor"},"image":{"@id":"https:\/\/grontkontor.dk\/#\/schema\/logo\/image\/"},"sameAs":["https:\/\/www.facebook.com\/grontkontor.dk\/"]}]}},"_links":{"self":[{"href":"https:\/\/grontkontor.dk\/no\/wp-json\/wp\/v2\/product\/90588"}],"collection":[{"href":"https:\/\/grontkontor.dk\/no\/wp-json\/wp\/v2\/product"}],"about":[{"href":"https:\/\/grontkontor.dk\/no\/wp-json\/wp\/v2\/types\/product"}],"replies":[{"embeddable":true,"href":"https:\/\/grontkontor.dk\/no\/wp-json\/wp\/v2\/comments?post=90588"}],"wp:featuredmedia":[{"embeddable":true,"href":"https:\/\/grontkontor.dk\/no\/wp-json\/wp\/v2\/media\/52717"}],"wp:attachment":[{"href":"https:\/\/grontkontor.dk\/no\/wp-json\/wp\/v2\/media?parent=90588"}],"wp:term":[{"taxonomy":"product_cat","embeddable":true,"href":"https:\/\/grontkontor.dk\/no\/wp-json\/wp\/v2\/product_cat?post=90588"},{"taxonomy":"product_tag","embeddable":true,"href":"https:\/\/grontkontor.dk\/no\/wp-json\/wp\/v2\/product_tag?post=90588"}],"curies":[{"name":"wp","href":"https:\/\/api.w.org\/{rel}","templated":true}]}}