{"id":90652,"date":"2023-09-22T13:04:40","date_gmt":"2024-05-29T09:11:25","guid":{"rendered":"https:\/\/grontkontor.dk\/shop\/arkiv-box-a4-resirkulering-8cm\/"},"modified":"2024-05-29T11:11:25","modified_gmt":"2024-05-29T09:11:25","slug":"arkiv-box-a4-resirkulering-8cm","status":"publish","type":"product","link":"https:\/\/grontkontor.dk\/no\/shop\/arkiv-box-a4-resirkulering-8cm\/","title":{"rendered":"Arkivboks A4 resirkulering 8cm"},"content":{"rendered":"<p>Resirkulert billig arkivboks i A4-st\u00f8rrelse x 8cm laget av klimavennlig resirkulert kraftpapir.<br \/>\nBoksene kan stables og kan \u00e5pnes mens de er p\u00e5 hyllen, noe som gj\u00f8r dem perfekte for lagring av store mengder dokumenter. Et klima- og milj\u00f8vennlig produkt perfekt for arkivering av dine dokumenter.<br \/>\nLeveres brettet = plassbesparende<\/p>\n<img loading=\"lazy\" decoding=\"async\" src=\"https:\/\/grontkontor.dk\/wp-content\/uploads\/2021\/02\/genbrug.jpg\" alt=\"Fremstillet af genbrugsmaterialer\" width=\"50\" height=\"50\" class=\"size-full wp-image-23031\" srcset=\"https:\/\/grontkontor.dk\/wp-content\/uploads\/2021\/02\/genbrug.jpg 199w, https:\/\/grontkontor.dk\/wp-content\/uploads\/2021\/02\/genbrug-100x100.jpg 100w\" sizes=\"(max-width: 50px) 100vw, 50px\" \/>\n","protected":false},"excerpt":{"rendered":"<p>Resirkulert billig arkivboks i A4-st\u00f8rrelse x 8cm laget av klimavennlig resirkulert kraftpapir. Boksene kan stables og kan \u00e5pnes mens de er p\u00e5 hyllen, noe som gj\u00f8r dem perfekte for lagring av store mengder dokumenter. Et klima- og milj\u00f8vennlig produkt perfekt for arkivering av dine dokumenter. Leveres brettet = plassbesparende<\/p>\n","protected":false},"featured_media":52475,"comment_status":"closed","ping_status":"closed","template":"","meta":{"_acf_changed":false},"product_cat":[3491,3199,4021,3912],"product_tag":[4242,4143],"class_list":{"0":"post-90652","1":"product","2":"type-product","3":"status-publish","4":"has-post-thumbnail","6":"product_cat-arkivering-no","7":"product_cat-dummy-moq-1-no","8":"product_cat-lagring-av-dokumenter","9":"product_cat-oppbevaringsbokser","10":"product_tag-arkiv-boksen","11":"product_tag-lagring-av-dokumenter","12":"tm-has-options","14":"first","15":"instock","16":"taxable","17":"shipping-taxable","18":"purchasable","19":"product-type-simple"},"acf":[],"yoast_head":"<!-- This site is optimized with the Yoast SEO Premium plugin v21.2 (Yoast SEO v21.2) - https:\/\/yoast.com\/wordpress\/plugins\/seo\/ -->\n<title>Arkivboks A4 resirkulering 8cm - Gr\u00f8nt Kontor<\/title>\n<meta name=\"robots\" content=\"index, follow, max-snippet:-1, max-image-preview:large, max-video-preview:-1\" \/>\n<link rel=\"canonical\" href=\"https:\/\/grontkontor.dk\/no\/shop\/arkiv-box-a4-resirkulering-8cm\/\" \/>\n<meta property=\"og:locale\" content=\"en_US\" \/>\n<meta property=\"og:type\" content=\"article\" \/>\n<meta property=\"og:title\" content=\"Arkivboks A4 resirkulering 8cm\" \/>\n<meta property=\"og:description\" content=\"Resirkulert billig arkivboks i A4-st\u00f8rrelse x 8cm laget av klimavennlig resirkulert kraftpapir. Boksene kan stables og kan \u00e5pnes mens de er p\u00e5 hyllen, noe som gj\u00f8r dem perfekte for lagring av store mengder dokumenter. Et klima- og milj\u00f8vennlig produkt perfekt for arkivering av dine dokumenter. Leveres brettet = plassbesparende\" \/>\n<meta property=\"og:url\" content=\"https:\/\/grontkontor.dk\/no\/shop\/arkiv-box-a4-resirkulering-8cm\/\" \/>\n<meta property=\"og:site_name\" content=\"Gr\u00f8nt Kontor\" \/>\n<meta property=\"article:publisher\" content=\"https:\/\/www.facebook.com\/grontkontor.dk\/\" \/>\n<meta name=\"twitter:card\" content=\"summary_large_image\" \/>\n<script type=\"application\/ld+json\" class=\"yoast-schema-graph\">{\"@context\":\"https:\/\/schema.org\",\"@graph\":[{\"@type\":\"WebPage\",\"@id\":\"https:\/\/grontkontor.dk\/no\/shop\/arkiv-box-a4-resirkulering-8cm\/\",\"url\":\"https:\/\/grontkontor.dk\/no\/shop\/arkiv-box-a4-resirkulering-8cm\/\",\"name\":\"Arkivboks A4 resirkulering 8cm - Gr\u00f8nt Kontor\",\"isPartOf\":{\"@id\":\"https:\/\/grontkontor.dk\/#website\"},\"datePublished\":\"2024-05-29T09:11:25+00:00\",\"dateModified\":\"2024-05-29T09:11:25+00:00\",\"breadcrumb\":{\"@id\":\"https:\/\/grontkontor.dk\/no\/shop\/arkiv-box-a4-resirkulering-8cm\/#breadcrumb\"},\"inLanguage\":\"no-NO\",\"potentialAction\":[{\"@type\":\"ReadAction\",\"target\":[\"https:\/\/grontkontor.dk\/no\/shop\/arkiv-box-a4-resirkulering-8cm\/\"]}]},{\"@type\":\"BreadcrumbList\",\"@id\":\"https:\/\/grontkontor.dk\/no\/shop\/arkiv-box-a4-resirkulering-8cm\/#breadcrumb\",\"itemListElement\":[{\"@type\":\"ListItem\",\"position\":1,\"name\":\"Forside\",\"item\":\"https:\/\/grontkontor.dk\/\"},{\"@type\":\"ListItem\",\"position\":2,\"name\":\"Butikk\",\"item\":\"https:\/\/grontkontor.dk\/no\/butikk-2\/\"},{\"@type\":\"ListItem\",\"position\":3,\"name\":\"Arkivering\",\"item\":\"https:\/\/grontkontor.dk\/no\/produkt-kategori\/arkivering-no\/\"},{\"@type\":\"ListItem\",\"position\":4,\"name\":\"Lagring av dokumenter\",\"item\":\"https:\/\/grontkontor.dk\/no\/produkt-kategori\/arkivering-no\/lagring-av-dokumenter\/\"},{\"@type\":\"ListItem\",\"position\":5,\"name\":\"Arkivboks A4 resirkulering 8cm\"}]},{\"@type\":\"WebSite\",\"@id\":\"https:\/\/grontkontor.dk\/#website\",\"url\":\"https:\/\/grontkontor.dk\/\",\"name\":\"Gr\u00f8nt Kontor\",\"description\":\"Milj\u00f8venlige produkter til kontor og erhverv med fokus p\u00e5 b\u00e6redygtighed, design og fair trade.\",\"publisher\":{\"@id\":\"https:\/\/grontkontor.dk\/#organization\"},\"potentialAction\":[{\"@type\":\"SearchAction\",\"target\":{\"@type\":\"EntryPoint\",\"urlTemplate\":\"https:\/\/grontkontor.dk\/?s={search_term_string}\"},\"query-input\":\"required name=search_term_string\"}],\"inLanguage\":\"no-NO\"},{\"@type\":\"Organization\",\"@id\":\"https:\/\/grontkontor.dk\/#organization\",\"name\":\"Gr\u00f8nt Kontor\",\"url\":\"https:\/\/grontkontor.dk\/\",\"logo\":{\"@type\":\"ImageObject\",\"inLanguage\":\"no-NO\",\"@id\":\"https:\/\/grontkontor.dk\/#\/schema\/logo\/image\/\",\"url\":\"https:\/\/grontkontor.dk\/wp-content\/uploads\/2014\/02\/Logo_groent_kontor_300x80.png\",\"contentUrl\":\"https:\/\/grontkontor.dk\/wp-content\/uploads\/2014\/02\/Logo_groent_kontor_300x80.png\",\"width\":300,\"height\":80,\"caption\":\"Gr\u00f8nt Kontor\"},\"image\":{\"@id\":\"https:\/\/grontkontor.dk\/#\/schema\/logo\/image\/\"},\"sameAs\":[\"https:\/\/www.facebook.com\/grontkontor.dk\/\"]}]}<\/script>\n<!-- \/ Yoast SEO Premium plugin. -->","yoast_head_json":{"title":"Arkivboks A4 resirkulering 8cm - Gr\u00f8nt Kontor","robots":{"index":"index","follow":"follow","max-snippet":"max-snippet:-1","max-image-preview":"max-image-preview:large","max-video-preview":"max-video-preview:-1"},"canonical":"https:\/\/grontkontor.dk\/no\/shop\/arkiv-box-a4-resirkulering-8cm\/","og_locale":"en_US","og_type":"article","og_title":"Arkivboks A4 resirkulering 8cm","og_description":"Resirkulert billig arkivboks i A4-st\u00f8rrelse x 8cm laget av klimavennlig resirkulert kraftpapir. Boksene kan stables og kan \u00e5pnes mens de er p\u00e5 hyllen, noe som gj\u00f8r dem perfekte for lagring av store mengder dokumenter. Et klima- og milj\u00f8vennlig produkt perfekt for arkivering av dine dokumenter. Leveres brettet = plassbesparende","og_url":"https:\/\/grontkontor.dk\/no\/shop\/arkiv-box-a4-resirkulering-8cm\/","og_site_name":"Gr\u00f8nt Kontor","article_publisher":"https:\/\/www.facebook.com\/grontkontor.dk\/","twitter_card":"summary_large_image","schema":{"@context":"https:\/\/schema.org","@graph":[{"@type":"WebPage","@id":"https:\/\/grontkontor.dk\/no\/shop\/arkiv-box-a4-resirkulering-8cm\/","url":"https:\/\/grontkontor.dk\/no\/shop\/arkiv-box-a4-resirkulering-8cm\/","name":"Arkivboks A4 resirkulering 8cm - Gr\u00f8nt Kontor","isPartOf":{"@id":"https:\/\/grontkontor.dk\/#website"},"datePublished":"2024-05-29T09:11:25+00:00","dateModified":"2024-05-29T09:11:25+00:00","breadcrumb":{"@id":"https:\/\/grontkontor.dk\/no\/shop\/arkiv-box-a4-resirkulering-8cm\/#breadcrumb"},"inLanguage":"no-NO","potentialAction":[{"@type":"ReadAction","target":["https:\/\/grontkontor.dk\/no\/shop\/arkiv-box-a4-resirkulering-8cm\/"]}]},{"@type":"BreadcrumbList","@id":"https:\/\/grontkontor.dk\/no\/shop\/arkiv-box-a4-resirkulering-8cm\/#breadcrumb","itemListElement":[{"@type":"ListItem","position":1,"name":"Forside","item":"https:\/\/grontkontor.dk\/"},{"@type":"ListItem","position":2,"name":"Butikk","item":"https:\/\/grontkontor.dk\/no\/butikk-2\/"},{"@type":"ListItem","position":3,"name":"Arkivering","item":"https:\/\/grontkontor.dk\/no\/produkt-kategori\/arkivering-no\/"},{"@type":"ListItem","position":4,"name":"Lagring av dokumenter","item":"https:\/\/grontkontor.dk\/no\/produkt-kategori\/arkivering-no\/lagring-av-dokumenter\/"},{"@type":"ListItem","position":5,"name":"Arkivboks A4 resirkulering 8cm"}]},{"@type":"WebSite","@id":"https:\/\/grontkontor.dk\/#website","url":"https:\/\/grontkontor.dk\/","name":"Gr\u00f8nt Kontor","description":"Milj\u00f8venlige produkter til kontor og erhverv med fokus p\u00e5 b\u00e6redygtighed, design og fair trade.","publisher":{"@id":"https:\/\/grontkontor.dk\/#organization"},"potentialAction":[{"@type":"SearchAction","target":{"@type":"EntryPoint","urlTemplate":"https:\/\/grontkontor.dk\/?s={search_term_string}"},"query-input":"required name=search_term_string"}],"inLanguage":"no-NO"},{"@type":"Organization","@id":"https:\/\/grontkontor.dk\/#organization","name":"Gr\u00f8nt Kontor","url":"https:\/\/grontkontor.dk\/","logo":{"@type":"ImageObject","inLanguage":"no-NO","@id":"https:\/\/grontkontor.dk\/#\/schema\/logo\/image\/","url":"https:\/\/grontkontor.dk\/wp-content\/uploads\/2014\/02\/Logo_groent_kontor_300x80.png","contentUrl":"https:\/\/grontkontor.dk\/wp-content\/uploads\/2014\/02\/Logo_groent_kontor_300x80.png","width":300,"height":80,"caption":"Gr\u00f8nt Kontor"},"image":{"@id":"https:\/\/grontkontor.dk\/#\/schema\/logo\/image\/"},"sameAs":["https:\/\/www.facebook.com\/grontkontor.dk\/"]}]}},"_links":{"self":[{"href":"https:\/\/grontkontor.dk\/no\/wp-json\/wp\/v2\/product\/90652"}],"collection":[{"href":"https:\/\/grontkontor.dk\/no\/wp-json\/wp\/v2\/product"}],"about":[{"href":"https:\/\/grontkontor.dk\/no\/wp-json\/wp\/v2\/types\/product"}],"replies":[{"embeddable":true,"href":"https:\/\/grontkontor.dk\/no\/wp-json\/wp\/v2\/comments?post=90652"}],"wp:featuredmedia":[{"embeddable":true,"href":"https:\/\/grontkontor.dk\/no\/wp-json\/wp\/v2\/media\/52475"}],"wp:attachment":[{"href":"https:\/\/grontkontor.dk\/no\/wp-json\/wp\/v2\/media?parent=90652"}],"wp:term":[{"taxonomy":"product_cat","embeddable":true,"href":"https:\/\/grontkontor.dk\/no\/wp-json\/wp\/v2\/product_cat?post=90652"},{"taxonomy":"product_tag","embeddable":true,"href":"https:\/\/grontkontor.dk\/no\/wp-json\/wp\/v2\/product_tag?post=90652"}],"curies":[{"name":"wp","href":"https:\/\/api.w.org\/{rel}","templated":true}]}}