{"id":90657,"date":"2023-09-22T13:04:54","date_gmt":"2024-05-29T09:11:26","guid":{"rendered":"https:\/\/grontkontor.dk\/shop\/penn-og-arrangor-resirkulering-gra\/"},"modified":"2024-05-29T11:11:26","modified_gmt":"2024-05-29T09:11:26","slug":"penn-og-arrangor-resirkulering-gra","status":"publish","type":"product","link":"https:\/\/grontkontor.dk\/no\/shop\/penn-og-arrangor-resirkulering-gra\/","title":{"rendered":"Gjenvinning av penneholder og organisator"},"content":{"rendered":"<p>Praktisk skrivebordsarrang\u00f8r med fem rom. Et klimavennlig produkt perfekt for \u00e5 holde styr p\u00e5 skriveredskaper, binders osv.<br \/>\nDimensjoner: LxBxH 90 x 143 x 125 mm. Blue Angel sertifisert. Laget i EU.<br \/>\nFinnes ogs\u00e5 i svart og bl\u00e5tt.<\/p>\n<p>Resirkulert plast er \u2013 til tross for sin fossile opprinnelse \u2013 et milj\u00f8vennlig materiale. Plast har et ekstremt h\u00f8yt karboninnhold, s\u00e5 resirkulert plast fungerer som et karbonsluk. Hvis plast ikke gjenvinnes, vil det enten brytes ned til CO2 og dermed bidra til drivhuseffekten, eller ende opp som forurensende avfall.<br \/>\nFor hvert tonn resirkulert plast spares 3,8 fat olje.<\/p>\n<p>[blaue_engel_s]<\/p>\n<p>&nbsp;<\/p>\n<p><img loading=\"lazy\" decoding=\"async\" src=\"https:\/\/grontkontor.dk\/wp-content\/uploads\/2021\/02\/genbrug.jpg\" alt=\"Fremstillet af genbrugsmaterialer\" width=\"50\" height=\"50\" class=\"size-full wp-image-23031\" srcset=\"https:\/\/grontkontor.dk\/wp-content\/uploads\/2021\/02\/genbrug.jpg 199w, https:\/\/grontkontor.dk\/wp-content\/uploads\/2021\/02\/genbrug-100x100.jpg 100w\" sizes=\"(max-width: 50px) 100vw, 50px\" \/> <img loading=\"lazy\" decoding=\"async\" class=\"size-medium wp-image-21008\" src=\"https:\/\/grontkontor.dk\/wp-content\/uploads\/2020\/11\/eu-flag_1-300x199.jpg\" alt=\"Fremstillet i EU\" width=\"76\" height=\"50\" srcset=\"https:\/\/grontkontor.dk\/wp-content\/uploads\/2020\/11\/eu-flag_1-300x199.jpg 300w, https:\/\/grontkontor.dk\/wp-content\/uploads\/2020\/11\/eu-flag_1.jpg 530w\" sizes=\"(max-width: 76px) 100vw, 76px\" \/><a href=\"https:\/\/en.wikipedia.org\/wiki\/Blue_Angel_(certification)\" rel=\"noopener\" target=\"_blank\"><img loading=\"lazy\" decoding=\"async\" class=\"size-full wp-image-12701\" src=\"https:\/\/grontkontor.dk\/wp-content\/uploads\/2019\/04\/blaa-engel.png\" \n\t\t alt=\"Bl? engel certificeret\" title=\"Bl? engel certificeret\" width=\"57\" height=\"62\" border=0 \/><\/a><\/p>\n","protected":false},"excerpt":{"rendered":"<p>Praktisk skrivebordsarrang\u00f8r med fem rom. Et klimavennlig produkt perfekt for \u00e5 holde styr p\u00e5 skriveredskaper, binders osv. Dimensjoner: LxBxH 90 x 143 x 125 mm. Blue Angel sertifisert. Laget i EU. Finnes ogs\u00e5 i svart og bl\u00e5tt. Resirkulert plast er \u2013 til tross for sin fossile opprinnelse \u2013 et milj\u00f8vennlig materiale. Plast har et ekstremt [&hellip;]<\/p>\n","protected":false},"featured_media":52608,"comment_status":"closed","ping_status":"closed","template":"","meta":{"_acf_changed":false},"product_cat":[3751,3199,3946,3195,3569],"product_tag":[3765,3861],"class_list":{"0":"post-90657","1":"product","2":"type-product","3":"status-publish","4":"has-post-thumbnail","6":"product_cat-arrangoerene","7":"product_cat-dummy-moq-1-no","8":"product_cat-holdere-for-penn-no","9":"product_cat-produktserier","10":"product_cat-resirkulert-plastgraa","11":"product_tag-arrangoer","12":"product_tag-penneholder-no","13":"pa_farve-blaa-no","14":"pa_farve-graa-no-2","15":"pa_farve-svart","16":"tm-has-options","18":"first","19":"instock","20":"taxable","21":"shipping-taxable","22":"purchasable","23":"product-type-simple"},"acf":[],"yoast_head":"<!-- This site is optimized with the Yoast SEO Premium plugin v21.2 (Yoast SEO v21.2) - https:\/\/yoast.com\/wordpress\/plugins\/seo\/ -->\n<title>Gjenvinning av penneholder og organisator - Gr\u00f8nt Kontor<\/title>\n<meta name=\"robots\" content=\"index, follow, max-snippet:-1, max-image-preview:large, max-video-preview:-1\" \/>\n<link rel=\"canonical\" href=\"https:\/\/grontkontor.dk\/no\/shop\/penn-og-arrangor-resirkulering-gra\/\" \/>\n<meta property=\"og:locale\" content=\"en_US\" \/>\n<meta property=\"og:type\" content=\"article\" \/>\n<meta property=\"og:title\" content=\"Gjenvinning av penneholder og organisator\" \/>\n<meta property=\"og:description\" content=\"Praktisk skrivebordsarrang\u00f8r med fem rom. Et klimavennlig produkt perfekt for \u00e5 holde styr p\u00e5 skriveredskaper, binders osv. Dimensjoner: LxBxH 90 x 143 x 125 mm. Blue Angel sertifisert. Laget i EU. Finnes ogs\u00e5 i svart og bl\u00e5tt. Resirkulert plast er \u2013 til tross for sin fossile opprinnelse \u2013 et milj\u00f8vennlig materiale. Plast har et ekstremt [&hellip;]\" \/>\n<meta property=\"og:url\" content=\"https:\/\/grontkontor.dk\/no\/shop\/penn-og-arrangor-resirkulering-gra\/\" \/>\n<meta property=\"og:site_name\" content=\"Gr\u00f8nt Kontor\" \/>\n<meta property=\"article:publisher\" content=\"https:\/\/www.facebook.com\/grontkontor.dk\/\" \/>\n<meta property=\"og:image\" content=\"https:\/\/grontkontor.dk\/wp-content\/uploads\/2019\/04\/penneholder-organizer-graa-02.jpg\" \/>\n\t<meta property=\"og:image:width\" content=\"800\" \/>\n\t<meta property=\"og:image:height\" content=\"568\" \/>\n\t<meta property=\"og:image:type\" content=\"image\/jpeg\" \/>\n<meta name=\"twitter:card\" content=\"summary_large_image\" \/>\n<meta name=\"twitter:label1\" content=\"Est. reading time\" \/>\n\t<meta name=\"twitter:data1\" content=\"1 minute\" \/>\n<script type=\"application\/ld+json\" class=\"yoast-schema-graph\">{\"@context\":\"https:\/\/schema.org\",\"@graph\":[{\"@type\":\"WebPage\",\"@id\":\"https:\/\/grontkontor.dk\/no\/shop\/penn-og-arrangor-resirkulering-gra\/\",\"url\":\"https:\/\/grontkontor.dk\/no\/shop\/penn-og-arrangor-resirkulering-gra\/\",\"name\":\"Gjenvinning av penneholder og organisator - Gr\u00f8nt Kontor\",\"isPartOf\":{\"@id\":\"https:\/\/grontkontor.dk\/#website\"},\"datePublished\":\"2024-05-29T09:11:26+00:00\",\"dateModified\":\"2024-05-29T09:11:26+00:00\",\"breadcrumb\":{\"@id\":\"https:\/\/grontkontor.dk\/no\/shop\/penn-og-arrangor-resirkulering-gra\/#breadcrumb\"},\"inLanguage\":\"no-NO\",\"potentialAction\":[{\"@type\":\"ReadAction\",\"target\":[\"https:\/\/grontkontor.dk\/no\/shop\/penn-og-arrangor-resirkulering-gra\/\"]}]},{\"@type\":\"BreadcrumbList\",\"@id\":\"https:\/\/grontkontor.dk\/no\/shop\/penn-og-arrangor-resirkulering-gra\/#breadcrumb\",\"itemListElement\":[{\"@type\":\"ListItem\",\"position\":1,\"name\":\"Forside\",\"item\":\"https:\/\/grontkontor.dk\/\"},{\"@type\":\"ListItem\",\"position\":2,\"name\":\"Butikk\",\"item\":\"https:\/\/grontkontor.dk\/no\/butikk-2\/\"},{\"@type\":\"ListItem\",\"position\":3,\"name\":\"Skrivebordsudstyr\",\"item\":\"https:\/\/grontkontor.dk\/produkt-kategori\/skrivebordsudstyr\/\"},{\"@type\":\"ListItem\",\"position\":4,\"name\":\"Penneholdere\",\"item\":\"https:\/\/grontkontor.dk\/produkt-kategori\/skrivebordsudstyr\/penneholdere-skrivebordsudstyr\/\"},{\"@type\":\"ListItem\",\"position\":5,\"name\":\"Gjenvinning av penneholder og organisator\"}]},{\"@type\":\"WebSite\",\"@id\":\"https:\/\/grontkontor.dk\/#website\",\"url\":\"https:\/\/grontkontor.dk\/\",\"name\":\"Gr\u00f8nt Kontor\",\"description\":\"Milj\u00f8venlige produkter til kontor og erhverv med fokus p\u00e5 b\u00e6redygtighed, design og fair trade.\",\"publisher\":{\"@id\":\"https:\/\/grontkontor.dk\/#organization\"},\"potentialAction\":[{\"@type\":\"SearchAction\",\"target\":{\"@type\":\"EntryPoint\",\"urlTemplate\":\"https:\/\/grontkontor.dk\/?s={search_term_string}\"},\"query-input\":\"required name=search_term_string\"}],\"inLanguage\":\"no-NO\"},{\"@type\":\"Organization\",\"@id\":\"https:\/\/grontkontor.dk\/#organization\",\"name\":\"Gr\u00f8nt Kontor\",\"url\":\"https:\/\/grontkontor.dk\/\",\"logo\":{\"@type\":\"ImageObject\",\"inLanguage\":\"no-NO\",\"@id\":\"https:\/\/grontkontor.dk\/#\/schema\/logo\/image\/\",\"url\":\"https:\/\/grontkontor.dk\/wp-content\/uploads\/2014\/02\/Logo_groent_kontor_300x80.png\",\"contentUrl\":\"https:\/\/grontkontor.dk\/wp-content\/uploads\/2014\/02\/Logo_groent_kontor_300x80.png\",\"width\":300,\"height\":80,\"caption\":\"Gr\u00f8nt Kontor\"},\"image\":{\"@id\":\"https:\/\/grontkontor.dk\/#\/schema\/logo\/image\/\"},\"sameAs\":[\"https:\/\/www.facebook.com\/grontkontor.dk\/\"]}]}<\/script>\n<!-- \/ Yoast SEO Premium plugin. -->","yoast_head_json":{"title":"Gjenvinning av penneholder og organisator - Gr\u00f8nt Kontor","robots":{"index":"index","follow":"follow","max-snippet":"max-snippet:-1","max-image-preview":"max-image-preview:large","max-video-preview":"max-video-preview:-1"},"canonical":"https:\/\/grontkontor.dk\/no\/shop\/penn-og-arrangor-resirkulering-gra\/","og_locale":"en_US","og_type":"article","og_title":"Gjenvinning av penneholder og organisator","og_description":"Praktisk skrivebordsarrang\u00f8r med fem rom. Et klimavennlig produkt perfekt for \u00e5 holde styr p\u00e5 skriveredskaper, binders osv. Dimensjoner: LxBxH 90 x 143 x 125 mm. Blue Angel sertifisert. Laget i EU. Finnes ogs\u00e5 i svart og bl\u00e5tt. Resirkulert plast er \u2013 til tross for sin fossile opprinnelse \u2013 et milj\u00f8vennlig materiale. Plast har et ekstremt [&hellip;]","og_url":"https:\/\/grontkontor.dk\/no\/shop\/penn-og-arrangor-resirkulering-gra\/","og_site_name":"Gr\u00f8nt Kontor","article_publisher":"https:\/\/www.facebook.com\/grontkontor.dk\/","og_image":[{"width":800,"height":568,"url":"https:\/\/grontkontor.dk\/wp-content\/uploads\/2019\/04\/penneholder-organizer-graa-02.jpg","type":"image\/jpeg"}],"twitter_card":"summary_large_image","twitter_misc":{"Est. reading time":"1 minute"},"schema":{"@context":"https:\/\/schema.org","@graph":[{"@type":"WebPage","@id":"https:\/\/grontkontor.dk\/no\/shop\/penn-og-arrangor-resirkulering-gra\/","url":"https:\/\/grontkontor.dk\/no\/shop\/penn-og-arrangor-resirkulering-gra\/","name":"Gjenvinning av penneholder og organisator - Gr\u00f8nt Kontor","isPartOf":{"@id":"https:\/\/grontkontor.dk\/#website"},"datePublished":"2024-05-29T09:11:26+00:00","dateModified":"2024-05-29T09:11:26+00:00","breadcrumb":{"@id":"https:\/\/grontkontor.dk\/no\/shop\/penn-og-arrangor-resirkulering-gra\/#breadcrumb"},"inLanguage":"no-NO","potentialAction":[{"@type":"ReadAction","target":["https:\/\/grontkontor.dk\/no\/shop\/penn-og-arrangor-resirkulering-gra\/"]}]},{"@type":"BreadcrumbList","@id":"https:\/\/grontkontor.dk\/no\/shop\/penn-og-arrangor-resirkulering-gra\/#breadcrumb","itemListElement":[{"@type":"ListItem","position":1,"name":"Forside","item":"https:\/\/grontkontor.dk\/"},{"@type":"ListItem","position":2,"name":"Butikk","item":"https:\/\/grontkontor.dk\/no\/butikk-2\/"},{"@type":"ListItem","position":3,"name":"Skrivebordsudstyr","item":"https:\/\/grontkontor.dk\/produkt-kategori\/skrivebordsudstyr\/"},{"@type":"ListItem","position":4,"name":"Penneholdere","item":"https:\/\/grontkontor.dk\/produkt-kategori\/skrivebordsudstyr\/penneholdere-skrivebordsudstyr\/"},{"@type":"ListItem","position":5,"name":"Gjenvinning av penneholder og organisator"}]},{"@type":"WebSite","@id":"https:\/\/grontkontor.dk\/#website","url":"https:\/\/grontkontor.dk\/","name":"Gr\u00f8nt Kontor","description":"Milj\u00f8venlige produkter til kontor og erhverv med fokus p\u00e5 b\u00e6redygtighed, design og fair trade.","publisher":{"@id":"https:\/\/grontkontor.dk\/#organization"},"potentialAction":[{"@type":"SearchAction","target":{"@type":"EntryPoint","urlTemplate":"https:\/\/grontkontor.dk\/?s={search_term_string}"},"query-input":"required name=search_term_string"}],"inLanguage":"no-NO"},{"@type":"Organization","@id":"https:\/\/grontkontor.dk\/#organization","name":"Gr\u00f8nt Kontor","url":"https:\/\/grontkontor.dk\/","logo":{"@type":"ImageObject","inLanguage":"no-NO","@id":"https:\/\/grontkontor.dk\/#\/schema\/logo\/image\/","url":"https:\/\/grontkontor.dk\/wp-content\/uploads\/2014\/02\/Logo_groent_kontor_300x80.png","contentUrl":"https:\/\/grontkontor.dk\/wp-content\/uploads\/2014\/02\/Logo_groent_kontor_300x80.png","width":300,"height":80,"caption":"Gr\u00f8nt Kontor"},"image":{"@id":"https:\/\/grontkontor.dk\/#\/schema\/logo\/image\/"},"sameAs":["https:\/\/www.facebook.com\/grontkontor.dk\/"]}]}},"_links":{"self":[{"href":"https:\/\/grontkontor.dk\/no\/wp-json\/wp\/v2\/product\/90657"}],"collection":[{"href":"https:\/\/grontkontor.dk\/no\/wp-json\/wp\/v2\/product"}],"about":[{"href":"https:\/\/grontkontor.dk\/no\/wp-json\/wp\/v2\/types\/product"}],"replies":[{"embeddable":true,"href":"https:\/\/grontkontor.dk\/no\/wp-json\/wp\/v2\/comments?post=90657"}],"wp:featuredmedia":[{"embeddable":true,"href":"https:\/\/grontkontor.dk\/no\/wp-json\/wp\/v2\/media\/52608"}],"wp:attachment":[{"href":"https:\/\/grontkontor.dk\/no\/wp-json\/wp\/v2\/media?parent=90657"}],"wp:term":[{"taxonomy":"product_cat","embeddable":true,"href":"https:\/\/grontkontor.dk\/no\/wp-json\/wp\/v2\/product_cat?post=90657"},{"taxonomy":"product_tag","embeddable":true,"href":"https:\/\/grontkontor.dk\/no\/wp-json\/wp\/v2\/product_tag?post=90657"}],"curies":[{"name":"wp","href":"https:\/\/api.w.org\/{rel}","templated":true}]}}