{"id":90702,"date":"2023-09-22T13:04:04","date_gmt":"2024-05-29T09:12:11","guid":{"rendered":"https:\/\/grontkontor.dk\/shop\/resirkulerte-materialer-for-baerbare-med-penn\/"},"modified":"2024-06-26T11:37:05","modified_gmt":"2024-06-26T09:37:05","slug":"notatbok-med-penn-resirkulerte-materialer","status":"publish","type":"product","link":"https:\/\/grontkontor.dk\/no\/shop\/notatbok-med-penn-resirkulerte-materialer\/","title":{"rendered":"Notatbok med kulepenn resirkulering"},"content":{"rendered":"<p>Praktisk, liten og klimavennlig notatbok i A7-lommest\u00f8rrelse med matchende penn, laget av resirkulerte materialer.<br \/>\nNotatboken inneholder 79 ark linjert papir med et omslag og innholdssider laget av resirkulert papir.<br \/>\nPennen er laget av resirkulert plast og resirkulert papir og har svart skrift. Et klima- og milj\u00f8vennlig produkt.<br \/>\nTilgjengelig med penn i 4 forskjellige farger: Gr\u00f8nn, Bl\u00e5, Svart og R\u00f8d. Kan leveres med print fra 120 stk, utskriftsomr\u00e5de 50x20mm<\/p>\n","protected":false},"excerpt":{"rendered":"<p>Praktisk, liten og klimavennlig notatbok i A7-lommest\u00f8rrelse med matchende penn, laget av resirkulerte materialer. Notatboken inneholder 79 ark linjert papir med et omslag og innholdssider laget av resirkulert papir. Pennen er laget av resirkulert plast og resirkulert papir og har svart skrift. Et klima- og milj\u00f8vennlig produkt. Tilgjengelig med penn i 4 forskjellige farger: Gr\u00f8nn, [&hellip;]<\/p>\n","protected":false},"featured_media":52209,"comment_status":"closed","ping_status":"closed","template":"","meta":{"_acf_changed":false},"product_cat":[3199,3194,3611,3610],"product_tag":[3736,3612],"class_list":{"0":"post-90702","1":"product","2":"type-product","3":"status-publish","4":"has-post-thumbnail","6":"product_cat-dummy-moq-1-no","7":"product_cat-klimavennlige-firmagaver","8":"product_cat-notatboker","9":"product_cat-papir-og-pads","10":"product_tag-notisblokk","11":"product_tag-notisbok","12":"tm-has-options","14":"first","15":"instock","16":"taxable","17":"shipping-taxable","18":"purchasable","19":"product-type-variable","20":"has-default-attributes"},"acf":[],"yoast_head":"<!-- This site is optimized with the Yoast SEO Premium plugin v21.2 (Yoast SEO v21.2) - https:\/\/yoast.com\/wordpress\/plugins\/seo\/ -->\n<title>Notatbok med kulepenn resirkulering - Gr\u00f8nt Kontor<\/title>\n<meta name=\"robots\" content=\"index, follow, max-snippet:-1, max-image-preview:large, max-video-preview:-1\" \/>\n<link rel=\"canonical\" href=\"https:\/\/grontkontor.dk\/no\/shop\/notatbok-med-penn-resirkulerte-materialer\/\" \/>\n<meta property=\"og:locale\" content=\"en_US\" \/>\n<meta property=\"og:type\" content=\"article\" \/>\n<meta property=\"og:title\" content=\"Notatbok med kulepenn resirkulering\" \/>\n<meta property=\"og:description\" content=\"Praktisk, liten og klimavennlig notatbok i A7-lommest\u00f8rrelse med matchende penn, laget av resirkulerte materialer. Notatboken inneholder 79 ark linjert papir med et omslag og innholdssider laget av resirkulert papir. Pennen er laget av resirkulert plast og resirkulert papir og har svart skrift. Et klima- og milj\u00f8vennlig produkt. Tilgjengelig med penn i 4 forskjellige farger: Gr\u00f8nn, [&hellip;]\" \/>\n<meta property=\"og:url\" content=\"https:\/\/grontkontor.dk\/no\/shop\/notatbok-med-penn-resirkulerte-materialer\/\" \/>\n<meta property=\"og:site_name\" content=\"Gr\u00f8nt Kontor\" \/>\n<meta property=\"article:publisher\" content=\"https:\/\/www.facebook.com\/grontkontor.dk\/\" \/>\n<meta property=\"article:modified_time\" content=\"2024-06-26T09:37:05+00:00\" \/>\n<meta property=\"og:image\" content=\"https:\/\/grontkontor.dk\/wp-content\/uploads\/2018\/11\/notesbog-genbrug-med-kuglepen-02-2.jpg\" \/>\n\t<meta property=\"og:image:width\" content=\"800\" \/>\n\t<meta property=\"og:image:height\" content=\"568\" \/>\n\t<meta property=\"og:image:type\" content=\"image\/jpeg\" \/>\n<meta name=\"twitter:card\" content=\"summary_large_image\" \/>\n<script type=\"application\/ld+json\" class=\"yoast-schema-graph\">{\"@context\":\"https:\/\/schema.org\",\"@graph\":[{\"@type\":\"WebPage\",\"@id\":\"https:\/\/grontkontor.dk\/no\/shop\/notatbok-med-penn-resirkulerte-materialer\/\",\"url\":\"https:\/\/grontkontor.dk\/no\/shop\/notatbok-med-penn-resirkulerte-materialer\/\",\"name\":\"Notatbok med kulepenn resirkulering - Gr\u00f8nt Kontor\",\"isPartOf\":{\"@id\":\"https:\/\/grontkontor.dk\/#website\"},\"datePublished\":\"2024-05-29T09:12:11+00:00\",\"dateModified\":\"2024-06-26T09:37:05+00:00\",\"breadcrumb\":{\"@id\":\"https:\/\/grontkontor.dk\/no\/shop\/notatbok-med-penn-resirkulerte-materialer\/#breadcrumb\"},\"inLanguage\":\"no-NO\",\"potentialAction\":[{\"@type\":\"ReadAction\",\"target\":[\"https:\/\/grontkontor.dk\/no\/shop\/notatbok-med-penn-resirkulerte-materialer\/\"]}]},{\"@type\":\"BreadcrumbList\",\"@id\":\"https:\/\/grontkontor.dk\/no\/shop\/notatbok-med-penn-resirkulerte-materialer\/#breadcrumb\",\"itemListElement\":[{\"@type\":\"ListItem\",\"position\":1,\"name\":\"Forside\",\"item\":\"https:\/\/grontkontor.dk\/\"},{\"@type\":\"ListItem\",\"position\":2,\"name\":\"Butikk\",\"item\":\"https:\/\/grontkontor.dk\/no\/butikk-2\/\"},{\"@type\":\"ListItem\",\"position\":3,\"name\":\"Papir og blokker\",\"item\":\"https:\/\/grontkontor.dk\/no\/produkt-kategori\/papir-og-pads\/\"},{\"@type\":\"ListItem\",\"position\":4,\"name\":\"Notatb\u00f8ker\",\"item\":\"https:\/\/grontkontor.dk\/no\/produkt-kategori\/papir-og-pads\/notatboker\/\"},{\"@type\":\"ListItem\",\"position\":5,\"name\":\"Notatbok med kulepenn resirkulering\"}]},{\"@type\":\"WebSite\",\"@id\":\"https:\/\/grontkontor.dk\/#website\",\"url\":\"https:\/\/grontkontor.dk\/\",\"name\":\"Gr\u00f8nt Kontor\",\"description\":\"Milj\u00f8venlige produkter til kontor og erhverv med fokus p\u00e5 b\u00e6redygtighed, design og fair trade.\",\"publisher\":{\"@id\":\"https:\/\/grontkontor.dk\/#organization\"},\"potentialAction\":[{\"@type\":\"SearchAction\",\"target\":{\"@type\":\"EntryPoint\",\"urlTemplate\":\"https:\/\/grontkontor.dk\/?s={search_term_string}\"},\"query-input\":\"required name=search_term_string\"}],\"inLanguage\":\"no-NO\"},{\"@type\":\"Organization\",\"@id\":\"https:\/\/grontkontor.dk\/#organization\",\"name\":\"Gr\u00f8nt Kontor\",\"url\":\"https:\/\/grontkontor.dk\/\",\"logo\":{\"@type\":\"ImageObject\",\"inLanguage\":\"no-NO\",\"@id\":\"https:\/\/grontkontor.dk\/#\/schema\/logo\/image\/\",\"url\":\"https:\/\/grontkontor.dk\/wp-content\/uploads\/2014\/02\/Logo_groent_kontor_300x80.png\",\"contentUrl\":\"https:\/\/grontkontor.dk\/wp-content\/uploads\/2014\/02\/Logo_groent_kontor_300x80.png\",\"width\":300,\"height\":80,\"caption\":\"Gr\u00f8nt Kontor\"},\"image\":{\"@id\":\"https:\/\/grontkontor.dk\/#\/schema\/logo\/image\/\"},\"sameAs\":[\"https:\/\/www.facebook.com\/grontkontor.dk\/\"]}]}<\/script>\n<!-- \/ Yoast SEO Premium plugin. -->","yoast_head_json":{"title":"Notatbok med kulepenn resirkulering - Gr\u00f8nt Kontor","robots":{"index":"index","follow":"follow","max-snippet":"max-snippet:-1","max-image-preview":"max-image-preview:large","max-video-preview":"max-video-preview:-1"},"canonical":"https:\/\/grontkontor.dk\/no\/shop\/notatbok-med-penn-resirkulerte-materialer\/","og_locale":"en_US","og_type":"article","og_title":"Notatbok med kulepenn resirkulering","og_description":"Praktisk, liten og klimavennlig notatbok i A7-lommest\u00f8rrelse med matchende penn, laget av resirkulerte materialer. Notatboken inneholder 79 ark linjert papir med et omslag og innholdssider laget av resirkulert papir. Pennen er laget av resirkulert plast og resirkulert papir og har svart skrift. Et klima- og milj\u00f8vennlig produkt. Tilgjengelig med penn i 4 forskjellige farger: Gr\u00f8nn, [&hellip;]","og_url":"https:\/\/grontkontor.dk\/no\/shop\/notatbok-med-penn-resirkulerte-materialer\/","og_site_name":"Gr\u00f8nt Kontor","article_publisher":"https:\/\/www.facebook.com\/grontkontor.dk\/","article_modified_time":"2024-06-26T09:37:05+00:00","og_image":[{"width":800,"height":568,"url":"https:\/\/grontkontor.dk\/wp-content\/uploads\/2018\/11\/notesbog-genbrug-med-kuglepen-02-2.jpg","type":"image\/jpeg"}],"twitter_card":"summary_large_image","schema":{"@context":"https:\/\/schema.org","@graph":[{"@type":"WebPage","@id":"https:\/\/grontkontor.dk\/no\/shop\/notatbok-med-penn-resirkulerte-materialer\/","url":"https:\/\/grontkontor.dk\/no\/shop\/notatbok-med-penn-resirkulerte-materialer\/","name":"Notatbok med kulepenn resirkulering - Gr\u00f8nt Kontor","isPartOf":{"@id":"https:\/\/grontkontor.dk\/#website"},"datePublished":"2024-05-29T09:12:11+00:00","dateModified":"2024-06-26T09:37:05+00:00","breadcrumb":{"@id":"https:\/\/grontkontor.dk\/no\/shop\/notatbok-med-penn-resirkulerte-materialer\/#breadcrumb"},"inLanguage":"no-NO","potentialAction":[{"@type":"ReadAction","target":["https:\/\/grontkontor.dk\/no\/shop\/notatbok-med-penn-resirkulerte-materialer\/"]}]},{"@type":"BreadcrumbList","@id":"https:\/\/grontkontor.dk\/no\/shop\/notatbok-med-penn-resirkulerte-materialer\/#breadcrumb","itemListElement":[{"@type":"ListItem","position":1,"name":"Forside","item":"https:\/\/grontkontor.dk\/"},{"@type":"ListItem","position":2,"name":"Butikk","item":"https:\/\/grontkontor.dk\/no\/butikk-2\/"},{"@type":"ListItem","position":3,"name":"Papir og blokker","item":"https:\/\/grontkontor.dk\/no\/produkt-kategori\/papir-og-pads\/"},{"@type":"ListItem","position":4,"name":"Notatb\u00f8ker","item":"https:\/\/grontkontor.dk\/no\/produkt-kategori\/papir-og-pads\/notatboker\/"},{"@type":"ListItem","position":5,"name":"Notatbok med kulepenn resirkulering"}]},{"@type":"WebSite","@id":"https:\/\/grontkontor.dk\/#website","url":"https:\/\/grontkontor.dk\/","name":"Gr\u00f8nt Kontor","description":"Milj\u00f8venlige produkter til kontor og erhverv med fokus p\u00e5 b\u00e6redygtighed, design og fair trade.","publisher":{"@id":"https:\/\/grontkontor.dk\/#organization"},"potentialAction":[{"@type":"SearchAction","target":{"@type":"EntryPoint","urlTemplate":"https:\/\/grontkontor.dk\/?s={search_term_string}"},"query-input":"required name=search_term_string"}],"inLanguage":"no-NO"},{"@type":"Organization","@id":"https:\/\/grontkontor.dk\/#organization","name":"Gr\u00f8nt Kontor","url":"https:\/\/grontkontor.dk\/","logo":{"@type":"ImageObject","inLanguage":"no-NO","@id":"https:\/\/grontkontor.dk\/#\/schema\/logo\/image\/","url":"https:\/\/grontkontor.dk\/wp-content\/uploads\/2014\/02\/Logo_groent_kontor_300x80.png","contentUrl":"https:\/\/grontkontor.dk\/wp-content\/uploads\/2014\/02\/Logo_groent_kontor_300x80.png","width":300,"height":80,"caption":"Gr\u00f8nt Kontor"},"image":{"@id":"https:\/\/grontkontor.dk\/#\/schema\/logo\/image\/"},"sameAs":["https:\/\/www.facebook.com\/grontkontor.dk\/"]}]}},"_links":{"self":[{"href":"https:\/\/grontkontor.dk\/no\/wp-json\/wp\/v2\/product\/90702"}],"collection":[{"href":"https:\/\/grontkontor.dk\/no\/wp-json\/wp\/v2\/product"}],"about":[{"href":"https:\/\/grontkontor.dk\/no\/wp-json\/wp\/v2\/types\/product"}],"replies":[{"embeddable":true,"href":"https:\/\/grontkontor.dk\/no\/wp-json\/wp\/v2\/comments?post=90702"}],"wp:featuredmedia":[{"embeddable":true,"href":"https:\/\/grontkontor.dk\/no\/wp-json\/wp\/v2\/media\/52209"}],"wp:attachment":[{"href":"https:\/\/grontkontor.dk\/no\/wp-json\/wp\/v2\/media?parent=90702"}],"wp:term":[{"taxonomy":"product_cat","embeddable":true,"href":"https:\/\/grontkontor.dk\/no\/wp-json\/wp\/v2\/product_cat?post=90702"},{"taxonomy":"product_tag","embeddable":true,"href":"https:\/\/grontkontor.dk\/no\/wp-json\/wp\/v2\/product_tag?post=90702"}],"curies":[{"name":"wp","href":"https:\/\/api.w.org\/{rel}","templated":true}]}}