{"id":90799,"date":"2023-09-22T13:04:26","date_gmt":"2024-05-29T09:12:21","guid":{"rendered":"https:\/\/grontkontor.dk\/shop\/penn-i-bue-med-metallklips\/"},"modified":"2024-05-29T11:12:21","modified_gmt":"2024-05-29T09:12:21","slug":"penn-i-bue-med-metallklips","status":"publish","type":"product","link":"https:\/\/grontkontor.dk\/no\/shop\/penn-i-bue-med-metallklips\/","title":{"rendered":"Kulepenn i FSC-b\u00f8k med metallklips"},"content":{"rendered":"<p>Kulepenn av h\u00f8y kvalitet i milj\u00f8vennlig FSC-sertifisert b\u00f8k med metallbunn og klips. Tilgjengelig med eller uten logotrykk. Et milj\u00f8- og klimavennlig alternativ til forurensende PVC-merder.<\/p>\n<p>[FSC_s]<br \/>\n<a href=\"https:\/\/ic.fsc.org\/en\/\" target=\"window\"><img loading=\"lazy\" decoding=\"async\" class=\"size-full wp-image-12735\" src=\"https:\/\/grontkontor.dk\/wp-content\/uploads\/2019\/04\/fsc-certificeret.png\" \n\t\t alt=\"FSC-certificeret\" title=\"FSC-certificeret\" width=\"44\" height=\"51\" border=0\/><\/a><img loading=\"lazy\" decoding=\"async\" class=\"size-medium wp-image-21008\" src=\"https:\/\/grontkontor.dk\/wp-content\/uploads\/2020\/11\/eu-flag_1-300x199.jpg\" alt=\"Fremstillet i EU\" width=\"76\" height=\"50\" srcset=\"https:\/\/grontkontor.dk\/wp-content\/uploads\/2020\/11\/eu-flag_1-300x199.jpg 300w, https:\/\/grontkontor.dk\/wp-content\/uploads\/2020\/11\/eu-flag_1.jpg 530w\" sizes=\"(max-width: 76px) 100vw, 76px\" \/><\/p>\n","protected":false},"excerpt":{"rendered":"<p>Kulepenn av h\u00f8y kvalitet i milj\u00f8vennlig FSC-sertifisert b\u00f8k med metallbunn og klips. Tilgjengelig med eller uten logotrykk. Et milj\u00f8- og klimavennlig alternativ til forurensende PVC-merder. [FSC_s]<\/p>\n","protected":false},"featured_media":52197,"comment_status":"closed","ping_status":"closed","template":"","meta":{"_acf_changed":false},"product_cat":[3199,4394,3299,3309],"product_tag":[3302],"class_list":{"0":"post-90799","1":"product","2":"type-product","3":"status-publish","4":"has-post-thumbnail","6":"product_cat-dummy-moq-1-no","7":"product_cat-penner-og-blyanter","8":"product_cat-skrive-og-pekeutstyr","9":"product_cat-trykte-penner","10":"product_tag-kulepenn","11":"pa_farve-appelsin","12":"pa_farve-assortert","13":"pa_farve-azure-no","14":"pa_farve-beige-no","15":"pa_farve-blande","16":"pa_farve-blaa-no-2","17":"pa_farve-blaa-no","18":"pa_farve-blaa-min-100-stk-no","19":"pa_farve-blaa-min-15-no","20":"pa_farve-blaa-min-15-stk-no","21":"pa_farve-blaa-gul-no","22":"pa_farve-blaa-groenn-gul","23":"pa_farve-browne-no","24":"pa_farve-brun-no","25":"pa_farve-brun-no-2","26":"pa_farve-crimson-no","27":"pa_farve-dyp-groenn","28":"pa_farve-ed","29":"pa_farve-fiolett","30":"pa_farve-floete-no","31":"pa_farve-floete","32":"pa_farve-fuchsia-min-100-stk-no","33":"pa_farve-grafitt","34":"pa_farve-graa-no","35":"pa_farve-graa-no-2","36":"pa_farve-graa-min-100-stk-no","37":"pa_farve-groenn","38":"pa_farve-groenn-no","39":"pa_farve-gul-no-2","40":"pa_farve-gul-no","41":"pa_farve-gull","42":"pa_farve-havblaa","43":"pa_farve-hvit","44":"pa_farve-hvit-no","45":"pa_farve-kalk-no","46":"pa_farve-khaki-no","47":"pa_farve-kongeblaa","48":"pa_farve-krenke","49":"pa_farve-lilla-no","50":"pa_farve-lyseblaa-no","51":"pa_farve-lysegraa","52":"pa_farve-lysegroenn","53":"pa_farve-mange","54":"pa_farve-marine","55":"pa_farve-mynte","56":"pa_farve-moerkegraa-no","57":"pa_farve-moerk-graa-no","58":"pa_farve-moerkeblaa-no","59":"pa_farve-moerkegroenn","60":"pa_farve-natur-no","61":"pa_farve-natur-min-100-stk-no","62":"pa_farve-oliven-no","63":"pa_farve-rosa","64":"pa_farve-roed-no","65":"pa_farve-roed-min-100-stk-no","66":"pa_farve-roed-min-15-no","67":"pa_farve-roed-min-15-stk-no","68":"pa_farve-roedbrun-no","69":"pa_farve-sennep-no","70":"pa_farve-struktur-no","71":"pa_farve-svart-no","72":"pa_farve-svart","73":"pa_farve-svart-min-100-stk","74":"pa_farve-svart-gull-og-soelv","75":"pa_farve-soelv-no","76":"pa_farve-soelv-no-2","77":"pa_farve-soelv-no-3","78":"pa_farve-turkis-no","79":"pa_farve-turkis-no-2","80":"pa_farve-vin-roed","81":"tm-has-options","83":"first","84":"instock","85":"taxable","86":"shipping-taxable","87":"purchasable","88":"product-type-simple"},"acf":[],"yoast_head":"<!-- This site is optimized with the Yoast SEO Premium plugin v21.2 (Yoast SEO v21.2) - https:\/\/yoast.com\/wordpress\/plugins\/seo\/ -->\n<title>Kulepenn i FSC-b\u00f8k med metallklips - Gr\u00f8nt Kontor<\/title>\n<meta name=\"robots\" content=\"index, follow, max-snippet:-1, max-image-preview:large, max-video-preview:-1\" \/>\n<link rel=\"canonical\" href=\"https:\/\/grontkontor.dk\/no\/shop\/penn-i-bue-med-metallklips\/\" \/>\n<meta property=\"og:locale\" content=\"en_US\" \/>\n<meta property=\"og:type\" content=\"article\" \/>\n<meta property=\"og:title\" content=\"Kulepenn i FSC-b\u00f8k med metallklips\" \/>\n<meta property=\"og:description\" content=\"Kulepenn av h\u00f8y kvalitet i milj\u00f8vennlig FSC-sertifisert b\u00f8k med metallbunn og klips. Tilgjengelig med eller uten logotrykk. Et milj\u00f8- og klimavennlig alternativ til forurensende PVC-merder. [FSC_s]\" \/>\n<meta property=\"og:url\" content=\"https:\/\/grontkontor.dk\/no\/shop\/penn-i-bue-med-metallklips\/\" \/>\n<meta property=\"og:site_name\" content=\"Gr\u00f8nt Kontor\" \/>\n<meta property=\"article:publisher\" content=\"https:\/\/www.facebook.com\/grontkontor.dk\/\" \/>\n<meta name=\"twitter:card\" content=\"summary_large_image\" \/>\n<script type=\"application\/ld+json\" class=\"yoast-schema-graph\">{\"@context\":\"https:\/\/schema.org\",\"@graph\":[{\"@type\":\"WebPage\",\"@id\":\"https:\/\/grontkontor.dk\/no\/shop\/penn-i-bue-med-metallklips\/\",\"url\":\"https:\/\/grontkontor.dk\/no\/shop\/penn-i-bue-med-metallklips\/\",\"name\":\"Kulepenn i FSC-b\u00f8k med metallklips - Gr\u00f8nt Kontor\",\"isPartOf\":{\"@id\":\"https:\/\/grontkontor.dk\/#website\"},\"datePublished\":\"2024-05-29T09:12:21+00:00\",\"dateModified\":\"2024-05-29T09:12:21+00:00\",\"breadcrumb\":{\"@id\":\"https:\/\/grontkontor.dk\/no\/shop\/penn-i-bue-med-metallklips\/#breadcrumb\"},\"inLanguage\":\"no-NO\",\"potentialAction\":[{\"@type\":\"ReadAction\",\"target\":[\"https:\/\/grontkontor.dk\/no\/shop\/penn-i-bue-med-metallklips\/\"]}]},{\"@type\":\"BreadcrumbList\",\"@id\":\"https:\/\/grontkontor.dk\/no\/shop\/penn-i-bue-med-metallklips\/#breadcrumb\",\"itemListElement\":[{\"@type\":\"ListItem\",\"position\":1,\"name\":\"Forside\",\"item\":\"https:\/\/grontkontor.dk\/\"},{\"@type\":\"ListItem\",\"position\":2,\"name\":\"Butikk\",\"item\":\"https:\/\/grontkontor.dk\/no\/butikk-2\/\"},{\"@type\":\"ListItem\",\"position\":3,\"name\":\"Klimavennlige firmagaver\",\"item\":\"https:\/\/grontkontor.dk\/no\/produkt-kategori\/klimavennlige-firmagaver\/\"},{\"@type\":\"ListItem\",\"position\":4,\"name\":\"Penner og blyanter\",\"item\":\"https:\/\/grontkontor.dk\/no\/produkt-kategori\/klimavennlige-firmagaver\/penner-og-blyanter\/\"},{\"@type\":\"ListItem\",\"position\":5,\"name\":\"Kulepenn i FSC-b\u00f8k med metallklips\"}]},{\"@type\":\"WebSite\",\"@id\":\"https:\/\/grontkontor.dk\/#website\",\"url\":\"https:\/\/grontkontor.dk\/\",\"name\":\"Gr\u00f8nt Kontor\",\"description\":\"Milj\u00f8venlige produkter til kontor og erhverv med fokus p\u00e5 b\u00e6redygtighed, design og fair trade.\",\"publisher\":{\"@id\":\"https:\/\/grontkontor.dk\/#organization\"},\"potentialAction\":[{\"@type\":\"SearchAction\",\"target\":{\"@type\":\"EntryPoint\",\"urlTemplate\":\"https:\/\/grontkontor.dk\/?s={search_term_string}\"},\"query-input\":\"required name=search_term_string\"}],\"inLanguage\":\"no-NO\"},{\"@type\":\"Organization\",\"@id\":\"https:\/\/grontkontor.dk\/#organization\",\"name\":\"Gr\u00f8nt Kontor\",\"url\":\"https:\/\/grontkontor.dk\/\",\"logo\":{\"@type\":\"ImageObject\",\"inLanguage\":\"no-NO\",\"@id\":\"https:\/\/grontkontor.dk\/#\/schema\/logo\/image\/\",\"url\":\"https:\/\/grontkontor.dk\/wp-content\/uploads\/2014\/02\/Logo_groent_kontor_300x80.png\",\"contentUrl\":\"https:\/\/grontkontor.dk\/wp-content\/uploads\/2014\/02\/Logo_groent_kontor_300x80.png\",\"width\":300,\"height\":80,\"caption\":\"Gr\u00f8nt Kontor\"},\"image\":{\"@id\":\"https:\/\/grontkontor.dk\/#\/schema\/logo\/image\/\"},\"sameAs\":[\"https:\/\/www.facebook.com\/grontkontor.dk\/\"]}]}<\/script>\n<!-- \/ Yoast SEO Premium plugin. -->","yoast_head_json":{"title":"Kulepenn i FSC-b\u00f8k med metallklips - Gr\u00f8nt Kontor","robots":{"index":"index","follow":"follow","max-snippet":"max-snippet:-1","max-image-preview":"max-image-preview:large","max-video-preview":"max-video-preview:-1"},"canonical":"https:\/\/grontkontor.dk\/no\/shop\/penn-i-bue-med-metallklips\/","og_locale":"en_US","og_type":"article","og_title":"Kulepenn i FSC-b\u00f8k med metallklips","og_description":"Kulepenn av h\u00f8y kvalitet i milj\u00f8vennlig FSC-sertifisert b\u00f8k med metallbunn og klips. Tilgjengelig med eller uten logotrykk. Et milj\u00f8- og klimavennlig alternativ til forurensende PVC-merder. [FSC_s]","og_url":"https:\/\/grontkontor.dk\/no\/shop\/penn-i-bue-med-metallklips\/","og_site_name":"Gr\u00f8nt Kontor","article_publisher":"https:\/\/www.facebook.com\/grontkontor.dk\/","twitter_card":"summary_large_image","schema":{"@context":"https:\/\/schema.org","@graph":[{"@type":"WebPage","@id":"https:\/\/grontkontor.dk\/no\/shop\/penn-i-bue-med-metallklips\/","url":"https:\/\/grontkontor.dk\/no\/shop\/penn-i-bue-med-metallklips\/","name":"Kulepenn i FSC-b\u00f8k med metallklips - Gr\u00f8nt Kontor","isPartOf":{"@id":"https:\/\/grontkontor.dk\/#website"},"datePublished":"2024-05-29T09:12:21+00:00","dateModified":"2024-05-29T09:12:21+00:00","breadcrumb":{"@id":"https:\/\/grontkontor.dk\/no\/shop\/penn-i-bue-med-metallklips\/#breadcrumb"},"inLanguage":"no-NO","potentialAction":[{"@type":"ReadAction","target":["https:\/\/grontkontor.dk\/no\/shop\/penn-i-bue-med-metallklips\/"]}]},{"@type":"BreadcrumbList","@id":"https:\/\/grontkontor.dk\/no\/shop\/penn-i-bue-med-metallklips\/#breadcrumb","itemListElement":[{"@type":"ListItem","position":1,"name":"Forside","item":"https:\/\/grontkontor.dk\/"},{"@type":"ListItem","position":2,"name":"Butikk","item":"https:\/\/grontkontor.dk\/no\/butikk-2\/"},{"@type":"ListItem","position":3,"name":"Klimavennlige firmagaver","item":"https:\/\/grontkontor.dk\/no\/produkt-kategori\/klimavennlige-firmagaver\/"},{"@type":"ListItem","position":4,"name":"Penner og blyanter","item":"https:\/\/grontkontor.dk\/no\/produkt-kategori\/klimavennlige-firmagaver\/penner-og-blyanter\/"},{"@type":"ListItem","position":5,"name":"Kulepenn i FSC-b\u00f8k med metallklips"}]},{"@type":"WebSite","@id":"https:\/\/grontkontor.dk\/#website","url":"https:\/\/grontkontor.dk\/","name":"Gr\u00f8nt Kontor","description":"Milj\u00f8venlige produkter til kontor og erhverv med fokus p\u00e5 b\u00e6redygtighed, design og fair trade.","publisher":{"@id":"https:\/\/grontkontor.dk\/#organization"},"potentialAction":[{"@type":"SearchAction","target":{"@type":"EntryPoint","urlTemplate":"https:\/\/grontkontor.dk\/?s={search_term_string}"},"query-input":"required name=search_term_string"}],"inLanguage":"no-NO"},{"@type":"Organization","@id":"https:\/\/grontkontor.dk\/#organization","name":"Gr\u00f8nt Kontor","url":"https:\/\/grontkontor.dk\/","logo":{"@type":"ImageObject","inLanguage":"no-NO","@id":"https:\/\/grontkontor.dk\/#\/schema\/logo\/image\/","url":"https:\/\/grontkontor.dk\/wp-content\/uploads\/2014\/02\/Logo_groent_kontor_300x80.png","contentUrl":"https:\/\/grontkontor.dk\/wp-content\/uploads\/2014\/02\/Logo_groent_kontor_300x80.png","width":300,"height":80,"caption":"Gr\u00f8nt Kontor"},"image":{"@id":"https:\/\/grontkontor.dk\/#\/schema\/logo\/image\/"},"sameAs":["https:\/\/www.facebook.com\/grontkontor.dk\/"]}]}},"_links":{"self":[{"href":"https:\/\/grontkontor.dk\/no\/wp-json\/wp\/v2\/product\/90799"}],"collection":[{"href":"https:\/\/grontkontor.dk\/no\/wp-json\/wp\/v2\/product"}],"about":[{"href":"https:\/\/grontkontor.dk\/no\/wp-json\/wp\/v2\/types\/product"}],"replies":[{"embeddable":true,"href":"https:\/\/grontkontor.dk\/no\/wp-json\/wp\/v2\/comments?post=90799"}],"wp:featuredmedia":[{"embeddable":true,"href":"https:\/\/grontkontor.dk\/no\/wp-json\/wp\/v2\/media\/52197"}],"wp:attachment":[{"href":"https:\/\/grontkontor.dk\/no\/wp-json\/wp\/v2\/media?parent=90799"}],"wp:term":[{"taxonomy":"product_cat","embeddable":true,"href":"https:\/\/grontkontor.dk\/no\/wp-json\/wp\/v2\/product_cat?post=90799"},{"taxonomy":"product_tag","embeddable":true,"href":"https:\/\/grontkontor.dk\/no\/wp-json\/wp\/v2\/product_tag?post=90799"}],"curies":[{"name":"wp","href":"https:\/\/api.w.org\/{rel}","templated":true}]}}